{"id":11671,"date":"2019-05-03T16:36:12","date_gmt":"2019-05-03T14:36:12","guid":{"rendered":"https:\/\/kelgukoerad.ee\/hellerkantri\/?page_id=11671"},"modified":"2023-12-07T09:26:23","modified_gmt":"2023-12-07T07:26:23","slug":"kontakt","status":"publish","type":"page","link":"https:\/\/kelgukoerad.ee\/hellerkantri\/kontakt\/","title":{"rendered":"Kontakt  &#8211; kennel Hellerkantri ja Huskypargi kelgukoerte talu"},"content":{"rendered":"\n<p class=\"has-medium-font-size\"><\/p>\n\n\n\n<p class=\"has-medium-font-size\"><strong>Kallid kelgukoerte huvilised!<\/strong> <strong>Palume teil enne meile kirjutamist v\u00f5i helistamist tutvuda juba iseseisvalt meie pakettide ja hinnakirjaga :) <\/strong><\/p>\n\n\n\n<p class=\"has-medium-font-size\">Meie teenuste edasim\u00fc\u00fck tuleb eelnevalt meiega koosk\u00f5lastada!<br><\/p>\n\n\n\n<p><strong>Helle Kaljula<\/strong><br>Hellerkantri Huskypargi pereema<br><strong>Mob.: <\/strong>5569 2272 <br><br><strong>Mariin Kaljula<\/strong><br>Hellerkantri Huskypargi peret\u00fctar<br><strong>Mob.: <\/strong>+372 56 565 166<br><\/p>\n\n\n\n<p><strong>E-mail: <\/strong><a href=\"mailto:hellerkantri.huskypark@gmail.com\">hellerkantri.huskypark@gmail.com<\/a><br><strong>Facebook:<\/strong> <a aria-label=\"Kennel Hellerkantri ja Huskypargi kelgukoerad (opens in a new tab)\" href=\"https:\/\/www.facebook.com\/hellerkantrihuskypark\/\" target=\"_blank\" rel=\"noreferrer noopener\">Hellerkantri Huskypark<\/a><br><strong>Instagram: <\/strong><a aria-label=\"hellerkantri.huskypark (opens in a new tab)\" href=\"https:\/\/www.instagram.com\/hellerkantri.huskypark\" target=\"_blank\" rel=\"noreferrer noopener\">hellerkantri.huskypark<\/a><br><br><\/p>\n\n\n\n<p><strong>Huskypark O\u00dc <\/strong><br><strong>Reg.nr.: <\/strong>12134390<br><strong>Aadress:<\/strong> Raja talu, Kalbu k\u00fcla, Kehtna vald, Raplamaa 79062<br><strong>Google maps \/ Waze: <\/strong><a href=\"https:\/\/goo.gl\/maps\/T5FbFhHEvTM2\" target=\"_blank\" rel=\"noreferrer noopener\">Huskypark O\u00dc<\/a><\/p>\n\n\n\n<p><br><strong>Pangarekvisiidid:<\/strong><br>Huskypark O\u00dc<br>EE421010220198052222<br><br><\/p>\n\n\n\n<figure class=\"wp-block-image size-large\"><img loading=\"lazy\" width=\"1572\" height=\"1048\" src=\"https:\/\/kelgukoerad.ee\/hellerkantri\/wp-content\/uploads\/2022\/09\/huskypargi-kelgukoerte-joulumaa-1-1572x1048.jpeg\" alt=\"\" class=\"wp-image-16509\" srcset=\"https:\/\/kelgukoerad.ee\/hellerkantri\/wp-content\/uploads\/2022\/09\/huskypargi-kelgukoerte-joulumaa-1-1572x1048.jpeg 1572w, https:\/\/kelgukoerad.ee\/hellerkantri\/wp-content\/uploads\/2022\/09\/huskypargi-kelgukoerte-joulumaa-1-300x200.jpeg 300w, https:\/\/kelgukoerad.ee\/hellerkantri\/wp-content\/uploads\/2022\/09\/huskypargi-kelgukoerte-joulumaa-1-200x133.jpeg 200w, https:\/\/kelgukoerad.ee\/hellerkantri\/wp-content\/uploads\/2022\/09\/huskypargi-kelgukoerte-joulumaa-1-768x512.jpeg 768w, https:\/\/kelgukoerad.ee\/hellerkantri\/wp-content\/uploads\/2022\/09\/huskypargi-kelgukoerte-joulumaa-1-1600x1067.jpeg 1600w, https:\/\/kelgukoerad.ee\/hellerkantri\/wp-content\/uploads\/2022\/09\/huskypargi-kelgukoerte-joulumaa-1-1536x1024.jpeg 1536w, https:\/\/kelgukoerad.ee\/hellerkantri\/wp-content\/uploads\/2022\/09\/huskypargi-kelgukoerte-joulumaa-1.jpeg 1905w\" sizes=\"(max-width: 1572px) 100vw, 1572px\" \/><figcaption>Helle ja alaska malamuut Hopsa<\/figcaption><\/figure>\n\n\n\n<p><br><\/p>\n","protected":false},"excerpt":{"rendered":"<p>Kallid kelgukoerte huvilised! Palume teil enne meile kirjutamist v\u00f5i helistamist tutvuda juba iseseisvalt meie pakettide ja hinnakirjaga :) Meie teenuste edasim\u00fc\u00fck tuleb eelnevalt meiega koosk\u00f5lastada! Helle KaljulaHellerkantri Huskypargi pereemaMob.: 5569 2272 Mariin KaljulaHellerkantri Huskypargi peret\u00fctarMob.: +372 56 565 166 E-mail: hellerkantri.huskypark@gmail.comFacebook: Hellerkantri HuskyparkInstagram: hellerkantri.huskypark Huskypark O\u00dc Reg.nr.: 12134390Aadress: Raja talu, Kalbu k\u00fcla, Kehtna vald, Raplamaa&#8230; <\/p>\n","protected":false},"author":1,"featured_media":14647,"parent":0,"menu_order":0,"comment_status":"closed","ping_status":"closed","template":"","meta":{"_monsterinsights_skip_tracking":false,"_monsterinsights_sitenote_active":false,"_monsterinsights_sitenote_note":"","_monsterinsights_sitenote_category":0},"yoast_head":"<!-- This site is optimized with the Yoast SEO plugin v14.9 - https:\/\/yoast.com\/wordpress\/plugins\/seo\/ -->\n<title>Kontakt - kennel Hellerkantri ja Huskypargi kelgukoerte talu - Hellerkantri Huskypark<\/title>\n<meta name=\"robots\" content=\"index, follow, max-snippet:-1, max-image-preview:large, max-video-preview:-1\" \/>\n<link rel=\"canonical\" href=\"https:\/\/kelgukoerad.ee\/hellerkantri\/kontakt\/\" \/>\n<meta property=\"og:locale\" content=\"en_US\" \/>\n<meta property=\"og:type\" content=\"article\" \/>\n<meta property=\"og:title\" content=\"Kontakt - kennel Hellerkantri ja Huskypargi kelgukoerte talu - Hellerkantri Huskypark\" \/>\n<meta property=\"og:description\" content=\"Kallid kelgukoerte huvilised! Palume teil enne meile kirjutamist v\u00f5i helistamist tutvuda juba iseseisvalt meie pakettide ja hinnakirjaga :) Meie teenuste edasim\u00fc\u00fck tuleb eelnevalt meiega koosk\u00f5lastada! Helle KaljulaHellerkantri Huskypargi pereemaMob.: 5569 2272 Mariin KaljulaHellerkantri Huskypargi peret\u00fctarMob.: +372 56 565 166 E-mail: hellerkantri.huskypark@gmail.comFacebook: Hellerkantri HuskyparkInstagram: hellerkantri.huskypark Huskypark O\u00dc Reg.nr.: 12134390Aadress: Raja talu, Kalbu k\u00fcla, Kehtna vald, Raplamaa...\" \/>\n<meta property=\"og:url\" content=\"https:\/\/kelgukoerad.ee\/hellerkantri\/kontakt\/\" \/>\n<meta property=\"og:site_name\" content=\"Hellerkantri Huskypark\" \/>\n<meta property=\"article:modified_time\" content=\"2023-12-07T07:26:23+00:00\" \/>\n<meta property=\"og:image\" content=\"https:\/\/kelgukoerad.ee\/hellerkantri\/wp-content\/uploads\/2020\/12\/Kelgukoerte-joulumaa.jpg\" \/>\n\t<meta property=\"og:image:width\" content=\"2048\" \/>\n\t<meta property=\"og:image:height\" content=\"937\" \/>\n<meta name=\"twitter:card\" content=\"summary_large_image\" \/>\n<script type=\"application\/ld+json\" class=\"yoast-schema-graph\">{\"@context\":\"https:\/\/schema.org\",\"@graph\":[{\"@type\":\"WebSite\",\"@id\":\"https:\/\/kelgukoerad.ee\/hellerkantri\/#website\",\"url\":\"https:\/\/kelgukoerad.ee\/hellerkantri\/\",\"name\":\"Hellerkantri Huskypark\",\"description\":\"Hellerkantri Huskypark - kelgukoerte kasvandus ja talu Raplamaal\",\"potentialAction\":[{\"@type\":\"SearchAction\",\"target\":\"https:\/\/kelgukoerad.ee\/hellerkantri\/?s={search_term_string}\",\"query-input\":\"required name=search_term_string\"}],\"inLanguage\":\"en-US\"},{\"@type\":\"ImageObject\",\"@id\":\"https:\/\/kelgukoerad.ee\/hellerkantri\/kontakt\/#primaryimage\",\"inLanguage\":\"en-US\",\"url\":\"https:\/\/kelgukoerad.ee\/hellerkantri\/wp-content\/uploads\/2020\/12\/Kelgukoerte-joulumaa.jpg\",\"width\":2048,\"height\":937,\"caption\":\"Hellerkantri Huskypark kelgukoerad Raplamaal\"},{\"@type\":\"WebPage\",\"@id\":\"https:\/\/kelgukoerad.ee\/hellerkantri\/kontakt\/#webpage\",\"url\":\"https:\/\/kelgukoerad.ee\/hellerkantri\/kontakt\/\",\"name\":\"Kontakt - kennel Hellerkantri ja Huskypargi kelgukoerte talu - Hellerkantri Huskypark\",\"isPartOf\":{\"@id\":\"https:\/\/kelgukoerad.ee\/hellerkantri\/#website\"},\"primaryImageOfPage\":{\"@id\":\"https:\/\/kelgukoerad.ee\/hellerkantri\/kontakt\/#primaryimage\"},\"datePublished\":\"2019-05-03T14:36:12+00:00\",\"dateModified\":\"2023-12-07T07:26:23+00:00\",\"inLanguage\":\"en-US\",\"potentialAction\":[{\"@type\":\"ReadAction\",\"target\":[\"https:\/\/kelgukoerad.ee\/hellerkantri\/kontakt\/\"]}]}]}<\/script>\n<!-- \/ Yoast SEO plugin. -->","_links":{"self":[{"href":"https:\/\/kelgukoerad.ee\/hellerkantri\/wp-json\/wp\/v2\/pages\/11671"}],"collection":[{"href":"https:\/\/kelgukoerad.ee\/hellerkantri\/wp-json\/wp\/v2\/pages"}],"about":[{"href":"https:\/\/kelgukoerad.ee\/hellerkantri\/wp-json\/wp\/v2\/types\/page"}],"author":[{"embeddable":true,"href":"https:\/\/kelgukoerad.ee\/hellerkantri\/wp-json\/wp\/v2\/users\/1"}],"replies":[{"embeddable":true,"href":"https:\/\/kelgukoerad.ee\/hellerkantri\/wp-json\/wp\/v2\/comments?post=11671"}],"version-history":[{"count":143,"href":"https:\/\/kelgukoerad.ee\/hellerkantri\/wp-json\/wp\/v2\/pages\/11671\/revisions"}],"predecessor-version":[{"id":17140,"href":"https:\/\/kelgukoerad.ee\/hellerkantri\/wp-json\/wp\/v2\/pages\/11671\/revisions\/17140"}],"wp:featuredmedia":[{"embeddable":true,"href":"https:\/\/kelgukoerad.ee\/hellerkantri\/wp-json\/wp\/v2\/media\/14647"}],"wp:attachment":[{"href":"https:\/\/kelgukoerad.ee\/hellerkantri\/wp-json\/wp\/v2\/media?parent=11671"}],"curies":[{"name":"wp","href":"https:\/\/api.w.org\/{rel}","templated":true}]}}