{"id":13177,"date":"2020-03-27T18:04:48","date_gmt":"2020-03-27T16:04:48","guid":{"rendered":"https:\/\/kelgukoerad.ee\/hellerkantri\/?page_id=13177"},"modified":"2020-10-28T19:13:10","modified_gmt":"2020-10-28T17:13:10","slug":"pikker","status":"publish","type":"page","link":"https:\/\/kelgukoerad.ee\/hellerkantri\/pikker\/","title":{"rendered":"Hellerkantri Pikkerpoiss"},"content":{"rendered":"\n<p><strong>Tiimi &#8211; ja matkakoer<\/strong><\/p>\n\n\n\n<p><strong>S\u00fcndinud:<\/strong> 26.04.2017<br><strong>Ema: <\/strong><a rel=\"noreferrer noopener\" aria-label=\"Hellerkantri Sinella (opens in a new tab)\" href=\"https:\/\/kelgukoerad.ee\/hellerkantri\/sinella\/\" target=\"_blank\">Hellerkantri Sinella<\/a><br><strong>Isa:<\/strong> <a href=\"https:\/\/register.kennelliit.ee\/index.php?page=dogCard&amp;dogId=205040\" target=\"_blank\" rel=\"noreferrer noopener\">Jim Beam Kipp D&#8217;Amundsen<\/a><br><strong>Kasvataja &amp; omanik:<\/strong> Helle Kaljula<br><a rel=\"noreferrer noopener\" href=\"https:\/\/register.kennelliit.ee\/index.php?page=dogCard&amp;dogId=248391\" target=\"_blank\">FCI \/ Eesti Kennelliidu register<\/a><\/p>\n\n\n\n<h4>Iseloomustus<\/h4>\n\n\n\n<p>Hellerkantri Pikker, nii nagu tema nimigi \u00fctleb, on s\u00fcndinud meie kenneli P-pesakonnas. Pikker on keskmisest suuremat kasvu isane siberi husky. Kauni v\u00e4limiku, proportsioonide ja ilusa karvastikuga t\u00f6\u00f6liini koer. Ta on nii v\u00e4limikult kui iseloomult oma isasse &#8211; meile on v\u00e4ga s\u00fcmpatiseerinud Pikkeri isapoolses sugupuus olevad USA ja Kanada pikamaadistantsi koerad (kennelid <a rel=\"noreferrer noopener\" href=\"http:\/\/www.kelimhuskies.com\" target=\"_blank\">Kelim&#8217;s<\/a> ja <a rel=\"noreferrer noopener\" href=\"https:\/\/www.northwapiti.com\" target=\"_blank\">Northwapiti<\/a>), mist\u00f5ttu otsustasimegi just Pikkeri sellest pesakonnast endale j\u00e4tta. Vt. Pikkeri vanaisa <a rel=\"noreferrer noopener\" href=\"https:\/\/www.northwapiti.com\/homepage\/nitro.html\" target=\"_blank\">Kelim&#8217;s Nitro Of Northwapiti<\/a> ja vanavanaisa <a rel=\"noreferrer noopener\" href=\"http:\/\/www.kelimhuskies.com\/dodge.html\" target=\"_blank\">Kelim&#8217;s Super Dodge<\/a>.<\/p>\n\n\n\n<p>Pikker armastab pai ja inimese t\u00e4helepanu. Ta on koer, kes tuleb jooksuaedikus aeg-ajalt ise su juurde, et \u00f6elda oma niiske ninapuudutusega vastu su k\u00e4tt &#8220;t\u0161au, mina siin&#8221; ja n\u00fchkida end vastu su jalgu samal ajal naeratav n\u00e4gu peas. Teine sellise iseloomuga koer meie kennelis on <a href=\"https:\/\/kelgukoerad.ee\/hellerkantri\/maya\/\">Maya,<\/a> kes on \u00fchtlasi ka Pikkeri aedikukaaslane (nende puhul ei ole tegemist \u00f5pitud k\u00e4itumisega vaid on tulnud s\u00fcndides kaasa). :) Pikker on \u00e4\u00e4rmiselt lihtsalt k\u00e4sitsetav, rahulik, lihtne ja tolerantne k\u00f5igi suhtes. Samuti v\u00e4ga hea t\u00f6\u00f6innuga.  J\u00e4tsime P-pesakonnast endale Pikkeri ja ta \u00f5e <a href=\"https:\/\/kelgukoerad.ee\/hellerkantri\/prada\/\">Prada<\/a>.  Selle pesakonna isastest meeldis meile Pikker k\u00f5ige enam &#8211; n\u00e4gime temas ka aretuskoera potensiaali. Kuid alati ei l\u00e4he nii kuis plaanitud&#8230; Pikkeril oli kutsikaeas peitmunand, mis tavaliselt laskub umbes kuuendaks elukuuks. V\u00f5tsime selle riski ja lootsime viimse hetkeni kuid paraku j\u00e4igi munand laskumata, mist\u00f5ttu lasime ta kastreerida. Meil on \u00e4\u00e4rmiselt kahju, et meie silmis ideaalile niiv\u00f5rd l\u00e4hedal olev siberi husky j\u00e4i meie aretusplaanidest k\u00f5rvale. \u00d5nneks on meil ta \u00f5de Prada ning v\u00f5imalus kasutada aretuses taaskord tema isa Jimi, kui selleks peaks tekkima soov. Ahjaa, siiski ei ole olemas ideaalset koera! Pikkerit ei saa usaldada stake-outi rakmetes, sest siis v\u00f5ib juhtuda, et rakmed on siit-sealt l\u00e4bi n\u00e4ritud. Seega saab tema stake-outis oodates rakmed selga k\u00f5ige viimasena, vahetult enne kelgu ette rakendamist.<\/p>\n\n\n\n<figure class=\"wp-block-image size-large\"><img loading=\"lazy\" width=\"1572\" height=\"1048\" src=\"https:\/\/kelgukoerad.ee\/hellerkantri\/wp-content\/uploads\/2020\/03\/siberi-huskyd-pikker-j\u00e4nku-2020-1572x1048.jpg\" alt=\"\" class=\"wp-image-13184\" srcset=\"https:\/\/kelgukoerad.ee\/hellerkantri\/wp-content\/uploads\/2020\/03\/siberi-huskyd-pikker-j\u00e4nku-2020-1572x1048.jpg 1572w, https:\/\/kelgukoerad.ee\/hellerkantri\/wp-content\/uploads\/2020\/03\/siberi-huskyd-pikker-j\u00e4nku-2020-300x200.jpg 300w, https:\/\/kelgukoerad.ee\/hellerkantri\/wp-content\/uploads\/2020\/03\/siberi-huskyd-pikker-j\u00e4nku-2020-200x133.jpg 200w, https:\/\/kelgukoerad.ee\/hellerkantri\/wp-content\/uploads\/2020\/03\/siberi-huskyd-pikker-j\u00e4nku-2020-768x512.jpg 768w, https:\/\/kelgukoerad.ee\/hellerkantri\/wp-content\/uploads\/2020\/03\/siberi-huskyd-pikker-j\u00e4nku-2020-1536x1024.jpg 1536w, https:\/\/kelgukoerad.ee\/hellerkantri\/wp-content\/uploads\/2020\/03\/siberi-huskyd-pikker-j\u00e4nku-2020.jpg 2048w\" sizes=\"(max-width: 1572px) 100vw, 1572px\" \/><figcaption>Pikker J\u00e4nku k\u00f5rval juhtkoera ametit \u00f5ppimas, 2020a.<\/figcaption><\/figure>\n\n\n\n<figure class=\"wp-block-image size-large\"><img loading=\"lazy\" width=\"1572\" height=\"1048\" src=\"https:\/\/kelgukoerad.ee\/hellerkantri\/wp-content\/uploads\/2020\/06\/Hellerkantri-Pikkerpoiss-2019-1572x1048.jpg\" alt=\"\" class=\"wp-image-14236\" srcset=\"https:\/\/kelgukoerad.ee\/hellerkantri\/wp-content\/uploads\/2020\/06\/Hellerkantri-Pikkerpoiss-2019-1572x1048.jpg 1572w, https:\/\/kelgukoerad.ee\/hellerkantri\/wp-content\/uploads\/2020\/06\/Hellerkantri-Pikkerpoiss-2019-300x200.jpg 300w, https:\/\/kelgukoerad.ee\/hellerkantri\/wp-content\/uploads\/2020\/06\/Hellerkantri-Pikkerpoiss-2019-200x133.jpg 200w, https:\/\/kelgukoerad.ee\/hellerkantri\/wp-content\/uploads\/2020\/06\/Hellerkantri-Pikkerpoiss-2019-768x512.jpg 768w, https:\/\/kelgukoerad.ee\/hellerkantri\/wp-content\/uploads\/2020\/06\/Hellerkantri-Pikkerpoiss-2019-1536x1024.jpg 1536w, https:\/\/kelgukoerad.ee\/hellerkantri\/wp-content\/uploads\/2020\/06\/Hellerkantri-Pikkerpoiss-2019.jpg 2048w\" sizes=\"(max-width: 1572px) 100vw, 1572px\" \/><figcaption>Pikker stake-outis ootamas veorakmete selga panekut. Jaanuar 2019a. <\/figcaption><\/figure>\n\n\n\n<figure class=\"wp-block-image size-large\"><img loading=\"lazy\" width=\"1572\" height=\"1048\" src=\"https:\/\/kelgukoerad.ee\/hellerkantri\/wp-content\/uploads\/2020\/03\/Siberi-huskyd-kennel-Hellerkantri-2019-1572x1048.jpg\" alt=\"\" class=\"wp-image-13179\" srcset=\"https:\/\/kelgukoerad.ee\/hellerkantri\/wp-content\/uploads\/2020\/03\/Siberi-huskyd-kennel-Hellerkantri-2019-1572x1048.jpg 1572w, https:\/\/kelgukoerad.ee\/hellerkantri\/wp-content\/uploads\/2020\/03\/Siberi-huskyd-kennel-Hellerkantri-2019-300x200.jpg 300w, https:\/\/kelgukoerad.ee\/hellerkantri\/wp-content\/uploads\/2020\/03\/Siberi-huskyd-kennel-Hellerkantri-2019-200x133.jpg 200w, https:\/\/kelgukoerad.ee\/hellerkantri\/wp-content\/uploads\/2020\/03\/Siberi-huskyd-kennel-Hellerkantri-2019-768x512.jpg 768w, https:\/\/kelgukoerad.ee\/hellerkantri\/wp-content\/uploads\/2020\/03\/Siberi-huskyd-kennel-Hellerkantri-2019-1536x1024.jpg 1536w, https:\/\/kelgukoerad.ee\/hellerkantri\/wp-content\/uploads\/2020\/03\/Siberi-huskyd-kennel-Hellerkantri-2019.jpg 2048w\" sizes=\"(max-width: 1572px) 100vw, 1572px\" \/><figcaption>Meery, Pikker ja Maya jooksuaias, 2019a.<\/figcaption><\/figure>\n\n\n\n<figure class=\"wp-block-image size-large\"><img loading=\"lazy\" width=\"1572\" height=\"1048\" src=\"https:\/\/kelgukoerad.ee\/hellerkantri\/wp-content\/uploads\/2020\/03\/Siberi-husky-Hellerkantri-Pikkerpoiss-1572x1048.jpg\" alt=\"\" class=\"wp-image-13180\" srcset=\"https:\/\/kelgukoerad.ee\/hellerkantri\/wp-content\/uploads\/2020\/03\/Siberi-husky-Hellerkantri-Pikkerpoiss-1572x1048.jpg 1572w, https:\/\/kelgukoerad.ee\/hellerkantri\/wp-content\/uploads\/2020\/03\/Siberi-husky-Hellerkantri-Pikkerpoiss-300x200.jpg 300w, https:\/\/kelgukoerad.ee\/hellerkantri\/wp-content\/uploads\/2020\/03\/Siberi-husky-Hellerkantri-Pikkerpoiss-200x133.jpg 200w, https:\/\/kelgukoerad.ee\/hellerkantri\/wp-content\/uploads\/2020\/03\/Siberi-husky-Hellerkantri-Pikkerpoiss-768x512.jpg 768w, https:\/\/kelgukoerad.ee\/hellerkantri\/wp-content\/uploads\/2020\/03\/Siberi-husky-Hellerkantri-Pikkerpoiss-1536x1024.jpg 1536w, https:\/\/kelgukoerad.ee\/hellerkantri\/wp-content\/uploads\/2020\/03\/Siberi-husky-Hellerkantri-Pikkerpoiss.jpg 2048w\" sizes=\"(max-width: 1572px) 100vw, 1572px\" \/><figcaption>Pikker, 2019a.<\/figcaption><\/figure>\n\n\n\n<h4>Pikkeri isa Jim<\/h4>\n\n\n\n<figure class=\"wp-block-image size-large\"><img loading=\"lazy\" width=\"1310\" height=\"1048\" src=\"https:\/\/kelgukoerad.ee\/hellerkantri\/wp-content\/uploads\/2020\/03\/Martins-Jim-2017-1310x1048.jpg\" alt=\"\" class=\"wp-image-13246\" srcset=\"https:\/\/kelgukoerad.ee\/hellerkantri\/wp-content\/uploads\/2020\/03\/Martins-Jim-2017-1310x1048.jpg 1310w, https:\/\/kelgukoerad.ee\/hellerkantri\/wp-content\/uploads\/2020\/03\/Martins-Jim-2017-300x240.jpg 300w, https:\/\/kelgukoerad.ee\/hellerkantri\/wp-content\/uploads\/2020\/03\/Martins-Jim-2017-200x160.jpg 200w, https:\/\/kelgukoerad.ee\/hellerkantri\/wp-content\/uploads\/2020\/03\/Martins-Jim-2017-768x614.jpg 768w, https:\/\/kelgukoerad.ee\/hellerkantri\/wp-content\/uploads\/2020\/03\/Martins-Jim-2017.jpg 1375w\" sizes=\"(max-width: 1310px) 100vw, 1310px\" \/><figcaption>Jim &#8211; parempoolne juhtkoer, 2017a. Foto Juris Maurans.<\/figcaption><\/figure>\n\n\n\n<figure class=\"wp-block-image size-large\"><img loading=\"lazy\" width=\"1630\" height=\"1048\" src=\"https:\/\/kelgukoerad.ee\/hellerkantri\/wp-content\/uploads\/2020\/03\/Jim2015-1630x1048.jpg\" alt=\"\" class=\"wp-image-13245\" srcset=\"https:\/\/kelgukoerad.ee\/hellerkantri\/wp-content\/uploads\/2020\/03\/Jim2015-1630x1048.jpg 1630w, https:\/\/kelgukoerad.ee\/hellerkantri\/wp-content\/uploads\/2020\/03\/Jim2015-300x193.jpg 300w, https:\/\/kelgukoerad.ee\/hellerkantri\/wp-content\/uploads\/2020\/03\/Jim2015-200x129.jpg 200w, https:\/\/kelgukoerad.ee\/hellerkantri\/wp-content\/uploads\/2020\/03\/Jim2015-768x494.jpg 768w, https:\/\/kelgukoerad.ee\/hellerkantri\/wp-content\/uploads\/2020\/03\/Jim2015-1536x988.jpg 1536w, https:\/\/kelgukoerad.ee\/hellerkantri\/wp-content\/uploads\/2020\/03\/Jim2015.jpg 1686w\" sizes=\"(max-width: 1630px) 100vw, 1630px\" \/><figcaption>Jim &#8211; vasakpoolne juhtkoer, 2015a. Foto Paulius Stravinskas.<\/figcaption><\/figure>\n\n\n\n<figure class=\"wp-block-image size-full is-resized\"><img loading=\"lazy\" src=\"https:\/\/kelgukoerad.ee\/hellerkantri\/wp-content\/uploads\/2020\/03\/JIm.jpg\" alt=\"\" class=\"wp-image-13244\" width=\"386\" height=\"579\" srcset=\"https:\/\/kelgukoerad.ee\/hellerkantri\/wp-content\/uploads\/2020\/03\/JIm.jpg 771w, https:\/\/kelgukoerad.ee\/hellerkantri\/wp-content\/uploads\/2020\/03\/JIm-200x300.jpg 200w, https:\/\/kelgukoerad.ee\/hellerkantri\/wp-content\/uploads\/2020\/03\/JIm-698x1048.jpg 698w, https:\/\/kelgukoerad.ee\/hellerkantri\/wp-content\/uploads\/2020\/03\/JIm-133x200.jpg 133w, https:\/\/kelgukoerad.ee\/hellerkantri\/wp-content\/uploads\/2020\/03\/JIm-768x1152.jpg 768w\" sizes=\"(max-width: 386px) 100vw, 386px\" \/><figcaption>Jim, 2015a. <\/figcaption><\/figure>\n\n\n\n<figure class=\"wp-block-image\"><img alt=\"\"\/><\/figure>\n","protected":false},"excerpt":{"rendered":"<p>Tiimi &#8211; ja matkakoer S\u00fcndinud: 26.04.2017Ema: Hellerkantri SinellaIsa: Jim Beam Kipp D&#8217;AmundsenKasvataja &amp; omanik: Helle KaljulaFCI \/ Eesti Kennelliidu register Iseloomustus Hellerkantri Pikker, nii nagu tema nimigi \u00fctleb, on s\u00fcndinud meie kenneli P-pesakonnas. Pikker on keskmisest suuremat kasvu isane siberi husky. Kauni v\u00e4limiku, proportsioonide ja ilusa karvastikuga t\u00f6\u00f6liini koer. Ta on nii v\u00e4limikult kui iseloomult&#8230; <\/p>\n","protected":false},"author":1,"featured_media":13178,"parent":0,"menu_order":0,"comment_status":"closed","ping_status":"closed","template":"","meta":{"_monsterinsights_skip_tracking":false,"_monsterinsights_sitenote_active":false,"_monsterinsights_sitenote_note":"","_monsterinsights_sitenote_category":0},"yoast_head":"<!-- This site is optimized with the Yoast SEO plugin v14.9 - https:\/\/yoast.com\/wordpress\/plugins\/seo\/ -->\n<title>Hellerkantri Pikkerpoiss - Hellerkantri Huskypark<\/title>\n<meta name=\"description\" content=\"Hellerkantri Pikker, nii nagu tema nimigi \u00fctleb, on s\u00fcndinud meie kenneli P-pesakonnas. Pikker on keskmisest suuremat kasvu isane siberi husky, kauni v\u00e4limiku, proportsioonide ja v\u00e4ga hea karvastikuga t\u00f6\u00f6liini koer.\" \/>\n<meta name=\"robots\" content=\"index, follow, max-snippet:-1, max-image-preview:large, max-video-preview:-1\" \/>\n<link rel=\"canonical\" href=\"https:\/\/kelgukoerad.ee\/hellerkantri\/pikker\/\" \/>\n<meta property=\"og:locale\" content=\"en_US\" \/>\n<meta property=\"og:type\" content=\"article\" \/>\n<meta property=\"og:title\" content=\"Hellerkantri Pikkerpoiss - Hellerkantri Huskypark\" \/>\n<meta property=\"og:description\" content=\"Hellerkantri Pikker, nii nagu tema nimigi \u00fctleb, on s\u00fcndinud meie kenneli P-pesakonnas. Pikker on keskmisest suuremat kasvu isane siberi husky, kauni v\u00e4limiku, proportsioonide ja v\u00e4ga hea karvastikuga t\u00f6\u00f6liini koer.\" \/>\n<meta property=\"og:url\" content=\"https:\/\/kelgukoerad.ee\/hellerkantri\/pikker\/\" \/>\n<meta property=\"og:site_name\" content=\"Hellerkantri Huskypark\" \/>\n<meta property=\"article:modified_time\" content=\"2020-10-28T17:13:10+00:00\" \/>\n<meta property=\"og:image\" content=\"https:\/\/kelgukoerad.ee\/hellerkantri\/wp-content\/uploads\/2020\/03\/Hellerkantri-Pikkerpoiss-2019.jpg\" \/>\n\t<meta property=\"og:image:width\" content=\"2048\" \/>\n\t<meta property=\"og:image:height\" content=\"937\" \/>\n<meta name=\"twitter:card\" content=\"summary_large_image\" \/>\n<script type=\"application\/ld+json\" class=\"yoast-schema-graph\">{\"@context\":\"https:\/\/schema.org\",\"@graph\":[{\"@type\":\"WebSite\",\"@id\":\"https:\/\/kelgukoerad.ee\/hellerkantri\/#website\",\"url\":\"https:\/\/kelgukoerad.ee\/hellerkantri\/\",\"name\":\"Hellerkantri Huskypark\",\"description\":\"Hellerkantri Huskypark - kelgukoerte kasvandus ja talu Raplamaal\",\"potentialAction\":[{\"@type\":\"SearchAction\",\"target\":\"https:\/\/kelgukoerad.ee\/hellerkantri\/?s={search_term_string}\",\"query-input\":\"required name=search_term_string\"}],\"inLanguage\":\"en-US\"},{\"@type\":\"ImageObject\",\"@id\":\"https:\/\/kelgukoerad.ee\/hellerkantri\/pikker\/#primaryimage\",\"inLanguage\":\"en-US\",\"url\":\"https:\/\/kelgukoerad.ee\/hellerkantri\/wp-content\/uploads\/2020\/03\/Hellerkantri-Pikkerpoiss-2019.jpg\",\"width\":2048,\"height\":937,\"caption\":\"Siberi husky Hellerkantri Pikkerpoiss 2019\"},{\"@type\":\"WebPage\",\"@id\":\"https:\/\/kelgukoerad.ee\/hellerkantri\/pikker\/#webpage\",\"url\":\"https:\/\/kelgukoerad.ee\/hellerkantri\/pikker\/\",\"name\":\"Hellerkantri Pikkerpoiss - Hellerkantri Huskypark\",\"isPartOf\":{\"@id\":\"https:\/\/kelgukoerad.ee\/hellerkantri\/#website\"},\"primaryImageOfPage\":{\"@id\":\"https:\/\/kelgukoerad.ee\/hellerkantri\/pikker\/#primaryimage\"},\"datePublished\":\"2020-03-27T16:04:48+00:00\",\"dateModified\":\"2020-10-28T17:13:10+00:00\",\"description\":\"Hellerkantri Pikker, nii nagu tema nimigi \\u00fctleb, on s\\u00fcndinud meie kenneli P-pesakonnas. Pikker on keskmisest suuremat kasvu isane siberi husky, kauni v\\u00e4limiku, proportsioonide ja v\\u00e4ga hea karvastikuga t\\u00f6\\u00f6liini koer.\",\"inLanguage\":\"en-US\",\"potentialAction\":[{\"@type\":\"ReadAction\",\"target\":[\"https:\/\/kelgukoerad.ee\/hellerkantri\/pikker\/\"]}]}]}<\/script>\n<!-- \/ Yoast SEO plugin. -->","_links":{"self":[{"href":"https:\/\/kelgukoerad.ee\/hellerkantri\/wp-json\/wp\/v2\/pages\/13177"}],"collection":[{"href":"https:\/\/kelgukoerad.ee\/hellerkantri\/wp-json\/wp\/v2\/pages"}],"about":[{"href":"https:\/\/kelgukoerad.ee\/hellerkantri\/wp-json\/wp\/v2\/types\/page"}],"author":[{"embeddable":true,"href":"https:\/\/kelgukoerad.ee\/hellerkantri\/wp-json\/wp\/v2\/users\/1"}],"replies":[{"embeddable":true,"href":"https:\/\/kelgukoerad.ee\/hellerkantri\/wp-json\/wp\/v2\/comments?post=13177"}],"version-history":[{"count":36,"href":"https:\/\/kelgukoerad.ee\/hellerkantri\/wp-json\/wp\/v2\/pages\/13177\/revisions"}],"predecessor-version":[{"id":14580,"href":"https:\/\/kelgukoerad.ee\/hellerkantri\/wp-json\/wp\/v2\/pages\/13177\/revisions\/14580"}],"wp:featuredmedia":[{"embeddable":true,"href":"https:\/\/kelgukoerad.ee\/hellerkantri\/wp-json\/wp\/v2\/media\/13178"}],"wp:attachment":[{"href":"https:\/\/kelgukoerad.ee\/hellerkantri\/wp-json\/wp\/v2\/media?parent=13177"}],"curies":[{"name":"wp","href":"https:\/\/api.w.org\/{rel}","templated":true}]}}