{"id":13188,"date":"2020-03-28T10:34:18","date_gmt":"2020-03-28T08:34:18","guid":{"rendered":"https:\/\/kelgukoerad.ee\/hellerkantri\/?page_id=13188"},"modified":"2021-02-28T17:51:04","modified_gmt":"2021-02-28T15:51:04","slug":"vapper","status":"publish","type":"page","link":"https:\/\/kelgukoerad.ee\/hellerkantri\/vapper\/","title":{"rendered":"Hellerkantri Vapper"},"content":{"rendered":"\n<p><strong>Nooruk<\/strong><\/p>\n\n\n\n<p><strong>S\u00fcndinud:<\/strong> 15.03.2019<br><strong>Ema:<\/strong> <a href=\"https:\/\/kelgukoerad.ee\/hellerkantri\/coastrunners-mac-big-hug\/\">Coastrunner&#8217;s Mac Big Hug<\/a> &#8220;Brigi&#8221;<br><strong>Isa:<\/strong> <a href=\"https:\/\/kelgukoerad.ee\/hellerkantri\/ice-av-viddashusky\/\">Ice Av Viddashusky<br><\/a><strong>Kasvataja &amp; omanik:<\/strong> Helle Kaljula<br><a rel=\"noreferrer noopener\" href=\"https:\/\/register.kennelliit.ee\/index.php?page=dogCard&amp;dogId=285190\" target=\"_blank\"><strong>FCI \/ Eesti Kennelliidu register<\/strong><\/a><\/p>\n\n\n\n<p>Vapper on s\u00fcndinud meie kennelis 2019a. kevadel. Brigi ja Ice pesakonda planeerides oli meie kindel soov j\u00e4tta pesakonnast endale isane kutsikas kuid koos Vapperiga j\u00e4tsime endale ka tema \u00f5e <a href=\"https:\/\/kelgukoerad.ee\/hellerkantri\/vicky\/\">Vicky<\/a>. Vapper on keskmist kasvu, v\u00e4ga energiline ja enesekindel noor siberi husky poiss. Kui oled n\u00e4inud 2019a. Disney filmi <a aria-label=\"Togo  (opens in a new tab)\" rel=\"noreferrer noopener\" href=\"https:\/\/www.youtube.com\/watch?v=HMfyueM-ZBQ\" target=\"_blank\">&#8220;Togo&#8221;<\/a>  siis oma olemuselt meenutabki Vapper Togo-nimelist kelgukoera tema noorusp\u00f5lves. Tavaliselt kasvab sellistest r\u00fcblikutest midagi v\u00e4ga head. Elame-n\u00e4eme! :)<\/p>\n\n\n\n<figure class=\"wp-block-image size-large\"><img loading=\"lazy\" width=\"1572\" height=\"1048\" src=\"https:\/\/kelgukoerad.ee\/hellerkantri\/wp-content\/uploads\/2021\/02\/Hellerkantri-Vapper-2021-5-1572x1048.jpg\" alt=\"\" class=\"wp-image-15567\" srcset=\"https:\/\/kelgukoerad.ee\/hellerkantri\/wp-content\/uploads\/2021\/02\/Hellerkantri-Vapper-2021-5-1572x1048.jpg 1572w, https:\/\/kelgukoerad.ee\/hellerkantri\/wp-content\/uploads\/2021\/02\/Hellerkantri-Vapper-2021-5-300x200.jpg 300w, https:\/\/kelgukoerad.ee\/hellerkantri\/wp-content\/uploads\/2021\/02\/Hellerkantri-Vapper-2021-5-200x133.jpg 200w, https:\/\/kelgukoerad.ee\/hellerkantri\/wp-content\/uploads\/2021\/02\/Hellerkantri-Vapper-2021-5-768x512.jpg 768w, https:\/\/kelgukoerad.ee\/hellerkantri\/wp-content\/uploads\/2021\/02\/Hellerkantri-Vapper-2021-5-1536x1024.jpg 1536w, https:\/\/kelgukoerad.ee\/hellerkantri\/wp-content\/uploads\/2021\/02\/Hellerkantri-Vapper-2021-5.jpg 2048w\" sizes=\"(max-width: 1572px) 100vw, 1572px\" \/><figcaption>Vapper rakendis, 13.01.2021<\/figcaption><\/figure>\n\n\n\n<figure class=\"wp-block-image size-large\"><img loading=\"lazy\" width=\"1572\" height=\"1048\" src=\"https:\/\/kelgukoerad.ee\/hellerkantri\/wp-content\/uploads\/2021\/02\/Hellerkantri-Vapper-2021-01-1572x1048.jpg\" alt=\"\" class=\"wp-image-15564\" srcset=\"https:\/\/kelgukoerad.ee\/hellerkantri\/wp-content\/uploads\/2021\/02\/Hellerkantri-Vapper-2021-01-1572x1048.jpg 1572w, https:\/\/kelgukoerad.ee\/hellerkantri\/wp-content\/uploads\/2021\/02\/Hellerkantri-Vapper-2021-01-300x200.jpg 300w, https:\/\/kelgukoerad.ee\/hellerkantri\/wp-content\/uploads\/2021\/02\/Hellerkantri-Vapper-2021-01-200x133.jpg 200w, https:\/\/kelgukoerad.ee\/hellerkantri\/wp-content\/uploads\/2021\/02\/Hellerkantri-Vapper-2021-01-768x512.jpg 768w, https:\/\/kelgukoerad.ee\/hellerkantri\/wp-content\/uploads\/2021\/02\/Hellerkantri-Vapper-2021-01-1536x1024.jpg 1536w, https:\/\/kelgukoerad.ee\/hellerkantri\/wp-content\/uploads\/2021\/02\/Hellerkantri-Vapper-2021-01.jpg 2048w\" sizes=\"(max-width: 1572px) 100vw, 1572px\" \/><figcaption>Pea 2-aastane Vapper, 10.01.2021<\/figcaption><\/figure>\n\n\n\n<figure class=\"wp-block-image size-large\"><img loading=\"lazy\" width=\"1572\" height=\"1048\" src=\"https:\/\/kelgukoerad.ee\/hellerkantri\/wp-content\/uploads\/2021\/02\/Hellerkantri-Vapper-2021-02-1572x1048.jpg\" alt=\"\" class=\"wp-image-15562\" srcset=\"https:\/\/kelgukoerad.ee\/hellerkantri\/wp-content\/uploads\/2021\/02\/Hellerkantri-Vapper-2021-02-1572x1048.jpg 1572w, https:\/\/kelgukoerad.ee\/hellerkantri\/wp-content\/uploads\/2021\/02\/Hellerkantri-Vapper-2021-02-300x200.jpg 300w, https:\/\/kelgukoerad.ee\/hellerkantri\/wp-content\/uploads\/2021\/02\/Hellerkantri-Vapper-2021-02-200x133.jpg 200w, https:\/\/kelgukoerad.ee\/hellerkantri\/wp-content\/uploads\/2021\/02\/Hellerkantri-Vapper-2021-02-768x512.jpg 768w, https:\/\/kelgukoerad.ee\/hellerkantri\/wp-content\/uploads\/2021\/02\/Hellerkantri-Vapper-2021-02-1536x1024.jpg 1536w, https:\/\/kelgukoerad.ee\/hellerkantri\/wp-content\/uploads\/2021\/02\/Hellerkantri-Vapper-2021-02.jpg 2048w\" sizes=\"(max-width: 1572px) 100vw, 1572px\" \/><figcaption>10.01.2021<\/figcaption><\/figure>\n\n\n\n<figure class=\"wp-block-image size-large\"><img loading=\"lazy\" width=\"1571\" height=\"1048\" src=\"https:\/\/kelgukoerad.ee\/hellerkantri\/wp-content\/uploads\/2020\/06\/Hellerkantri-Vapper-2020-1571x1048.jpg\" alt=\"\" class=\"wp-image-14190\" srcset=\"https:\/\/kelgukoerad.ee\/hellerkantri\/wp-content\/uploads\/2020\/06\/Hellerkantri-Vapper-2020-1571x1048.jpg 1571w, https:\/\/kelgukoerad.ee\/hellerkantri\/wp-content\/uploads\/2020\/06\/Hellerkantri-Vapper-2020-300x200.jpg 300w, https:\/\/kelgukoerad.ee\/hellerkantri\/wp-content\/uploads\/2020\/06\/Hellerkantri-Vapper-2020-200x133.jpg 200w, https:\/\/kelgukoerad.ee\/hellerkantri\/wp-content\/uploads\/2020\/06\/Hellerkantri-Vapper-2020-768x512.jpg 768w, https:\/\/kelgukoerad.ee\/hellerkantri\/wp-content\/uploads\/2020\/06\/Hellerkantri-Vapper-2020-1536x1025.jpg 1536w, https:\/\/kelgukoerad.ee\/hellerkantri\/wp-content\/uploads\/2020\/06\/Hellerkantri-Vapper-2020.jpg 2048w\" sizes=\"(max-width: 1571px) 100vw, 1571px\" \/><figcaption>Vapper, suvi 2020<\/figcaption><\/figure>\n\n\n\n<figure class=\"wp-block-image size-large\"><img loading=\"lazy\" width=\"1572\" height=\"1048\" src=\"https:\/\/kelgukoerad.ee\/hellerkantri\/wp-content\/uploads\/2020\/03\/Siberi-huskyd-Hellerkantri-Vapper-Vicky-2020-1572x1048.jpg\" alt=\"Siberi huskyd kelgukoerad\" class=\"wp-image-13192\" srcset=\"https:\/\/kelgukoerad.ee\/hellerkantri\/wp-content\/uploads\/2020\/03\/Siberi-huskyd-Hellerkantri-Vapper-Vicky-2020-1572x1048.jpg 1572w, https:\/\/kelgukoerad.ee\/hellerkantri\/wp-content\/uploads\/2020\/03\/Siberi-huskyd-Hellerkantri-Vapper-Vicky-2020-300x200.jpg 300w, https:\/\/kelgukoerad.ee\/hellerkantri\/wp-content\/uploads\/2020\/03\/Siberi-huskyd-Hellerkantri-Vapper-Vicky-2020-200x133.jpg 200w, https:\/\/kelgukoerad.ee\/hellerkantri\/wp-content\/uploads\/2020\/03\/Siberi-huskyd-Hellerkantri-Vapper-Vicky-2020-768x512.jpg 768w, https:\/\/kelgukoerad.ee\/hellerkantri\/wp-content\/uploads\/2020\/03\/Siberi-huskyd-Hellerkantri-Vapper-Vicky-2020-1536x1024.jpg 1536w, https:\/\/kelgukoerad.ee\/hellerkantri\/wp-content\/uploads\/2020\/03\/Siberi-huskyd-Hellerkantri-Vapper-Vicky-2020.jpg 2048w\" sizes=\"(max-width: 1572px) 100vw, 1572px\" \/><figcaption>Vapper ja Vicky esimest korda kelgu ees, veebruar 2020<\/figcaption><\/figure>\n\n\n\n<figure class=\"wp-block-image size-large\"><img loading=\"lazy\" width=\"1572\" height=\"1048\" src=\"https:\/\/kelgukoerad.ee\/hellerkantri\/wp-content\/uploads\/2019\/09\/Hellerkantri-Vapper-1572x1048.jpg\" alt=\"Hellerkantri Vapper\" class=\"wp-image-12039\" srcset=\"https:\/\/kelgukoerad.ee\/hellerkantri\/wp-content\/uploads\/2019\/09\/Hellerkantri-Vapper-1572x1048.jpg 1572w, https:\/\/kelgukoerad.ee\/hellerkantri\/wp-content\/uploads\/2019\/09\/Hellerkantri-Vapper-200x133.jpg 200w, https:\/\/kelgukoerad.ee\/hellerkantri\/wp-content\/uploads\/2019\/09\/Hellerkantri-Vapper-300x200.jpg 300w, https:\/\/kelgukoerad.ee\/hellerkantri\/wp-content\/uploads\/2019\/09\/Hellerkantri-Vapper-768x512.jpg 768w, https:\/\/kelgukoerad.ee\/hellerkantri\/wp-content\/uploads\/2019\/09\/Hellerkantri-Vapper-600x400.jpg 600w, https:\/\/kelgukoerad.ee\/hellerkantri\/wp-content\/uploads\/2019\/09\/Hellerkantri-Vapper.jpg 2048w\" sizes=\"(max-width: 1572px) 100vw, 1572px\" \/><figcaption>S\u00fcgis 2019<\/figcaption><\/figure>\n\n\n\n<figure class=\"wp-block-image size-large\"><img loading=\"lazy\" width=\"1572\" height=\"1048\" src=\"https:\/\/kelgukoerad.ee\/hellerkantri\/wp-content\/uploads\/2020\/03\/Siberi-husky-Hellerkantri-Vapper-2019-1572x1048.jpg\" alt=\"Noor siberi husky\" class=\"wp-image-13195\" srcset=\"https:\/\/kelgukoerad.ee\/hellerkantri\/wp-content\/uploads\/2020\/03\/Siberi-husky-Hellerkantri-Vapper-2019-1572x1048.jpg 1572w, https:\/\/kelgukoerad.ee\/hellerkantri\/wp-content\/uploads\/2020\/03\/Siberi-husky-Hellerkantri-Vapper-2019-300x200.jpg 300w, https:\/\/kelgukoerad.ee\/hellerkantri\/wp-content\/uploads\/2020\/03\/Siberi-husky-Hellerkantri-Vapper-2019-200x133.jpg 200w, https:\/\/kelgukoerad.ee\/hellerkantri\/wp-content\/uploads\/2020\/03\/Siberi-husky-Hellerkantri-Vapper-2019-768x512.jpg 768w, https:\/\/kelgukoerad.ee\/hellerkantri\/wp-content\/uploads\/2020\/03\/Siberi-husky-Hellerkantri-Vapper-2019-1536x1024.jpg 1536w, https:\/\/kelgukoerad.ee\/hellerkantri\/wp-content\/uploads\/2020\/03\/Siberi-husky-Hellerkantri-Vapper-2019.jpg 2048w\" sizes=\"(max-width: 1572px) 100vw, 1572px\" \/><figcaption>S\u00fcgismeeleolu jooksuaedikus 2019<\/figcaption><\/figure>\n\n\n\n<figure class=\"wp-block-image size-large\"><img loading=\"lazy\" width=\"1572\" height=\"1048\" src=\"https:\/\/kelgukoerad.ee\/hellerkantri\/wp-content\/uploads\/2020\/03\/Siberi-husky-kutsikas-Hellerkantri-Vapper-2019-1572x1048.jpg\" alt=\"Siberi husky kutsikas\" class=\"wp-image-13197\" srcset=\"https:\/\/kelgukoerad.ee\/hellerkantri\/wp-content\/uploads\/2020\/03\/Siberi-husky-kutsikas-Hellerkantri-Vapper-2019-1572x1048.jpg 1572w, https:\/\/kelgukoerad.ee\/hellerkantri\/wp-content\/uploads\/2020\/03\/Siberi-husky-kutsikas-Hellerkantri-Vapper-2019-300x200.jpg 300w, https:\/\/kelgukoerad.ee\/hellerkantri\/wp-content\/uploads\/2020\/03\/Siberi-husky-kutsikas-Hellerkantri-Vapper-2019-200x133.jpg 200w, https:\/\/kelgukoerad.ee\/hellerkantri\/wp-content\/uploads\/2020\/03\/Siberi-husky-kutsikas-Hellerkantri-Vapper-2019-768x512.jpg 768w, https:\/\/kelgukoerad.ee\/hellerkantri\/wp-content\/uploads\/2020\/03\/Siberi-husky-kutsikas-Hellerkantri-Vapper-2019-1536x1024.jpg 1536w, https:\/\/kelgukoerad.ee\/hellerkantri\/wp-content\/uploads\/2020\/03\/Siberi-husky-kutsikas-Hellerkantri-Vapper-2019.jpg 2048w\" sizes=\"(max-width: 1572px) 100vw, 1572px\" \/><figcaption>Kevad 2019<\/figcaption><\/figure>\n\n\n\n<figure class=\"wp-block-image size-large\"><img loading=\"lazy\" width=\"1572\" height=\"1048\" src=\"https:\/\/kelgukoerad.ee\/hellerkantri\/wp-content\/uploads\/2020\/03\/Siberi-huskyd-Vapper-Birig-2019-1572x1048.jpg\" alt=\"Siberi huskyd\" class=\"wp-image-13199\" srcset=\"https:\/\/kelgukoerad.ee\/hellerkantri\/wp-content\/uploads\/2020\/03\/Siberi-huskyd-Vapper-Birig-2019-1572x1048.jpg 1572w, https:\/\/kelgukoerad.ee\/hellerkantri\/wp-content\/uploads\/2020\/03\/Siberi-huskyd-Vapper-Birig-2019-300x200.jpg 300w, https:\/\/kelgukoerad.ee\/hellerkantri\/wp-content\/uploads\/2020\/03\/Siberi-huskyd-Vapper-Birig-2019-200x133.jpg 200w, https:\/\/kelgukoerad.ee\/hellerkantri\/wp-content\/uploads\/2020\/03\/Siberi-huskyd-Vapper-Birig-2019-768x512.jpg 768w, https:\/\/kelgukoerad.ee\/hellerkantri\/wp-content\/uploads\/2020\/03\/Siberi-huskyd-Vapper-Birig-2019-1536x1024.jpg 1536w, https:\/\/kelgukoerad.ee\/hellerkantri\/wp-content\/uploads\/2020\/03\/Siberi-huskyd-Vapper-Birig-2019.jpg 2048w\" sizes=\"(max-width: 1572px) 100vw, 1572px\" \/><figcaption>Vapper oma ema Brigiga hambaarsti m\u00e4ngimas, kevad 2019<\/figcaption><\/figure>\n\n\n\n<figure class=\"wp-block-image size-large\"><img loading=\"lazy\" width=\"1572\" height=\"1048\" src=\"https:\/\/kelgukoerad.ee\/hellerkantri\/wp-content\/uploads\/2020\/03\/Hellerkantri-siberi-huskyd-Vapper-Brigi-2019-1572x1048.jpg\" alt=\"Kennel Hellerkantri siberi huskyd 2019\" class=\"wp-image-13200\" srcset=\"https:\/\/kelgukoerad.ee\/hellerkantri\/wp-content\/uploads\/2020\/03\/Hellerkantri-siberi-huskyd-Vapper-Brigi-2019-1572x1048.jpg 1572w, https:\/\/kelgukoerad.ee\/hellerkantri\/wp-content\/uploads\/2020\/03\/Hellerkantri-siberi-huskyd-Vapper-Brigi-2019-300x200.jpg 300w, https:\/\/kelgukoerad.ee\/hellerkantri\/wp-content\/uploads\/2020\/03\/Hellerkantri-siberi-huskyd-Vapper-Brigi-2019-200x133.jpg 200w, https:\/\/kelgukoerad.ee\/hellerkantri\/wp-content\/uploads\/2020\/03\/Hellerkantri-siberi-huskyd-Vapper-Brigi-2019-768x512.jpg 768w, https:\/\/kelgukoerad.ee\/hellerkantri\/wp-content\/uploads\/2020\/03\/Hellerkantri-siberi-huskyd-Vapper-Brigi-2019-1536x1024.jpg 1536w, https:\/\/kelgukoerad.ee\/hellerkantri\/wp-content\/uploads\/2020\/03\/Hellerkantri-siberi-huskyd-Vapper-Brigi-2019.jpg 2048w\" sizes=\"(max-width: 1572px) 100vw, 1572px\" \/><figcaption>Vapper ja Brigi, kevad 2019<\/figcaption><\/figure>\n\n\n\n<figure class=\"wp-block-image size-large\"><img loading=\"lazy\" width=\"1572\" height=\"1048\" src=\"https:\/\/kelgukoerad.ee\/hellerkantri\/wp-content\/uploads\/2020\/03\/Siberi-husky-kutsikas-Vapper-1572x1048.jpg\" alt=\"\" class=\"wp-image-13207\" srcset=\"https:\/\/kelgukoerad.ee\/hellerkantri\/wp-content\/uploads\/2020\/03\/Siberi-husky-kutsikas-Vapper-1572x1048.jpg 1572w, https:\/\/kelgukoerad.ee\/hellerkantri\/wp-content\/uploads\/2020\/03\/Siberi-husky-kutsikas-Vapper-300x200.jpg 300w, https:\/\/kelgukoerad.ee\/hellerkantri\/wp-content\/uploads\/2020\/03\/Siberi-husky-kutsikas-Vapper-200x133.jpg 200w, https:\/\/kelgukoerad.ee\/hellerkantri\/wp-content\/uploads\/2020\/03\/Siberi-husky-kutsikas-Vapper-768x512.jpg 768w, https:\/\/kelgukoerad.ee\/hellerkantri\/wp-content\/uploads\/2020\/03\/Siberi-husky-kutsikas-Vapper-1536x1024.jpg 1536w, https:\/\/kelgukoerad.ee\/hellerkantri\/wp-content\/uploads\/2020\/03\/Siberi-husky-kutsikas-Vapper.jpg 2048w\" sizes=\"(max-width: 1572px) 100vw, 1572px\" \/><figcaption>Vapper oma emaga, kevad 2019<\/figcaption><\/figure>\n\n\n\n<figure class=\"wp-block-image size-large\"><img loading=\"lazy\" width=\"1124\" height=\"768\" src=\"https:\/\/kelgukoerad.ee\/hellerkantri\/wp-content\/uploads\/2020\/03\/Siberi-husky-kutsikas-2019.jpg\" alt=\"Siberi husky kutsikas Hellerkantri Vapper\" class=\"wp-image-13202\" srcset=\"https:\/\/kelgukoerad.ee\/hellerkantri\/wp-content\/uploads\/2020\/03\/Siberi-husky-kutsikas-2019.jpg 1124w, https:\/\/kelgukoerad.ee\/hellerkantri\/wp-content\/uploads\/2020\/03\/Siberi-husky-kutsikas-2019-300x205.jpg 300w, https:\/\/kelgukoerad.ee\/hellerkantri\/wp-content\/uploads\/2020\/03\/Siberi-husky-kutsikas-2019-200x137.jpg 200w, https:\/\/kelgukoerad.ee\/hellerkantri\/wp-content\/uploads\/2020\/03\/Siberi-husky-kutsikas-2019-768x525.jpg 768w\" sizes=\"(max-width: 1124px) 100vw, 1124px\" \/><figcaption>Pisike Vapper, kevad 2019<\/figcaption><\/figure>\n","protected":false},"excerpt":{"rendered":"<p>Nooruk S\u00fcndinud: 15.03.2019Ema: Coastrunner&#8217;s Mac Big Hug &#8220;Brigi&#8221;Isa: Ice Av ViddashuskyKasvataja &amp; omanik: Helle KaljulaFCI \/ Eesti Kennelliidu register Vapper on s\u00fcndinud meie kennelis 2019a. kevadel. Brigi ja Ice pesakonda planeerides oli meie kindel soov j\u00e4tta pesakonnast endale isane kutsikas kuid koos Vapperiga j\u00e4tsime endale ka tema \u00f5e Vicky. Vapper on keskmist kasvu, v\u00e4ga energiline&#8230; <\/p>\n","protected":false},"author":1,"featured_media":15565,"parent":0,"menu_order":0,"comment_status":"closed","ping_status":"closed","template":"","meta":{"_monsterinsights_skip_tracking":false,"_monsterinsights_sitenote_active":false,"_monsterinsights_sitenote_note":"","_monsterinsights_sitenote_category":0},"yoast_head":"<!-- This site is optimized with the Yoast SEO plugin v14.9 - https:\/\/yoast.com\/wordpress\/plugins\/seo\/ -->\n<title>Hellerkantri Vapper - Hellerkantri Huskypark<\/title>\n<meta name=\"robots\" content=\"index, follow, max-snippet:-1, max-image-preview:large, max-video-preview:-1\" \/>\n<link rel=\"canonical\" href=\"https:\/\/kelgukoerad.ee\/hellerkantri\/vapper\/\" \/>\n<meta property=\"og:locale\" content=\"en_US\" \/>\n<meta property=\"og:type\" content=\"article\" \/>\n<meta property=\"og:title\" content=\"Hellerkantri Vapper - Hellerkantri Huskypark\" \/>\n<meta property=\"og:description\" content=\"Nooruk S\u00fcndinud: 15.03.2019Ema: Coastrunner&#8217;s Mac Big Hug &#8220;Brigi&#8221;Isa: Ice Av ViddashuskyKasvataja &amp; omanik: Helle KaljulaFCI \/ Eesti Kennelliidu register Vapper on s\u00fcndinud meie kennelis 2019a. kevadel. Brigi ja Ice pesakonda planeerides oli meie kindel soov j\u00e4tta pesakonnast endale isane kutsikas kuid koos Vapperiga j\u00e4tsime endale ka tema \u00f5e Vicky. Vapper on keskmist kasvu, v\u00e4ga energiline...\" \/>\n<meta property=\"og:url\" content=\"https:\/\/kelgukoerad.ee\/hellerkantri\/vapper\/\" \/>\n<meta property=\"og:site_name\" content=\"Hellerkantri Huskypark\" \/>\n<meta property=\"article:modified_time\" content=\"2021-02-28T15:51:04+00:00\" \/>\n<meta property=\"og:image\" content=\"https:\/\/kelgukoerad.ee\/hellerkantri\/wp-content\/uploads\/2021\/02\/Hellerkantri-Vapper-2021-03.jpg\" \/>\n\t<meta property=\"og:image:width\" content=\"2048\" \/>\n\t<meta property=\"og:image:height\" content=\"937\" \/>\n<meta name=\"twitter:card\" content=\"summary_large_image\" \/>\n<script type=\"application\/ld+json\" class=\"yoast-schema-graph\">{\"@context\":\"https:\/\/schema.org\",\"@graph\":[{\"@type\":\"WebSite\",\"@id\":\"https:\/\/kelgukoerad.ee\/hellerkantri\/#website\",\"url\":\"https:\/\/kelgukoerad.ee\/hellerkantri\/\",\"name\":\"Hellerkantri Huskypark\",\"description\":\"Hellerkantri Huskypark - kelgukoerte kasvandus ja talu Raplamaal\",\"potentialAction\":[{\"@type\":\"SearchAction\",\"target\":\"https:\/\/kelgukoerad.ee\/hellerkantri\/?s={search_term_string}\",\"query-input\":\"required name=search_term_string\"}],\"inLanguage\":\"en-US\"},{\"@type\":\"ImageObject\",\"@id\":\"https:\/\/kelgukoerad.ee\/hellerkantri\/vapper\/#primaryimage\",\"inLanguage\":\"en-US\",\"url\":\"https:\/\/kelgukoerad.ee\/hellerkantri\/wp-content\/uploads\/2021\/02\/Hellerkantri-Vapper-2021-03.jpg\",\"width\":2048,\"height\":937,\"caption\":\"Siberi husky Hellerkantri Vapper 2021\"},{\"@type\":\"WebPage\",\"@id\":\"https:\/\/kelgukoerad.ee\/hellerkantri\/vapper\/#webpage\",\"url\":\"https:\/\/kelgukoerad.ee\/hellerkantri\/vapper\/\",\"name\":\"Hellerkantri Vapper - Hellerkantri Huskypark\",\"isPartOf\":{\"@id\":\"https:\/\/kelgukoerad.ee\/hellerkantri\/#website\"},\"primaryImageOfPage\":{\"@id\":\"https:\/\/kelgukoerad.ee\/hellerkantri\/vapper\/#primaryimage\"},\"datePublished\":\"2020-03-28T08:34:18+00:00\",\"dateModified\":\"2021-02-28T15:51:04+00:00\",\"inLanguage\":\"en-US\",\"potentialAction\":[{\"@type\":\"ReadAction\",\"target\":[\"https:\/\/kelgukoerad.ee\/hellerkantri\/vapper\/\"]}]}]}<\/script>\n<!-- \/ Yoast SEO plugin. -->","_links":{"self":[{"href":"https:\/\/kelgukoerad.ee\/hellerkantri\/wp-json\/wp\/v2\/pages\/13188"}],"collection":[{"href":"https:\/\/kelgukoerad.ee\/hellerkantri\/wp-json\/wp\/v2\/pages"}],"about":[{"href":"https:\/\/kelgukoerad.ee\/hellerkantri\/wp-json\/wp\/v2\/types\/page"}],"author":[{"embeddable":true,"href":"https:\/\/kelgukoerad.ee\/hellerkantri\/wp-json\/wp\/v2\/users\/1"}],"replies":[{"embeddable":true,"href":"https:\/\/kelgukoerad.ee\/hellerkantri\/wp-json\/wp\/v2\/comments?post=13188"}],"version-history":[{"count":25,"href":"https:\/\/kelgukoerad.ee\/hellerkantri\/wp-json\/wp\/v2\/pages\/13188\/revisions"}],"predecessor-version":[{"id":15571,"href":"https:\/\/kelgukoerad.ee\/hellerkantri\/wp-json\/wp\/v2\/pages\/13188\/revisions\/15571"}],"wp:featuredmedia":[{"embeddable":true,"href":"https:\/\/kelgukoerad.ee\/hellerkantri\/wp-json\/wp\/v2\/media\/15565"}],"wp:attachment":[{"href":"https:\/\/kelgukoerad.ee\/hellerkantri\/wp-json\/wp\/v2\/media?parent=13188"}],"curies":[{"name":"wp","href":"https:\/\/api.w.org\/{rel}","templated":true}]}}