{"id":13332,"date":"2020-03-30T11:32:30","date_gmt":"2020-03-30T09:32:30","guid":{"rendered":"https:\/\/kelgukoerad.ee\/hellerkantri\/?page_id=13332"},"modified":"2020-09-24T14:53:07","modified_gmt":"2020-09-24T12:53:07","slug":"maya","status":"publish","type":"page","link":"https:\/\/kelgukoerad.ee\/hellerkantri\/maya\/","title":{"rendered":"Hellerkantri Maya"},"content":{"rendered":"\n<p><strong>S\u00fcndinud:<\/strong> 28.08.2015<br><strong>Ema:<\/strong> <a href=\"https:\/\/kelgukoerad.ee\/hellerkantri\/mary-poppins\">Hellerkantri Mary Poppins<\/a><br><strong>Isa: <\/strong><a href=\"https:\/\/kelgukoerad.ee\/hellerkantri\/aptorhome-rocco\">Aptorhome Rocco<\/a><br><strong>Kasvataja &amp; omanik:<\/strong> Helle Kaljula<br><strong>Kaal:<\/strong> 16-17kg<br><a rel=\"noreferrer noopener\" href=\"https:\/\/register.kennelliit.ee\/index.php?page=dogCard&amp;dogId=216297\" target=\"_blank\">FCI \/ Eesti Kennelliidu register<\/a><br><\/p>\n\n\n\n<h4>Iseloomustus<\/h4>\n\n\n\n<p>Meie \u00fcks, ainus ja eriline Maya! Maya on s\u00fcndinud meie kennelis ning ta on oma isa Rocco v\u00e4iksem versioon :) Maya on pisemat kasvu emane, ta on v\u00e4ga armastusv\u00e4\u00e4rne ja pailembeline siberi husky. Kui teda silitama hakata siis \u00f5ige pea viskab ta selili, suleb silmad ja naudib k\u00e4pad taevapoole kinnisilmi paitusi. Seet\u00f5ttu on ta ka peaaaegu k\u00f5igi meie k\u00fclaliste (ja loomulikult ka meie endi) lemmik koer &#8211; kellele ei meeldiks Mayat paitada ja temaga koos aega veeta :) Maya on teiste emastega v\u00e4ga tolerantne. Tal on kaasas\u00fcndinud kuulekus ja on loomult v\u00e4ga pehme ning kontakti otsiv. Teda v\u00f5ib usaldada ka lahtisena. Rakendis v\u00e4ga innukas ja tubli vedaja kuid nii nagu ta isa noorena, on ka Maya pisut h\u00e4iritud p\u00f5llul olevatest linnukestest ja loomadest. See on isegi natuke armas kui palju \u00fcks koer v\u00f5ib oma isa meenutada&#8230;. Anname selle talle andeks, sest teame, et selline k\u00e4itumine on ajaga m\u00f6\u00f6duv. :) Mayal puuduseks on kehvapoolne s\u00f6\u00f6gi &#8211; ja joogiisu, mille on ta p\u00e4rinud oma isalt, kes p\u00e4ris selle omakorda oma isalt&#8230; Oma pehme ja malbe iseloomu t\u00f5ttu sobib rakendis h\u00e4sti paari n\u00e4iteks Pikkeri v\u00f5i Pradaga, kellel on temaga sarnane vaikne iseloom. Maya pesakonnakaaslastest elavad meie juures veel <a href=\"https:\/\/kelgukoerad.ee\/hellerkantri\/moony\">Moony<\/a> ja <a href=\"https:\/\/kelgukoerad.ee\/hellerkantri\/monton\/\">Monton.<\/a> Meil on plaanis Mayat ka aretuses kasutada.<\/p>\n\n\n\n<figure class=\"wp-block-image size-large\"><img loading=\"lazy\" width=\"1572\" height=\"1048\" src=\"https:\/\/kelgukoerad.ee\/hellerkantri\/wp-content\/uploads\/2020\/03\/Siberi-husky-Hellerkantri-Maya-2020-1572x1048.jpg\" alt=\"Siberi husky Hellerkantri Maya \" class=\"wp-image-13349\" srcset=\"https:\/\/kelgukoerad.ee\/hellerkantri\/wp-content\/uploads\/2020\/03\/Siberi-husky-Hellerkantri-Maya-2020-1572x1048.jpg 1572w, https:\/\/kelgukoerad.ee\/hellerkantri\/wp-content\/uploads\/2020\/03\/Siberi-husky-Hellerkantri-Maya-2020-300x200.jpg 300w, https:\/\/kelgukoerad.ee\/hellerkantri\/wp-content\/uploads\/2020\/03\/Siberi-husky-Hellerkantri-Maya-2020-200x133.jpg 200w, https:\/\/kelgukoerad.ee\/hellerkantri\/wp-content\/uploads\/2020\/03\/Siberi-husky-Hellerkantri-Maya-2020-768x512.jpg 768w, https:\/\/kelgukoerad.ee\/hellerkantri\/wp-content\/uploads\/2020\/03\/Siberi-husky-Hellerkantri-Maya-2020-1536x1024.jpg 1536w, https:\/\/kelgukoerad.ee\/hellerkantri\/wp-content\/uploads\/2020\/03\/Siberi-husky-Hellerkantri-Maya-2020.jpg 2048w\" sizes=\"(max-width: 1572px) 100vw, 1572px\" \/><figcaption>Maya, 2020a.<\/figcaption><\/figure>\n\n\n\n<figure class=\"wp-block-image size-large\"><img loading=\"lazy\" width=\"1572\" height=\"1048\" src=\"https:\/\/kelgukoerad.ee\/hellerkantri\/wp-content\/uploads\/2020\/03\/Siberi-huskyd-kennel-Hellerkantri-2019-1572x1048.jpg\" alt=\"Siberi huskyd kennel Hellerkantri 2019\" class=\"wp-image-13179\" srcset=\"https:\/\/kelgukoerad.ee\/hellerkantri\/wp-content\/uploads\/2020\/03\/Siberi-huskyd-kennel-Hellerkantri-2019-1572x1048.jpg 1572w, https:\/\/kelgukoerad.ee\/hellerkantri\/wp-content\/uploads\/2020\/03\/Siberi-huskyd-kennel-Hellerkantri-2019-300x200.jpg 300w, https:\/\/kelgukoerad.ee\/hellerkantri\/wp-content\/uploads\/2020\/03\/Siberi-huskyd-kennel-Hellerkantri-2019-200x133.jpg 200w, https:\/\/kelgukoerad.ee\/hellerkantri\/wp-content\/uploads\/2020\/03\/Siberi-huskyd-kennel-Hellerkantri-2019-768x512.jpg 768w, https:\/\/kelgukoerad.ee\/hellerkantri\/wp-content\/uploads\/2020\/03\/Siberi-huskyd-kennel-Hellerkantri-2019-1536x1024.jpg 1536w, https:\/\/kelgukoerad.ee\/hellerkantri\/wp-content\/uploads\/2020\/03\/Siberi-huskyd-kennel-Hellerkantri-2019.jpg 2048w\" sizes=\"(max-width: 1572px) 100vw, 1572px\" \/><figcaption>Meery, Pikker ja Maya, s\u00fcgis 2019a.<\/figcaption><\/figure>\n\n\n\n<figure class=\"wp-block-image size-large\"><img loading=\"lazy\" width=\"1747\" height=\"1048\" src=\"https:\/\/kelgukoerad.ee\/hellerkantri\/wp-content\/uploads\/2020\/03\/Maya-1747x1048.jpg\" alt=\"\" class=\"wp-image-13338\" srcset=\"https:\/\/kelgukoerad.ee\/hellerkantri\/wp-content\/uploads\/2020\/03\/Maya-1747x1048.jpg 1747w, https:\/\/kelgukoerad.ee\/hellerkantri\/wp-content\/uploads\/2020\/03\/Maya-300x180.jpg 300w, https:\/\/kelgukoerad.ee\/hellerkantri\/wp-content\/uploads\/2020\/03\/Maya-200x120.jpg 200w, https:\/\/kelgukoerad.ee\/hellerkantri\/wp-content\/uploads\/2020\/03\/Maya-768x461.jpg 768w, https:\/\/kelgukoerad.ee\/hellerkantri\/wp-content\/uploads\/2020\/03\/Maya-1536x922.jpg 1536w, https:\/\/kelgukoerad.ee\/hellerkantri\/wp-content\/uploads\/2020\/03\/Maya-240x145.jpg 240w, https:\/\/kelgukoerad.ee\/hellerkantri\/wp-content\/uploads\/2020\/03\/Maya.jpg 2000w\" sizes=\"(max-width: 1747px) 100vw, 1747px\" \/><figcaption>2018a. s\u00fcgis<\/figcaption><\/figure>\n\n\n\n<figure class=\"wp-block-image\"><a href=\"https:\/\/kelgukoerad.ee\/hellerkantri\/wp-content\/uploads\/2016\/06\/Hellerkantri-Maya-2.jpg\"><img loading=\"lazy\" width=\"1000\" height=\"667\" src=\"https:\/\/kelgukoerad.ee\/hellerkantri\/wp-content\/uploads\/2016\/06\/Hellerkantri-Maya-2.jpg\" alt=\"Maya\" class=\"wp-image-8025\" srcset=\"https:\/\/kelgukoerad.ee\/hellerkantri\/wp-content\/uploads\/2016\/06\/Hellerkantri-Maya-2.jpg 1000w, https:\/\/kelgukoerad.ee\/hellerkantri\/wp-content\/uploads\/2016\/06\/Hellerkantri-Maya-2-600x400.jpg 600w, https:\/\/kelgukoerad.ee\/hellerkantri\/wp-content\/uploads\/2016\/06\/Hellerkantri-Maya-2-200x133.jpg 200w, https:\/\/kelgukoerad.ee\/hellerkantri\/wp-content\/uploads\/2016\/06\/Hellerkantri-Maya-2-300x200.jpg 300w, https:\/\/kelgukoerad.ee\/hellerkantri\/wp-content\/uploads\/2016\/06\/Hellerkantri-Maya-2-750x500.jpg 750w, https:\/\/kelgukoerad.ee\/hellerkantri\/wp-content\/uploads\/2016\/06\/Hellerkantri-Maya-2-190x126.jpg 190w, https:\/\/kelgukoerad.ee\/hellerkantri\/wp-content\/uploads\/2016\/06\/Hellerkantri-Maya-2-60x40.jpg 60w, https:\/\/kelgukoerad.ee\/hellerkantri\/wp-content\/uploads\/2016\/06\/Hellerkantri-Maya-2-400x266.jpg 400w\" sizes=\"(max-width: 1000px) 100vw, 1000px\" \/><\/a><figcaption>Maya ca 6-kuusena.<\/figcaption><\/figure>\n\n\n\n<figure class=\"wp-block-image\"><a href=\"https:\/\/kelgukoerad.ee\/hellerkantri\/wp-content\/uploads\/2016\/06\/Hellerkantri-Maya-siberi-husky-3.jpg\"><img loading=\"lazy\" width=\"1000\" height=\"667\" src=\"https:\/\/kelgukoerad.ee\/hellerkantri\/wp-content\/uploads\/2016\/06\/Hellerkantri-Maya-siberi-husky-3.jpg\" alt=\"Maya\" class=\"wp-image-8028\" srcset=\"https:\/\/kelgukoerad.ee\/hellerkantri\/wp-content\/uploads\/2016\/06\/Hellerkantri-Maya-siberi-husky-3.jpg 1000w, https:\/\/kelgukoerad.ee\/hellerkantri\/wp-content\/uploads\/2016\/06\/Hellerkantri-Maya-siberi-husky-3-600x400.jpg 600w, https:\/\/kelgukoerad.ee\/hellerkantri\/wp-content\/uploads\/2016\/06\/Hellerkantri-Maya-siberi-husky-3-200x133.jpg 200w, https:\/\/kelgukoerad.ee\/hellerkantri\/wp-content\/uploads\/2016\/06\/Hellerkantri-Maya-siberi-husky-3-300x200.jpg 300w, https:\/\/kelgukoerad.ee\/hellerkantri\/wp-content\/uploads\/2016\/06\/Hellerkantri-Maya-siberi-husky-3-750x500.jpg 750w, https:\/\/kelgukoerad.ee\/hellerkantri\/wp-content\/uploads\/2016\/06\/Hellerkantri-Maya-siberi-husky-3-190x126.jpg 190w, https:\/\/kelgukoerad.ee\/hellerkantri\/wp-content\/uploads\/2016\/06\/Hellerkantri-Maya-siberi-husky-3-60x40.jpg 60w, https:\/\/kelgukoerad.ee\/hellerkantri\/wp-content\/uploads\/2016\/06\/Hellerkantri-Maya-siberi-husky-3-400x266.jpg 400w\" sizes=\"(max-width: 1000px) 100vw, 1000px\" \/><\/a><figcaption>Maya oma \u00f5dede-vendade ja emaga m\u00e4ngimas.<\/figcaption><\/figure>\n\n\n\n<figure class=\"wp-block-image\"><a href=\"https:\/\/kelgukoerad.ee\/hellerkantri\/wp-content\/uploads\/2016\/06\/Hellerkantri-Maya1.jpg\"><img loading=\"lazy\" width=\"1000\" height=\"667\" src=\"https:\/\/kelgukoerad.ee\/hellerkantri\/wp-content\/uploads\/2016\/06\/Hellerkantri-Maya1.jpg\" alt=\"Maya\" class=\"wp-image-8026\" srcset=\"https:\/\/kelgukoerad.ee\/hellerkantri\/wp-content\/uploads\/2016\/06\/Hellerkantri-Maya1.jpg 1000w, https:\/\/kelgukoerad.ee\/hellerkantri\/wp-content\/uploads\/2016\/06\/Hellerkantri-Maya1-600x400.jpg 600w, https:\/\/kelgukoerad.ee\/hellerkantri\/wp-content\/uploads\/2016\/06\/Hellerkantri-Maya1-200x133.jpg 200w, https:\/\/kelgukoerad.ee\/hellerkantri\/wp-content\/uploads\/2016\/06\/Hellerkantri-Maya1-300x200.jpg 300w, https:\/\/kelgukoerad.ee\/hellerkantri\/wp-content\/uploads\/2016\/06\/Hellerkantri-Maya1-750x500.jpg 750w, https:\/\/kelgukoerad.ee\/hellerkantri\/wp-content\/uploads\/2016\/06\/Hellerkantri-Maya1-190x126.jpg 190w, https:\/\/kelgukoerad.ee\/hellerkantri\/wp-content\/uploads\/2016\/06\/Hellerkantri-Maya1-60x40.jpg 60w, https:\/\/kelgukoerad.ee\/hellerkantri\/wp-content\/uploads\/2016\/06\/Hellerkantri-Maya1-400x266.jpg 400w\" sizes=\"(max-width: 1000px) 100vw, 1000px\" \/><\/a><figcaption>Maya ca 6-kuusena.<\/figcaption><\/figure>\n\n\n\n<figure class=\"wp-block-image size-large\"><img loading=\"lazy\" width=\"750\" height=\"500\" src=\"https:\/\/kelgukoerad.ee\/hellerkantri\/wp-content\/uploads\/2015\/01\/siberi-husky-kutsikad-2015-2-750x500.jpg\" alt=\"\" class=\"wp-image-7692\" srcset=\"https:\/\/kelgukoerad.ee\/hellerkantri\/wp-content\/uploads\/2015\/01\/siberi-husky-kutsikad-2015-2-750x500.jpg 750w, https:\/\/kelgukoerad.ee\/hellerkantri\/wp-content\/uploads\/2015\/01\/siberi-husky-kutsikad-2015-2-600x400.jpg 600w, https:\/\/kelgukoerad.ee\/hellerkantri\/wp-content\/uploads\/2015\/01\/siberi-husky-kutsikad-2015-2-200x133.jpg 200w, https:\/\/kelgukoerad.ee\/hellerkantri\/wp-content\/uploads\/2015\/01\/siberi-husky-kutsikad-2015-2-300x200.jpg 300w, https:\/\/kelgukoerad.ee\/hellerkantri\/wp-content\/uploads\/2015\/01\/siberi-husky-kutsikad-2015-2-190x126.jpg 190w, https:\/\/kelgukoerad.ee\/hellerkantri\/wp-content\/uploads\/2015\/01\/siberi-husky-kutsikad-2015-2-60x40.jpg 60w, https:\/\/kelgukoerad.ee\/hellerkantri\/wp-content\/uploads\/2015\/01\/siberi-husky-kutsikad-2015-2-400x266.jpg 400w, https:\/\/kelgukoerad.ee\/hellerkantri\/wp-content\/uploads\/2015\/01\/siberi-husky-kutsikad-2015-2.jpg 1000w\" sizes=\"(max-width: 750px) 100vw, 750px\" \/><figcaption>Pisikesed Minny ja Maya, 2015a.<\/figcaption><\/figure>\n","protected":false},"excerpt":{"rendered":"<p>S\u00fcndinud: 28.08.2015Ema: Hellerkantri Mary PoppinsIsa: Aptorhome RoccoKasvataja &amp; omanik: Helle KaljulaKaal: 16-17kgFCI \/ Eesti Kennelliidu register Iseloomustus Meie \u00fcks, ainus ja eriline Maya! Maya on s\u00fcndinud meie kennelis ning ta on oma isa Rocco v\u00e4iksem versioon :) Maya on pisemat kasvu emane, ta on v\u00e4ga armastusv\u00e4\u00e4rne ja pailembeline siberi husky. Kui teda silitama hakata siis&#8230; <\/p>\n","protected":false},"author":1,"featured_media":13336,"parent":0,"menu_order":0,"comment_status":"closed","ping_status":"closed","template":"","meta":{"_monsterinsights_skip_tracking":false,"_monsterinsights_sitenote_active":false,"_monsterinsights_sitenote_note":"","_monsterinsights_sitenote_category":0},"yoast_head":"<!-- This site is optimized with the Yoast SEO plugin v14.9 - https:\/\/yoast.com\/wordpress\/plugins\/seo\/ -->\n<title>Hellerkantri Maya - Hellerkantri Huskypark<\/title>\n<meta name=\"robots\" content=\"index, follow, max-snippet:-1, max-image-preview:large, max-video-preview:-1\" \/>\n<link rel=\"canonical\" href=\"https:\/\/kelgukoerad.ee\/hellerkantri\/maya\/\" \/>\n<meta property=\"og:locale\" content=\"en_US\" \/>\n<meta property=\"og:type\" content=\"article\" \/>\n<meta property=\"og:title\" content=\"Hellerkantri Maya - Hellerkantri Huskypark\" \/>\n<meta property=\"og:description\" content=\"S\u00fcndinud: 28.08.2015Ema: Hellerkantri Mary PoppinsIsa: Aptorhome RoccoKasvataja &amp; omanik: Helle KaljulaKaal: 16-17kgFCI \/ Eesti Kennelliidu register Iseloomustus Meie \u00fcks, ainus ja eriline Maya! Maya on s\u00fcndinud meie kennelis ning ta on oma isa Rocco v\u00e4iksem versioon :) Maya on pisemat kasvu emane, ta on v\u00e4ga armastusv\u00e4\u00e4rne ja pailembeline siberi husky. Kui teda silitama hakata siis...\" \/>\n<meta property=\"og:url\" content=\"https:\/\/kelgukoerad.ee\/hellerkantri\/maya\/\" \/>\n<meta property=\"og:site_name\" content=\"Hellerkantri Huskypark\" \/>\n<meta property=\"article:modified_time\" content=\"2020-09-24T12:53:07+00:00\" \/>\n<meta property=\"og:image\" content=\"https:\/\/kelgukoerad.ee\/hellerkantri\/wp-content\/uploads\/2020\/03\/Hellerkantri-Maya-2018.jpg\" \/>\n\t<meta property=\"og:image:width\" content=\"2048\" \/>\n\t<meta property=\"og:image:height\" content=\"937\" \/>\n<meta name=\"twitter:card\" content=\"summary_large_image\" \/>\n<script type=\"application\/ld+json\" class=\"yoast-schema-graph\">{\"@context\":\"https:\/\/schema.org\",\"@graph\":[{\"@type\":\"WebSite\",\"@id\":\"https:\/\/kelgukoerad.ee\/hellerkantri\/#website\",\"url\":\"https:\/\/kelgukoerad.ee\/hellerkantri\/\",\"name\":\"Hellerkantri Huskypark\",\"description\":\"Hellerkantri Huskypark - kelgukoerte kasvandus ja talu Raplamaal\",\"potentialAction\":[{\"@type\":\"SearchAction\",\"target\":\"https:\/\/kelgukoerad.ee\/hellerkantri\/?s={search_term_string}\",\"query-input\":\"required name=search_term_string\"}],\"inLanguage\":\"en-US\"},{\"@type\":\"ImageObject\",\"@id\":\"https:\/\/kelgukoerad.ee\/hellerkantri\/maya\/#primaryimage\",\"inLanguage\":\"en-US\",\"url\":\"https:\/\/kelgukoerad.ee\/hellerkantri\/wp-content\/uploads\/2020\/03\/Hellerkantri-Maya-2018.jpg\",\"width\":2048,\"height\":937},{\"@type\":\"WebPage\",\"@id\":\"https:\/\/kelgukoerad.ee\/hellerkantri\/maya\/#webpage\",\"url\":\"https:\/\/kelgukoerad.ee\/hellerkantri\/maya\/\",\"name\":\"Hellerkantri Maya - Hellerkantri Huskypark\",\"isPartOf\":{\"@id\":\"https:\/\/kelgukoerad.ee\/hellerkantri\/#website\"},\"primaryImageOfPage\":{\"@id\":\"https:\/\/kelgukoerad.ee\/hellerkantri\/maya\/#primaryimage\"},\"datePublished\":\"2020-03-30T09:32:30+00:00\",\"dateModified\":\"2020-09-24T12:53:07+00:00\",\"inLanguage\":\"en-US\",\"potentialAction\":[{\"@type\":\"ReadAction\",\"target\":[\"https:\/\/kelgukoerad.ee\/hellerkantri\/maya\/\"]}]}]}<\/script>\n<!-- \/ Yoast SEO plugin. -->","_links":{"self":[{"href":"https:\/\/kelgukoerad.ee\/hellerkantri\/wp-json\/wp\/v2\/pages\/13332"}],"collection":[{"href":"https:\/\/kelgukoerad.ee\/hellerkantri\/wp-json\/wp\/v2\/pages"}],"about":[{"href":"https:\/\/kelgukoerad.ee\/hellerkantri\/wp-json\/wp\/v2\/types\/page"}],"author":[{"embeddable":true,"href":"https:\/\/kelgukoerad.ee\/hellerkantri\/wp-json\/wp\/v2\/users\/1"}],"replies":[{"embeddable":true,"href":"https:\/\/kelgukoerad.ee\/hellerkantri\/wp-json\/wp\/v2\/comments?post=13332"}],"version-history":[{"count":20,"href":"https:\/\/kelgukoerad.ee\/hellerkantri\/wp-json\/wp\/v2\/pages\/13332\/revisions"}],"predecessor-version":[{"id":14494,"href":"https:\/\/kelgukoerad.ee\/hellerkantri\/wp-json\/wp\/v2\/pages\/13332\/revisions\/14494"}],"wp:featuredmedia":[{"embeddable":true,"href":"https:\/\/kelgukoerad.ee\/hellerkantri\/wp-json\/wp\/v2\/media\/13336"}],"wp:attachment":[{"href":"https:\/\/kelgukoerad.ee\/hellerkantri\/wp-json\/wp\/v2\/media?parent=13332"}],"curies":[{"name":"wp","href":"https:\/\/api.w.org\/{rel}","templated":true}]}}