{"id":13353,"date":"2020-03-30T12:37:12","date_gmt":"2020-03-30T10:37:12","guid":{"rendered":"https:\/\/kelgukoerad.ee\/hellerkantri\/?page_id=13353"},"modified":"2020-06-26T16:55:58","modified_gmt":"2020-06-26T14:55:58","slug":"janku","status":"publish","type":"page","link":"https:\/\/kelgukoerad.ee\/hellerkantri\/janku\/","title":{"rendered":"Hellerkantri J\u00e4nku"},"content":{"rendered":"\n<p><strong>Rakendis juht &#8211; ja tiimikoer<\/strong><\/p>\n\n\n\n<p><strong>S\u00fcndinud: <\/strong>23.11.2014<strong><br>Ema:<\/strong> <a href=\"https:\/\/kelgukoerad.ee\/hellerkantri\/coastrunners-mac-big-hug\">Coastrunner&#8217;s Mac Big Hug<\/a><br><strong>Isa:<\/strong> <a href=\"https:\/\/kelgukoerad.ee\/hellerkantri\/aptorhome-rocco\">Aptorhome Rocco<\/a><br><strong>Kasvataja &amp; omanik:<\/strong> Helle Kaljula<br><a rel=\"noreferrer noopener\" href=\"https:\/\/register.kennelliit.ee\/index.php?page=dogCard&amp;dogId=200985\" target=\"_blank\">FCI \/ Eesti Kennelliidu register<\/a><\/p>\n\n\n\n<h4>Iseloomustus<\/h4>\n\n\n\n<p>J\u00e4nku on s\u00fcndinud meie kennelis. J\u00e4nku on keskmist kasvu, avatud, r\u00f5\u00f5msameelne, ilusa karvastikuga emane siberi husky. Ta on oma nimele vastavalt krapsakas p\u00f5rkepall. J\u00e4nku elab \u00fches aedikus koos oma <a href=\"https:\/\/kelgukoerad.ee\/hellerkantri\/coastrunners-mac-big-hug\/\">Brigi<\/a> ja pool\u00f5e <a href=\"https:\/\/kelgukoerad.ee\/hellerkantri\/vicky\/\">Vickyga<\/a>. Sellesse aedikusse sisenedes ei saa kunagi t\u00f5siseks j\u00e4\u00e4da, sest J\u00e4nku, Brigi ja Vicky lihtsalt ajavad oma k\u00e4itumisega naerma &#8211; seda siis kuudi katusel teinteise v\u00f5idu h\u00fcpeldes ja koerajuttu jutustades: &#8220;vou-vou-vouuu&#8221;. Eriliselt armas kamp! :) J\u00e4nku on osalenud veokoeraspordi v\u00f5istlustel ning temast on saanud oma isa Rocco k\u00f5rval meie turismirakendi juhtkoer.  J\u00e4nku on oma vahva v\u00e4rvuse (piebald) saanud oma emapoolselt vanaemalt <a href=\"https:\/\/jalostus.kennelliitto.fi\/frmKoira.aspx?RekNo=FIN43693%2F04&amp;R=270\" target=\"_blank\" rel=\"noreferrer noopener\">Coastunner&#8217;s Darlingult<\/a>. Kui J\u00e4nku s\u00fcndis olime kindlad, et just tema j\u00e4\u00e4b sellest pesakonnast meile, sest tahtsime j\u00e4tta Darlingule k\u00f5ige sarnasema kutsika. J\u00e4nku vanaema Darling oli Soomes teenekas juht &#8211; ja v\u00f5istluskoer. <\/p>\n\n\n\n<p class=\"has-text-align-right\"><em>Iseloomutus on kirjutatud 2020a<\/em>.<\/p>\n\n\n\n<figure class=\"wp-block-image size-large\"><img loading=\"lazy\" width=\"1572\" height=\"1048\" src=\"https:\/\/kelgukoerad.ee\/hellerkantri\/wp-content\/uploads\/2020\/06\/Hellerkantri-Janku-2020-1572x1048.jpg\" alt=\"\" class=\"wp-image-14186\" srcset=\"https:\/\/kelgukoerad.ee\/hellerkantri\/wp-content\/uploads\/2020\/06\/Hellerkantri-Janku-2020-1572x1048.jpg 1572w, https:\/\/kelgukoerad.ee\/hellerkantri\/wp-content\/uploads\/2020\/06\/Hellerkantri-Janku-2020-300x200.jpg 300w, https:\/\/kelgukoerad.ee\/hellerkantri\/wp-content\/uploads\/2020\/06\/Hellerkantri-Janku-2020-200x133.jpg 200w, https:\/\/kelgukoerad.ee\/hellerkantri\/wp-content\/uploads\/2020\/06\/Hellerkantri-Janku-2020-768x512.jpg 768w, https:\/\/kelgukoerad.ee\/hellerkantri\/wp-content\/uploads\/2020\/06\/Hellerkantri-Janku-2020-1536x1024.jpg 1536w, https:\/\/kelgukoerad.ee\/hellerkantri\/wp-content\/uploads\/2020\/06\/Hellerkantri-Janku-2020.jpg 2048w\" sizes=\"(max-width: 1572px) 100vw, 1572px\" \/><figcaption>J\u00e4nku kelgukoerte jooksuaedikus, suvi 2020a.<\/figcaption><\/figure>\n\n\n\n<figure class=\"wp-block-image size-large\"><img loading=\"lazy\" width=\"1572\" height=\"1048\" src=\"https:\/\/kelgukoerad.ee\/hellerkantri\/wp-content\/uploads\/2020\/03\/siberi-huskyd-pikker-j\u00e4nku-2020-1572x1048.jpg\" alt=\"\" class=\"wp-image-13184\" srcset=\"https:\/\/kelgukoerad.ee\/hellerkantri\/wp-content\/uploads\/2020\/03\/siberi-huskyd-pikker-j\u00e4nku-2020-1572x1048.jpg 1572w, https:\/\/kelgukoerad.ee\/hellerkantri\/wp-content\/uploads\/2020\/03\/siberi-huskyd-pikker-j\u00e4nku-2020-300x200.jpg 300w, https:\/\/kelgukoerad.ee\/hellerkantri\/wp-content\/uploads\/2020\/03\/siberi-huskyd-pikker-j\u00e4nku-2020-200x133.jpg 200w, https:\/\/kelgukoerad.ee\/hellerkantri\/wp-content\/uploads\/2020\/03\/siberi-huskyd-pikker-j\u00e4nku-2020-768x512.jpg 768w, https:\/\/kelgukoerad.ee\/hellerkantri\/wp-content\/uploads\/2020\/03\/siberi-huskyd-pikker-j\u00e4nku-2020-1536x1024.jpg 1536w, https:\/\/kelgukoerad.ee\/hellerkantri\/wp-content\/uploads\/2020\/03\/siberi-huskyd-pikker-j\u00e4nku-2020.jpg 2048w\" sizes=\"(max-width: 1572px) 100vw, 1572px\" \/><figcaption>Pikker ja J\u00e4nku, 2020a.<\/figcaption><\/figure>\n\n\n\n<figure class=\"wp-block-image size-large\"><img loading=\"lazy\" width=\"750\" height=\"500\" src=\"https:\/\/kelgukoerad.ee\/hellerkantri\/wp-content\/uploads\/2019\/01\/Hellerkantri-siberi-huskyd-750x500.jpg\" alt=\"Kennel Hellerkantri siberi huskyde rakend\" class=\"wp-image-11186\" srcset=\"https:\/\/kelgukoerad.ee\/hellerkantri\/wp-content\/uploads\/2019\/01\/Hellerkantri-siberi-huskyd-750x500.jpg 750w, https:\/\/kelgukoerad.ee\/hellerkantri\/wp-content\/uploads\/2019\/01\/Hellerkantri-siberi-huskyd-200x133.jpg 200w, https:\/\/kelgukoerad.ee\/hellerkantri\/wp-content\/uploads\/2019\/01\/Hellerkantri-siberi-huskyd-300x200.jpg 300w, https:\/\/kelgukoerad.ee\/hellerkantri\/wp-content\/uploads\/2019\/01\/Hellerkantri-siberi-huskyd-768x512.jpg 768w, https:\/\/kelgukoerad.ee\/hellerkantri\/wp-content\/uploads\/2019\/01\/Hellerkantri-siberi-huskyd-600x400.jpg 600w, https:\/\/kelgukoerad.ee\/hellerkantri\/wp-content\/uploads\/2019\/01\/Hellerkantri-siberi-huskyd.jpg 2048w\" sizes=\"(max-width: 750px) 100vw, 750px\" \/><figcaption>Rocco ja J\u00e4nku juhtpaaris, 2018a.<\/figcaption><\/figure>\n\n\n\n<figure class=\"wp-block-image size-large\"><img loading=\"lazy\" width=\"750\" height=\"500\" src=\"https:\/\/kelgukoerad.ee\/hellerkantri\/wp-content\/uploads\/2018\/09\/Hellerkantri-Huskypark-Janku-750x500.jpg\" alt=\"Hellerkantri J\u00e4nku\" class=\"wp-image-10510\" srcset=\"https:\/\/kelgukoerad.ee\/hellerkantri\/wp-content\/uploads\/2018\/09\/Hellerkantri-Huskypark-Janku-750x500.jpg 750w, https:\/\/kelgukoerad.ee\/hellerkantri\/wp-content\/uploads\/2018\/09\/Hellerkantri-Huskypark-Janku-200x133.jpg 200w, https:\/\/kelgukoerad.ee\/hellerkantri\/wp-content\/uploads\/2018\/09\/Hellerkantri-Huskypark-Janku-300x200.jpg 300w, https:\/\/kelgukoerad.ee\/hellerkantri\/wp-content\/uploads\/2018\/09\/Hellerkantri-Huskypark-Janku-768x512.jpg 768w, https:\/\/kelgukoerad.ee\/hellerkantri\/wp-content\/uploads\/2018\/09\/Hellerkantri-Huskypark-Janku-600x400.jpg 600w, https:\/\/kelgukoerad.ee\/hellerkantri\/wp-content\/uploads\/2018\/09\/Hellerkantri-Huskypark-Janku.jpg 2048w\" sizes=\"(max-width: 750px) 100vw, 750px\" \/><figcaption>Jooksuaias sohval m\u00f5nulemas, 2018a.<\/figcaption><\/figure>\n\n\n\n<figure class=\"wp-block-image size-large\"><img loading=\"lazy\" width=\"750\" height=\"500\" src=\"https:\/\/kelgukoerad.ee\/hellerkantri\/wp-content\/uploads\/2010\/05\/Osenni-Draiv-2016-Hellerkantri-kelgukoerad--750x500.jpg\" alt=\"\" class=\"wp-image-8452\" srcset=\"https:\/\/kelgukoerad.ee\/hellerkantri\/wp-content\/uploads\/2010\/05\/Osenni-Draiv-2016-Hellerkantri-kelgukoerad--750x500.jpg 750w, https:\/\/kelgukoerad.ee\/hellerkantri\/wp-content\/uploads\/2010\/05\/Osenni-Draiv-2016-Hellerkantri-kelgukoerad--600x400.jpg 600w, https:\/\/kelgukoerad.ee\/hellerkantri\/wp-content\/uploads\/2010\/05\/Osenni-Draiv-2016-Hellerkantri-kelgukoerad--200x133.jpg 200w, https:\/\/kelgukoerad.ee\/hellerkantri\/wp-content\/uploads\/2010\/05\/Osenni-Draiv-2016-Hellerkantri-kelgukoerad--300x200.jpg 300w, https:\/\/kelgukoerad.ee\/hellerkantri\/wp-content\/uploads\/2010\/05\/Osenni-Draiv-2016-Hellerkantri-kelgukoerad--768x512.jpg 768w, https:\/\/kelgukoerad.ee\/hellerkantri\/wp-content\/uploads\/2010\/05\/Osenni-Draiv-2016-Hellerkantri-kelgukoerad-.jpg 1200w\" sizes=\"(max-width: 750px) 100vw, 750px\" \/><figcaption>Rocco ja J\u00e4nku Moskvas veokoeraspordi v\u00f5istlusel &#8220;Ossenni Draiv 2016&#8221;.<\/figcaption><\/figure>\n\n\n\n<figure class=\"wp-block-image size-large\"><img loading=\"lazy\" width=\"750\" height=\"498\" src=\"https:\/\/kelgukoerad.ee\/hellerkantri\/wp-content\/uploads\/2015\/05\/siberi-husky-Hellerkantri-J\u00e4nku-750x498.jpg\" alt=\"\" class=\"wp-image-8003\" srcset=\"https:\/\/kelgukoerad.ee\/hellerkantri\/wp-content\/uploads\/2015\/05\/siberi-husky-Hellerkantri-J\u00e4nku-750x498.jpg 750w, https:\/\/kelgukoerad.ee\/hellerkantri\/wp-content\/uploads\/2015\/05\/siberi-husky-Hellerkantri-J\u00e4nku-600x399.jpg 600w, https:\/\/kelgukoerad.ee\/hellerkantri\/wp-content\/uploads\/2015\/05\/siberi-husky-Hellerkantri-J\u00e4nku-200x132.jpg 200w, https:\/\/kelgukoerad.ee\/hellerkantri\/wp-content\/uploads\/2015\/05\/siberi-husky-Hellerkantri-J\u00e4nku-300x199.jpg 300w, https:\/\/kelgukoerad.ee\/hellerkantri\/wp-content\/uploads\/2015\/05\/siberi-husky-Hellerkantri-J\u00e4nku-190x126.jpg 190w, https:\/\/kelgukoerad.ee\/hellerkantri\/wp-content\/uploads\/2015\/05\/siberi-husky-Hellerkantri-J\u00e4nku-60x39.jpg 60w, https:\/\/kelgukoerad.ee\/hellerkantri\/wp-content\/uploads\/2015\/05\/siberi-husky-Hellerkantri-J\u00e4nku-400x265.jpg 400w, https:\/\/kelgukoerad.ee\/hellerkantri\/wp-content\/uploads\/2015\/05\/siberi-husky-Hellerkantri-J\u00e4nku.jpg 1400w\" sizes=\"(max-width: 750px) 100vw, 750px\" \/><figcaption>P\u00f5hjamaiste kelgukoerte erin\u00e4itusel, 2016a. J\u00e4nku sai hindeks suurep\u00e4rane.<\/figcaption><\/figure>\n\n\n\n<figure class=\"wp-block-image size-large\"><img loading=\"lazy\" width=\"750\" height=\"414\" src=\"https:\/\/kelgukoerad.ee\/hellerkantri\/wp-content\/uploads\/2015\/05\/Hellerkantri-Janku-750x414.jpg\" alt=\"\" class=\"wp-image-7159\" srcset=\"https:\/\/kelgukoerad.ee\/hellerkantri\/wp-content\/uploads\/2015\/05\/Hellerkantri-Janku-750x414.jpg 750w, https:\/\/kelgukoerad.ee\/hellerkantri\/wp-content\/uploads\/2015\/05\/Hellerkantri-Janku-600x331.jpg 600w, https:\/\/kelgukoerad.ee\/hellerkantri\/wp-content\/uploads\/2015\/05\/Hellerkantri-Janku-200x110.jpg 200w, https:\/\/kelgukoerad.ee\/hellerkantri\/wp-content\/uploads\/2015\/05\/Hellerkantri-Janku-300x165.jpg 300w, https:\/\/kelgukoerad.ee\/hellerkantri\/wp-content\/uploads\/2015\/05\/Hellerkantri-Janku-190x104.jpg 190w, https:\/\/kelgukoerad.ee\/hellerkantri\/wp-content\/uploads\/2015\/05\/Hellerkantri-Janku-60x33.jpg 60w, https:\/\/kelgukoerad.ee\/hellerkantri\/wp-content\/uploads\/2015\/05\/Hellerkantri-Janku-400x220.jpg 400w, https:\/\/kelgukoerad.ee\/hellerkantri\/wp-content\/uploads\/2015\/05\/Hellerkantri-Janku.jpg 1000w\" sizes=\"(max-width: 750px) 100vw, 750px\" \/><figcaption>J\u00e4nku kutsikana jooksuaias kihutamas, kevad 2015a.<\/figcaption><\/figure>\n\n\n\n<figure class=\"wp-block-image size-large\"><img loading=\"lazy\" width=\"750\" height=\"464\" src=\"https:\/\/kelgukoerad.ee\/hellerkantri\/wp-content\/uploads\/2015\/05\/J2nku-750x464.jpg\" alt=\"\" class=\"wp-image-7347\" srcset=\"https:\/\/kelgukoerad.ee\/hellerkantri\/wp-content\/uploads\/2015\/05\/J2nku-750x464.jpg 750w, https:\/\/kelgukoerad.ee\/hellerkantri\/wp-content\/uploads\/2015\/05\/J2nku-600x371.jpg 600w, https:\/\/kelgukoerad.ee\/hellerkantri\/wp-content\/uploads\/2015\/05\/J2nku-200x123.jpg 200w, https:\/\/kelgukoerad.ee\/hellerkantri\/wp-content\/uploads\/2015\/05\/J2nku-300x185.jpg 300w, https:\/\/kelgukoerad.ee\/hellerkantri\/wp-content\/uploads\/2015\/05\/J2nku-190x117.jpg 190w, https:\/\/kelgukoerad.ee\/hellerkantri\/wp-content\/uploads\/2015\/05\/J2nku-60x37.jpg 60w, https:\/\/kelgukoerad.ee\/hellerkantri\/wp-content\/uploads\/2015\/05\/J2nku-400x247.jpg 400w, https:\/\/kelgukoerad.ee\/hellerkantri\/wp-content\/uploads\/2015\/05\/J2nku.jpg 1000w\" sizes=\"(max-width: 750px) 100vw, 750px\" \/><figcaption>Pisike J\u00e4nkuke<\/figcaption><\/figure>\n\n\n\n<figure class=\"wp-block-image size-large\"><img loading=\"lazy\" width=\"750\" height=\"501\" src=\"https:\/\/kelgukoerad.ee\/hellerkantri\/wp-content\/uploads\/2014\/02\/siberi-husky-kutsikad-kennel-hellerkantri-2014-750x501.jpg\" alt=\"\" class=\"wp-image-6834\" srcset=\"https:\/\/kelgukoerad.ee\/hellerkantri\/wp-content\/uploads\/2014\/02\/siberi-husky-kutsikad-kennel-hellerkantri-2014-750x501.jpg 750w, https:\/\/kelgukoerad.ee\/hellerkantri\/wp-content\/uploads\/2014\/02\/siberi-husky-kutsikad-kennel-hellerkantri-2014-600x401.jpg 600w, https:\/\/kelgukoerad.ee\/hellerkantri\/wp-content\/uploads\/2014\/02\/siberi-husky-kutsikad-kennel-hellerkantri-2014-200x133.jpg 200w, https:\/\/kelgukoerad.ee\/hellerkantri\/wp-content\/uploads\/2014\/02\/siberi-husky-kutsikad-kennel-hellerkantri-2014-300x200.jpg 300w, https:\/\/kelgukoerad.ee\/hellerkantri\/wp-content\/uploads\/2014\/02\/siberi-husky-kutsikad-kennel-hellerkantri-2014-190x126.jpg 190w, https:\/\/kelgukoerad.ee\/hellerkantri\/wp-content\/uploads\/2014\/02\/siberi-husky-kutsikad-kennel-hellerkantri-2014-60x40.jpg 60w, https:\/\/kelgukoerad.ee\/hellerkantri\/wp-content\/uploads\/2014\/02\/siberi-husky-kutsikad-kennel-hellerkantri-2014-400x267.jpg 400w, https:\/\/kelgukoerad.ee\/hellerkantri\/wp-content\/uploads\/2014\/02\/siberi-husky-kutsikad-kennel-hellerkantri-2014.jpg 1000w\" sizes=\"(max-width: 750px) 100vw, 750px\" \/><figcaption>J\u00e4nku sai oma nime selle j\u00e4rgi, et ta meenutas pisikese kutsikana j\u00e4nkut :) 2014a.<br><\/figcaption><\/figure>\n\n\n\n<h4><br>J\u00e4nku vanaema Coastrunner&#8217;s Darling<\/h4>\n\n\n\n<figure class=\"wp-block-image size-large\"><img loading=\"lazy\" width=\"750\" height=\"469\" src=\"https:\/\/kelgukoerad.ee\/hellerkantri\/wp-content\/uploads\/2014\/02\/Ohkola2-750x469.jpg\" alt=\"\" class=\"wp-image-6750\" srcset=\"https:\/\/kelgukoerad.ee\/hellerkantri\/wp-content\/uploads\/2014\/02\/Ohkola2-750x469.jpg 750w, https:\/\/kelgukoerad.ee\/hellerkantri\/wp-content\/uploads\/2014\/02\/Ohkola2-600x375.jpg 600w, https:\/\/kelgukoerad.ee\/hellerkantri\/wp-content\/uploads\/2014\/02\/Ohkola2-200x125.jpg 200w, https:\/\/kelgukoerad.ee\/hellerkantri\/wp-content\/uploads\/2014\/02\/Ohkola2-300x187.jpg 300w, https:\/\/kelgukoerad.ee\/hellerkantri\/wp-content\/uploads\/2014\/02\/Ohkola2-190x118.jpg 190w, https:\/\/kelgukoerad.ee\/hellerkantri\/wp-content\/uploads\/2014\/02\/Ohkola2-60x37.jpg 60w, https:\/\/kelgukoerad.ee\/hellerkantri\/wp-content\/uploads\/2014\/02\/Ohkola2-400x250.jpg 400w, https:\/\/kelgukoerad.ee\/hellerkantri\/wp-content\/uploads\/2014\/02\/Ohkola2.jpg 1181w\" sizes=\"(max-width: 750px) 100vw, 750px\" \/><figcaption><em><a href=\"https:\/\/kelgukoerad.ee\/hellerkantri\/wp-content\/uploads\/2014\/02\/Ohkola2.jpg\"><\/a><\/em>J\u00e4nku vanaema \/ Brigi ema Coastrunner\u2019s Darling oli Mikael B\u00e4kmani pikaajaline juhtkoer (parempoolne valge koer mustade kulmudega). Foto&nbsp;<a rel=\"noreferrer noopener\" href=\"http:\/\/www.dacabe.fi\" target=\"_blank\">http:\/\/www.dacabe.fi<\/a>&nbsp;; rakendis on ka Darlingu pesakonnakaaslasi.<\/figcaption><\/figure>\n\n\n\n<figure class=\"wp-block-image size-large is-resized\"><img loading=\"lazy\" src=\"https:\/\/kelgukoerad.ee\/hellerkantri\/wp-content\/uploads\/2020\/03\/Darling.jpg\" alt=\"\" class=\"wp-image-13366\" width=\"296\" height=\"275\" srcset=\"https:\/\/kelgukoerad.ee\/hellerkantri\/wp-content\/uploads\/2020\/03\/Darling.jpg 394w, https:\/\/kelgukoerad.ee\/hellerkantri\/wp-content\/uploads\/2020\/03\/Darling-300x279.jpg 300w, https:\/\/kelgukoerad.ee\/hellerkantri\/wp-content\/uploads\/2020\/03\/Darling-200x186.jpg 200w\" sizes=\"(max-width: 296px) 100vw, 296px\" \/><figcaption>Darlingul olid v\u00e4ga kelmikad kulmud :)<\/figcaption><\/figure>\n","protected":false},"excerpt":{"rendered":"<p>Rakendis juht &#8211; ja tiimikoer S\u00fcndinud: 23.11.2014Ema: Coastrunner&#8217;s Mac Big HugIsa: Aptorhome RoccoKasvataja &amp; omanik: Helle KaljulaFCI \/ Eesti Kennelliidu register Iseloomustus J\u00e4nku on s\u00fcndinud meie kennelis. J\u00e4nku on keskmist kasvu, avatud, r\u00f5\u00f5msameelne, ilusa karvastikuga emane siberi husky. Ta on oma nimele vastavalt krapsakas p\u00f5rkepall. J\u00e4nku elab \u00fches aedikus koos oma Brigi ja pool\u00f5e Vickyga&#8230;. <\/p>\n","protected":false},"author":1,"featured_media":13361,"parent":0,"menu_order":0,"comment_status":"closed","ping_status":"closed","template":"","meta":{"_monsterinsights_skip_tracking":false,"_monsterinsights_sitenote_active":false,"_monsterinsights_sitenote_note":"","_monsterinsights_sitenote_category":0},"yoast_head":"<!-- This site is optimized with the Yoast SEO plugin v14.9 - https:\/\/yoast.com\/wordpress\/plugins\/seo\/ -->\n<title>Hellerkantri J\u00e4nku - Hellerkantri Huskypark<\/title>\n<meta name=\"robots\" content=\"index, follow, max-snippet:-1, max-image-preview:large, max-video-preview:-1\" \/>\n<link rel=\"canonical\" href=\"https:\/\/kelgukoerad.ee\/hellerkantri\/janku\/\" \/>\n<meta property=\"og:locale\" content=\"en_US\" \/>\n<meta property=\"og:type\" content=\"article\" \/>\n<meta property=\"og:title\" content=\"Hellerkantri J\u00e4nku - Hellerkantri Huskypark\" \/>\n<meta property=\"og:description\" content=\"Rakendis juht &#8211; ja tiimikoer S\u00fcndinud: 23.11.2014Ema: Coastrunner&#8217;s Mac Big HugIsa: Aptorhome RoccoKasvataja &amp; omanik: Helle KaljulaFCI \/ Eesti Kennelliidu register Iseloomustus J\u00e4nku on s\u00fcndinud meie kennelis. J\u00e4nku on keskmist kasvu, avatud, r\u00f5\u00f5msameelne, ilusa karvastikuga emane siberi husky. Ta on oma nimele vastavalt krapsakas p\u00f5rkepall. J\u00e4nku elab \u00fches aedikus koos oma Brigi ja pool\u00f5e Vickyga....\" \/>\n<meta property=\"og:url\" content=\"https:\/\/kelgukoerad.ee\/hellerkantri\/janku\/\" \/>\n<meta property=\"og:site_name\" content=\"Hellerkantri Huskypark\" \/>\n<meta property=\"article:modified_time\" content=\"2020-06-26T14:55:58+00:00\" \/>\n<meta property=\"og:image\" content=\"https:\/\/kelgukoerad.ee\/hellerkantri\/wp-content\/uploads\/2020\/03\/Hellerkantri-Janku.jpg\" \/>\n\t<meta property=\"og:image:width\" content=\"2048\" \/>\n\t<meta property=\"og:image:height\" content=\"937\" \/>\n<meta name=\"twitter:card\" content=\"summary_large_image\" \/>\n<script type=\"application\/ld+json\" class=\"yoast-schema-graph\">{\"@context\":\"https:\/\/schema.org\",\"@graph\":[{\"@type\":\"WebSite\",\"@id\":\"https:\/\/kelgukoerad.ee\/hellerkantri\/#website\",\"url\":\"https:\/\/kelgukoerad.ee\/hellerkantri\/\",\"name\":\"Hellerkantri Huskypark\",\"description\":\"Hellerkantri Huskypark - kelgukoerte kasvandus ja talu Raplamaal\",\"potentialAction\":[{\"@type\":\"SearchAction\",\"target\":\"https:\/\/kelgukoerad.ee\/hellerkantri\/?s={search_term_string}\",\"query-input\":\"required name=search_term_string\"}],\"inLanguage\":\"en-US\"},{\"@type\":\"ImageObject\",\"@id\":\"https:\/\/kelgukoerad.ee\/hellerkantri\/janku\/#primaryimage\",\"inLanguage\":\"en-US\",\"url\":\"https:\/\/kelgukoerad.ee\/hellerkantri\/wp-content\/uploads\/2020\/03\/Hellerkantri-Janku.jpg\",\"width\":2048,\"height\":937,\"caption\":\"Hellerkantri J\\u00e4nku\"},{\"@type\":\"WebPage\",\"@id\":\"https:\/\/kelgukoerad.ee\/hellerkantri\/janku\/#webpage\",\"url\":\"https:\/\/kelgukoerad.ee\/hellerkantri\/janku\/\",\"name\":\"Hellerkantri J\\u00e4nku - Hellerkantri Huskypark\",\"isPartOf\":{\"@id\":\"https:\/\/kelgukoerad.ee\/hellerkantri\/#website\"},\"primaryImageOfPage\":{\"@id\":\"https:\/\/kelgukoerad.ee\/hellerkantri\/janku\/#primaryimage\"},\"datePublished\":\"2020-03-30T10:37:12+00:00\",\"dateModified\":\"2020-06-26T14:55:58+00:00\",\"inLanguage\":\"en-US\",\"potentialAction\":[{\"@type\":\"ReadAction\",\"target\":[\"https:\/\/kelgukoerad.ee\/hellerkantri\/janku\/\"]}]}]}<\/script>\n<!-- \/ Yoast SEO plugin. -->","_links":{"self":[{"href":"https:\/\/kelgukoerad.ee\/hellerkantri\/wp-json\/wp\/v2\/pages\/13353"}],"collection":[{"href":"https:\/\/kelgukoerad.ee\/hellerkantri\/wp-json\/wp\/v2\/pages"}],"about":[{"href":"https:\/\/kelgukoerad.ee\/hellerkantri\/wp-json\/wp\/v2\/types\/page"}],"author":[{"embeddable":true,"href":"https:\/\/kelgukoerad.ee\/hellerkantri\/wp-json\/wp\/v2\/users\/1"}],"replies":[{"embeddable":true,"href":"https:\/\/kelgukoerad.ee\/hellerkantri\/wp-json\/wp\/v2\/comments?post=13353"}],"version-history":[{"count":25,"href":"https:\/\/kelgukoerad.ee\/hellerkantri\/wp-json\/wp\/v2\/pages\/13353\/revisions"}],"predecessor-version":[{"id":14208,"href":"https:\/\/kelgukoerad.ee\/hellerkantri\/wp-json\/wp\/v2\/pages\/13353\/revisions\/14208"}],"wp:featuredmedia":[{"embeddable":true,"href":"https:\/\/kelgukoerad.ee\/hellerkantri\/wp-json\/wp\/v2\/media\/13361"}],"wp:attachment":[{"href":"https:\/\/kelgukoerad.ee\/hellerkantri\/wp-json\/wp\/v2\/media?parent=13353"}],"curies":[{"name":"wp","href":"https:\/\/api.w.org\/{rel}","templated":true}]}}