{"id":14006,"date":"2020-04-29T14:43:01","date_gmt":"2020-04-29T12:43:01","guid":{"rendered":"https:\/\/kelgukoerad.ee\/hellerkantri\/?page_id=14006"},"modified":"2021-02-27T18:19:27","modified_gmt":"2021-02-27T16:19:27","slug":"wendre","status":"publish","type":"page","link":"https:\/\/kelgukoerad.ee\/hellerkantri\/wendre\/","title":{"rendered":"Hellerkantri Wendre"},"content":{"rendered":"\n<p><strong>Nooruk<\/strong><\/p>\n\n\n\n<p><strong>S\u00fcndinud:<\/strong>&nbsp;<strong>05.06.2019<\/strong><br><strong>Ema:<\/strong> Hellerkantri Giara<br><strong>Isa:<\/strong> Hellerkantri Hockey&nbsp;<br><strong>Kasvataja &amp; omanik:&nbsp;<\/strong>Helle Kaljula<br><strong><a href=\"https:\/\/register.kennelliit.ee\/index.php?page=dogCard&amp;dogId=289885\" target=\"_blank\" rel=\"noreferrer noopener\">FCI \/ Eesti Kennelliidu register<\/a><\/strong><\/p>\n\n\n\n<h4>Iseloomustus<\/h4>\n\n\n\n<p>Wendre on s\u00fcndinud 2019a. suvel meie kennelis. Plaanisime sellest pesakonnast j\u00e4tta endale \u00fche kutsika, sest ootasime just sellisest vanemate kobinatsioonist eriliselt hea iseloomuga j\u00e4rglasi :) <\/p>\n\n\n\n<p>Wendre on leebe iseloomuga ja kergelt k\u00e4sitletav alaska malamuut. Oma olemuselt ja v\u00e4limikult meenutabki ta k\u00f5ige rohkem oma ema Giarat ja vanaisa Yamikut. Elab \u00fches aedikus oma ema Giaraga, kellega tal on suurep\u00e4rane l\u00e4bisaamine.<\/p>\n\n\n\n<p class=\"has-text-align-right\"><em>Iseloomustus on kirjutatud 2021a.<\/em><\/p>\n\n\n\n<figure class=\"wp-block-image size-large\"><img loading=\"lazy\" width=\"1572\" height=\"1048\" src=\"https:\/\/kelgukoerad.ee\/hellerkantri\/wp-content\/uploads\/2021\/02\/Hellerkantri-Wendre-2021-3-1572x1048.jpg\" alt=\"\" class=\"wp-image-15484\" srcset=\"https:\/\/kelgukoerad.ee\/hellerkantri\/wp-content\/uploads\/2021\/02\/Hellerkantri-Wendre-2021-3-1572x1048.jpg 1572w, https:\/\/kelgukoerad.ee\/hellerkantri\/wp-content\/uploads\/2021\/02\/Hellerkantri-Wendre-2021-3-300x200.jpg 300w, https:\/\/kelgukoerad.ee\/hellerkantri\/wp-content\/uploads\/2021\/02\/Hellerkantri-Wendre-2021-3-200x133.jpg 200w, https:\/\/kelgukoerad.ee\/hellerkantri\/wp-content\/uploads\/2021\/02\/Hellerkantri-Wendre-2021-3-768x512.jpg 768w, https:\/\/kelgukoerad.ee\/hellerkantri\/wp-content\/uploads\/2021\/02\/Hellerkantri-Wendre-2021-3-1536x1024.jpg 1536w, https:\/\/kelgukoerad.ee\/hellerkantri\/wp-content\/uploads\/2021\/02\/Hellerkantri-Wendre-2021-3.jpg 2048w\" sizes=\"(max-width: 1572px) 100vw, 1572px\" \/><figcaption>Wendre, veebruar 2021a.<\/figcaption><\/figure>\n\n\n\n<figure class=\"wp-block-image size-large\"><img loading=\"lazy\" width=\"1572\" height=\"1048\" src=\"https:\/\/kelgukoerad.ee\/hellerkantri\/wp-content\/uploads\/2021\/02\/Hellerkantri-Wendre-2021-2-1572x1048.jpg\" alt=\"\" class=\"wp-image-15486\" srcset=\"https:\/\/kelgukoerad.ee\/hellerkantri\/wp-content\/uploads\/2021\/02\/Hellerkantri-Wendre-2021-2-1572x1048.jpg 1572w, https:\/\/kelgukoerad.ee\/hellerkantri\/wp-content\/uploads\/2021\/02\/Hellerkantri-Wendre-2021-2-300x200.jpg 300w, https:\/\/kelgukoerad.ee\/hellerkantri\/wp-content\/uploads\/2021\/02\/Hellerkantri-Wendre-2021-2-200x133.jpg 200w, https:\/\/kelgukoerad.ee\/hellerkantri\/wp-content\/uploads\/2021\/02\/Hellerkantri-Wendre-2021-2-768x512.jpg 768w, https:\/\/kelgukoerad.ee\/hellerkantri\/wp-content\/uploads\/2021\/02\/Hellerkantri-Wendre-2021-2-1536x1024.jpg 1536w, https:\/\/kelgukoerad.ee\/hellerkantri\/wp-content\/uploads\/2021\/02\/Hellerkantri-Wendre-2021-2.jpg 2048w\" sizes=\"(max-width: 1572px) 100vw, 1572px\" \/><figcaption>Giara ja Wendre jooksuaedikus, veebruar 2021a.<\/figcaption><\/figure>\n\n\n\n<figure class=\"wp-block-image size-large\"><img loading=\"lazy\" width=\"1572\" height=\"1048\" src=\"https:\/\/kelgukoerad.ee\/hellerkantri\/wp-content\/uploads\/2021\/02\/Hellerkantri-Wendre-2021-1572x1048.jpg\" alt=\"\" class=\"wp-image-15487\" srcset=\"https:\/\/kelgukoerad.ee\/hellerkantri\/wp-content\/uploads\/2021\/02\/Hellerkantri-Wendre-2021-1572x1048.jpg 1572w, https:\/\/kelgukoerad.ee\/hellerkantri\/wp-content\/uploads\/2021\/02\/Hellerkantri-Wendre-2021-300x200.jpg 300w, https:\/\/kelgukoerad.ee\/hellerkantri\/wp-content\/uploads\/2021\/02\/Hellerkantri-Wendre-2021-200x133.jpg 200w, https:\/\/kelgukoerad.ee\/hellerkantri\/wp-content\/uploads\/2021\/02\/Hellerkantri-Wendre-2021-768x512.jpg 768w, https:\/\/kelgukoerad.ee\/hellerkantri\/wp-content\/uploads\/2021\/02\/Hellerkantri-Wendre-2021-1536x1024.jpg 1536w, https:\/\/kelgukoerad.ee\/hellerkantri\/wp-content\/uploads\/2021\/02\/Hellerkantri-Wendre-2021.jpg 2048w\" sizes=\"(max-width: 1572px) 100vw, 1572px\" \/><figcaption>Hellerkantri Wendre, 1.5a.<\/figcaption><\/figure>\n\n\n\n<figure class=\"wp-block-image size-large\"><img loading=\"lazy\" width=\"1572\" height=\"1048\" src=\"https:\/\/kelgukoerad.ee\/hellerkantri\/wp-content\/uploads\/2020\/04\/Malamuudid-Hellerkantri-Giara-Wendre-2020-1572x1048.jpg\" alt=\"\" class=\"wp-image-14015\" srcset=\"https:\/\/kelgukoerad.ee\/hellerkantri\/wp-content\/uploads\/2020\/04\/Malamuudid-Hellerkantri-Giara-Wendre-2020-1572x1048.jpg 1572w, https:\/\/kelgukoerad.ee\/hellerkantri\/wp-content\/uploads\/2020\/04\/Malamuudid-Hellerkantri-Giara-Wendre-2020-300x200.jpg 300w, https:\/\/kelgukoerad.ee\/hellerkantri\/wp-content\/uploads\/2020\/04\/Malamuudid-Hellerkantri-Giara-Wendre-2020-200x133.jpg 200w, https:\/\/kelgukoerad.ee\/hellerkantri\/wp-content\/uploads\/2020\/04\/Malamuudid-Hellerkantri-Giara-Wendre-2020-768x512.jpg 768w, https:\/\/kelgukoerad.ee\/hellerkantri\/wp-content\/uploads\/2020\/04\/Malamuudid-Hellerkantri-Giara-Wendre-2020-1536x1024.jpg 1536w, https:\/\/kelgukoerad.ee\/hellerkantri\/wp-content\/uploads\/2020\/04\/Malamuudid-Hellerkantri-Giara-Wendre-2020.jpg 2048w\" sizes=\"(max-width: 1572px) 100vw, 1572px\" \/><figcaption>Ema ja t\u00fctar &#8211; Giara ja Wendre, aprill 2020a.<\/figcaption><\/figure>\n\n\n\n<figure class=\"wp-block-image size-large\"><img loading=\"lazy\" width=\"1572\" height=\"1048\" src=\"https:\/\/kelgukoerad.ee\/hellerkantri\/wp-content\/uploads\/2020\/04\/Malamuudid-Giara-Wendre-2020-1572x1048.jpg\" alt=\"\" class=\"wp-image-14012\" srcset=\"https:\/\/kelgukoerad.ee\/hellerkantri\/wp-content\/uploads\/2020\/04\/Malamuudid-Giara-Wendre-2020-1572x1048.jpg 1572w, https:\/\/kelgukoerad.ee\/hellerkantri\/wp-content\/uploads\/2020\/04\/Malamuudid-Giara-Wendre-2020-300x200.jpg 300w, https:\/\/kelgukoerad.ee\/hellerkantri\/wp-content\/uploads\/2020\/04\/Malamuudid-Giara-Wendre-2020-200x133.jpg 200w, https:\/\/kelgukoerad.ee\/hellerkantri\/wp-content\/uploads\/2020\/04\/Malamuudid-Giara-Wendre-2020-768x512.jpg 768w, https:\/\/kelgukoerad.ee\/hellerkantri\/wp-content\/uploads\/2020\/04\/Malamuudid-Giara-Wendre-2020-1536x1024.jpg 1536w, https:\/\/kelgukoerad.ee\/hellerkantri\/wp-content\/uploads\/2020\/04\/Malamuudid-Giara-Wendre-2020.jpg 2048w\" sizes=\"(max-width: 1572px) 100vw, 1572px\" \/><figcaption>Giara ja Wendre, aprill 2020a.<\/figcaption><\/figure>\n\n\n\n<figure class=\"wp-block-image size-large\"><img loading=\"lazy\" width=\"1572\" height=\"1048\" src=\"https:\/\/kelgukoerad.ee\/hellerkantri\/wp-content\/uploads\/2019\/07\/GiaraxHockey-04-1572x1048.jpg\" alt=\"\" class=\"wp-image-11742\" srcset=\"https:\/\/kelgukoerad.ee\/hellerkantri\/wp-content\/uploads\/2019\/07\/GiaraxHockey-04-1572x1048.jpg 1572w, https:\/\/kelgukoerad.ee\/hellerkantri\/wp-content\/uploads\/2019\/07\/GiaraxHockey-04-200x133.jpg 200w, https:\/\/kelgukoerad.ee\/hellerkantri\/wp-content\/uploads\/2019\/07\/GiaraxHockey-04-300x200.jpg 300w, https:\/\/kelgukoerad.ee\/hellerkantri\/wp-content\/uploads\/2019\/07\/GiaraxHockey-04-768x512.jpg 768w, https:\/\/kelgukoerad.ee\/hellerkantri\/wp-content\/uploads\/2019\/07\/GiaraxHockey-04-600x400.jpg 600w, https:\/\/kelgukoerad.ee\/hellerkantri\/wp-content\/uploads\/2019\/07\/GiaraxHockey-04.jpg 2048w\" sizes=\"(max-width: 1572px) 100vw, 1572px\" \/><figcaption>Wendre kutsikana, 2019a. suvi.<\/figcaption><\/figure>\n","protected":false},"excerpt":{"rendered":"<p>Nooruk S\u00fcndinud:&nbsp;05.06.2019Ema: Hellerkantri GiaraIsa: Hellerkantri Hockey&nbsp;Kasvataja &amp; omanik:&nbsp;Helle KaljulaFCI \/ Eesti Kennelliidu register Iseloomustus Wendre on s\u00fcndinud 2019a. suvel meie kennelis. Plaanisime sellest pesakonnast j\u00e4tta endale \u00fche kutsika, sest ootasime just sellisest vanemate kobinatsioonist eriliselt hea iseloomuga j\u00e4rglasi :) Wendre on leebe iseloomuga ja kergelt k\u00e4sitletav alaska malamuut. Oma olemuselt ja v\u00e4limikult meenutabki ta k\u00f5ige&#8230; <\/p>\n","protected":false},"author":1,"featured_media":14010,"parent":0,"menu_order":0,"comment_status":"closed","ping_status":"closed","template":"","meta":{"_monsterinsights_skip_tracking":false,"_monsterinsights_sitenote_active":false,"_monsterinsights_sitenote_note":"","_monsterinsights_sitenote_category":0},"yoast_head":"<!-- This site is optimized with the Yoast SEO plugin v14.9 - https:\/\/yoast.com\/wordpress\/plugins\/seo\/ -->\n<title>Hellerkantri Wendre - Hellerkantri Huskypark<\/title>\n<meta name=\"robots\" content=\"index, follow, max-snippet:-1, max-image-preview:large, max-video-preview:-1\" \/>\n<link rel=\"canonical\" href=\"https:\/\/kelgukoerad.ee\/hellerkantri\/wendre\/\" \/>\n<meta property=\"og:locale\" content=\"en_US\" \/>\n<meta property=\"og:type\" content=\"article\" \/>\n<meta property=\"og:title\" content=\"Hellerkantri Wendre - Hellerkantri Huskypark\" \/>\n<meta property=\"og:description\" content=\"Nooruk S\u00fcndinud:&nbsp;05.06.2019Ema: Hellerkantri GiaraIsa: Hellerkantri Hockey&nbsp;Kasvataja &amp; omanik:&nbsp;Helle KaljulaFCI \/ Eesti Kennelliidu register Iseloomustus Wendre on s\u00fcndinud 2019a. suvel meie kennelis. Plaanisime sellest pesakonnast j\u00e4tta endale \u00fche kutsika, sest ootasime just sellisest vanemate kobinatsioonist eriliselt hea iseloomuga j\u00e4rglasi :) Wendre on leebe iseloomuga ja kergelt k\u00e4sitletav alaska malamuut. Oma olemuselt ja v\u00e4limikult meenutabki ta k\u00f5ige...\" \/>\n<meta property=\"og:url\" content=\"https:\/\/kelgukoerad.ee\/hellerkantri\/wendre\/\" \/>\n<meta property=\"og:site_name\" content=\"Hellerkantri Huskypark\" \/>\n<meta property=\"article:modified_time\" content=\"2021-02-27T16:19:27+00:00\" \/>\n<meta property=\"og:image\" content=\"https:\/\/kelgukoerad.ee\/hellerkantri\/wp-content\/uploads\/2020\/04\/Hellerkantri-Wendre-alaska-malamuut.jpg\" \/>\n\t<meta property=\"og:image:width\" content=\"2048\" \/>\n\t<meta property=\"og:image:height\" content=\"937\" \/>\n<meta name=\"twitter:card\" content=\"summary_large_image\" \/>\n<script type=\"application\/ld+json\" class=\"yoast-schema-graph\">{\"@context\":\"https:\/\/schema.org\",\"@graph\":[{\"@type\":\"WebSite\",\"@id\":\"https:\/\/kelgukoerad.ee\/hellerkantri\/#website\",\"url\":\"https:\/\/kelgukoerad.ee\/hellerkantri\/\",\"name\":\"Hellerkantri Huskypark\",\"description\":\"Hellerkantri Huskypark - kelgukoerte kasvandus ja talu Raplamaal\",\"potentialAction\":[{\"@type\":\"SearchAction\",\"target\":\"https:\/\/kelgukoerad.ee\/hellerkantri\/?s={search_term_string}\",\"query-input\":\"required name=search_term_string\"}],\"inLanguage\":\"en-US\"},{\"@type\":\"ImageObject\",\"@id\":\"https:\/\/kelgukoerad.ee\/hellerkantri\/wendre\/#primaryimage\",\"inLanguage\":\"en-US\",\"url\":\"https:\/\/kelgukoerad.ee\/hellerkantri\/wp-content\/uploads\/2020\/04\/Hellerkantri-Wendre-alaska-malamuut.jpg\",\"width\":2048,\"height\":937},{\"@type\":\"WebPage\",\"@id\":\"https:\/\/kelgukoerad.ee\/hellerkantri\/wendre\/#webpage\",\"url\":\"https:\/\/kelgukoerad.ee\/hellerkantri\/wendre\/\",\"name\":\"Hellerkantri Wendre - Hellerkantri Huskypark\",\"isPartOf\":{\"@id\":\"https:\/\/kelgukoerad.ee\/hellerkantri\/#website\"},\"primaryImageOfPage\":{\"@id\":\"https:\/\/kelgukoerad.ee\/hellerkantri\/wendre\/#primaryimage\"},\"datePublished\":\"2020-04-29T12:43:01+00:00\",\"dateModified\":\"2021-02-27T16:19:27+00:00\",\"inLanguage\":\"en-US\",\"potentialAction\":[{\"@type\":\"ReadAction\",\"target\":[\"https:\/\/kelgukoerad.ee\/hellerkantri\/wendre\/\"]}]}]}<\/script>\n<!-- \/ Yoast SEO plugin. -->","_links":{"self":[{"href":"https:\/\/kelgukoerad.ee\/hellerkantri\/wp-json\/wp\/v2\/pages\/14006"}],"collection":[{"href":"https:\/\/kelgukoerad.ee\/hellerkantri\/wp-json\/wp\/v2\/pages"}],"about":[{"href":"https:\/\/kelgukoerad.ee\/hellerkantri\/wp-json\/wp\/v2\/types\/page"}],"author":[{"embeddable":true,"href":"https:\/\/kelgukoerad.ee\/hellerkantri\/wp-json\/wp\/v2\/users\/1"}],"replies":[{"embeddable":true,"href":"https:\/\/kelgukoerad.ee\/hellerkantri\/wp-json\/wp\/v2\/comments?post=14006"}],"version-history":[{"count":9,"href":"https:\/\/kelgukoerad.ee\/hellerkantri\/wp-json\/wp\/v2\/pages\/14006\/revisions"}],"predecessor-version":[{"id":15493,"href":"https:\/\/kelgukoerad.ee\/hellerkantri\/wp-json\/wp\/v2\/pages\/14006\/revisions\/15493"}],"wp:featuredmedia":[{"embeddable":true,"href":"https:\/\/kelgukoerad.ee\/hellerkantri\/wp-json\/wp\/v2\/media\/14010"}],"wp:attachment":[{"href":"https:\/\/kelgukoerad.ee\/hellerkantri\/wp-json\/wp\/v2\/media?parent=14006"}],"curies":[{"name":"wp","href":"https:\/\/api.w.org\/{rel}","templated":true}]}}