{"id":15494,"date":"2021-02-27T18:26:46","date_gmt":"2021-02-27T16:26:46","guid":{"rendered":"https:\/\/kelgukoerad.ee\/hellerkantri\/?page_id=15494"},"modified":"2021-02-27T22:39:23","modified_gmt":"2021-02-27T20:39:23","slug":"giara","status":"publish","type":"page","link":"https:\/\/kelgukoerad.ee\/hellerkantri\/giara\/","title":{"rendered":"Hellerkantri Giara"},"content":{"rendered":"\n<p><strong>Aretuskoer<\/strong><\/p>\n\n\n\n<p><strong>S\u00fcndinud:<\/strong>&nbsp;07.04.2014<br><strong>Ema:<\/strong>&nbsp;<a href=\"https:\/\/kelgukoerad.ee\/hellerkantri\/trolli-britta\/\">Hellerkantri Trolli Britta<\/a><br><strong>Isa:<\/strong>&nbsp;<a href=\"https:\/\/kelgukoerad.ee\/hellerkantri\/noataks-dreamteam-uyamik-du-ima\/\">Noatak&#8217;s DreamTeam Uyamik Du Ima<\/a><br><strong>Kasvataja &amp; omanik:&nbsp;<\/strong>Helle Kaljula<br><strong><a href=\"https:\/\/register.kennelliit.ee\/index.php?page=dogCard&amp;dogId=187298\" target=\"_blank\" rel=\"noreferrer noopener\">FCI \/ Eesti Kennelliidu register<\/a><\/strong><\/p>\n\n\n\n<h4>Iseloomustus<\/h4>\n\n\n\n<p>Giara on loomult kuulekas, tolerantne, leebe ja kergelt k\u00e4sitletav alaska malamuut. Oma olemuselt ja v\u00e4limikult meenutab k\u00f5ige enam oma isa Yamikut. Giara on suurep\u00e4rane, kannatlik ja hoolitsev ema oma kutsikatele. Just selline nagu on Giara, v\u00f5iks \u00fcks suurep\u00e4rane alaska malamuut meie n\u00e4gemuse j\u00e4rgi olla :) Giara elab \u00fches aedikus oma t\u00fctre <a href=\"https:\/\/kelgukoerad.ee\/hellerkantri\/wendre\/\">Wendrega<\/a>, kelle j\u00e4tsime endale 2019a. W-pesakonnast.<\/p>\n\n\n\n<figure class=\"wp-block-image size-large\"><img loading=\"lazy\" width=\"1572\" height=\"1048\" src=\"https:\/\/kelgukoerad.ee\/hellerkantri\/wp-content\/uploads\/2021\/02\/alaska-malamuudid-Hellerkantri-Giara-Wendre-2021-1572x1048.jpg\" alt=\"\" class=\"wp-image-15502\" srcset=\"https:\/\/kelgukoerad.ee\/hellerkantri\/wp-content\/uploads\/2021\/02\/alaska-malamuudid-Hellerkantri-Giara-Wendre-2021-1572x1048.jpg 1572w, https:\/\/kelgukoerad.ee\/hellerkantri\/wp-content\/uploads\/2021\/02\/alaska-malamuudid-Hellerkantri-Giara-Wendre-2021-300x200.jpg 300w, https:\/\/kelgukoerad.ee\/hellerkantri\/wp-content\/uploads\/2021\/02\/alaska-malamuudid-Hellerkantri-Giara-Wendre-2021-200x133.jpg 200w, https:\/\/kelgukoerad.ee\/hellerkantri\/wp-content\/uploads\/2021\/02\/alaska-malamuudid-Hellerkantri-Giara-Wendre-2021-768x512.jpg 768w, https:\/\/kelgukoerad.ee\/hellerkantri\/wp-content\/uploads\/2021\/02\/alaska-malamuudid-Hellerkantri-Giara-Wendre-2021-1536x1024.jpg 1536w, https:\/\/kelgukoerad.ee\/hellerkantri\/wp-content\/uploads\/2021\/02\/alaska-malamuudid-Hellerkantri-Giara-Wendre-2021.jpg 2048w\" sizes=\"(max-width: 1572px) 100vw, 1572px\" \/><figcaption>Wendre ja Giara, veebruar 2021a.<\/figcaption><\/figure>\n\n\n\n<figure class=\"wp-block-image size-large\"><img loading=\"lazy\" width=\"1572\" height=\"1048\" src=\"https:\/\/kelgukoerad.ee\/hellerkantri\/wp-content\/uploads\/2020\/04\/Malamuudid-Hellerkantri-Giara-Wendre-2020-1572x1048.jpg\" alt=\"\" class=\"wp-image-14015\" srcset=\"https:\/\/kelgukoerad.ee\/hellerkantri\/wp-content\/uploads\/2020\/04\/Malamuudid-Hellerkantri-Giara-Wendre-2020-1572x1048.jpg 1572w, https:\/\/kelgukoerad.ee\/hellerkantri\/wp-content\/uploads\/2020\/04\/Malamuudid-Hellerkantri-Giara-Wendre-2020-300x200.jpg 300w, https:\/\/kelgukoerad.ee\/hellerkantri\/wp-content\/uploads\/2020\/04\/Malamuudid-Hellerkantri-Giara-Wendre-2020-200x133.jpg 200w, https:\/\/kelgukoerad.ee\/hellerkantri\/wp-content\/uploads\/2020\/04\/Malamuudid-Hellerkantri-Giara-Wendre-2020-768x512.jpg 768w, https:\/\/kelgukoerad.ee\/hellerkantri\/wp-content\/uploads\/2020\/04\/Malamuudid-Hellerkantri-Giara-Wendre-2020-1536x1024.jpg 1536w, https:\/\/kelgukoerad.ee\/hellerkantri\/wp-content\/uploads\/2020\/04\/Malamuudid-Hellerkantri-Giara-Wendre-2020.jpg 2048w\" sizes=\"(max-width: 1572px) 100vw, 1572px\" \/><figcaption>Giara ja Wendre, kevad 2020a.<\/figcaption><\/figure>\n\n\n\n<figure class=\"wp-block-image size-large\"><img loading=\"lazy\" width=\"1572\" height=\"1048\" src=\"https:\/\/kelgukoerad.ee\/hellerkantri\/wp-content\/uploads\/2020\/07\/Huskypargi-kelgukoerad-Giara-Wendre-1572x1048.jpg\" alt=\"Hellerkantri Huskypark kelgukoerad alaska malamuudid\" class=\"wp-image-14284\" srcset=\"https:\/\/kelgukoerad.ee\/hellerkantri\/wp-content\/uploads\/2020\/07\/Huskypargi-kelgukoerad-Giara-Wendre-1572x1048.jpg 1572w, https:\/\/kelgukoerad.ee\/hellerkantri\/wp-content\/uploads\/2020\/07\/Huskypargi-kelgukoerad-Giara-Wendre-300x200.jpg 300w, https:\/\/kelgukoerad.ee\/hellerkantri\/wp-content\/uploads\/2020\/07\/Huskypargi-kelgukoerad-Giara-Wendre-200x133.jpg 200w, https:\/\/kelgukoerad.ee\/hellerkantri\/wp-content\/uploads\/2020\/07\/Huskypargi-kelgukoerad-Giara-Wendre-768x512.jpg 768w, https:\/\/kelgukoerad.ee\/hellerkantri\/wp-content\/uploads\/2020\/07\/Huskypargi-kelgukoerad-Giara-Wendre-1536x1024.jpg 1536w, https:\/\/kelgukoerad.ee\/hellerkantri\/wp-content\/uploads\/2020\/07\/Huskypargi-kelgukoerad-Giara-Wendre.jpg 2048w\" sizes=\"(max-width: 1572px) 100vw, 1572px\" \/><figcaption>Giara ja Wendre (ema ja t\u00fctar), suvi 2020a.<\/figcaption><\/figure>\n\n\n\n<figure class=\"wp-block-image size-large\"><img loading=\"lazy\" width=\"1572\" height=\"1048\" src=\"https:\/\/kelgukoerad.ee\/hellerkantri\/wp-content\/uploads\/2021\/02\/Giara-2020-1-1572x1048.jpg\" alt=\"Alaska malamuut Hellerkantri Giara\" class=\"wp-image-15513\" srcset=\"https:\/\/kelgukoerad.ee\/hellerkantri\/wp-content\/uploads\/2021\/02\/Giara-2020-1-1572x1048.jpg 1572w, https:\/\/kelgukoerad.ee\/hellerkantri\/wp-content\/uploads\/2021\/02\/Giara-2020-1-300x200.jpg 300w, https:\/\/kelgukoerad.ee\/hellerkantri\/wp-content\/uploads\/2021\/02\/Giara-2020-1-200x133.jpg 200w, https:\/\/kelgukoerad.ee\/hellerkantri\/wp-content\/uploads\/2021\/02\/Giara-2020-1-768x512.jpg 768w, https:\/\/kelgukoerad.ee\/hellerkantri\/wp-content\/uploads\/2021\/02\/Giara-2020-1-1536x1024.jpg 1536w, https:\/\/kelgukoerad.ee\/hellerkantri\/wp-content\/uploads\/2021\/02\/Giara-2020-1.jpg 2048w\" sizes=\"(max-width: 1572px) 100vw, 1572px\" \/><figcaption>Giara 2019a. <\/figcaption><\/figure>\n\n\n\n<figure class=\"wp-block-image size-large\"><img loading=\"lazy\" width=\"1572\" height=\"1048\" src=\"https:\/\/kelgukoerad.ee\/hellerkantri\/wp-content\/uploads\/2021\/02\/Wendre-Giara-2-1572x1048.jpg\" alt=\"\" class=\"wp-image-15507\" srcset=\"https:\/\/kelgukoerad.ee\/hellerkantri\/wp-content\/uploads\/2021\/02\/Wendre-Giara-2-1572x1048.jpg 1572w, https:\/\/kelgukoerad.ee\/hellerkantri\/wp-content\/uploads\/2021\/02\/Wendre-Giara-2-300x200.jpg 300w, https:\/\/kelgukoerad.ee\/hellerkantri\/wp-content\/uploads\/2021\/02\/Wendre-Giara-2-200x133.jpg 200w, https:\/\/kelgukoerad.ee\/hellerkantri\/wp-content\/uploads\/2021\/02\/Wendre-Giara-2-768x512.jpg 768w, https:\/\/kelgukoerad.ee\/hellerkantri\/wp-content\/uploads\/2021\/02\/Wendre-Giara-2-1536x1024.jpg 1536w, https:\/\/kelgukoerad.ee\/hellerkantri\/wp-content\/uploads\/2021\/02\/Wendre-Giara-2.jpg 2048w\" sizes=\"(max-width: 1572px) 100vw, 1572px\" \/><figcaption>Wendre ja Giara, 2019a.<\/figcaption><\/figure>\n\n\n\n<figure class=\"wp-block-image size-large\"><img loading=\"lazy\" width=\"1572\" height=\"1048\" src=\"https:\/\/kelgukoerad.ee\/hellerkantri\/wp-content\/uploads\/2021\/02\/Giara-3-1572x1048.jpg\" alt=\"Alaska malamuut Hellerkantri Giara\" class=\"wp-image-15515\" srcset=\"https:\/\/kelgukoerad.ee\/hellerkantri\/wp-content\/uploads\/2021\/02\/Giara-3-1572x1048.jpg 1572w, https:\/\/kelgukoerad.ee\/hellerkantri\/wp-content\/uploads\/2021\/02\/Giara-3-300x200.jpg 300w, https:\/\/kelgukoerad.ee\/hellerkantri\/wp-content\/uploads\/2021\/02\/Giara-3-200x133.jpg 200w, https:\/\/kelgukoerad.ee\/hellerkantri\/wp-content\/uploads\/2021\/02\/Giara-3-768x512.jpg 768w, https:\/\/kelgukoerad.ee\/hellerkantri\/wp-content\/uploads\/2021\/02\/Giara-3-1536x1024.jpg 1536w, https:\/\/kelgukoerad.ee\/hellerkantri\/wp-content\/uploads\/2021\/02\/Giara-3.jpg 2048w\" sizes=\"(max-width: 1572px) 100vw, 1572px\" \/><figcaption>Hiirejaht jooksuaedikus&#8230; 2019a.<\/figcaption><\/figure>\n\n\n\n<figure class=\"wp-block-image size-large\"><img loading=\"lazy\" width=\"1572\" height=\"1048\" src=\"https:\/\/kelgukoerad.ee\/hellerkantri\/wp-content\/uploads\/2021\/02\/Wendre-Giara-1572x1048.jpg\" alt=\"\" class=\"wp-image-15508\" srcset=\"https:\/\/kelgukoerad.ee\/hellerkantri\/wp-content\/uploads\/2021\/02\/Wendre-Giara-1572x1048.jpg 1572w, https:\/\/kelgukoerad.ee\/hellerkantri\/wp-content\/uploads\/2021\/02\/Wendre-Giara-300x200.jpg 300w, https:\/\/kelgukoerad.ee\/hellerkantri\/wp-content\/uploads\/2021\/02\/Wendre-Giara-200x133.jpg 200w, https:\/\/kelgukoerad.ee\/hellerkantri\/wp-content\/uploads\/2021\/02\/Wendre-Giara-768x512.jpg 768w, https:\/\/kelgukoerad.ee\/hellerkantri\/wp-content\/uploads\/2021\/02\/Wendre-Giara-1536x1024.jpg 1536w, https:\/\/kelgukoerad.ee\/hellerkantri\/wp-content\/uploads\/2021\/02\/Wendre-Giara.jpg 2048w\" sizes=\"(max-width: 1572px) 100vw, 1572px\" \/><figcaption>Wendre ja Giara \u00f5htuvalguses (Giaral on hambus v\u00e4ike hiireke). <\/figcaption><\/figure>\n\n\n\n<figure class=\"wp-block-image size-large\"><img loading=\"lazy\" width=\"1572\" height=\"1048\" src=\"https:\/\/kelgukoerad.ee\/hellerkantri\/wp-content\/uploads\/2021\/02\/2021-Huskypark-5-1572x1048.jpg\" alt=\"Alaska malamuut Hellerkantri Giara\" class=\"wp-image-15512\" srcset=\"https:\/\/kelgukoerad.ee\/hellerkantri\/wp-content\/uploads\/2021\/02\/2021-Huskypark-5-1572x1048.jpg 1572w, https:\/\/kelgukoerad.ee\/hellerkantri\/wp-content\/uploads\/2021\/02\/2021-Huskypark-5-300x200.jpg 300w, https:\/\/kelgukoerad.ee\/hellerkantri\/wp-content\/uploads\/2021\/02\/2021-Huskypark-5-200x133.jpg 200w, https:\/\/kelgukoerad.ee\/hellerkantri\/wp-content\/uploads\/2021\/02\/2021-Huskypark-5-768x512.jpg 768w, https:\/\/kelgukoerad.ee\/hellerkantri\/wp-content\/uploads\/2021\/02\/2021-Huskypark-5-1536x1024.jpg 1536w, https:\/\/kelgukoerad.ee\/hellerkantri\/wp-content\/uploads\/2021\/02\/2021-Huskypark-5.jpg 2048w\" sizes=\"(max-width: 1572px) 100vw, 1572px\" \/><figcaption>Kutsikatega jooksuaedikus, 2018a.<\/figcaption><\/figure>\n\n\n\n<figure class=\"wp-block-image size-large\"><img loading=\"lazy\" width=\"1572\" height=\"1048\" src=\"https:\/\/kelgukoerad.ee\/hellerkantri\/wp-content\/uploads\/2021\/02\/2021-Huskypark-1572x1048.jpg\" alt=\"\" class=\"wp-image-15514\" srcset=\"https:\/\/kelgukoerad.ee\/hellerkantri\/wp-content\/uploads\/2021\/02\/2021-Huskypark-1572x1048.jpg 1572w, https:\/\/kelgukoerad.ee\/hellerkantri\/wp-content\/uploads\/2021\/02\/2021-Huskypark-300x200.jpg 300w, https:\/\/kelgukoerad.ee\/hellerkantri\/wp-content\/uploads\/2021\/02\/2021-Huskypark-200x133.jpg 200w, https:\/\/kelgukoerad.ee\/hellerkantri\/wp-content\/uploads\/2021\/02\/2021-Huskypark-768x512.jpg 768w, https:\/\/kelgukoerad.ee\/hellerkantri\/wp-content\/uploads\/2021\/02\/2021-Huskypark-1536x1024.jpg 1536w, https:\/\/kelgukoerad.ee\/hellerkantri\/wp-content\/uploads\/2021\/02\/2021-Huskypark.jpg 2048w\" sizes=\"(max-width: 1572px) 100vw, 1572px\" \/><figcaption>Suvi 2018a. <\/figcaption><\/figure>\n\n\n\n<figure class=\"wp-block-image size-large\"><img loading=\"lazy\" width=\"1572\" height=\"1048\" src=\"https:\/\/kelgukoerad.ee\/hellerkantri\/wp-content\/uploads\/2021\/02\/2021-Huskypark-2-1572x1048.jpg\" alt=\"\" class=\"wp-image-15517\" srcset=\"https:\/\/kelgukoerad.ee\/hellerkantri\/wp-content\/uploads\/2021\/02\/2021-Huskypark-2-1572x1048.jpg 1572w, https:\/\/kelgukoerad.ee\/hellerkantri\/wp-content\/uploads\/2021\/02\/2021-Huskypark-2-300x200.jpg 300w, https:\/\/kelgukoerad.ee\/hellerkantri\/wp-content\/uploads\/2021\/02\/2021-Huskypark-2-200x133.jpg 200w, https:\/\/kelgukoerad.ee\/hellerkantri\/wp-content\/uploads\/2021\/02\/2021-Huskypark-2-768x512.jpg 768w, https:\/\/kelgukoerad.ee\/hellerkantri\/wp-content\/uploads\/2021\/02\/2021-Huskypark-2-1536x1024.jpg 1536w, https:\/\/kelgukoerad.ee\/hellerkantri\/wp-content\/uploads\/2021\/02\/2021-Huskypark-2.jpg 2048w\" sizes=\"(max-width: 1572px) 100vw, 1572px\" \/><figcaption>Z-pesakonna kutsikatega, 2018a.<\/figcaption><\/figure>\n\n\n\n<figure class=\"wp-block-image size-large\"><img loading=\"lazy\" width=\"750\" height=\"500\" src=\"https:\/\/kelgukoerad.ee\/hellerkantri\/wp-content\/uploads\/2016\/06\/hellerkantri-giara-hellerkantri-trolli-britta1-750x500.jpg\" alt=\"\" class=\"wp-image-7990\" srcset=\"https:\/\/kelgukoerad.ee\/hellerkantri\/wp-content\/uploads\/2016\/06\/hellerkantri-giara-hellerkantri-trolli-britta1-750x500.jpg 750w, https:\/\/kelgukoerad.ee\/hellerkantri\/wp-content\/uploads\/2016\/06\/hellerkantri-giara-hellerkantri-trolli-britta1-600x400.jpg 600w, https:\/\/kelgukoerad.ee\/hellerkantri\/wp-content\/uploads\/2016\/06\/hellerkantri-giara-hellerkantri-trolli-britta1-200x133.jpg 200w, https:\/\/kelgukoerad.ee\/hellerkantri\/wp-content\/uploads\/2016\/06\/hellerkantri-giara-hellerkantri-trolli-britta1-300x200.jpg 300w, https:\/\/kelgukoerad.ee\/hellerkantri\/wp-content\/uploads\/2016\/06\/hellerkantri-giara-hellerkantri-trolli-britta1-190x126.jpg 190w, https:\/\/kelgukoerad.ee\/hellerkantri\/wp-content\/uploads\/2016\/06\/hellerkantri-giara-hellerkantri-trolli-britta1-60x40.jpg 60w, https:\/\/kelgukoerad.ee\/hellerkantri\/wp-content\/uploads\/2016\/06\/hellerkantri-giara-hellerkantri-trolli-britta1-400x266.jpg 400w, https:\/\/kelgukoerad.ee\/hellerkantri\/wp-content\/uploads\/2016\/06\/hellerkantri-giara-hellerkantri-trolli-britta1.jpg 960w\" sizes=\"(max-width: 750px) 100vw, 750px\" \/><figcaption>Giara ja Britta Baltic Cup 2016 2.etapil Leedus. Foto Diana Petniunaite.<\/figcaption><\/figure>\n\n\n\n<figure class=\"wp-block-image size-large\"><img loading=\"lazy\" width=\"750\" height=\"501\" src=\"https:\/\/kelgukoerad.ee\/hellerkantri\/wp-content\/uploads\/2014\/06\/alaska-malamuudi-kutsikad-2014-7-750x501.jpg\" alt=\"\" class=\"wp-image-6451\" srcset=\"https:\/\/kelgukoerad.ee\/hellerkantri\/wp-content\/uploads\/2014\/06\/alaska-malamuudi-kutsikad-2014-7-750x501.jpg 750w, https:\/\/kelgukoerad.ee\/hellerkantri\/wp-content\/uploads\/2014\/06\/alaska-malamuudi-kutsikad-2014-7-600x401.jpg 600w, https:\/\/kelgukoerad.ee\/hellerkantri\/wp-content\/uploads\/2014\/06\/alaska-malamuudi-kutsikad-2014-7-200x133.jpg 200w, https:\/\/kelgukoerad.ee\/hellerkantri\/wp-content\/uploads\/2014\/06\/alaska-malamuudi-kutsikad-2014-7-300x200.jpg 300w, https:\/\/kelgukoerad.ee\/hellerkantri\/wp-content\/uploads\/2014\/06\/alaska-malamuudi-kutsikad-2014-7-190x126.jpg 190w, https:\/\/kelgukoerad.ee\/hellerkantri\/wp-content\/uploads\/2014\/06\/alaska-malamuudi-kutsikad-2014-7-60x40.jpg 60w, https:\/\/kelgukoerad.ee\/hellerkantri\/wp-content\/uploads\/2014\/06\/alaska-malamuudi-kutsikad-2014-7-400x267.jpg 400w, https:\/\/kelgukoerad.ee\/hellerkantri\/wp-content\/uploads\/2014\/06\/alaska-malamuudi-kutsikad-2014-7.jpg 1000w\" sizes=\"(max-width: 750px) 100vw, 750px\" \/><figcaption>Giara, suvi 2014a.<\/figcaption><\/figure>\n","protected":false},"excerpt":{"rendered":"<p>Aretuskoer S\u00fcndinud:&nbsp;07.04.2014Ema:&nbsp;Hellerkantri Trolli BrittaIsa:&nbsp;Noatak&#8217;s DreamTeam Uyamik Du ImaKasvataja &amp; omanik:&nbsp;Helle KaljulaFCI \/ Eesti Kennelliidu register Iseloomustus Giara on loomult kuulekas, tolerantne, leebe ja kergelt k\u00e4sitletav alaska malamuut. Oma olemuselt ja v\u00e4limikult meenutab k\u00f5ige enam oma isa Yamikut. Giara on suurep\u00e4rane, kannatlik ja hoolitsev ema oma kutsikatele. Just selline nagu on Giara, v\u00f5iks \u00fcks suurep\u00e4rane alaska&#8230; <\/p>\n","protected":false},"author":1,"featured_media":15506,"parent":0,"menu_order":0,"comment_status":"closed","ping_status":"closed","template":"","meta":{"_monsterinsights_skip_tracking":false,"_monsterinsights_sitenote_active":false,"_monsterinsights_sitenote_note":"","_monsterinsights_sitenote_category":0},"yoast_head":"<!-- This site is optimized with the Yoast SEO plugin v14.9 - https:\/\/yoast.com\/wordpress\/plugins\/seo\/ -->\n<title>Hellerkantri Giara - Hellerkantri Huskypark<\/title>\n<meta name=\"robots\" content=\"index, follow, max-snippet:-1, max-image-preview:large, max-video-preview:-1\" \/>\n<link rel=\"canonical\" href=\"https:\/\/kelgukoerad.ee\/hellerkantri\/giara\/\" \/>\n<meta property=\"og:locale\" content=\"en_US\" \/>\n<meta property=\"og:type\" content=\"article\" \/>\n<meta property=\"og:title\" content=\"Hellerkantri Giara - Hellerkantri Huskypark\" \/>\n<meta property=\"og:description\" content=\"Aretuskoer S\u00fcndinud:&nbsp;07.04.2014Ema:&nbsp;Hellerkantri Trolli BrittaIsa:&nbsp;Noatak&#8217;s DreamTeam Uyamik Du ImaKasvataja &amp; omanik:&nbsp;Helle KaljulaFCI \/ Eesti Kennelliidu register Iseloomustus Giara on loomult kuulekas, tolerantne, leebe ja kergelt k\u00e4sitletav alaska malamuut. Oma olemuselt ja v\u00e4limikult meenutab k\u00f5ige enam oma isa Yamikut. Giara on suurep\u00e4rane, kannatlik ja hoolitsev ema oma kutsikatele. Just selline nagu on Giara, v\u00f5iks \u00fcks suurep\u00e4rane alaska...\" \/>\n<meta property=\"og:url\" content=\"https:\/\/kelgukoerad.ee\/hellerkantri\/giara\/\" \/>\n<meta property=\"og:site_name\" content=\"Hellerkantri Huskypark\" \/>\n<meta property=\"article:modified_time\" content=\"2021-02-27T20:39:23+00:00\" \/>\n<meta property=\"og:image\" content=\"https:\/\/kelgukoerad.ee\/hellerkantri\/wp-content\/uploads\/2021\/02\/Hellerkantri-Giara-2018.jpg\" \/>\n\t<meta property=\"og:image:width\" content=\"2048\" \/>\n\t<meta property=\"og:image:height\" content=\"937\" \/>\n<meta name=\"twitter:card\" content=\"summary_large_image\" \/>\n<script type=\"application\/ld+json\" class=\"yoast-schema-graph\">{\"@context\":\"https:\/\/schema.org\",\"@graph\":[{\"@type\":\"WebSite\",\"@id\":\"https:\/\/kelgukoerad.ee\/hellerkantri\/#website\",\"url\":\"https:\/\/kelgukoerad.ee\/hellerkantri\/\",\"name\":\"Hellerkantri Huskypark\",\"description\":\"Hellerkantri Huskypark - kelgukoerte kasvandus ja talu Raplamaal\",\"potentialAction\":[{\"@type\":\"SearchAction\",\"target\":\"https:\/\/kelgukoerad.ee\/hellerkantri\/?s={search_term_string}\",\"query-input\":\"required name=search_term_string\"}],\"inLanguage\":\"en-US\"},{\"@type\":\"ImageObject\",\"@id\":\"https:\/\/kelgukoerad.ee\/hellerkantri\/giara\/#primaryimage\",\"inLanguage\":\"en-US\",\"url\":\"https:\/\/kelgukoerad.ee\/hellerkantri\/wp-content\/uploads\/2021\/02\/Hellerkantri-Giara-2018.jpg\",\"width\":2048,\"height\":937,\"caption\":\"Alaska malamuut Hellerkantri Giara\"},{\"@type\":\"WebPage\",\"@id\":\"https:\/\/kelgukoerad.ee\/hellerkantri\/giara\/#webpage\",\"url\":\"https:\/\/kelgukoerad.ee\/hellerkantri\/giara\/\",\"name\":\"Hellerkantri Giara - Hellerkantri Huskypark\",\"isPartOf\":{\"@id\":\"https:\/\/kelgukoerad.ee\/hellerkantri\/#website\"},\"primaryImageOfPage\":{\"@id\":\"https:\/\/kelgukoerad.ee\/hellerkantri\/giara\/#primaryimage\"},\"datePublished\":\"2021-02-27T16:26:46+00:00\",\"dateModified\":\"2021-02-27T20:39:23+00:00\",\"inLanguage\":\"en-US\",\"potentialAction\":[{\"@type\":\"ReadAction\",\"target\":[\"https:\/\/kelgukoerad.ee\/hellerkantri\/giara\/\"]}]}]}<\/script>\n<!-- \/ Yoast SEO plugin. -->","_links":{"self":[{"href":"https:\/\/kelgukoerad.ee\/hellerkantri\/wp-json\/wp\/v2\/pages\/15494"}],"collection":[{"href":"https:\/\/kelgukoerad.ee\/hellerkantri\/wp-json\/wp\/v2\/pages"}],"about":[{"href":"https:\/\/kelgukoerad.ee\/hellerkantri\/wp-json\/wp\/v2\/types\/page"}],"author":[{"embeddable":true,"href":"https:\/\/kelgukoerad.ee\/hellerkantri\/wp-json\/wp\/v2\/users\/1"}],"replies":[{"embeddable":true,"href":"https:\/\/kelgukoerad.ee\/hellerkantri\/wp-json\/wp\/v2\/comments?post=15494"}],"version-history":[{"count":12,"href":"https:\/\/kelgukoerad.ee\/hellerkantri\/wp-json\/wp\/v2\/pages\/15494\/revisions"}],"predecessor-version":[{"id":15521,"href":"https:\/\/kelgukoerad.ee\/hellerkantri\/wp-json\/wp\/v2\/pages\/15494\/revisions\/15521"}],"wp:featuredmedia":[{"embeddable":true,"href":"https:\/\/kelgukoerad.ee\/hellerkantri\/wp-json\/wp\/v2\/media\/15506"}],"wp:attachment":[{"href":"https:\/\/kelgukoerad.ee\/hellerkantri\/wp-json\/wp\/v2\/media?parent=15494"}],"curies":[{"name":"wp","href":"https:\/\/api.w.org\/{rel}","templated":true}]}}