{"id":16607,"date":"2022-12-01T12:55:23","date_gmt":"2022-12-01T10:55:23","guid":{"rendered":"https:\/\/kelgukoerad.ee\/hellerkantri\/?page_id=16607"},"modified":"2026-01-22T12:23:54","modified_gmt":"2026-01-22T10:23:54","slug":"pakett-suusi","status":"publish","type":"page","link":"https:\/\/kelgukoerad.ee\/hellerkantri\/pakett-suusi\/","title":{"rendered":"Pakett Maya"},"content":{"rendered":"\n<p class=\"has-white-color has-text-color\">.<\/p>\n\n\n\n<figure class=\"wp-block-image size-large\"><img loading=\"lazy\" width=\"1572\" height=\"1048\" src=\"https:\/\/kelgukoerad.ee\/hellerkantri\/wp-content\/uploads\/2024\/01\/huskypark-kelgukoerte-jalgsimatk-1572x1048.jpg\" alt=\"\" class=\"wp-image-17201\" srcset=\"https:\/\/kelgukoerad.ee\/hellerkantri\/wp-content\/uploads\/2024\/01\/huskypark-kelgukoerte-jalgsimatk-1572x1048.jpg 1572w, https:\/\/kelgukoerad.ee\/hellerkantri\/wp-content\/uploads\/2024\/01\/huskypark-kelgukoerte-jalgsimatk-300x200.jpg 300w, https:\/\/kelgukoerad.ee\/hellerkantri\/wp-content\/uploads\/2024\/01\/huskypark-kelgukoerte-jalgsimatk-200x133.jpg 200w, https:\/\/kelgukoerad.ee\/hellerkantri\/wp-content\/uploads\/2024\/01\/huskypark-kelgukoerte-jalgsimatk-768x512.jpg 768w, https:\/\/kelgukoerad.ee\/hellerkantri\/wp-content\/uploads\/2024\/01\/huskypark-kelgukoerte-jalgsimatk-1600x1067.jpg 1600w, https:\/\/kelgukoerad.ee\/hellerkantri\/wp-content\/uploads\/2024\/01\/huskypark-kelgukoerte-jalgsimatk-1536x1024.jpg 1536w, https:\/\/kelgukoerad.ee\/hellerkantri\/wp-content\/uploads\/2024\/01\/huskypark-kelgukoerte-jalgsimatk.jpg 1905w\" sizes=\"(max-width: 1572px) 100vw, 1572px\" \/><\/figure>\n\n\n\n<p class=\"has-text-color\" style=\"color:#f0eee9\">.<\/p>\n\n\n\n<h2>Pakett Maya: Huskypargi k\u00fclastus<\/h2>\n\n\n\n<ul><li><strong>Paketi kestvus<\/strong> on orienteeruvalt <strong>2 tundi<\/strong>, alustame eelnevalt kokkulepitud kellaajal.<\/li><li>Koguneme <strong>p\u00fcstkotta l\u00f5kke \u00e4\u00e4rde<\/strong>, kus <strong>Huskypargi pereema Helle<\/strong> r\u00e4\u00e4gib silmaringi laiendavalt <strong>kelgukoertest<\/strong>.<\/li><li>Suundume<strong> talu ringk\u00e4igule<\/strong>, tutvume erinevate <strong>koerakelkudega<\/strong> ja meie <strong>24 p\u00f5hjamaise kelgukoeraga <\/strong>andes\u00a0neile kotikestest\u00a0<strong>koeramaiustusi.<\/strong><\/li><li>Hubases <strong>k\u00fcdeva kaminaga Husky Kohvikus<\/strong> ootab teid<strong> tee ja v\u00e4ike sn\u00e4kk.<\/strong> Vaatame kelgukoertest videosid, tunneme end m\u00f5nusalt ning laseme heal maitsta!<\/li><li>P\u00e4rast toredat olemist tarekeses on meie<strong> k\u00fc\u00fcnis<\/strong> uudistamiseks hobuste reed ja saanid, kelgukoerte treeningvahendid ning pereema Helle <strong>kollektsioon lapsevankritest, <\/strong>mis on teadaolevalt <strong>Eesti suurim erakollektsioon.<\/strong><\/li><li><strong>Vanaaja tuba\u00a0<\/strong>\u00fcllatab nostalgilise vaatamisega nii v\u00e4ikseid kui suuri, \u00fchtlasi n\u00e4eb seal toredat v\u00e4ljapanekut\u00a0<strong>vanaaegsetest nukkudest ja n\u00e4\u00e4rikingitustest :) <\/strong><\/li><\/ul>\n\n\n\n<h2><br>Osalustasud<\/h2>\n\n\n\n<p><strong>T\u00e4iskasvanu 20\u20ac\/in ; laps 15\u20ac\/in, alla 2-aastased tasuta. <\/strong><\/p>\n\n\n\n<h2><br>Lisav\u00f5imalus: kelgukoertega jalgismatkale <\/h2>\n\n\n\n<p><\/p>\n\n\n\n<p>Lisateenuste kasutamisel on Maya paketi ajaline kestvus pikem.<\/p>\n\n\n\n<p><strong>Jalgismatk kelgukoertega, k\u00fclastuspaketile lisandub \u00a0+40\u20ac \/ koer<\/strong>\u00a0(\u00fcks koer v\u00f5ib olla ka kahe matkaja peale). Matkal osaleb minimaalselt 2 koera.<\/p>\n\n\n\n<p>Jalgsimatk on saadaval grupile 2-6 inimest. Paneme&nbsp;<strong>koertele selga veorakmed<\/strong>&nbsp;ja anname teile kasutamiseks spetsiaalsed&nbsp;<strong>veov\u00f6\u00f6d \u2013 ja rihmad<\/strong>. Jalutusk\u00e4ik kulgeb m\u00f6\u00f6da talvist teed&nbsp;tehes vastavalt teie soovile&nbsp;<strong>1km &#8211; 4km<\/strong>&nbsp;(vastavalt soovile) pikkuse ringi, mis algab ja l\u00f5ppeb Huskypargis. P\u00e4rast jalgsimatka&nbsp;<strong>pakume Husky kohvikus kodust taimeteed ja v\u00e4ikest n\u00e4ksi.<\/strong><\/p>\n\n\n\n<p>Ps! Kuna koeral on t\u00f5mbej\u00f5ud<strong>&nbsp;lapse&nbsp;<\/strong>jaoks liiga tugev siis turvalisuse t\u00f5ttu<strong>&nbsp;jagab laps koera t\u00e4iskasvanuga&nbsp;<\/strong>(kahe peale \u00fcks koer). \u00dche koeraga v\u00f5ib matkata ka kaks t\u00e4iskasvanut.&nbsp;<strong>Matk on pigem tempokas ning seet\u00f5ttu ei sobi v\u00e4ikestele lastele.&nbsp;<\/strong>Soovituslik vanus alates 8a, s\u00f5ltuvalt lapse sportlikust vormist ja valmidusest k\u00f5ndida tempokalt 1-4km distantsil.<\/p>\n\n\n\n<p><\/p>\n\n\n\n<p class=\"has-text-color\" style=\"color:#f0eee9\">.<\/p>\n\n\n\n<p><strong>Tutvu kindlasti ka meie <a href=\"https:\/\/kelgukoerad.ee\/hellerkantri\/meelespea\/\">k\u00fclastuse meelespeaga<\/a><\/strong><\/p>\n\n\n\n<p>NB! Saame k\u00fclastuspaketti pakkuda ainult <strong>eesti keeles ja eesti keelest arusaajatele<\/strong>, sest k\u00fclalistel tuleb m\u00f5ista meiepoolset infot ja instruktsioone.<\/p>\n\n\n\n<figure class=\"wp-block-image size-full\"><img loading=\"lazy\" width=\"900\" height=\"383\" src=\"https:\/\/kelgukoerad.ee\/hellerkantri\/wp-content\/uploads\/2021\/09\/Huskypargi-kelgukoerte-joulumaa-12.jpg\" alt=\"\" class=\"wp-image-15980\" srcset=\"https:\/\/kelgukoerad.ee\/hellerkantri\/wp-content\/uploads\/2021\/09\/Huskypargi-kelgukoerte-joulumaa-12.jpg 900w, https:\/\/kelgukoerad.ee\/hellerkantri\/wp-content\/uploads\/2021\/09\/Huskypargi-kelgukoerte-joulumaa-12-300x128.jpg 300w, https:\/\/kelgukoerad.ee\/hellerkantri\/wp-content\/uploads\/2021\/09\/Huskypargi-kelgukoerte-joulumaa-12-200x85.jpg 200w, https:\/\/kelgukoerad.ee\/hellerkantri\/wp-content\/uploads\/2021\/09\/Huskypargi-kelgukoerte-joulumaa-12-768x327.jpg 768w\" sizes=\"(max-width: 900px) 100vw, 900px\" \/><\/figure>\n\n\n\n<figure class=\"wp-block-image size-full\"><img loading=\"lazy\" width=\"900\" height=\"383\" src=\"https:\/\/kelgukoerad.ee\/hellerkantri\/wp-content\/uploads\/2021\/09\/Huskypargi-kelgukoerte-joulumaa-11.jpg\" alt=\"\" class=\"wp-image-15981\" srcset=\"https:\/\/kelgukoerad.ee\/hellerkantri\/wp-content\/uploads\/2021\/09\/Huskypargi-kelgukoerte-joulumaa-11.jpg 900w, https:\/\/kelgukoerad.ee\/hellerkantri\/wp-content\/uploads\/2021\/09\/Huskypargi-kelgukoerte-joulumaa-11-300x128.jpg 300w, https:\/\/kelgukoerad.ee\/hellerkantri\/wp-content\/uploads\/2021\/09\/Huskypargi-kelgukoerte-joulumaa-11-200x85.jpg 200w, https:\/\/kelgukoerad.ee\/hellerkantri\/wp-content\/uploads\/2021\/09\/Huskypargi-kelgukoerte-joulumaa-11-768x327.jpg 768w\" sizes=\"(max-width: 900px) 100vw, 900px\" \/><\/figure>\n\n\n\n<figure class=\"wp-block-image size-full\"><img loading=\"lazy\" width=\"2048\" height=\"937\" src=\"https:\/\/kelgukoerad.ee\/hellerkantri\/wp-content\/uploads\/2021\/02\/Hellerkantri-Huskypark-2021.jpg\" alt=\"\" class=\"wp-image-15183\" srcset=\"https:\/\/kelgukoerad.ee\/hellerkantri\/wp-content\/uploads\/2021\/02\/Hellerkantri-Huskypark-2021.jpg 2048w, https:\/\/kelgukoerad.ee\/hellerkantri\/wp-content\/uploads\/2021\/02\/Hellerkantri-Huskypark-2021-300x137.jpg 300w, https:\/\/kelgukoerad.ee\/hellerkantri\/wp-content\/uploads\/2021\/02\/Hellerkantri-Huskypark-2021-200x92.jpg 200w, https:\/\/kelgukoerad.ee\/hellerkantri\/wp-content\/uploads\/2021\/02\/Hellerkantri-Huskypark-2021-768x351.jpg 768w, https:\/\/kelgukoerad.ee\/hellerkantri\/wp-content\/uploads\/2021\/02\/Hellerkantri-Huskypark-2021-1536x703.jpg 1536w\" sizes=\"(max-width: 2048px) 100vw, 2048px\" \/><\/figure>\n\n\n\n<figure class=\"wp-block-image size-full\"><img loading=\"lazy\" width=\"900\" height=\"383\" src=\"https:\/\/kelgukoerad.ee\/hellerkantri\/wp-content\/uploads\/2021\/09\/Huskypargi-kelgukoerte-joulumaa-10.jpg\" alt=\"\" class=\"wp-image-15982\" srcset=\"https:\/\/kelgukoerad.ee\/hellerkantri\/wp-content\/uploads\/2021\/09\/Huskypargi-kelgukoerte-joulumaa-10.jpg 900w, https:\/\/kelgukoerad.ee\/hellerkantri\/wp-content\/uploads\/2021\/09\/Huskypargi-kelgukoerte-joulumaa-10-300x128.jpg 300w, https:\/\/kelgukoerad.ee\/hellerkantri\/wp-content\/uploads\/2021\/09\/Huskypargi-kelgukoerte-joulumaa-10-200x85.jpg 200w, https:\/\/kelgukoerad.ee\/hellerkantri\/wp-content\/uploads\/2021\/09\/Huskypargi-kelgukoerte-joulumaa-10-768x327.jpg 768w\" sizes=\"(max-width: 900px) 100vw, 900px\" \/><\/figure>\n\n\n\n<figure class=\"wp-block-image size-full\"><img loading=\"lazy\" width=\"900\" height=\"383\" src=\"https:\/\/kelgukoerad.ee\/hellerkantri\/wp-content\/uploads\/2021\/09\/Huskypargi-kelgukoerte-joulumaa-2.jpg\" alt=\"\" class=\"wp-image-15990\" srcset=\"https:\/\/kelgukoerad.ee\/hellerkantri\/wp-content\/uploads\/2021\/09\/Huskypargi-kelgukoerte-joulumaa-2.jpg 900w, https:\/\/kelgukoerad.ee\/hellerkantri\/wp-content\/uploads\/2021\/09\/Huskypargi-kelgukoerte-joulumaa-2-300x128.jpg 300w, https:\/\/kelgukoerad.ee\/hellerkantri\/wp-content\/uploads\/2021\/09\/Huskypargi-kelgukoerte-joulumaa-2-200x85.jpg 200w, https:\/\/kelgukoerad.ee\/hellerkantri\/wp-content\/uploads\/2021\/09\/Huskypargi-kelgukoerte-joulumaa-2-768x327.jpg 768w\" sizes=\"(max-width: 900px) 100vw, 900px\" \/><\/figure>\n\n\n\n<figure class=\"wp-block-image size-full\"><img loading=\"lazy\" width=\"900\" height=\"383\" src=\"https:\/\/kelgukoerad.ee\/hellerkantri\/wp-content\/uploads\/2021\/09\/Huskypargi-kelgukoerte-joulumaa-13.jpg\" alt=\"\" class=\"wp-image-15979\" srcset=\"https:\/\/kelgukoerad.ee\/hellerkantri\/wp-content\/uploads\/2021\/09\/Huskypargi-kelgukoerte-joulumaa-13.jpg 900w, https:\/\/kelgukoerad.ee\/hellerkantri\/wp-content\/uploads\/2021\/09\/Huskypargi-kelgukoerte-joulumaa-13-300x128.jpg 300w, https:\/\/kelgukoerad.ee\/hellerkantri\/wp-content\/uploads\/2021\/09\/Huskypargi-kelgukoerte-joulumaa-13-200x85.jpg 200w, https:\/\/kelgukoerad.ee\/hellerkantri\/wp-content\/uploads\/2021\/09\/Huskypargi-kelgukoerte-joulumaa-13-768x327.jpg 768w\" sizes=\"(max-width: 900px) 100vw, 900px\" \/><\/figure>\n\n\n\n<figure class=\"wp-block-image size-full\"><img loading=\"lazy\" width=\"900\" height=\"383\" src=\"https:\/\/kelgukoerad.ee\/hellerkantri\/wp-content\/uploads\/2021\/09\/Huskypargi-kelgukoerte-joulumaa-3.jpg\" alt=\"\" class=\"wp-image-15989\" srcset=\"https:\/\/kelgukoerad.ee\/hellerkantri\/wp-content\/uploads\/2021\/09\/Huskypargi-kelgukoerte-joulumaa-3.jpg 900w, https:\/\/kelgukoerad.ee\/hellerkantri\/wp-content\/uploads\/2021\/09\/Huskypargi-kelgukoerte-joulumaa-3-300x128.jpg 300w, https:\/\/kelgukoerad.ee\/hellerkantri\/wp-content\/uploads\/2021\/09\/Huskypargi-kelgukoerte-joulumaa-3-200x85.jpg 200w, https:\/\/kelgukoerad.ee\/hellerkantri\/wp-content\/uploads\/2021\/09\/Huskypargi-kelgukoerte-joulumaa-3-768x327.jpg 768w\" sizes=\"(max-width: 900px) 100vw, 900px\" \/><\/figure>\n\n\n\n<figure class=\"wp-block-image size-full\"><img loading=\"lazy\" width=\"900\" height=\"383\" src=\"https:\/\/kelgukoerad.ee\/hellerkantri\/wp-content\/uploads\/2021\/09\/Huskypargi-kelgukoerte-joulumaa-6.jpg\" alt=\"\" class=\"wp-image-15986\" srcset=\"https:\/\/kelgukoerad.ee\/hellerkantri\/wp-content\/uploads\/2021\/09\/Huskypargi-kelgukoerte-joulumaa-6.jpg 900w, https:\/\/kelgukoerad.ee\/hellerkantri\/wp-content\/uploads\/2021\/09\/Huskypargi-kelgukoerte-joulumaa-6-300x128.jpg 300w, https:\/\/kelgukoerad.ee\/hellerkantri\/wp-content\/uploads\/2021\/09\/Huskypargi-kelgukoerte-joulumaa-6-200x85.jpg 200w, https:\/\/kelgukoerad.ee\/hellerkantri\/wp-content\/uploads\/2021\/09\/Huskypargi-kelgukoerte-joulumaa-6-768x327.jpg 768w\" sizes=\"(max-width: 900px) 100vw, 900px\" \/><figcaption><img src=\"https:\/\/kelgukoerad.ee\/hellerkantri\/wp-content\/uploads\/2021\/02\/Hellerkantri-Yeti-2021.jpg\" alt=\"Hellerkantri Yeti siberi husky 2021\"><\/figcaption><\/figure>\n","protected":false},"excerpt":{"rendered":"<p>. . Pakett Maya: Huskypargi k\u00fclastus Paketi kestvus on orienteeruvalt 2 tundi, alustame eelnevalt kokkulepitud kellaajal. Koguneme p\u00fcstkotta l\u00f5kke \u00e4\u00e4rde, kus Huskypargi pereema Helle r\u00e4\u00e4gib silmaringi laiendavalt kelgukoertest. Suundume talu ringk\u00e4igule, tutvume erinevate koerakelkudega ja meie 24 p\u00f5hjamaise kelgukoeraga andes\u00a0neile kotikestest\u00a0koeramaiustusi. Hubases k\u00fcdeva kaminaga Husky Kohvikus ootab teid tee ja v\u00e4ike sn\u00e4kk. Vaatame kelgukoertest videosid,&#8230; <\/p>\n","protected":false},"author":1,"featured_media":16270,"parent":0,"menu_order":0,"comment_status":"closed","ping_status":"closed","template":"","meta":{"_monsterinsights_skip_tracking":false,"_monsterinsights_sitenote_active":false,"_monsterinsights_sitenote_note":"","_monsterinsights_sitenote_category":0},"yoast_head":"<!-- This site is optimized with the Yoast SEO plugin v14.9 - https:\/\/yoast.com\/wordpress\/plugins\/seo\/ -->\n<title>Pakett Maya - Hellerkantri Huskypark<\/title>\n<meta name=\"description\" content=\"Raplamaal asuv Huskypark kutsub k\u00fclastuspaketile, mis sisaldab elamusliku kelgus\u00f5itu siberi huskydega v\u00f5i jalgsimatka meie kelgukoertega.\" \/>\n<meta name=\"robots\" content=\"index, follow, max-snippet:-1, max-image-preview:large, max-video-preview:-1\" \/>\n<link rel=\"canonical\" href=\"https:\/\/kelgukoerad.ee\/hellerkantri\/pakett-suusi\/\" \/>\n<meta property=\"og:locale\" content=\"en_US\" \/>\n<meta property=\"og:type\" content=\"article\" \/>\n<meta property=\"og:title\" content=\"Pakett Maya - Hellerkantri Huskypark\" \/>\n<meta property=\"og:description\" content=\"Raplamaal asuv Huskypark kutsub k\u00fclastuspaketile, mis sisaldab elamusliku kelgus\u00f5itu siberi huskydega v\u00f5i jalgsimatka meie kelgukoertega.\" \/>\n<meta property=\"og:url\" content=\"https:\/\/kelgukoerad.ee\/hellerkantri\/pakett-suusi\/\" \/>\n<meta property=\"og:site_name\" content=\"Hellerkantri Huskypark\" \/>\n<meta property=\"article:modified_time\" content=\"2026-01-22T10:23:54+00:00\" \/>\n<meta property=\"og:image\" content=\"https:\/\/kelgukoerad.ee\/hellerkantri\/wp-content\/uploads\/2022\/01\/Hellerkantri-Huskypark-2022.jpg\" \/>\n\t<meta property=\"og:image:width\" content=\"2048\" \/>\n\t<meta property=\"og:image:height\" content=\"938\" \/>\n<meta name=\"twitter:card\" content=\"summary_large_image\" \/>\n<script type=\"application\/ld+json\" class=\"yoast-schema-graph\">{\"@context\":\"https:\/\/schema.org\",\"@graph\":[{\"@type\":\"WebSite\",\"@id\":\"https:\/\/kelgukoerad.ee\/hellerkantri\/#website\",\"url\":\"https:\/\/kelgukoerad.ee\/hellerkantri\/\",\"name\":\"Hellerkantri Huskypark\",\"description\":\"Hellerkantri Huskypark - kelgukoerte kasvandus ja talu Raplamaal\",\"potentialAction\":[{\"@type\":\"SearchAction\",\"target\":\"https:\/\/kelgukoerad.ee\/hellerkantri\/?s={search_term_string}\",\"query-input\":\"required name=search_term_string\"}],\"inLanguage\":\"en-US\"},{\"@type\":\"ImageObject\",\"@id\":\"https:\/\/kelgukoerad.ee\/hellerkantri\/pakett-suusi\/#primaryimage\",\"inLanguage\":\"en-US\",\"url\":\"https:\/\/kelgukoerad.ee\/hellerkantri\/wp-content\/uploads\/2022\/01\/Hellerkantri-Huskypark-2022.jpg\",\"width\":2048,\"height\":938,\"caption\":\"Hellerkantri Huskypark kelgukoerte talu Raplamaal Huskypargi k\\u00fclastus ja huskydega matk\"},{\"@type\":\"WebPage\",\"@id\":\"https:\/\/kelgukoerad.ee\/hellerkantri\/pakett-suusi\/#webpage\",\"url\":\"https:\/\/kelgukoerad.ee\/hellerkantri\/pakett-suusi\/\",\"name\":\"Pakett Maya - Hellerkantri Huskypark\",\"isPartOf\":{\"@id\":\"https:\/\/kelgukoerad.ee\/hellerkantri\/#website\"},\"primaryImageOfPage\":{\"@id\":\"https:\/\/kelgukoerad.ee\/hellerkantri\/pakett-suusi\/#primaryimage\"},\"datePublished\":\"2022-12-01T10:55:23+00:00\",\"dateModified\":\"2026-01-22T10:23:54+00:00\",\"description\":\"Raplamaal asuv Huskypark kutsub k\\u00fclastuspaketile, mis sisaldab elamusliku kelgus\\u00f5itu siberi huskydega v\\u00f5i jalgsimatka meie kelgukoertega.\",\"inLanguage\":\"en-US\",\"potentialAction\":[{\"@type\":\"ReadAction\",\"target\":[\"https:\/\/kelgukoerad.ee\/hellerkantri\/pakett-suusi\/\"]}]}]}<\/script>\n<!-- \/ Yoast SEO plugin. -->","_links":{"self":[{"href":"https:\/\/kelgukoerad.ee\/hellerkantri\/wp-json\/wp\/v2\/pages\/16607"}],"collection":[{"href":"https:\/\/kelgukoerad.ee\/hellerkantri\/wp-json\/wp\/v2\/pages"}],"about":[{"href":"https:\/\/kelgukoerad.ee\/hellerkantri\/wp-json\/wp\/v2\/types\/page"}],"author":[{"embeddable":true,"href":"https:\/\/kelgukoerad.ee\/hellerkantri\/wp-json\/wp\/v2\/users\/1"}],"replies":[{"embeddable":true,"href":"https:\/\/kelgukoerad.ee\/hellerkantri\/wp-json\/wp\/v2\/comments?post=16607"}],"version-history":[{"count":229,"href":"https:\/\/kelgukoerad.ee\/hellerkantri\/wp-json\/wp\/v2\/pages\/16607\/revisions"}],"predecessor-version":[{"id":17385,"href":"https:\/\/kelgukoerad.ee\/hellerkantri\/wp-json\/wp\/v2\/pages\/16607\/revisions\/17385"}],"wp:featuredmedia":[{"embeddable":true,"href":"https:\/\/kelgukoerad.ee\/hellerkantri\/wp-json\/wp\/v2\/media\/16270"}],"wp:attachment":[{"href":"https:\/\/kelgukoerad.ee\/hellerkantri\/wp-json\/wp\/v2\/media?parent=16607"}],"curies":[{"name":"wp","href":"https:\/\/api.w.org\/{rel}","templated":true}]}}