{"id":1945,"date":"2011-05-24T13:53:36","date_gmt":"2011-05-24T11:53:36","guid":{"rendered":"http:\/\/kelgukoerad.ee\/hellerkantri\/?page_id=1945"},"modified":"2023-05-27T16:50:15","modified_gmt":"2023-05-27T14:50:15","slug":"pipi-pikksukk","status":"publish","type":"page","link":"https:\/\/kelgukoerad.ee\/hellerkantri\/pipi-pikksukk\/","title":{"rendered":"Hellerkantri Pipi Pikksukk"},"content":{"rendered":"\n<p><strong>Pipi on meie asendamatu rakendi juhtkoer ja endine v\u00f5istluskoer.<\/strong><\/p>\n\n\n\n<p><em>Kodus tuntud kui Pipi, Pipe, Piip, Bibii.<\/em><\/p>\n\n\n\n<p><strong>06.12.2010 &#8211; 13.05.2013<\/strong><br><strong>Ema:<\/strong> Ruusuritarin Belka<br><strong>Isa: <\/strong>Dacabe Zorro<br><strong>Kasvataja &amp; omanik:<\/strong> Helle Kaljula<br><a href=\"https:\/\/register.kennelliit.ee\/index.php?page=dogCard&amp;dogId=131803\" target=\"_blank\" rel=\"noreferrer noopener\">FCI \/ Eesti Kennelliidu register<\/a><br><\/p>\n\n\n\n<h4>Iseloomustus<\/h4>\n\n\n\n<p>Pipi on s\u00fcndinud 2010. aastal meie kennelis. Antud pesakond oli meie kenneli teine siberi husky pesakond. Selles pesakonnas s\u00fcndis 6 kutsikat, kellest 5 &#8211; Pipi, <a href=\"https:\/\/kelgukoerad.ee\/hellerkantri\/mary-poppins\">Meeri,<\/a> <a href=\"https:\/\/kelgukoerad.ee\/hellerkantri\/harra-nilsson\">Nilsson<\/a>, <a href=\"https:\/\/kelgukoerad.ee\/hellerkantri\/kapten-nemo\">Nemo<\/a> ja <a href=\"https:\/\/kelgukoerad.ee\/hellerkantri\/tom-sawyer\">Tom<\/a>, j\u00e4tsime endale. Pipi on keskmist kasvu emane, kes on julge ja enesekindel. Ta on v\u00e4ga hea stressitaluvusega, m\u00e4nguline ja tolerantne. Pipi on olnud ka v\u00e4ga oluline v\u00f5istluskoer. \u00dchtlasi on Pipi meie parim emane juhtkoer, kes meil seni olnud&#8230; Pipi on meie kennelis samuti \u00fcks v\u00e4hestest koertest, kellele on raske vigu leida. Kui n\u00fc\u00fcd norida siis tegelikult \u00fcks viga leidub &#8211; nimele vastavalt oli ta nooremana p\u00e4ris &#8220;tubli&#8221; aedikutest v\u00e4ljaronija&#8230; :)  <br>Pipil on olnud \u00fcks pesakond j\u00e4rglasi (<a rel=\"noreferrer noopener\" aria-label=\"R-pesakond, 2017a. (opens in a new tab)\" href=\"https:\/\/register.kennelliit.ee\/index.php?page=dogCard&amp;dogId=248397\" target=\"_blank\">R-pesakond, 2017a.<\/a>). Sellest pesakonnast j\u00e4tsime endale Pipiga k\u00f5ige sarnasema kutsika, kellele panime nimeks <a href=\"https:\/\/kelgukoerad.ee\/hellerkantri\/robirobi\">Robirobi<\/a>. Nii nagu Pipi, on ka Robirobi saanud s\u00fcnniga kaasa oma emalt ronimisegeeni (olime sellega arvestanud kui Robirobi endale j\u00e4tsime). \u00dchtlasi arvestasime ka sellega, et t\u00f5en\u00e4oliselt saab temast tulevikus sama hea ja enesekindel juhtkoer nagu tema ema :))<\/p>\n\n\n\n<p class=\"has-text-align-right\"><em>Iseloomustus on kirjutatud 2020a.<\/em><br><\/p>\n\n\n\n<h4>Pipi n\u00e4itusekirjeldus<\/h4>\n\n\n\n<p>Diluted black &amp; white. Femin head and expression and very foxy. Good reach of neck. Good body proportions with moderate bones. Good tuck-up. Level topline which she held on the move. Well muscled throughout. Sound mover when she is settled.&nbsp;&#8211; Mrs Barbara Stanier, kennel Arctictrek&nbsp;(UK). Avaklassis hinne &#8220;suurep\u00e4rane&#8221; Eesti siberi huskyde erin\u00e4itusel.&nbsp;<\/p>\n\n\n\n<figure class=\"wp-block-image size-large\"><img loading=\"lazy\" width=\"2048\" height=\"937\" src=\"https:\/\/kelgukoerad.ee\/hellerkantri\/wp-content\/uploads\/2019\/11\/Hellerkantri-huskypark-siberi-husky-rakend-2048x937.jpg\" alt=\"\" class=\"wp-image-12291\" srcset=\"https:\/\/kelgukoerad.ee\/hellerkantri\/wp-content\/uploads\/2019\/11\/Hellerkantri-huskypark-siberi-husky-rakend.jpg 2048w, https:\/\/kelgukoerad.ee\/hellerkantri\/wp-content\/uploads\/2019\/11\/Hellerkantri-huskypark-siberi-husky-rakend-200x92.jpg 200w, https:\/\/kelgukoerad.ee\/hellerkantri\/wp-content\/uploads\/2019\/11\/Hellerkantri-huskypark-siberi-husky-rakend-300x137.jpg 300w, https:\/\/kelgukoerad.ee\/hellerkantri\/wp-content\/uploads\/2019\/11\/Hellerkantri-huskypark-siberi-husky-rakend-768x351.jpg 768w, https:\/\/kelgukoerad.ee\/hellerkantri\/wp-content\/uploads\/2019\/11\/Hellerkantri-huskypark-siberi-husky-rakend-600x275.jpg 600w\" sizes=\"(max-width: 2048px) 100vw, 2048px\" \/><figcaption>Pipi oma poolvenna Zipoga rakendi eesotsas, 2017a.<\/figcaption><\/figure>\n\n\n\n<figure class=\"wp-block-image size-large\"><img loading=\"lazy\" width=\"698\" height=\"1048\" src=\"https:\/\/kelgukoerad.ee\/hellerkantri\/wp-content\/uploads\/2019\/04\/Hellerkantri-Pipi-Pikksukk-698x1048.jpg\" alt=\"Hellerkantri Pipi Pikksukk\" class=\"wp-image-11445\" srcset=\"https:\/\/kelgukoerad.ee\/hellerkantri\/wp-content\/uploads\/2019\/04\/Hellerkantri-Pipi-Pikksukk-698x1048.jpg 698w, https:\/\/kelgukoerad.ee\/hellerkantri\/wp-content\/uploads\/2019\/04\/Hellerkantri-Pipi-Pikksukk-133x200.jpg 133w, https:\/\/kelgukoerad.ee\/hellerkantri\/wp-content\/uploads\/2019\/04\/Hellerkantri-Pipi-Pikksukk-200x300.jpg 200w, https:\/\/kelgukoerad.ee\/hellerkantri\/wp-content\/uploads\/2019\/04\/Hellerkantri-Pipi-Pikksukk-768x1152.jpg 768w, https:\/\/kelgukoerad.ee\/hellerkantri\/wp-content\/uploads\/2019\/04\/Hellerkantri-Pipi-Pikksukk-600x900.jpg 600w, https:\/\/kelgukoerad.ee\/hellerkantri\/wp-content\/uploads\/2019\/04\/Hellerkantri-Pipi-Pikksukk.jpg 1365w\" sizes=\"(max-width: 698px) 100vw, 698px\" \/><figcaption>Pipi, 2019a.<\/figcaption><\/figure>\n\n\n\n<figure class=\"wp-block-image\"><a href=\"https:\/\/kelgukoerad.ee\/hellerkantri\/wp-content\/uploads\/2011\/05\/pipi-nilsson.jpg\"><img loading=\"lazy\" width=\"750\" height=\"497\" src=\"https:\/\/kelgukoerad.ee\/hellerkantri\/wp-content\/uploads\/2011\/05\/pipi-nilsson-750x497.jpg\" alt=\"\" class=\"wp-image-2844\" srcset=\"https:\/\/kelgukoerad.ee\/hellerkantri\/wp-content\/uploads\/2011\/05\/pipi-nilsson-750x497.jpg 750w, https:\/\/kelgukoerad.ee\/hellerkantri\/wp-content\/uploads\/2011\/05\/pipi-nilsson-600x398.jpg 600w, https:\/\/kelgukoerad.ee\/hellerkantri\/wp-content\/uploads\/2011\/05\/pipi-nilsson-300x199.jpg 300w, https:\/\/kelgukoerad.ee\/hellerkantri\/wp-content\/uploads\/2011\/05\/pipi-nilsson.jpg 800w\" sizes=\"(max-width: 750px) 100vw, 750px\" \/><\/a><figcaption>Pipi ja Nilsson<\/figcaption><\/figure>\n\n\n\n<figure class=\"wp-block-image\"><a href=\"https:\/\/kelgukoerad.ee\/hellerkantri\/wp-content\/uploads\/2011\/05\/pip.jpg\"><img loading=\"lazy\" width=\"750\" height=\"540\" src=\"https:\/\/kelgukoerad.ee\/hellerkantri\/wp-content\/uploads\/2011\/05\/pip-750x540.jpg\" alt=\"\" class=\"wp-image-2927\" srcset=\"https:\/\/kelgukoerad.ee\/hellerkantri\/wp-content\/uploads\/2011\/05\/pip-750x540.jpg 750w, https:\/\/kelgukoerad.ee\/hellerkantri\/wp-content\/uploads\/2011\/05\/pip-600x433.jpg 600w, https:\/\/kelgukoerad.ee\/hellerkantri\/wp-content\/uploads\/2011\/05\/pip-300x216.jpg 300w, https:\/\/kelgukoerad.ee\/hellerkantri\/wp-content\/uploads\/2011\/05\/pip.jpg 800w\" sizes=\"(max-width: 750px) 100vw, 750px\" \/><\/a><figcaption>Pipi esimene talv, 2012a.<\/figcaption><\/figure>\n\n\n\n<figure class=\"wp-block-image\"><a href=\"https:\/\/kelgukoerad.ee\/hellerkantri\/wp-content\/uploads\/2011\/05\/pipi3.jpg\"><img loading=\"lazy\" width=\"399\" height=\"600\" src=\"https:\/\/kelgukoerad.ee\/hellerkantri\/wp-content\/uploads\/2011\/05\/pipi3.jpg\" alt=\"\" class=\"wp-image-2055\" srcset=\"https:\/\/kelgukoerad.ee\/hellerkantri\/wp-content\/uploads\/2011\/05\/pipi3.jpg 399w, https:\/\/kelgukoerad.ee\/hellerkantri\/wp-content\/uploads\/2011\/05\/pipi3-199x300.jpg 199w\" sizes=\"(max-width: 399px) 100vw, 399px\" \/><\/a><figcaption>Ca 6-8 kuune Pipi.<\/figcaption><\/figure>\n\n\n\n<figure class=\"wp-block-image\"><a href=\"https:\/\/kelgukoerad.ee\/hellerkantri\/wp-content\/uploads\/2011\/05\/pipi.jpg\"><img loading=\"lazy\" width=\"720\" height=\"521\" src=\"https:\/\/kelgukoerad.ee\/hellerkantri\/wp-content\/uploads\/2011\/05\/pipi.jpg\" alt=\"\" class=\"wp-image-1947\" srcset=\"https:\/\/kelgukoerad.ee\/hellerkantri\/wp-content\/uploads\/2011\/05\/pipi.jpg 720w, https:\/\/kelgukoerad.ee\/hellerkantri\/wp-content\/uploads\/2011\/05\/pipi-600x434.jpg 600w, https:\/\/kelgukoerad.ee\/hellerkantri\/wp-content\/uploads\/2011\/05\/pipi-300x217.jpg 300w\" sizes=\"(max-width: 720px) 100vw, 720px\" \/><\/a><figcaption>Pisike Pipi, jaanuar 2011a.<\/figcaption><\/figure>\n\n\n\n<figure class=\"wp-block-image size-large\"><img loading=\"lazy\" width=\"750\" height=\"499\" src=\"https:\/\/kelgukoerad.ee\/hellerkantri\/wp-content\/uploads\/2012\/06\/Sans-titre.-2-750x499.jpg\" alt=\"\" class=\"wp-image-3144\" srcset=\"https:\/\/kelgukoerad.ee\/hellerkantri\/wp-content\/uploads\/2012\/06\/Sans-titre.-2-750x499.jpg 750w, https:\/\/kelgukoerad.ee\/hellerkantri\/wp-content\/uploads\/2012\/06\/Sans-titre.-2-600x400.jpg 600w, https:\/\/kelgukoerad.ee\/hellerkantri\/wp-content\/uploads\/2012\/06\/Sans-titre.-2-300x199.jpg 300w, https:\/\/kelgukoerad.ee\/hellerkantri\/wp-content\/uploads\/2012\/06\/Sans-titre.-2-190x126.jpg 190w, https:\/\/kelgukoerad.ee\/hellerkantri\/wp-content\/uploads\/2012\/06\/Sans-titre.-2-60x39.jpg 60w, https:\/\/kelgukoerad.ee\/hellerkantri\/wp-content\/uploads\/2012\/06\/Sans-titre.-2-400x266.jpg 400w, https:\/\/kelgukoerad.ee\/hellerkantri\/wp-content\/uploads\/2012\/06\/Sans-titre.-2.jpg 800w\" sizes=\"(max-width: 750px) 100vw, 750px\" \/><figcaption>Nilsson ja Pipi, 2010a.<\/figcaption><\/figure>\n","protected":false},"excerpt":{"rendered":"<p>Pipi on meie asendamatu rakendi juhtkoer ja endine v\u00f5istluskoer. Kodus tuntud kui Pipi, Pipe, Piip, Bibii. 06.12.2010 &#8211; 13.05.2013Ema: Ruusuritarin BelkaIsa: Dacabe ZorroKasvataja &amp; omanik: Helle KaljulaFCI \/ Eesti Kennelliidu register Iseloomustus Pipi on s\u00fcndinud 2010. aastal meie kennelis. Antud pesakond oli meie kenneli teine siberi husky pesakond. Selles pesakonnas s\u00fcndis 6 kutsikat, kellest 5&#8230; <\/p>\n","protected":false},"author":1,"featured_media":13289,"parent":0,"menu_order":27,"comment_status":"closed","ping_status":"closed","template":"","meta":{"_monsterinsights_skip_tracking":false,"_monsterinsights_sitenote_active":false,"_monsterinsights_sitenote_note":"","_monsterinsights_sitenote_category":0},"yoast_head":"<!-- This site is optimized with the Yoast SEO plugin v14.9 - https:\/\/yoast.com\/wordpress\/plugins\/seo\/ -->\n<title>Hellerkantri Pipi Pikksukk - Hellerkantri Huskypark<\/title>\n<meta name=\"robots\" content=\"index, follow, max-snippet:-1, max-image-preview:large, max-video-preview:-1\" \/>\n<link rel=\"canonical\" href=\"https:\/\/kelgukoerad.ee\/hellerkantri\/pipi-pikksukk\/\" \/>\n<meta property=\"og:locale\" content=\"en_US\" \/>\n<meta property=\"og:type\" content=\"article\" \/>\n<meta property=\"og:title\" content=\"Hellerkantri Pipi Pikksukk - Hellerkantri Huskypark\" \/>\n<meta property=\"og:description\" content=\"Pipi on meie asendamatu rakendi juhtkoer ja endine v\u00f5istluskoer. Kodus tuntud kui Pipi, Pipe, Piip, Bibii. 06.12.2010 &#8211; 13.05.2013Ema: Ruusuritarin BelkaIsa: Dacabe ZorroKasvataja &amp; omanik: Helle KaljulaFCI \/ Eesti Kennelliidu register Iseloomustus Pipi on s\u00fcndinud 2010. aastal meie kennelis. Antud pesakond oli meie kenneli teine siberi husky pesakond. Selles pesakonnas s\u00fcndis 6 kutsikat, kellest 5...\" \/>\n<meta property=\"og:url\" content=\"https:\/\/kelgukoerad.ee\/hellerkantri\/pipi-pikksukk\/\" \/>\n<meta property=\"og:site_name\" content=\"Hellerkantri Huskypark\" \/>\n<meta property=\"article:modified_time\" content=\"2023-05-27T14:50:15+00:00\" \/>\n<meta property=\"og:image\" content=\"https:\/\/kelgukoerad.ee\/hellerkantri\/wp-content\/uploads\/2020\/03\/Hellerkantri-Pipi-Pikksukk-2020.jpg\" \/>\n\t<meta property=\"og:image:width\" content=\"2048\" \/>\n\t<meta property=\"og:image:height\" content=\"937\" \/>\n<meta name=\"twitter:card\" content=\"summary_large_image\" \/>\n<script type=\"application\/ld+json\" class=\"yoast-schema-graph\">{\"@context\":\"https:\/\/schema.org\",\"@graph\":[{\"@type\":\"WebSite\",\"@id\":\"https:\/\/kelgukoerad.ee\/hellerkantri\/#website\",\"url\":\"https:\/\/kelgukoerad.ee\/hellerkantri\/\",\"name\":\"Hellerkantri Huskypark\",\"description\":\"Hellerkantri Huskypark - kelgukoerte kasvandus ja talu Raplamaal\",\"potentialAction\":[{\"@type\":\"SearchAction\",\"target\":\"https:\/\/kelgukoerad.ee\/hellerkantri\/?s={search_term_string}\",\"query-input\":\"required name=search_term_string\"}],\"inLanguage\":\"en-US\"},{\"@type\":\"ImageObject\",\"@id\":\"https:\/\/kelgukoerad.ee\/hellerkantri\/pipi-pikksukk\/#primaryimage\",\"inLanguage\":\"en-US\",\"url\":\"https:\/\/kelgukoerad.ee\/hellerkantri\/wp-content\/uploads\/2020\/03\/Hellerkantri-Pipi-Pikksukk-2020.jpg\",\"width\":2048,\"height\":937,\"caption\":\"Siberi husky Hellerkantri Pipi Pikksukk\"},{\"@type\":\"WebPage\",\"@id\":\"https:\/\/kelgukoerad.ee\/hellerkantri\/pipi-pikksukk\/#webpage\",\"url\":\"https:\/\/kelgukoerad.ee\/hellerkantri\/pipi-pikksukk\/\",\"name\":\"Hellerkantri Pipi Pikksukk - Hellerkantri Huskypark\",\"isPartOf\":{\"@id\":\"https:\/\/kelgukoerad.ee\/hellerkantri\/#website\"},\"primaryImageOfPage\":{\"@id\":\"https:\/\/kelgukoerad.ee\/hellerkantri\/pipi-pikksukk\/#primaryimage\"},\"datePublished\":\"2011-05-24T11:53:36+00:00\",\"dateModified\":\"2023-05-27T14:50:15+00:00\",\"inLanguage\":\"en-US\",\"potentialAction\":[{\"@type\":\"ReadAction\",\"target\":[\"https:\/\/kelgukoerad.ee\/hellerkantri\/pipi-pikksukk\/\"]}]}]}<\/script>\n<!-- \/ Yoast SEO plugin. -->","_links":{"self":[{"href":"https:\/\/kelgukoerad.ee\/hellerkantri\/wp-json\/wp\/v2\/pages\/1945"}],"collection":[{"href":"https:\/\/kelgukoerad.ee\/hellerkantri\/wp-json\/wp\/v2\/pages"}],"about":[{"href":"https:\/\/kelgukoerad.ee\/hellerkantri\/wp-json\/wp\/v2\/types\/page"}],"author":[{"embeddable":true,"href":"https:\/\/kelgukoerad.ee\/hellerkantri\/wp-json\/wp\/v2\/users\/1"}],"replies":[{"embeddable":true,"href":"https:\/\/kelgukoerad.ee\/hellerkantri\/wp-json\/wp\/v2\/comments?post=1945"}],"version-history":[{"count":27,"href":"https:\/\/kelgukoerad.ee\/hellerkantri\/wp-json\/wp\/v2\/pages\/1945\/revisions"}],"predecessor-version":[{"id":17040,"href":"https:\/\/kelgukoerad.ee\/hellerkantri\/wp-json\/wp\/v2\/pages\/1945\/revisions\/17040"}],"wp:featuredmedia":[{"embeddable":true,"href":"https:\/\/kelgukoerad.ee\/hellerkantri\/wp-json\/wp\/v2\/media\/13289"}],"wp:attachment":[{"href":"https:\/\/kelgukoerad.ee\/hellerkantri\/wp-json\/wp\/v2\/media?parent=1945"}],"curies":[{"name":"wp","href":"https:\/\/api.w.org\/{rel}","templated":true}]}}