{"id":1949,"date":"2011-05-24T13:56:21","date_gmt":"2011-05-24T11:56:21","guid":{"rendered":"http:\/\/kelgukoerad.ee\/hellerkantri\/?page_id=1949"},"modified":"2020-04-01T14:06:44","modified_gmt":"2020-04-01T12:06:44","slug":"mary-poppins","status":"publish","type":"page","link":"https:\/\/kelgukoerad.ee\/hellerkantri\/mary-poppins\/","title":{"rendered":"Hellerkantri Mary Poppins"},"content":{"rendered":"\n<p><strong>Endine juht &#8211; ja v\u00f5istluskoer, vanemas eas aga tubli rakendikoer.<\/strong><\/p>\n\n\n\n<p><em>Kodus tuntud kui Meery, Merisiga ja lihtsalt Siga :)) <\/em><\/p>\n\n\n\n<p><strong>S\u00fcndinud: <\/strong>06.12.2010<br><strong>Ema:<\/strong> Ruusuritarin Belka<br><strong>Isa:<\/strong> Dacabe Zorro<br><strong>Kasvataja &amp; omanik:<\/strong> Helle Kaljula<br><a rel=\"noreferrer noopener\" href=\"https:\/\/register.kennelliit.ee\/index.php?page=dogCard&amp;dogId=131804\" target=\"_blank\">FCI \/ Eesti Kennelliidu register<\/a><\/p>\n\n\n\n<h4>Iseloomustus<\/h4>\n\n\n\n<p>Meery on keskmisest veidi suuremat kasvu kena v\u00e4limikuga emane siberi husky. Meery on julge ja enesekindel koer. Kui me ta 2012.a jaanuaris esimest korda rakendisse panime k\u00e4itus ta juba nagu kogenud rakendikoer ning samal talvel n\u00e4gime temas ka juhtkoera potensiaali. T\u00e4naseks on Meerist saanud meie turismi &nbsp;&#8211; ja v\u00f5istlusrakendi tubli juhtkoer.<\/p>\n\n\n\n<p class=\"has-text-align-right\"><em>Kirjutatud 2015a.<\/em><\/p>\n\n\n\n<h4>N\u00e4itusekirjeldus<\/h4>\n\n\n\n<p>&#8220;Mono black&amp;white. Good feminine head but could use ears better. Good reach of neck. Well laid back shoulders. Level topline what she keeps when moves. Excellent angulation. Moves soundly coming &amp; going. Good tail carriage&#8221;.&nbsp;&#8211; Mrs. Barbara Stanier, kennel Arctictrek&nbsp;(UK). Hinne \u201csuurep\u00e4rane\u201d Eesti siberi huskyde erin\u00e4itusel.<br><\/p>\n\n\n\n<figure class=\"wp-block-image size-large\"><img loading=\"lazy\" width=\"1572\" height=\"1048\" src=\"https:\/\/kelgukoerad.ee\/hellerkantri\/wp-content\/uploads\/2020\/03\/Mary-Poppins-2020-1572x1048.jpg\" alt=\"\" class=\"wp-image-13300\" srcset=\"https:\/\/kelgukoerad.ee\/hellerkantri\/wp-content\/uploads\/2020\/03\/Mary-Poppins-2020-1572x1048.jpg 1572w, https:\/\/kelgukoerad.ee\/hellerkantri\/wp-content\/uploads\/2020\/03\/Mary-Poppins-2020-300x200.jpg 300w, https:\/\/kelgukoerad.ee\/hellerkantri\/wp-content\/uploads\/2020\/03\/Mary-Poppins-2020-200x133.jpg 200w, https:\/\/kelgukoerad.ee\/hellerkantri\/wp-content\/uploads\/2020\/03\/Mary-Poppins-2020-768x512.jpg 768w, https:\/\/kelgukoerad.ee\/hellerkantri\/wp-content\/uploads\/2020\/03\/Mary-Poppins-2020-1536x1024.jpg 1536w, https:\/\/kelgukoerad.ee\/hellerkantri\/wp-content\/uploads\/2020\/03\/Mary-Poppins-2020.jpg 2048w\" sizes=\"(max-width: 1572px) 100vw, 1572px\" \/><figcaption>9a. Meery 2020a kevadel.<\/figcaption><\/figure>\n\n\n\n<figure class=\"wp-block-image size-large\"><img loading=\"lazy\" width=\"1572\" height=\"1048\" src=\"https:\/\/kelgukoerad.ee\/hellerkantri\/wp-content\/uploads\/2020\/03\/Siberi-huskyd-kennel-Hellerkantri-2019-1572x1048.jpg\" alt=\"Siberi huskyd kennel Hellerkantri 2019\" class=\"wp-image-13179\" srcset=\"https:\/\/kelgukoerad.ee\/hellerkantri\/wp-content\/uploads\/2020\/03\/Siberi-huskyd-kennel-Hellerkantri-2019-1572x1048.jpg 1572w, https:\/\/kelgukoerad.ee\/hellerkantri\/wp-content\/uploads\/2020\/03\/Siberi-huskyd-kennel-Hellerkantri-2019-300x200.jpg 300w, https:\/\/kelgukoerad.ee\/hellerkantri\/wp-content\/uploads\/2020\/03\/Siberi-huskyd-kennel-Hellerkantri-2019-200x133.jpg 200w, https:\/\/kelgukoerad.ee\/hellerkantri\/wp-content\/uploads\/2020\/03\/Siberi-huskyd-kennel-Hellerkantri-2019-768x512.jpg 768w, https:\/\/kelgukoerad.ee\/hellerkantri\/wp-content\/uploads\/2020\/03\/Siberi-huskyd-kennel-Hellerkantri-2019-1536x1024.jpg 1536w, https:\/\/kelgukoerad.ee\/hellerkantri\/wp-content\/uploads\/2020\/03\/Siberi-huskyd-kennel-Hellerkantri-2019.jpg 2048w\" sizes=\"(max-width: 1572px) 100vw, 1572px\" \/><figcaption>Meery, Pikker ja Maya<\/figcaption><\/figure>\n\n\n\n<figure class=\"wp-block-image\"><a href=\"https:\/\/kelgukoerad.ee\/hellerkantri\/wp-content\/uploads\/2011\/05\/meeri-2012.jpg\"><img loading=\"lazy\" width=\"720\" height=\"479\" src=\"https:\/\/kelgukoerad.ee\/hellerkantri\/wp-content\/uploads\/2011\/05\/meeri-2012.jpg\" alt=\"Meeri, 2012a.\" class=\"wp-image-3517\" srcset=\"https:\/\/kelgukoerad.ee\/hellerkantri\/wp-content\/uploads\/2011\/05\/meeri-2012.jpg 720w, https:\/\/kelgukoerad.ee\/hellerkantri\/wp-content\/uploads\/2011\/05\/meeri-2012-600x399.jpg 600w, https:\/\/kelgukoerad.ee\/hellerkantri\/wp-content\/uploads\/2011\/05\/meeri-2012-300x199.jpg 300w, https:\/\/kelgukoerad.ee\/hellerkantri\/wp-content\/uploads\/2011\/05\/meeri-2012-190x126.jpg 190w, https:\/\/kelgukoerad.ee\/hellerkantri\/wp-content\/uploads\/2011\/05\/meeri-2012-60x39.jpg 60w, https:\/\/kelgukoerad.ee\/hellerkantri\/wp-content\/uploads\/2011\/05\/meeri-2012-400x266.jpg 400w\" sizes=\"(max-width: 720px) 100vw, 720px\" \/><\/a><figcaption>Ca 8-kuune Meery oma suvises kasukas. Tegelikult on Meeryl v\u00e4ga ilus ja rikkalik karvastik.<\/figcaption><\/figure>\n\n\n\n<figure class=\"wp-block-image\"><a href=\"https:\/\/kelgukoerad.ee\/hellerkantri\/wp-content\/uploads\/2011\/05\/meeri7.jpg\"><img loading=\"lazy\" width=\"750\" height=\"499\" src=\"https:\/\/kelgukoerad.ee\/hellerkantri\/wp-content\/uploads\/2011\/05\/meeri7-750x499.jpg\" alt=\"\" class=\"wp-image-2942\" srcset=\"https:\/\/kelgukoerad.ee\/hellerkantri\/wp-content\/uploads\/2011\/05\/meeri7-750x499.jpg 750w, https:\/\/kelgukoerad.ee\/hellerkantri\/wp-content\/uploads\/2011\/05\/meeri7-600x400.jpg 600w, https:\/\/kelgukoerad.ee\/hellerkantri\/wp-content\/uploads\/2011\/05\/meeri7-300x199.jpg 300w, https:\/\/kelgukoerad.ee\/hellerkantri\/wp-content\/uploads\/2011\/05\/meeri7.jpg 800w\" sizes=\"(max-width: 750px) 100vw, 750px\" \/><\/a><figcaption>2012a.<\/figcaption><\/figure>\n\n\n\n<figure class=\"wp-block-image\"><img loading=\"lazy\" width=\"750\" height=\"469\" src=\"https:\/\/kelgukoerad.ee\/hellerkantri\/wp-content\/uploads\/2011\/05\/huskyd-750x469.jpg\" alt=\"\" class=\"wp-image-2816\" srcset=\"https:\/\/kelgukoerad.ee\/hellerkantri\/wp-content\/uploads\/2011\/05\/huskyd-750x469.jpg 750w, https:\/\/kelgukoerad.ee\/hellerkantri\/wp-content\/uploads\/2011\/05\/huskyd-600x376.jpg 600w, https:\/\/kelgukoerad.ee\/hellerkantri\/wp-content\/uploads\/2011\/05\/huskyd-300x187.jpg 300w, https:\/\/kelgukoerad.ee\/hellerkantri\/wp-content\/uploads\/2011\/05\/huskyd.jpg 800w\" sizes=\"(max-width: 750px) 100vw, 750px\" \/><figcaption><em>Meeri juhtkoera kogemusi poolvenna Zipo k\u00f5rval saamas.<\/em><\/figcaption><\/figure>\n\n\n\n<figure class=\"wp-block-image\"><a href=\"https:\/\/kelgukoerad.ee\/hellerkantri\/wp-content\/uploads\/2011\/05\/meeri5.jpg\"><img loading=\"lazy\" width=\"433\" height=\"600\" src=\"https:\/\/kelgukoerad.ee\/hellerkantri\/wp-content\/uploads\/2011\/05\/meeri5-433x600.jpg\" alt=\"\" class=\"wp-image-2057\" srcset=\"https:\/\/kelgukoerad.ee\/hellerkantri\/wp-content\/uploads\/2011\/05\/meeri5-433x600.jpg 433w, https:\/\/kelgukoerad.ee\/hellerkantri\/wp-content\/uploads\/2011\/05\/meeri5-216x300.jpg 216w, https:\/\/kelgukoerad.ee\/hellerkantri\/wp-content\/uploads\/2011\/05\/meeri5.jpg 578w\" sizes=\"(max-width: 433px) 100vw, 433px\" \/><\/a><\/figure>\n\n\n\n<figure class=\"wp-block-image\"><a href=\"https:\/\/kelgukoerad.ee\/hellerkantri\/wp-content\/uploads\/2011\/05\/meeri.jpg\"><img loading=\"lazy\" width=\"433\" height=\"600\" src=\"https:\/\/kelgukoerad.ee\/hellerkantri\/wp-content\/uploads\/2011\/05\/meeri-433x600.jpg\" alt=\"\" class=\"wp-image-1952\" srcset=\"https:\/\/kelgukoerad.ee\/hellerkantri\/wp-content\/uploads\/2011\/05\/meeri-433x600.jpg 433w, https:\/\/kelgukoerad.ee\/hellerkantri\/wp-content\/uploads\/2011\/05\/meeri-216x300.jpg 216w, https:\/\/kelgukoerad.ee\/hellerkantri\/wp-content\/uploads\/2011\/05\/meeri.jpg 520w\" sizes=\"(max-width: 433px) 100vw, 433px\" \/><\/a><\/figure>\n\n\n\n<figure class=\"wp-block-image\"><a href=\"https:\/\/kelgukoerad.ee\/hellerkantri\/wp-content\/uploads\/2011\/05\/meeri3.jpg\"><img loading=\"lazy\" width=\"720\" height=\"519\" src=\"https:\/\/kelgukoerad.ee\/hellerkantri\/wp-content\/uploads\/2011\/05\/meeri3.jpg\" alt=\"\" class=\"wp-image-1954\" srcset=\"https:\/\/kelgukoerad.ee\/hellerkantri\/wp-content\/uploads\/2011\/05\/meeri3.jpg 720w, https:\/\/kelgukoerad.ee\/hellerkantri\/wp-content\/uploads\/2011\/05\/meeri3-600x433.jpg 600w, https:\/\/kelgukoerad.ee\/hellerkantri\/wp-content\/uploads\/2011\/05\/meeri3-300x216.jpg 300w\" sizes=\"(max-width: 720px) 100vw, 720px\" \/><\/a><\/figure>\n\n\n\n<figure class=\"wp-block-image\"><a href=\"https:\/\/kelgukoerad.ee\/hellerkantri\/wp-content\/uploads\/2011\/05\/meeri4.jpg\"><img loading=\"lazy\" width=\"720\" height=\"480\" src=\"https:\/\/kelgukoerad.ee\/hellerkantri\/wp-content\/uploads\/2011\/05\/meeri4.jpg\" alt=\"\" class=\"wp-image-1957\" srcset=\"https:\/\/kelgukoerad.ee\/hellerkantri\/wp-content\/uploads\/2011\/05\/meeri4.jpg 720w, https:\/\/kelgukoerad.ee\/hellerkantri\/wp-content\/uploads\/2011\/05\/meeri4-600x400.jpg 600w, https:\/\/kelgukoerad.ee\/hellerkantri\/wp-content\/uploads\/2011\/05\/meeri4-300x200.jpg 300w\" sizes=\"(max-width: 720px) 100vw, 720px\" \/><\/a><figcaption>V\u00e4ike Meery :)<\/figcaption><\/figure>\n\n\n\n<figure class=\"wp-block-image\"><a href=\"https:\/\/kelgukoerad.ee\/hellerkantri\/wp-content\/uploads\/2010\/05\/pesakond2.jpg\"><img loading=\"lazy\" width=\"1200\" height=\"597\" src=\"https:\/\/kelgukoerad.ee\/hellerkantri\/wp-content\/uploads\/2010\/05\/pesakond2.jpg\" alt=\"Nemo, Pikksukk, Nilsson, Harry, Mary, Tom\" class=\"wp-image-1722\" srcset=\"https:\/\/kelgukoerad.ee\/hellerkantri\/wp-content\/uploads\/2010\/05\/pesakond2.jpg 1200w, https:\/\/kelgukoerad.ee\/hellerkantri\/wp-content\/uploads\/2010\/05\/pesakond2-600x299.jpg 600w, https:\/\/kelgukoerad.ee\/hellerkantri\/wp-content\/uploads\/2010\/05\/pesakond2-300x149.jpg 300w, https:\/\/kelgukoerad.ee\/hellerkantri\/wp-content\/uploads\/2010\/05\/pesakond2-750x373.jpg 750w\" sizes=\"(max-width: 1200px) 100vw, 1200px\" \/><\/a><figcaption><em>Nemo, Pipi, Nilsson, Potter, Meeri ja Tom<\/em>, 2011a. jaanuar.<\/figcaption><\/figure>\n\n\n\n<p><\/p>\n","protected":false},"excerpt":{"rendered":"<p>Endine juht &#8211; ja v\u00f5istluskoer, vanemas eas aga tubli rakendikoer. Kodus tuntud kui Meery, Merisiga ja lihtsalt Siga :)) S\u00fcndinud: 06.12.2010Ema: Ruusuritarin BelkaIsa: Dacabe ZorroKasvataja &amp; omanik: Helle KaljulaFCI \/ Eesti Kennelliidu register Iseloomustus Meery on keskmisest veidi suuremat kasvu kena v\u00e4limikuga emane siberi husky. Meery on julge ja enesekindel koer. Kui me ta 2012.a&#8230; <\/p>\n","protected":false},"author":1,"featured_media":13232,"parent":0,"menu_order":28,"comment_status":"closed","ping_status":"closed","template":"","meta":{"_monsterinsights_skip_tracking":false,"_monsterinsights_sitenote_active":false,"_monsterinsights_sitenote_note":"","_monsterinsights_sitenote_category":0},"yoast_head":"<!-- This site is optimized with the Yoast SEO plugin v14.9 - https:\/\/yoast.com\/wordpress\/plugins\/seo\/ -->\n<title>Hellerkantri Mary Poppins - Hellerkantri Huskypark<\/title>\n<meta name=\"robots\" content=\"index, follow, max-snippet:-1, max-image-preview:large, max-video-preview:-1\" \/>\n<link rel=\"canonical\" href=\"https:\/\/kelgukoerad.ee\/hellerkantri\/mary-poppins\/\" \/>\n<meta property=\"og:locale\" content=\"en_US\" \/>\n<meta property=\"og:type\" content=\"article\" \/>\n<meta property=\"og:title\" content=\"Hellerkantri Mary Poppins - Hellerkantri Huskypark\" \/>\n<meta property=\"og:description\" content=\"Endine juht &#8211; ja v\u00f5istluskoer, vanemas eas aga tubli rakendikoer. Kodus tuntud kui Meery, Merisiga ja lihtsalt Siga :)) S\u00fcndinud: 06.12.2010Ema: Ruusuritarin BelkaIsa: Dacabe ZorroKasvataja &amp; omanik: Helle KaljulaFCI \/ Eesti Kennelliidu register Iseloomustus Meery on keskmisest veidi suuremat kasvu kena v\u00e4limikuga emane siberi husky. Meery on julge ja enesekindel koer. Kui me ta 2012.a...\" \/>\n<meta property=\"og:url\" content=\"https:\/\/kelgukoerad.ee\/hellerkantri\/mary-poppins\/\" \/>\n<meta property=\"og:site_name\" content=\"Hellerkantri Huskypark\" \/>\n<meta property=\"article:modified_time\" content=\"2020-04-01T12:06:44+00:00\" \/>\n<meta property=\"og:image\" content=\"https:\/\/kelgukoerad.ee\/hellerkantri\/wp-content\/uploads\/2020\/03\/Hellerkantri-Mary-Poppins-2019.jpg\" \/>\n\t<meta property=\"og:image:width\" content=\"2048\" \/>\n\t<meta property=\"og:image:height\" content=\"937\" \/>\n<meta name=\"twitter:card\" content=\"summary_large_image\" \/>\n<script type=\"application\/ld+json\" class=\"yoast-schema-graph\">{\"@context\":\"https:\/\/schema.org\",\"@graph\":[{\"@type\":\"WebSite\",\"@id\":\"https:\/\/kelgukoerad.ee\/hellerkantri\/#website\",\"url\":\"https:\/\/kelgukoerad.ee\/hellerkantri\/\",\"name\":\"Hellerkantri Huskypark\",\"description\":\"Hellerkantri Huskypark - kelgukoerte kasvandus ja talu Raplamaal\",\"potentialAction\":[{\"@type\":\"SearchAction\",\"target\":\"https:\/\/kelgukoerad.ee\/hellerkantri\/?s={search_term_string}\",\"query-input\":\"required name=search_term_string\"}],\"inLanguage\":\"en-US\"},{\"@type\":\"ImageObject\",\"@id\":\"https:\/\/kelgukoerad.ee\/hellerkantri\/mary-poppins\/#primaryimage\",\"inLanguage\":\"en-US\",\"url\":\"https:\/\/kelgukoerad.ee\/hellerkantri\/wp-content\/uploads\/2020\/03\/Hellerkantri-Mary-Poppins-2019.jpg\",\"width\":2048,\"height\":937},{\"@type\":\"WebPage\",\"@id\":\"https:\/\/kelgukoerad.ee\/hellerkantri\/mary-poppins\/#webpage\",\"url\":\"https:\/\/kelgukoerad.ee\/hellerkantri\/mary-poppins\/\",\"name\":\"Hellerkantri Mary Poppins - Hellerkantri Huskypark\",\"isPartOf\":{\"@id\":\"https:\/\/kelgukoerad.ee\/hellerkantri\/#website\"},\"primaryImageOfPage\":{\"@id\":\"https:\/\/kelgukoerad.ee\/hellerkantri\/mary-poppins\/#primaryimage\"},\"datePublished\":\"2011-05-24T11:56:21+00:00\",\"dateModified\":\"2020-04-01T12:06:44+00:00\",\"inLanguage\":\"en-US\",\"potentialAction\":[{\"@type\":\"ReadAction\",\"target\":[\"https:\/\/kelgukoerad.ee\/hellerkantri\/mary-poppins\/\"]}]}]}<\/script>\n<!-- \/ Yoast SEO plugin. -->","_links":{"self":[{"href":"https:\/\/kelgukoerad.ee\/hellerkantri\/wp-json\/wp\/v2\/pages\/1949"}],"collection":[{"href":"https:\/\/kelgukoerad.ee\/hellerkantri\/wp-json\/wp\/v2\/pages"}],"about":[{"href":"https:\/\/kelgukoerad.ee\/hellerkantri\/wp-json\/wp\/v2\/types\/page"}],"author":[{"embeddable":true,"href":"https:\/\/kelgukoerad.ee\/hellerkantri\/wp-json\/wp\/v2\/users\/1"}],"replies":[{"embeddable":true,"href":"https:\/\/kelgukoerad.ee\/hellerkantri\/wp-json\/wp\/v2\/comments?post=1949"}],"version-history":[{"count":41,"href":"https:\/\/kelgukoerad.ee\/hellerkantri\/wp-json\/wp\/v2\/pages\/1949\/revisions"}],"predecessor-version":[{"id":13304,"href":"https:\/\/kelgukoerad.ee\/hellerkantri\/wp-json\/wp\/v2\/pages\/1949\/revisions\/13304"}],"wp:featuredmedia":[{"embeddable":true,"href":"https:\/\/kelgukoerad.ee\/hellerkantri\/wp-json\/wp\/v2\/media\/13232"}],"wp:attachment":[{"href":"https:\/\/kelgukoerad.ee\/hellerkantri\/wp-json\/wp\/v2\/media?parent=1949"}],"curies":[{"name":"wp","href":"https:\/\/api.w.org\/{rel}","templated":true}]}}