{"id":2006,"date":"2011-05-24T14:28:01","date_gmt":"2011-05-24T12:28:01","guid":{"rendered":"http:\/\/kelgukoerad.ee\/hellerkantri\/?page_id=2006"},"modified":"2020-06-26T17:18:31","modified_gmt":"2020-06-26T15:18:31","slug":"aptorhome-rocco","status":"publish","type":"page","link":"https:\/\/kelgukoerad.ee\/hellerkantri\/aptorhome-rocco\/","title":{"rendered":"Aptorhome Rocco"},"content":{"rendered":"\n<p><strong>Rakendi juhtkoer ja aretuskoer. V\u00f5istluskoer aastatel 2011-2016.<\/strong><\/p>\n\n\n\n<p><em>Rocco on koduselt veel tuntud ka kui Roca, Rocodill, Krokodill ja Kroks :) <\/em><\/p>\n\n\n\n<p><strong>S\u00fcndinud:<\/strong>&nbsp;27.05.2010<strong><br>Ema:<\/strong>&nbsp;Sainen Welda<br><strong>Isa:<\/strong>&nbsp;Dacabe Zombi<br><strong>Kasvataja:<\/strong>&nbsp;Sulev Aarma<br><strong>Omanik: <\/strong>Helle Kaljula<br><strong><a rel=\"noreferrer noopener\" aria-label=\"FCI \/ Eesti Kennelliidu register (opens in a new tab)\" href=\"https:\/\/register.kennelliit.ee\/index.php?page=dogCard&amp;dogId=127804\" target=\"_blank\">FCI \/ Eesti Kennelliidu register<\/a><\/strong><\/p>\n\n\n\n<h4>Iseloomustus<\/h4>\n\n\n\n<p>Rocco on keskmisest veidi suuremat kasvu, ilusa tiheda karvastikuga isane siberi husky. Rocco on meie aretusisase &#8211; Dacabe Zombi, aliment kutsikas ning ta on s\u00fcndinud kennelis Aptorhome. Rocco j\u00e4i sellest pesakonnast meile k\u00f5ige enam silma ja nii ta v\u00e4ljavalituks sai ning meile elama tuli. Rocco v\u00f5istles 2011.aastal noorele eale ja v\u00e4hesele v\u00f5istluskogemusele vaatamata Mariini MMi rakendis, saavutades 4-koera k\u00e4ruveo klassis 15.koha. Rocco \u00f5de Rymma (koduselt Luna) elab Leedus, ta on mitmekordne jalgrattaveo Baltic Cup karikasarja v\u00f5itja ning suurimaks saavutuseks on maailmameistri v\u00f5istlustel h\u00f5bemedal (omanik Ridas Kara\u0161ka).<\/p>\n\n\n\n<p>Iseloomust r\u00e4\u00e4kides v\u00f5ib \u00f6elda, et Rocco on meil k\u00f5ige suurem lembelinnuke, kes naudib inimese t\u00e4helepanu ja paitusi. Rocco on julge, kiire ja eriti innukas vedaja, kes annab endast rakendis maksimumi. Kuid noorukina oli ta \u00fcsna paigalp\u00fcsimatu kukeke. Rakendis joostes pakkusid talle alatihti huvi p\u00f5ldudel olevad linnukesed ja loomakesed. Samuti ei \u00f6elnud ta \u00e4ra v\u00f5imalusest v\u00f5tta s\u00f5na m\u00f5ne omast vanema isasega.  Teismeea m\u00f6\u00f6dudes ja aina suureneva v\u00f5istluskogemusega muutus Rocco \u00fcha paremaks ja tublimaks. Temast kujunes kindel juhtkoer ja d\u017eentelm\u00e4n, keda ei huvitanud enam s\u00f5nav\u00f5tud matsidega :-D Roccost r\u00e4\u00e4kides ei saa mainimata j\u00e4tta, et tegemist on \u00fche suuremat sorti Casanovaga (vt. pilte all pool). Kui m\u00f5nel l\u00e4heduses elaval emasel on jooksuaeg siis Rocco on kui n\u00f5iutud &#8211;  ta v\u00f5ib naaberaediku \u00e4\u00e4res istuda, kaevata ja oodata mitmeid p\u00e4evi, sealjuures ununeb muidugi ka s\u00f6\u00f6mine. Teist sellist meil ei ole. Kuigi kui meenutada siis Rocco isa Zombil oli samuti emaste jooksuaegadel pea ja m\u00f5tted pilvedes&#8230;. :)  Roccol on olnud 3 pesakonda j\u00e4rglasi kolme erineva emasega: <a href=\"https:\/\/kelgukoerad.ee\/hellerkantri\/coastrunners-mac-big-hug\">Coastrunner&#8217;s Mac Big Hug<\/a> (<a rel=\"noreferrer noopener\" aria-label=\"J-pesakond, 2014a (opens in a new tab)\" href=\"https:\/\/register.kennelliit.ee\/index.php?page=dogCard&amp;dogId=200985\" target=\"_blank\">J-pesakond, 2014a<\/a>.), <a href=\"https:\/\/kelgukoerad.ee\/hellerkantri\/mary-poppins\">Hellerkantri Mary Poppins<\/a> (<a rel=\"noreferrer noopener\" aria-label=\"M-pesakond, 2015a (opens in a new tab)\" href=\"https:\/\/register.kennelliit.ee\/index.php?page=dogCard&amp;dogId=216297\" target=\"_blank\">M-pesakond, 2015a<\/a>.) ja <a href=\"https:\/\/kelgukoerad.ee\/hellerkantri\/maglelin-genji\">Maglelin Genji<\/a> (<a rel=\"noreferrer noopener\" aria-label=\"T-pesakond, 2018a (opens in a new tab)\" href=\"https:\/\/register.kennelliit.ee\/index.php?page=dogCard&amp;dogId=277913\" target=\"_blank\">T-pesakond, 2018a<\/a>.). Tuleb tunnistada, et M-pesakond oli Rocco ja tema v\u00f5istluskaaslaseMary Poppinsi salaplaan&#8230; sellist vanemate kombinatsiooni ei oleks me ise kindlasti kokku pannud. Kuid t\u00e4na v\u00f5ime aga \u00f6elda, et nende omavaheline plaan osutus v\u00e4gagi \u00f5nnestunuks. J\u00e4tsime sellest pesakonnast endale <a href=\"https:\/\/kelgukoerad.ee\/hellerkantri\/monton\/\">Montoni<\/a>, <a href=\"https:\/\/kelgukoerad.ee\/hellerkantri\/moony\/\">Moony<\/a> ja <a href=\"https:\/\/kelgukoerad.ee\/hellerkantri\/maya\/\">Maya<\/a>. Montonist on saanud meile uus juhtkoer, Moonyst on saamas juhtkoer ja meie k\u00f5igi lemmik Maya on t\u00f5eliselt armastusv\u00e4\u00e4rne husky, keda plaanime tulevikus ka aretuses kasutada. Rocco esimesest pesakonnast elab meie kennelis <a href=\"https:\/\/kelgukoerad.ee\/hellerkantri\/janku\/\">J\u00e4nku<\/a>, kellest on samuti saanud juhtkoer. Tublid rakendi juhtkoerad on veel ka Rocco j\u00e4rglased Jipii Milka ja Turbo, kes elavad kennelis Myrgel&#8217;s. Muidugi esineb igas koeras ka puudusi (ideaalset koera ei ole olemas!) kuid \u00fcle\u00fcldiselt on Rocco meie jaoks suurep\u00e4rane koer ja v\u00e4\u00e4rtuslik aretuskoer, kelle j\u00e4rglastes on tublisti juhtkoera hinge. Ka Rocco enda isa, Dacabe Zombi, oli Soome t\u00f6\u00f6t\u0161empion ning sooritanud Soomes juhtkoera testi k\u00f5rgeimale hindele. K\u00e4bid ei ole k\u00e4ndudest kaugele kukkunud :)<\/p>\n\n\n\n<p class=\"has-text-align-right\"><em>Iseloomustus on kirjutatud 2020a. <\/em><\/p>\n\n\n\n<figure class=\"wp-block-image size-large\"><img loading=\"lazy\" width=\"1571\" height=\"1048\" src=\"https:\/\/kelgukoerad.ee\/hellerkantri\/wp-content\/uploads\/2020\/04\/Aptorhome-Rocco-2018-1571x1048.jpg\" alt=\"\" class=\"wp-image-13807\" srcset=\"https:\/\/kelgukoerad.ee\/hellerkantri\/wp-content\/uploads\/2020\/04\/Aptorhome-Rocco-2018-1571x1048.jpg 1571w, https:\/\/kelgukoerad.ee\/hellerkantri\/wp-content\/uploads\/2020\/04\/Aptorhome-Rocco-2018-300x200.jpg 300w, https:\/\/kelgukoerad.ee\/hellerkantri\/wp-content\/uploads\/2020\/04\/Aptorhome-Rocco-2018-200x133.jpg 200w, https:\/\/kelgukoerad.ee\/hellerkantri\/wp-content\/uploads\/2020\/04\/Aptorhome-Rocco-2018-768x512.jpg 768w, https:\/\/kelgukoerad.ee\/hellerkantri\/wp-content\/uploads\/2020\/04\/Aptorhome-Rocco-2018-1536x1025.jpg 1536w, https:\/\/kelgukoerad.ee\/hellerkantri\/wp-content\/uploads\/2020\/04\/Aptorhome-Rocco-2018.jpg 1800w\" sizes=\"(max-width: 1571px) 100vw, 1571px\" \/><figcaption>Balto Kevadkarikas 2018 v\u00f5istlusel.<\/figcaption><\/figure>\n\n\n\n<figure class=\"wp-block-image size-large\"><img loading=\"lazy\" width=\"1572\" height=\"1048\" src=\"https:\/\/kelgukoerad.ee\/hellerkantri\/wp-content\/uploads\/2020\/03\/Rocco-kaevetoo-1572x1048.jpg\" alt=\"\" class=\"wp-image-13138\" srcset=\"https:\/\/kelgukoerad.ee\/hellerkantri\/wp-content\/uploads\/2020\/03\/Rocco-kaevetoo-1572x1048.jpg 1572w, https:\/\/kelgukoerad.ee\/hellerkantri\/wp-content\/uploads\/2020\/03\/Rocco-kaevetoo-300x200.jpg 300w, https:\/\/kelgukoerad.ee\/hellerkantri\/wp-content\/uploads\/2020\/03\/Rocco-kaevetoo-200x133.jpg 200w, https:\/\/kelgukoerad.ee\/hellerkantri\/wp-content\/uploads\/2020\/03\/Rocco-kaevetoo-768x512.jpg 768w, https:\/\/kelgukoerad.ee\/hellerkantri\/wp-content\/uploads\/2020\/03\/Rocco-kaevetoo-1536x1024.jpg 1536w, https:\/\/kelgukoerad.ee\/hellerkantri\/wp-content\/uploads\/2020\/03\/Rocco-kaevetoo.jpg 2048w\" sizes=\"(max-width: 1572px) 100vw, 1572px\" \/><figcaption>\u00dchel s\u00fcgishommikul (2019a.) avanes \u00f5ue minnes selline vaatepilt: Rocco oli oma aedikust v\u00e4lja muukinud ja kaevanud Embla aia taha suure augu. Ise augus truult oodates. Emblal oli jooksuaeg.<\/figcaption><\/figure>\n\n\n\n<figure class=\"wp-block-image size-large\"><img loading=\"lazy\" width=\"1572\" height=\"1048\" src=\"https:\/\/kelgukoerad.ee\/hellerkantri\/wp-content\/uploads\/2020\/03\/Rocco-kaevik-2019-1572x1048.jpg\" alt=\"Siberi husky kaevamine\" class=\"wp-image-13140\" srcset=\"https:\/\/kelgukoerad.ee\/hellerkantri\/wp-content\/uploads\/2020\/03\/Rocco-kaevik-2019-1572x1048.jpg 1572w, https:\/\/kelgukoerad.ee\/hellerkantri\/wp-content\/uploads\/2020\/03\/Rocco-kaevik-2019-300x200.jpg 300w, https:\/\/kelgukoerad.ee\/hellerkantri\/wp-content\/uploads\/2020\/03\/Rocco-kaevik-2019-200x133.jpg 200w, https:\/\/kelgukoerad.ee\/hellerkantri\/wp-content\/uploads\/2020\/03\/Rocco-kaevik-2019-768x512.jpg 768w, https:\/\/kelgukoerad.ee\/hellerkantri\/wp-content\/uploads\/2020\/03\/Rocco-kaevik-2019-1536x1024.jpg 1536w, https:\/\/kelgukoerad.ee\/hellerkantri\/wp-content\/uploads\/2020\/03\/Rocco-kaevik-2019.jpg 2048w\" sizes=\"(max-width: 1572px) 100vw, 1572px\" \/><figcaption>Ega vanus loe&#8230; Roccol arvab, et on 9 aastase veteranina veel k\u00fcllaltki tegutsemisindu t\u00e4is. Elu on meid \u00f5petanud &#8211; oleme aia alt l\u00e4bikaevamise koertele v\u00f5imatuks muutnud (pt\u00fci-pt\u00fci-pt\u00fci). <\/figcaption><\/figure>\n\n\n\n<figure class=\"wp-block-image size-large\"><img loading=\"lazy\" width=\"1572\" height=\"1048\" src=\"https:\/\/kelgukoerad.ee\/hellerkantri\/wp-content\/uploads\/2019\/11\/Hellerkantri-Huskypark-siberi-huskyde-rakend-2019-1572x1048.jpg\" alt=\"Hellerkantri Huskypark siberi huskyde rakend 2019\" class=\"wp-image-12299\" srcset=\"https:\/\/kelgukoerad.ee\/hellerkantri\/wp-content\/uploads\/2019\/11\/Hellerkantri-Huskypark-siberi-huskyde-rakend-2019-1572x1048.jpg 1572w, https:\/\/kelgukoerad.ee\/hellerkantri\/wp-content\/uploads\/2019\/11\/Hellerkantri-Huskypark-siberi-huskyde-rakend-2019-200x133.jpg 200w, https:\/\/kelgukoerad.ee\/hellerkantri\/wp-content\/uploads\/2019\/11\/Hellerkantri-Huskypark-siberi-huskyde-rakend-2019-300x200.jpg 300w, https:\/\/kelgukoerad.ee\/hellerkantri\/wp-content\/uploads\/2019\/11\/Hellerkantri-Huskypark-siberi-huskyde-rakend-2019-768x512.jpg 768w, https:\/\/kelgukoerad.ee\/hellerkantri\/wp-content\/uploads\/2019\/11\/Hellerkantri-Huskypark-siberi-huskyde-rakend-2019-600x400.jpg 600w, https:\/\/kelgukoerad.ee\/hellerkantri\/wp-content\/uploads\/2019\/11\/Hellerkantri-Huskypark-siberi-huskyde-rakend-2019.jpg 2048w\" sizes=\"(max-width: 1572px) 100vw, 1572px\" \/><figcaption>Rocco moodustab oma t\u00fctre J\u00e4nkuga v\u00e4ga hea juhtkoerte paari, 2019a.<\/figcaption><\/figure>\n\n\n\n<figure class=\"wp-block-image\"><a href=\"https:\/\/kelgukoerad.ee\/hellerkantri\/wp-content\/uploads\/2014\/02\/Aptorhome-Rocco-2014.jpg\"><img loading=\"lazy\" width=\"1000\" height=\"668\" src=\"https:\/\/kelgukoerad.ee\/hellerkantri\/wp-content\/uploads\/2014\/02\/Aptorhome-Rocco-2014.jpg\" alt=\"\" class=\"wp-image-6608\" srcset=\"https:\/\/kelgukoerad.ee\/hellerkantri\/wp-content\/uploads\/2014\/02\/Aptorhome-Rocco-2014.jpg 1000w, https:\/\/kelgukoerad.ee\/hellerkantri\/wp-content\/uploads\/2014\/02\/Aptorhome-Rocco-2014-600x401.jpg 600w, https:\/\/kelgukoerad.ee\/hellerkantri\/wp-content\/uploads\/2014\/02\/Aptorhome-Rocco-2014-200x133.jpg 200w, https:\/\/kelgukoerad.ee\/hellerkantri\/wp-content\/uploads\/2014\/02\/Aptorhome-Rocco-2014-300x200.jpg 300w, https:\/\/kelgukoerad.ee\/hellerkantri\/wp-content\/uploads\/2014\/02\/Aptorhome-Rocco-2014-750x501.jpg 750w, https:\/\/kelgukoerad.ee\/hellerkantri\/wp-content\/uploads\/2014\/02\/Aptorhome-Rocco-2014-190x126.jpg 190w, https:\/\/kelgukoerad.ee\/hellerkantri\/wp-content\/uploads\/2014\/02\/Aptorhome-Rocco-2014-60x40.jpg 60w, https:\/\/kelgukoerad.ee\/hellerkantri\/wp-content\/uploads\/2014\/02\/Aptorhome-Rocco-2014-400x267.jpg 400w\" sizes=\"(max-width: 1000px) 100vw, 1000px\" \/><\/a><figcaption>Rocco Paliveres Balto S\u00fcgiskross 2014 v\u00f5istluse stardi eel.<\/figcaption><\/figure>\n\n\n\n<figure class=\"wp-block-image\"><a href=\"https:\/\/kelgukoerad.ee\/hellerkantri\/wp-content\/uploads\/2010\/05\/Balto-Sygiskross-2014-Mariin-Kaljula-Hellerkantri-kelgukoerad.jpg\"><img loading=\"lazy\" width=\"1000\" height=\"724\" src=\"https:\/\/kelgukoerad.ee\/hellerkantri\/wp-content\/uploads\/2010\/05\/Balto-Sygiskross-2014-Mariin-Kaljula-Hellerkantri-kelgukoerad.jpg\" alt=\"\" class=\"wp-image-6614\" srcset=\"https:\/\/kelgukoerad.ee\/hellerkantri\/wp-content\/uploads\/2010\/05\/Balto-Sygiskross-2014-Mariin-Kaljula-Hellerkantri-kelgukoerad.jpg 1000w, https:\/\/kelgukoerad.ee\/hellerkantri\/wp-content\/uploads\/2010\/05\/Balto-Sygiskross-2014-Mariin-Kaljula-Hellerkantri-kelgukoerad-600x434.jpg 600w, https:\/\/kelgukoerad.ee\/hellerkantri\/wp-content\/uploads\/2010\/05\/Balto-Sygiskross-2014-Mariin-Kaljula-Hellerkantri-kelgukoerad-200x144.jpg 200w, https:\/\/kelgukoerad.ee\/hellerkantri\/wp-content\/uploads\/2010\/05\/Balto-Sygiskross-2014-Mariin-Kaljula-Hellerkantri-kelgukoerad-300x217.jpg 300w, https:\/\/kelgukoerad.ee\/hellerkantri\/wp-content\/uploads\/2010\/05\/Balto-Sygiskross-2014-Mariin-Kaljula-Hellerkantri-kelgukoerad-750x543.jpg 750w, https:\/\/kelgukoerad.ee\/hellerkantri\/wp-content\/uploads\/2010\/05\/Balto-Sygiskross-2014-Mariin-Kaljula-Hellerkantri-kelgukoerad-190x137.jpg 190w, https:\/\/kelgukoerad.ee\/hellerkantri\/wp-content\/uploads\/2010\/05\/Balto-Sygiskross-2014-Mariin-Kaljula-Hellerkantri-kelgukoerad-60x43.jpg 60w, https:\/\/kelgukoerad.ee\/hellerkantri\/wp-content\/uploads\/2010\/05\/Balto-Sygiskross-2014-Mariin-Kaljula-Hellerkantri-kelgukoerad-400x289.jpg 400w\" sizes=\"(max-width: 1000px) 100vw, 1000px\" \/><\/a><figcaption>Meeri ja Rocco juhtpaarina Balto S\u00fcgiskross 2014 v\u00f5istlusel Paliveres<br><\/figcaption><\/figure>\n\n\n\n<figure class=\"wp-block-image\"><a href=\"https:\/\/kelgukoerad.ee\/hellerkantri\/wp-content\/uploads\/2010\/06\/Hellerkantri-siberi-huskyd-2015.jpg\"><img loading=\"lazy\" width=\"1757\" height=\"1084\" src=\"https:\/\/kelgukoerad.ee\/hellerkantri\/wp-content\/uploads\/2010\/06\/Hellerkantri-siberi-huskyd-2015.jpg\" alt=\"\" class=\"wp-image-7233\" srcset=\"https:\/\/kelgukoerad.ee\/hellerkantri\/wp-content\/uploads\/2010\/06\/Hellerkantri-siberi-huskyd-2015.jpg 1757w, https:\/\/kelgukoerad.ee\/hellerkantri\/wp-content\/uploads\/2010\/06\/Hellerkantri-siberi-huskyd-2015-600x370.jpg 600w, https:\/\/kelgukoerad.ee\/hellerkantri\/wp-content\/uploads\/2010\/06\/Hellerkantri-siberi-huskyd-2015-200x123.jpg 200w, https:\/\/kelgukoerad.ee\/hellerkantri\/wp-content\/uploads\/2010\/06\/Hellerkantri-siberi-huskyd-2015-300x185.jpg 300w, https:\/\/kelgukoerad.ee\/hellerkantri\/wp-content\/uploads\/2010\/06\/Hellerkantri-siberi-huskyd-2015-750x462.jpg 750w, https:\/\/kelgukoerad.ee\/hellerkantri\/wp-content\/uploads\/2010\/06\/Hellerkantri-siberi-huskyd-2015-190x117.jpg 190w, https:\/\/kelgukoerad.ee\/hellerkantri\/wp-content\/uploads\/2010\/06\/Hellerkantri-siberi-huskyd-2015-60x37.jpg 60w, https:\/\/kelgukoerad.ee\/hellerkantri\/wp-content\/uploads\/2010\/06\/Hellerkantri-siberi-huskyd-2015-400x246.jpg 400w\" sizes=\"(max-width: 1757px) 100vw, 1757px\" \/><\/a><figcaption>Rocco tagumises paaris, Baltic Cup 2015 1.etapp Leedus<br><\/figcaption><\/figure>\n\n\n\n<figure class=\"wp-block-image\"><a href=\"https:\/\/kelgukoerad.ee\/hellerkantri\/wp-content\/uploads\/2014\/12\/Hellerkantri-siberi-huskyd-BC-finaal-2014.jpg\"><img loading=\"lazy\" width=\"1200\" height=\"817\" src=\"https:\/\/kelgukoerad.ee\/hellerkantri\/wp-content\/uploads\/2014\/12\/Hellerkantri-siberi-huskyd-BC-finaal-2014.jpg\" alt=\"\" class=\"wp-image-6820\" srcset=\"https:\/\/kelgukoerad.ee\/hellerkantri\/wp-content\/uploads\/2014\/12\/Hellerkantri-siberi-huskyd-BC-finaal-2014.jpg 1200w, https:\/\/kelgukoerad.ee\/hellerkantri\/wp-content\/uploads\/2014\/12\/Hellerkantri-siberi-huskyd-BC-finaal-2014-600x409.jpg 600w, https:\/\/kelgukoerad.ee\/hellerkantri\/wp-content\/uploads\/2014\/12\/Hellerkantri-siberi-huskyd-BC-finaal-2014-200x136.jpg 200w, https:\/\/kelgukoerad.ee\/hellerkantri\/wp-content\/uploads\/2014\/12\/Hellerkantri-siberi-huskyd-BC-finaal-2014-300x204.jpg 300w, https:\/\/kelgukoerad.ee\/hellerkantri\/wp-content\/uploads\/2014\/12\/Hellerkantri-siberi-huskyd-BC-finaal-2014-750x510.jpg 750w, https:\/\/kelgukoerad.ee\/hellerkantri\/wp-content\/uploads\/2014\/12\/Hellerkantri-siberi-huskyd-BC-finaal-2014-190x129.jpg 190w, https:\/\/kelgukoerad.ee\/hellerkantri\/wp-content\/uploads\/2014\/12\/Hellerkantri-siberi-huskyd-BC-finaal-2014-60x40.jpg 60w, https:\/\/kelgukoerad.ee\/hellerkantri\/wp-content\/uploads\/2014\/12\/Hellerkantri-siberi-huskyd-BC-finaal-2014-400x272.jpg 400w\" sizes=\"(max-width: 1200px) 100vw, 1200px\" \/><\/a><figcaption>Meeri ja Rocco juhtpaarina Baltic Cup 2014 finaalv\u00f5istlusel L\u00e4tis.<br><\/figcaption><\/figure>\n\n\n\n<figure class=\"wp-block-image size-large\"><img loading=\"lazy\" width=\"750\" height=\"540\" src=\"https:\/\/kelgukoerad.ee\/hellerkantri\/wp-content\/uploads\/2011\/05\/rocco-03-03-2012-750x540.jpg\" alt=\"\" class=\"wp-image-2921\" srcset=\"https:\/\/kelgukoerad.ee\/hellerkantri\/wp-content\/uploads\/2011\/05\/rocco-03-03-2012-750x540.jpg 750w, https:\/\/kelgukoerad.ee\/hellerkantri\/wp-content\/uploads\/2011\/05\/rocco-03-03-2012-600x433.jpg 600w, https:\/\/kelgukoerad.ee\/hellerkantri\/wp-content\/uploads\/2011\/05\/rocco-03-03-2012-300x216.jpg 300w, https:\/\/kelgukoerad.ee\/hellerkantri\/wp-content\/uploads\/2011\/05\/rocco-03-03-2012.jpg 800w\" sizes=\"(max-width: 750px) 100vw, 750px\" \/><figcaption>Veokoeraspordi v\u00f5istlus Talvekarikas 2012, Rocco 2a. <\/figcaption><\/figure>\n\n\n\n<figure class=\"wp-block-image size-large\"><img loading=\"lazy\" width=\"720\" height=\"532\" src=\"https:\/\/kelgukoerad.ee\/hellerkantri\/wp-content\/uploads\/2013\/11\/Rymma-Rocco.jpg\" alt=\"\" class=\"wp-image-5363\" srcset=\"https:\/\/kelgukoerad.ee\/hellerkantri\/wp-content\/uploads\/2013\/11\/Rymma-Rocco.jpg 720w, https:\/\/kelgukoerad.ee\/hellerkantri\/wp-content\/uploads\/2013\/11\/Rymma-Rocco-600x443.jpg 600w, https:\/\/kelgukoerad.ee\/hellerkantri\/wp-content\/uploads\/2013\/11\/Rymma-Rocco-200x147.jpg 200w, https:\/\/kelgukoerad.ee\/hellerkantri\/wp-content\/uploads\/2013\/11\/Rymma-Rocco-300x221.jpg 300w, https:\/\/kelgukoerad.ee\/hellerkantri\/wp-content\/uploads\/2013\/11\/Rymma-Rocco-190x140.jpg 190w, https:\/\/kelgukoerad.ee\/hellerkantri\/wp-content\/uploads\/2013\/11\/Rymma-Rocco-60x44.jpg 60w, https:\/\/kelgukoerad.ee\/hellerkantri\/wp-content\/uploads\/2013\/11\/Rymma-Rocco-400x295.jpg 400w\" sizes=\"(max-width: 720px) 100vw, 720px\" \/><figcaption>\u00d5ekese Rymmaga, 2010a.<\/figcaption><\/figure>\n\n\n\n<figure class=\"wp-block-image size-large\"><img loading=\"lazy\" width=\"720\" height=\"479\" src=\"https:\/\/kelgukoerad.ee\/hellerkantri\/wp-content\/uploads\/2010\/05\/39191_145371465491769_100000567492542_320679_4084919_n.jpg\" alt=\"\" class=\"wp-image-1250\" srcset=\"https:\/\/kelgukoerad.ee\/hellerkantri\/wp-content\/uploads\/2010\/05\/39191_145371465491769_100000567492542_320679_4084919_n.jpg 720w, https:\/\/kelgukoerad.ee\/hellerkantri\/wp-content\/uploads\/2010\/05\/39191_145371465491769_100000567492542_320679_4084919_n-600x399.jpg 600w, https:\/\/kelgukoerad.ee\/hellerkantri\/wp-content\/uploads\/2010\/05\/39191_145371465491769_100000567492542_320679_4084919_n-300x199.jpg 300w\" sizes=\"(max-width: 720px) 100vw, 720px\" \/><figcaption>Pisike Rocco, 2010a. K\u00fcll ta oli ikka armas punap\u00e4ine rebane!<\/figcaption><\/figure>\n\n\n\n<figure class=\"wp-block-image size-large\"><img loading=\"lazy\" width=\"719\" height=\"539\" src=\"https:\/\/kelgukoerad.ee\/hellerkantri\/wp-content\/uploads\/2010\/05\/39178_145371392158443_100000567492542_320673_1859139_n.jpg\" alt=\"\" class=\"wp-image-1249\" srcset=\"https:\/\/kelgukoerad.ee\/hellerkantri\/wp-content\/uploads\/2010\/05\/39178_145371392158443_100000567492542_320673_1859139_n.jpg 719w, https:\/\/kelgukoerad.ee\/hellerkantri\/wp-content\/uploads\/2010\/05\/39178_145371392158443_100000567492542_320673_1859139_n-600x450.jpg 600w, https:\/\/kelgukoerad.ee\/hellerkantri\/wp-content\/uploads\/2010\/05\/39178_145371392158443_100000567492542_320673_1859139_n-300x224.jpg 300w\" sizes=\"(max-width: 719px) 100vw, 719px\" \/><figcaption>Rocco, 2010a.<br><br><\/figcaption><\/figure>\n\n\n\n<h4>Rocco isa ja ema<\/h4>\n\n\n\n<figure class=\"wp-block-image size-large\"><img loading=\"lazy\" width=\"720\" height=\"563\" src=\"https:\/\/kelgukoerad.ee\/hellerkantri\/wp-content\/uploads\/2010\/05\/zombi-9yrs.jpg\" alt=\"\" class=\"wp-image-3596\" srcset=\"https:\/\/kelgukoerad.ee\/hellerkantri\/wp-content\/uploads\/2010\/05\/zombi-9yrs.jpg 720w, https:\/\/kelgukoerad.ee\/hellerkantri\/wp-content\/uploads\/2010\/05\/zombi-9yrs-600x469.jpg 600w, https:\/\/kelgukoerad.ee\/hellerkantri\/wp-content\/uploads\/2010\/05\/zombi-9yrs-300x234.jpg 300w, https:\/\/kelgukoerad.ee\/hellerkantri\/wp-content\/uploads\/2010\/05\/zombi-9yrs-190x148.jpg 190w, https:\/\/kelgukoerad.ee\/hellerkantri\/wp-content\/uploads\/2010\/05\/zombi-9yrs-60x46.jpg 60w, https:\/\/kelgukoerad.ee\/hellerkantri\/wp-content\/uploads\/2010\/05\/zombi-9yrs-400x312.jpg 400w\" sizes=\"(max-width: 720px) 100vw, 720px\" \/><figcaption>Isa Dacabe Zombi, fotol 9a. (2012a.)<\/figcaption><\/figure>\n\n\n\n<figure class=\"wp-block-image size-large\"><img loading=\"lazy\" width=\"750\" height=\"495\" src=\"https:\/\/kelgukoerad.ee\/hellerkantri\/wp-content\/uploads\/2010\/05\/zombi3-750x495.jpg\" alt=\"Dacabe Zombi\" class=\"wp-image-3025\" srcset=\"https:\/\/kelgukoerad.ee\/hellerkantri\/wp-content\/uploads\/2010\/05\/zombi3-750x495.jpg 750w, https:\/\/kelgukoerad.ee\/hellerkantri\/wp-content\/uploads\/2010\/05\/zombi3-600x397.jpg 600w, https:\/\/kelgukoerad.ee\/hellerkantri\/wp-content\/uploads\/2010\/05\/zombi3-300x198.jpg 300w, https:\/\/kelgukoerad.ee\/hellerkantri\/wp-content\/uploads\/2010\/05\/zombi3.jpg 800w\" sizes=\"(max-width: 750px) 100vw, 750px\" \/><figcaption>Isa Dacabe Zombi, 9a. (2012a.)<\/figcaption><\/figure>\n\n\n\n<figure class=\"wp-block-image size-large\"><img loading=\"lazy\" width=\"575\" height=\"415\" src=\"https:\/\/kelgukoerad.ee\/hellerkantri\/wp-content\/uploads\/2010\/05\/welda.jpg\" alt=\"\" class=\"wp-image-1246\" srcset=\"https:\/\/kelgukoerad.ee\/hellerkantri\/wp-content\/uploads\/2010\/05\/welda.jpg 575w, https:\/\/kelgukoerad.ee\/hellerkantri\/wp-content\/uploads\/2010\/05\/welda-300x216.jpg 300w\" sizes=\"(max-width: 575px) 100vw, 575px\" \/><figcaption>Ema: Sainen Welda, fotol 6a. (2011a.)<\/figcaption><\/figure>\n","protected":false},"excerpt":{"rendered":"<p>Rakendi juhtkoer ja aretuskoer. V\u00f5istluskoer aastatel 2011-2016. Rocco on koduselt veel tuntud ka kui Roca, Rocodill, Krokodill ja Kroks :) S\u00fcndinud:&nbsp;27.05.2010Ema:&nbsp;Sainen WeldaIsa:&nbsp;Dacabe ZombiKasvataja:&nbsp;Sulev AarmaOmanik: Helle KaljulaFCI \/ Eesti Kennelliidu register Iseloomustus Rocco on keskmisest veidi suuremat kasvu, ilusa tiheda karvastikuga isane siberi husky. Rocco on meie aretusisase &#8211; Dacabe Zombi, aliment kutsikas ning ta on&#8230; <\/p>\n","protected":false},"author":1,"featured_media":13010,"parent":0,"menu_order":36,"comment_status":"closed","ping_status":"closed","template":"","meta":{"_monsterinsights_skip_tracking":false,"_monsterinsights_sitenote_active":false,"_monsterinsights_sitenote_note":"","_monsterinsights_sitenote_category":0},"yoast_head":"<!-- This site is optimized with the Yoast SEO plugin v14.9 - https:\/\/yoast.com\/wordpress\/plugins\/seo\/ -->\n<title>Aptorhome Rocco - Hellerkantri Huskypark<\/title>\n<meta name=\"robots\" content=\"index, follow, max-snippet:-1, max-image-preview:large, max-video-preview:-1\" \/>\n<link rel=\"canonical\" href=\"https:\/\/kelgukoerad.ee\/hellerkantri\/aptorhome-rocco\/\" \/>\n<meta property=\"og:locale\" content=\"en_US\" \/>\n<meta property=\"og:type\" content=\"article\" \/>\n<meta property=\"og:title\" content=\"Aptorhome Rocco - Hellerkantri Huskypark\" \/>\n<meta property=\"og:description\" content=\"Rakendi juhtkoer ja aretuskoer. V\u00f5istluskoer aastatel 2011-2016. Rocco on koduselt veel tuntud ka kui Roca, Rocodill, Krokodill ja Kroks :) S\u00fcndinud:&nbsp;27.05.2010Ema:&nbsp;Sainen WeldaIsa:&nbsp;Dacabe ZombiKasvataja:&nbsp;Sulev AarmaOmanik: Helle KaljulaFCI \/ Eesti Kennelliidu register Iseloomustus Rocco on keskmisest veidi suuremat kasvu, ilusa tiheda karvastikuga isane siberi husky. Rocco on meie aretusisase &#8211; Dacabe Zombi, aliment kutsikas ning ta on...\" \/>\n<meta property=\"og:url\" content=\"https:\/\/kelgukoerad.ee\/hellerkantri\/aptorhome-rocco\/\" \/>\n<meta property=\"og:site_name\" content=\"Hellerkantri Huskypark\" \/>\n<meta property=\"article:modified_time\" content=\"2020-06-26T15:18:31+00:00\" \/>\n<meta property=\"og:image\" content=\"https:\/\/kelgukoerad.ee\/hellerkantri\/wp-content\/uploads\/2020\/03\/Aptorhome-Rocco-siberi-husky-2019.jpg\" \/>\n\t<meta property=\"og:image:width\" content=\"2048\" \/>\n\t<meta property=\"og:image:height\" content=\"937\" \/>\n<meta name=\"twitter:card\" content=\"summary_large_image\" \/>\n<script type=\"application\/ld+json\" class=\"yoast-schema-graph\">{\"@context\":\"https:\/\/schema.org\",\"@graph\":[{\"@type\":\"WebSite\",\"@id\":\"https:\/\/kelgukoerad.ee\/hellerkantri\/#website\",\"url\":\"https:\/\/kelgukoerad.ee\/hellerkantri\/\",\"name\":\"Hellerkantri Huskypark\",\"description\":\"Hellerkantri Huskypark - kelgukoerte kasvandus ja talu Raplamaal\",\"potentialAction\":[{\"@type\":\"SearchAction\",\"target\":\"https:\/\/kelgukoerad.ee\/hellerkantri\/?s={search_term_string}\",\"query-input\":\"required name=search_term_string\"}],\"inLanguage\":\"en-US\"},{\"@type\":\"ImageObject\",\"@id\":\"https:\/\/kelgukoerad.ee\/hellerkantri\/aptorhome-rocco\/#primaryimage\",\"inLanguage\":\"en-US\",\"url\":\"https:\/\/kelgukoerad.ee\/hellerkantri\/wp-content\/uploads\/2020\/03\/Aptorhome-Rocco-siberi-husky-2019.jpg\",\"width\":2048,\"height\":937,\"caption\":\"Aptorhome Rocco siberi husky\"},{\"@type\":\"WebPage\",\"@id\":\"https:\/\/kelgukoerad.ee\/hellerkantri\/aptorhome-rocco\/#webpage\",\"url\":\"https:\/\/kelgukoerad.ee\/hellerkantri\/aptorhome-rocco\/\",\"name\":\"Aptorhome Rocco - Hellerkantri Huskypark\",\"isPartOf\":{\"@id\":\"https:\/\/kelgukoerad.ee\/hellerkantri\/#website\"},\"primaryImageOfPage\":{\"@id\":\"https:\/\/kelgukoerad.ee\/hellerkantri\/aptorhome-rocco\/#primaryimage\"},\"datePublished\":\"2011-05-24T12:28:01+00:00\",\"dateModified\":\"2020-06-26T15:18:31+00:00\",\"inLanguage\":\"en-US\",\"potentialAction\":[{\"@type\":\"ReadAction\",\"target\":[\"https:\/\/kelgukoerad.ee\/hellerkantri\/aptorhome-rocco\/\"]}]}]}<\/script>\n<!-- \/ Yoast SEO plugin. -->","_links":{"self":[{"href":"https:\/\/kelgukoerad.ee\/hellerkantri\/wp-json\/wp\/v2\/pages\/2006"}],"collection":[{"href":"https:\/\/kelgukoerad.ee\/hellerkantri\/wp-json\/wp\/v2\/pages"}],"about":[{"href":"https:\/\/kelgukoerad.ee\/hellerkantri\/wp-json\/wp\/v2\/types\/page"}],"author":[{"embeddable":true,"href":"https:\/\/kelgukoerad.ee\/hellerkantri\/wp-json\/wp\/v2\/users\/1"}],"replies":[{"embeddable":true,"href":"https:\/\/kelgukoerad.ee\/hellerkantri\/wp-json\/wp\/v2\/comments?post=2006"}],"version-history":[{"count":118,"href":"https:\/\/kelgukoerad.ee\/hellerkantri\/wp-json\/wp\/v2\/pages\/2006\/revisions"}],"predecessor-version":[{"id":14213,"href":"https:\/\/kelgukoerad.ee\/hellerkantri\/wp-json\/wp\/v2\/pages\/2006\/revisions\/14213"}],"wp:featuredmedia":[{"embeddable":true,"href":"https:\/\/kelgukoerad.ee\/hellerkantri\/wp-json\/wp\/v2\/media\/13010"}],"wp:attachment":[{"href":"https:\/\/kelgukoerad.ee\/hellerkantri\/wp-json\/wp\/v2\/media?parent=2006"}],"curies":[{"name":"wp","href":"https:\/\/api.w.org\/{rel}","templated":true}]}}