{"id":371,"date":"2010-05-28T13:47:44","date_gmt":"2010-05-28T11:47:44","guid":{"rendered":"http:\/\/kelgukoerad.ee\/hellerkantri\/?page_id=371"},"modified":"2016-10-31T12:20:34","modified_gmt":"2016-10-31T10:20:34","slug":"hellerkantri-zissy","status":"publish","type":"page","link":"https:\/\/kelgukoerad.ee\/hellerkantri\/siberi-husky\/hellerkantri-zissy\/","title":{"rendered":"Hellerkantri Zissy"},"content":{"rendered":"<p><span style=\"color: #000000;\"><strong><strong><strong>(Dacabe Zorro x Kolunl\u00e4hteen Kiisu)<\/strong><\/strong><\/strong><\/span><\/p>\n<p><strong>Kasvataja &amp; omanik:<\/strong> Helle Kaljula<br \/>\n<strong>S\u00fcndinud:<\/strong> 11.05.2008<br \/>\n<strong>Sugu: <\/strong>emane<\/p>\n<p><strong><span style=\"text-decoration: underline;\"><a href=\"http:\/\/register.kennelliit.ee\/reg\/index.php?page=dogCard&amp;dogId=99584\" target=\"_blank\">SUGUPUU \/ PEDIGREE<\/a><\/span><\/strong><\/p>\n<p><strong>P\u00e4rilike silmahaiguste uuring \/\u00a0<em>eye examination result:<\/em><\/strong>\u00a0\u00a0terved (m\u00e4rts 2013, dr.\u00dclle Kell) \/ checked &#8211; OK<\/p>\n<p><strong>Tiitlid: <\/strong><strong><br \/>\n<span style=\"color: #3366ff;\">ESH\u00dc AASTA T\u00d6\u00d6KOER 2011 &#8211; 1.koht<br \/>\n<\/span><span style=\"color: #3366ff;\">ESH\u00dc AASTA RAKEND 2011 &#8211; 1.koht<\/span><\/strong><br \/>\n<strong><span style=\"color: #3366ff;\">ESH\u00dc AASTA RAKEND 2012 &#8211; 1.koht<\/span><\/strong><em><strong><br \/>\nEstonian Siberian Husky Club &#8211; Working Dog of the Year, 2011.\u00a0<\/strong><\/em><\/p>\n<p><strong>N\u00e4itusehinne \/ show results:<br \/>\n<\/strong>1x\u00a0\u00a0k\u00f5rgeim hinne \u2013 \u201csuurep\u00e4rane\u201d avaklassis, Eesti siberi huskyde erin\u00e4itusel.<br \/>\n<em>1x EXC at SH speciality in open class, judge Mrs.Barbara Stanier<\/em><\/p>\n<p><strong>N\u00e4ituse kirjeldus \/ show description:<\/strong><br \/>\n<em>Black and white bitch. Foxy head, alert expression. Good earset and eyeset. Excellent shoulder placements and correct angulation. Good tuckup. Moves soundly coming and going.<em>\u00a0&#8211; Mrs. Barbara Stanier, kennel Arctictrek\u00a0(UK)\u00a0<\/em><\/em><\/p>\n<p><strong>V\u00f5istlustulemused \/ race results:<br \/>\n<\/strong>03.03.2012 \u2013 Talvekarikas ; Tori vald, Eesti ; 2\u00d76,5km ; 1<em>.<\/em>koht ; Sp4NB ; rakendijuht Mariin Kaljula<br \/>\n12-13.11.2011 \u2013 IFSS\u00a0<strong>World Championship<\/strong>\u00a0Dryland, Deutschland, 2\u00d74,5km, 15. of 32 (DR4NB, Mariin Kaljula)<br \/>\n22-23.10.2011 \u2013 Baltic Cup 2011 Dryland Finaal, Lt, 5km, 1.koht (DR4 NB, Mariin K.)<br \/>\n24-25.09.2011 \u2013 Baltic Cup 2011 Dryland III etapp, EE, 2x5km, 1.koht (DR4 NB; Mariin K.)<br \/>\n30.04-01.05 &#8211; Baltic Cup 2011 Dryland, LT, 2&#215;3,4km, 1.\/7 (DR4 NB, Mariin K.)<br \/>\n18-20.m\u00e4rts 2011 &#8211; kelgutamise<strong> Maailmameistriv\u00f5istlused<\/strong>, Norra, 3&#215;7,5km, 8.koht (Sp4 NB, Mariin K.)<\/p>\n<p>* Baltic Winter Cup 2011 overall winner, 4DS nordic breeds<br \/>\n12.m\u00e4rts 2011 \u2013 Baltic Winter Cup III etapp, EE, 7km, 1.koht (Sp4NB, Mariin K)<br \/>\n5.veebruar 2011 &#8211; Baltic Winter Cup II etapp, LT, 1.koht (Sp4NB, Mariin K)<br \/>\n15.jaanuar 2011 &#8211; Baltic Winter Cup I etapp, LV, 1.koht (Sp4NB Mariin K)<strong><br \/>\n<\/strong><\/p>\n<p><strong>*<\/strong> Balti karikasari 2010 sulamaa-aladel kahe koera t\u00f5ukeratta p\u00f5hjamaiste kelgukoerte arvestuses II koht!<br \/>\n20-21.november Baltic Cup 2010 IV etapp (Kernave Cup) LT, 4,6+4,6km, 3.koht (2-koera scooter,Mariin K.)<br \/>\n16-17.oktoober Baltic Cup 2010 III etapp, LV, 3,8+3,8km, 2.koht (2-koera scooter, Mariin K.)<br \/>\n25-26.september Baltic Cup II etapp, EE, 5+5km, 1.koht (2-koera scooter, Mariin K.)<br \/>\n7.m\u00e4rts Talvekarikas 2010, EE,\u00a0 4,2 km,\u00a0 1.koht (4-koera kelgu klass)<br \/>\n27-28. jaanuar L\u00e4ti meistriv\u00f5istlused, 3,2 km,\u00a0 1.koht<strong><br \/>\n<\/strong><strong><br \/>\n<\/strong><\/p>\n<p><strong> Zissy<\/strong> on meil s\u00fcndinud ja kasvanud eriline koer. Vot selle koera kohta v\u00f5ib \u00f6elda: s\u00fcndinud kuulekaks ja andekaks. Eriliselt kontaktne, j\u00e4lgides iga su sammu. Selline kontaktne ja peremeest armastav k\u00e4itumine r\u00f6\u00f6viks absoluutselt iga koeraomaniku s\u00fcdame.\u00a0 V\u00e4iksena ei paistnud ta millegagi silma. Oli lihtsalt \u00fcks tore kutsikas teiste hulgas. Eks nii tekibki kogemus ja arusaam, et kutsikana ennustamine on parajalt teema &#8211; ennustan kohipaksu pealt ;-D ! T\u00f6\u00f6tahe on tal muidugi suurep\u00e4rane, \u00f5petamist\u00a0 ta ei vajanud. Pannes traksid selga ja rakendades teistega koos kelgu ette oskas ta kohe vedada. Zissy on ka juba osalenud (1,5 aastasena) v\u00f5istlustel, suurim neist 4-koera klassis kelgusprindis L\u00e4tis. Tuues kennelile abikaasa juhtimisel esikoha. Olen eriliselt \u00f5nnelik selle emase \u00fcle ja loodan temast ka suurep\u00e4rast aretuskoera.<\/p>\n<p><a href=\"https:\/\/kelgukoerad.ee\/hellerkantri\/wp-content\/uploads\/2010\/05\/zissy4.jpg\"><img loading=\"lazy\" class=\"alignnone size-full wp-image-3022\" title=\"Zissy\" src=\"https:\/\/kelgukoerad.ee\/hellerkantri\/wp-content\/uploads\/2010\/05\/zissy4.jpg\" alt=\"\" width=\"386\" height=\"480\" srcset=\"https:\/\/kelgukoerad.ee\/hellerkantri\/wp-content\/uploads\/2010\/05\/zissy4.jpg 482w, https:\/\/kelgukoerad.ee\/hellerkantri\/wp-content\/uploads\/2010\/05\/zissy4-241x300.jpg 241w\" sizes=\"(max-width: 386px) 100vw, 386px\" \/><\/a><\/p>\n<p><a href=\"https:\/\/kelgukoerad.ee\/hellerkantri\/wp-content\/uploads\/2010\/05\/zizzyke.jpg\"><img loading=\"lazy\" class=\"alignnone size-large wp-image-1664\" title=\"zizzyke\" src=\"https:\/\/kelgukoerad.ee\/hellerkantri\/wp-content\/uploads\/2010\/05\/zizzyke-750x312.jpg\" alt=\"\" width=\"750\" height=\"312\" srcset=\"https:\/\/kelgukoerad.ee\/hellerkantri\/wp-content\/uploads\/2010\/05\/zizzyke-750x312.jpg 750w, https:\/\/kelgukoerad.ee\/hellerkantri\/wp-content\/uploads\/2010\/05\/zizzyke-600x250.jpg 600w, https:\/\/kelgukoerad.ee\/hellerkantri\/wp-content\/uploads\/2010\/05\/zizzyke-300x125.jpg 300w, https:\/\/kelgukoerad.ee\/hellerkantri\/wp-content\/uploads\/2010\/05\/zizzyke.jpg 1053w\" sizes=\"(max-width: 750px) 100vw, 750px\" \/><\/a><br \/>\nZizzy, enne ja n\u00fc\u00fcd \/ then and now<\/p>\n<p><strong><br \/>\n<\/strong><\/p>\n<p style=\"text-align: center;\"><a href=\"https:\/\/kelgukoerad.ee\/hellerkantri\/wp-content\/uploads\/2010\/05\/zissy2.jpg\"><img loading=\"lazy\" class=\"size-full wp-image-1403 aligncenter\" title=\"zissy S\u00dcGIS 2010\" src=\"https:\/\/kelgukoerad.ee\/hellerkantri\/wp-content\/uploads\/2010\/05\/zissy2.jpg\" alt=\"\" width=\"415\" height=\"600\" \/><\/a><\/p>\n<p style=\"text-align: center;\"><img loading=\"lazy\" class=\"aligncenter size-full wp-image-547\" title=\"zizzy.21\" src=\"https:\/\/kelgukoerad.ee\/hellerkantri\/wp-content\/uploads\/2010\/05\/zizzy.21.jpg\" alt=\"\" width=\"700\" height=\"436\" \/><\/p>\n<p style=\"text-align: center;\"><img loading=\"lazy\" class=\"aligncenter size-full wp-image-546\" title=\"zizzy.20\" src=\"https:\/\/kelgukoerad.ee\/hellerkantri\/wp-content\/uploads\/2010\/05\/zizzy.20.jpg\" alt=\"\" width=\"700\" height=\"436\" \/><\/p>\n<p style=\"text-align: center;\"><img loading=\"lazy\" class=\"aligncenter size-full wp-image-545\" title=\"zizzy.19\" src=\"https:\/\/kelgukoerad.ee\/hellerkantri\/wp-content\/uploads\/2010\/05\/zizzy.19.jpg\" alt=\"\" width=\"700\" height=\"436\" \/><\/p>\n<p style=\"text-align: center;\"><span style=\"color: #3366ff;\"><br \/>\n<\/span><\/p>\n<p style=\"text-align: center;\"><span style=\"color: #3366ff;\"><strong>SUGULASED<\/strong><\/span><\/p>\n<p style=\"text-align: center;\"><strong>Zissy isa \/ <em>Zissy&#8217;s dad:<\/em><\/strong><\/p>\n<p style=\"text-align: center;\"><span style=\"text-decoration: underline;\"><a href=\"https:\/\/kelgukoerad.ee\/hellerkantri\/?page_id=90\" target=\"_blank\"><strong>DACABE ZORRO<br \/>\n<\/strong><\/a><\/span>2x REK-1 ;\u00a0 5x REK-2<\/p>\n<p style=\"text-align: center;\"><strong>Zissy isapoolne vanaisa \/ <em>Zissy&#8217;s grandad from sire line:<br \/>\n<\/em><\/strong><\/p>\n<p style=\"text-align: center;\"><a href=\"http:\/\/www.saunalahti.fi\/samans\/samanskennel\/siperialaiset\/sukutaulut\/Brando-Manda.htm\" target=\"_blank\"><strong><span style=\"text-decoration: underline;\">SAMANS BORIS<\/span><br \/>\n<\/strong><\/a>2x REK-2 ;\u00a0 1x REK-3 ; YLE-1<br \/>\nn\u00e4ituselt: sert, parim isane-1, vastassugupoole parim<\/p>\n<p style=\"text-align: center;\"><strong>Zissy emapoolne vanaisa \/ <em>Zissy&#8217;s grandad from dam-line:<\/em><\/strong><\/p>\n<p style=\"text-align: center;\"><a href=\"http:\/\/www.kolumbus.fi\/jukka.kiijarvi\/lunowa\/koirat\/jatka\/jatka.html\" target=\"_blank\"><strong><span style=\"text-decoration: underline;\">ARCTIC SOUL J\u00c4TK\u00c4<\/span><br \/>\n<\/strong><\/a>FIN T\u00f6\u00f6t\u0161empion \/ <em>FIN Working CH <\/em><br \/>\nFIN V\u00e4limikut\u0161empion \/ <em>FIN CH<\/em><br \/>\nJOH-1 (juhtkoer-1) \/ leaddog 1<br \/>\n1x REK-1 ; 2xREK-2 ; 4x REK-3<\/p>\n<p style=\"text-align: center;\"><a href=\"http:\/\/kelgukoerad.ee\/jatka.jpg\" target=\"_blank\"><img loading=\"lazy\" class=\"aligncenter\" title=\"jatka\" src=\"http:\/\/kelgukoerad.ee\/jatka.jpg\" alt=\"\" width=\"300\" height=\"229\" \/><\/a><\/p>\n<p style=\"text-align: center;\"><strong><br \/>\n<\/strong><\/p>\n<p>&nbsp;<\/p>\n","protected":false},"excerpt":{"rendered":"<p>(Dacabe Zorro x Kolunl\u00e4hteen Kiisu) Kasvataja &amp; omanik: Helle Kaljula S\u00fcndinud: 11.05.2008 Sugu: emane SUGUPUU \/ PEDIGREE P\u00e4rilike silmahaiguste uuring \/\u00a0eye examination result:\u00a0\u00a0terved (m\u00e4rts 2013, dr.\u00dclle Kell) \/ checked &#8211; OK Tiitlid: ESH\u00dc AASTA T\u00d6\u00d6KOER 2011 &#8211; 1.koht ESH\u00dc AASTA RAKEND 2011 &#8211; 1.koht ESH\u00dc AASTA RAKEND 2012 &#8211; 1.koht Estonian Siberian Husky Club &#8211;&#8230; <\/p>\n","protected":false},"author":1,"featured_media":0,"parent":7,"menu_order":29,"comment_status":"closed","ping_status":"closed","template":"","meta":{"_monsterinsights_skip_tracking":false,"_monsterinsights_sitenote_active":false,"_monsterinsights_sitenote_note":"","_monsterinsights_sitenote_category":0},"yoast_head":"<!-- This site is optimized with the Yoast SEO plugin v14.9 - https:\/\/yoast.com\/wordpress\/plugins\/seo\/ -->\n<title>Hellerkantri Zissy - Hellerkantri Huskypark<\/title>\n<meta name=\"robots\" content=\"index, follow, max-snippet:-1, max-image-preview:large, max-video-preview:-1\" \/>\n<link rel=\"canonical\" href=\"https:\/\/kelgukoerad.ee\/hellerkantri\/siberi-husky\/hellerkantri-zissy\/\" \/>\n<meta property=\"og:locale\" content=\"en_US\" \/>\n<meta property=\"og:type\" content=\"article\" \/>\n<meta property=\"og:title\" content=\"Hellerkantri Zissy - Hellerkantri Huskypark\" \/>\n<meta property=\"og:description\" content=\"(Dacabe Zorro x Kolunl\u00e4hteen Kiisu) Kasvataja &amp; omanik: Helle Kaljula S\u00fcndinud: 11.05.2008 Sugu: emane SUGUPUU \/ PEDIGREE P\u00e4rilike silmahaiguste uuring \/\u00a0eye examination result:\u00a0\u00a0terved (m\u00e4rts 2013, dr.\u00dclle Kell) \/ checked &#8211; OK Tiitlid: ESH\u00dc AASTA T\u00d6\u00d6KOER 2011 &#8211; 1.koht ESH\u00dc AASTA RAKEND 2011 &#8211; 1.koht ESH\u00dc AASTA RAKEND 2012 &#8211; 1.koht Estonian Siberian Husky Club &#8211;...\" \/>\n<meta property=\"og:url\" content=\"https:\/\/kelgukoerad.ee\/hellerkantri\/siberi-husky\/hellerkantri-zissy\/\" \/>\n<meta property=\"og:site_name\" content=\"Hellerkantri Huskypark\" \/>\n<meta property=\"article:modified_time\" content=\"2016-10-31T10:20:34+00:00\" \/>\n<meta property=\"og:image\" content=\"https:\/\/kelgukoerad.ee\/hellerkantri\/wp-content\/uploads\/2010\/05\/zissy4.jpg\" \/>\n<meta name=\"twitter:card\" content=\"summary_large_image\" \/>\n<script type=\"application\/ld+json\" class=\"yoast-schema-graph\">{\"@context\":\"https:\/\/schema.org\",\"@graph\":[{\"@type\":\"WebSite\",\"@id\":\"https:\/\/kelgukoerad.ee\/hellerkantri\/#website\",\"url\":\"https:\/\/kelgukoerad.ee\/hellerkantri\/\",\"name\":\"Hellerkantri Huskypark\",\"description\":\"Hellerkantri Huskypark - kelgukoerte kasvandus ja talu Raplamaal\",\"potentialAction\":[{\"@type\":\"SearchAction\",\"target\":\"https:\/\/kelgukoerad.ee\/hellerkantri\/?s={search_term_string}\",\"query-input\":\"required name=search_term_string\"}],\"inLanguage\":\"en-US\"},{\"@type\":\"ImageObject\",\"@id\":\"https:\/\/kelgukoerad.ee\/hellerkantri\/siberi-husky\/hellerkantri-zissy\/#primaryimage\",\"inLanguage\":\"en-US\",\"url\":\"https:\/\/kelgukoerad.ee\/hellerkantri\/wp-content\/uploads\/2010\/05\/zissy4.jpg\",\"width\":482,\"height\":600},{\"@type\":\"WebPage\",\"@id\":\"https:\/\/kelgukoerad.ee\/hellerkantri\/siberi-husky\/hellerkantri-zissy\/#webpage\",\"url\":\"https:\/\/kelgukoerad.ee\/hellerkantri\/siberi-husky\/hellerkantri-zissy\/\",\"name\":\"Hellerkantri Zissy - Hellerkantri Huskypark\",\"isPartOf\":{\"@id\":\"https:\/\/kelgukoerad.ee\/hellerkantri\/#website\"},\"primaryImageOfPage\":{\"@id\":\"https:\/\/kelgukoerad.ee\/hellerkantri\/siberi-husky\/hellerkantri-zissy\/#primaryimage\"},\"datePublished\":\"2010-05-28T11:47:44+00:00\",\"dateModified\":\"2016-10-31T10:20:34+00:00\",\"inLanguage\":\"en-US\",\"potentialAction\":[{\"@type\":\"ReadAction\",\"target\":[\"https:\/\/kelgukoerad.ee\/hellerkantri\/siberi-husky\/hellerkantri-zissy\/\"]}]}]}<\/script>\n<!-- \/ Yoast SEO plugin. -->","_links":{"self":[{"href":"https:\/\/kelgukoerad.ee\/hellerkantri\/wp-json\/wp\/v2\/pages\/371"}],"collection":[{"href":"https:\/\/kelgukoerad.ee\/hellerkantri\/wp-json\/wp\/v2\/pages"}],"about":[{"href":"https:\/\/kelgukoerad.ee\/hellerkantri\/wp-json\/wp\/v2\/types\/page"}],"author":[{"embeddable":true,"href":"https:\/\/kelgukoerad.ee\/hellerkantri\/wp-json\/wp\/v2\/users\/1"}],"replies":[{"embeddable":true,"href":"https:\/\/kelgukoerad.ee\/hellerkantri\/wp-json\/wp\/v2\/comments?post=371"}],"version-history":[{"count":59,"href":"https:\/\/kelgukoerad.ee\/hellerkantri\/wp-json\/wp\/v2\/pages\/371\/revisions"}],"predecessor-version":[{"id":8187,"href":"https:\/\/kelgukoerad.ee\/hellerkantri\/wp-json\/wp\/v2\/pages\/371\/revisions\/8187"}],"up":[{"embeddable":true,"href":"https:\/\/kelgukoerad.ee\/hellerkantri\/wp-json\/wp\/v2\/pages\/7"}],"wp:attachment":[{"href":"https:\/\/kelgukoerad.ee\/hellerkantri\/wp-json\/wp\/v2\/media?parent=371"}],"curies":[{"name":"wp","href":"https:\/\/api.w.org\/{rel}","templated":true}]}}