{"id":5,"date":"2010-05-19T19:02:02","date_gmt":"2010-05-19T17:02:02","guid":{"rendered":"http:\/\/kelgukoerad.ee\/hellerkantri\/?page_id=5"},"modified":"2024-05-26T13:09:04","modified_gmt":"2024-05-26T11:09:04","slug":"alaska-malamuut","status":"publish","type":"page","link":"https:\/\/kelgukoerad.ee\/hellerkantri\/alaska-malamuut\/","title":{"rendered":"ALASKA MALAMUUDID"},"content":{"rendered":"\n<p>Meie kennelis elab 5 alaska malamuudi t\u00f5ugu p\u00f5hjamaist kelgukoera. Esimese alaska malamuudi &#8211; Alpha (h\u00fc\u00fcdnimega Lolo), v\u00f5tsime 2003.aasta alguses. Lolo ja tema j\u00e4rglased olid meile kui t\u00f5u \u00f5ppekoerteks. Aastate jooksul saime aru, et selle liiniga ei ole m\u00f5tet aretuses ja spordis edasi minna. Uued aretusemased importisime Kanadast ja Taanist, kellest said meie kenneli aretuse baasemased. Nendeks olid Nordiclight&#8217;s North Novesta (Novesta) ja YellowSnow Malamutes Black Bagou (Bagou). T\u00e4na elab meie kennelis nii Novesta kui Bagou lapsi, lapselapsi ja lapselapselapsi (Billy, Hopsa, Halty, Giara, Wendre). Lisaks neile ka 2 Rootsist imporditud isast &#8211; Noatak&#8217;s Dreamteam Uyamik Du Ima (Yamik) ja Night Trail Golden Hearted Master (Master).\u00a0Positiivse k\u00e4paj\u00e4lje t\u00f5ule on j\u00e4tnud ka meie Prantsusmaalt imporditud aretusisane Eyh Mr.Bear Of Greystone Shadow (Mr.Bear), kelle nime leiab mitmete kennelite koerte sugupuudes nii Eestis kui v\u00e4lismaal.<\/p>\n\n\n\n<h4 class=\"has-text-align-left\"><br>Isased<\/h4>\n\n\n\n<p><br><\/p>\n\n\n<div class=\"tmm tmm_isased-malamuudid\"><div class=\"tmm_3_columns tmm_wrap tmm_theme_f\"><span class=\"tmm_two_containers_tablet\"><\/span><div class=\"tmm_container\"><div class=\"tmm_member\" style=\"border-top:#24b4f2 solid 5px;\"><a  href=\"https:\/\/kelgukoerad.ee\/hellerkantri\/night-trail-golden-hearted-master\/\" title=\"Night Trail Golden Hearted Master\"><div class=\"tmm_photo tmm_pic_isased-malamuudid_0\" style=\"background: url(https:\/\/kelgukoerad.ee\/hellerkantri\/wp-content\/uploads\/2019\/07\/AM-Night-Trail-Golden-Hearted-Master.jpg); margin-left: auto; margin-right:auto; background-size:cover !important;\"><\/div><\/a><div class=\"tmm_textblock\"><div class=\"tmm_names\"><span class=\"tmm_fname\">Night Trail<\/span> <span class=\"tmm_lname\">Golden Hearted Master<\/span><\/div><div class=\"tmm_job\">VETERAN<\/div><div class=\"tmm_desc\" style=\"text-align:center\"><p><strong>01.09.2015<br><\/strong>Ema: Night Trail Traces Of Black Gold<br>Isa: Night Trail Master Of The Universe<br>Kasvataja: Karina Andersen &amp; Rasmus Helbo Lund<br>Omanik: Helle Kaljula<br><a href=\"https:\/\/register.kennelliit.ee\/index.php?page=dogCard&amp;dogId=226670\" target=\"_blank\" rel=\"noopener\">FCI \/ EKL register<\/a><\/p><\/div><div class=\"tmm_scblock\"><\/div><\/div><\/div><div class=\"tmm_member\" style=\"border-top:#24b4f2 solid 5px;\"><a  href=\"https:\/\/kelgukoerad.ee\/hellerkantri\/billy-idol\/\" title=\"Hellerkantri Billy Idol\"><div class=\"tmm_photo tmm_pic_isased-malamuudid_1\" style=\"background: url(https:\/\/kelgukoerad.ee\/hellerkantri\/wp-content\/uploads\/2019\/07\/AM-Hellerkantri-Billy-Idol.jpg); margin-left: auto; margin-right:auto; background-size:cover !important;\"><\/div><\/a><div class=\"tmm_textblock\"><div class=\"tmm_names\"><span class=\"tmm_fname\">Hellerkantri<\/span> <span class=\"tmm_lname\">Billy Idol<\/span><\/div><div class=\"tmm_job\">Veteran<\/div><div class=\"tmm_desc\" style=\"text-align:center\"><p><strong>08.12.2011<\/strong><br>Ema: Nordiclight's North Novesta<br>Isa: Noatak's Kvitebj\u00f6rn Kong Valemon<br>Kasvataja &amp; omanik: Helle Kaljula<br><a href=\"https:\/\/register.kennelliit.ee\/index.php?page=dogCard&amp;dogId=146012\" target=\"_blank\" rel=\"noopener\">FCI \/ EKL register<\/a><\/p><\/div><div class=\"tmm_scblock\"><\/div><\/div><\/div><span class=\"tmm_two_containers_tablet\"><\/span><div class=\"tmm_member\" style=\"border-top:#24b4f2 solid 5px;\"><a  href=\"https:\/\/kelgukoerad.ee\/hellerkantri\/noataks-dreamteam-uyamik-du-ima\/\" title=\"Noatak&#039;s Dreamteam Uyamik Du Ima\"><div class=\"tmm_photo tmm_pic_isased-malamuudid_2\" style=\"background: url(https:\/\/kelgukoerad.ee\/hellerkantri\/wp-content\/uploads\/2019\/11\/Yamik.jpg); margin-left: auto; margin-right:auto; background-size:cover !important;\"><\/div><\/a><div class=\"tmm_textblock\"><div class=\"tmm_names\"><span class=\"tmm_fname\">Noatak's<\/span> <span class=\"tmm_lname\">Dreamteam Uyamik Du Ima<\/span><\/div><div class=\"tmm_job\">Veteran<\/div><div class=\"tmm_desc\" style=\"text-align:center\"><p><strong>02.08.2011<\/strong><br>Ema: Noatak's Immaqua The American Dream<br>Isa: Noatak's Endurance Balto Du Kuling<br>Kasvataja: Christer Afseer &amp; Kristin Esseth<span class=\"text_exposed_show\"><br>Omanik: Helle Kaljula<br><a href=\"https:\/\/register.kennelliit.ee\/index.php?page=dogCard&amp;dogId=161908\" target=\"_blank\" rel=\"noopener\">FCI \/ EKL register<\/a><br><\/span><\/p><\/div><div class=\"tmm_scblock\"><\/div><\/div><\/div><div style=\"clear:both;\"><\/div><\/div><\/div><\/div>\n\n\n\n<h4 class=\"has-text-align-left\"><br>Emased<\/h4>\n\n\n<div class=\"tmm tmm_emased-malamuudid\"><div class=\"tmm_3_columns tmm_wrap tmm_theme_f\"><span class=\"tmm_two_containers_tablet\"><\/span><div class=\"tmm_container\"><div class=\"tmm_member\" style=\"border-top:#e03384 solid 5px;\"><a  href=\"https:\/\/kelgukoerad.ee\/hellerkantri\/wendre\/\" title=\"Hellerkantri Wendre\"><div class=\"tmm_photo tmm_pic_emased-malamuudid_0\" style=\"background: url(https:\/\/kelgukoerad.ee\/hellerkantri\/wp-content\/uploads\/2019\/07\/AM-Hellerkantri-Wendre-2021-2.jpg); margin-left: auto; margin-right:auto; background-size:cover !important;\"><\/div><\/a><div class=\"tmm_textblock\"><div class=\"tmm_names\"><span class=\"tmm_fname\">Hellerkantri<\/span> <span class=\"tmm_lname\">Wendre<\/span><\/div><div class=\"tmm_job\">Noor<\/div><div class=\"tmm_desc\" style=\"text-align:center\"><p><strong>05.06.2019<\/strong><br>Ema: Hellerkantri Giara<br>Isa: Hellerkantri Hockey<br>Kasvataja &amp; o<span class=\"text_exposed_show\">manik: Helle Kaljula<br><a href=\"https:\/\/register.kennelliit.ee\/index.php?page=dogCard&amp;dogId=289885\" target=\"_blank\" rel=\"noopener\">FCI \/ EKL register<\/a><br><\/span><\/p><\/div><div class=\"tmm_scblock\"><\/div><\/div><\/div><div class=\"tmm_member\" style=\"border-top:#e03384 solid 5px;\"><a  href=\"https:\/\/kelgukoerad.ee\/hellerkantri\/giara\" title=\"Hellerkantri  Giara\"><div class=\"tmm_photo tmm_pic_emased-malamuudid_1\" style=\"background: url(https:\/\/kelgukoerad.ee\/hellerkantri\/wp-content\/uploads\/2019\/07\/AM-Hellerkantri-Giara-2021-2.jpg); margin-left: auto; margin-right:auto; background-size:cover !important;\"><\/div><\/a><div class=\"tmm_textblock\"><div class=\"tmm_names\"><span class=\"tmm_fname\">Hellerkantri <\/span> <span class=\"tmm_lname\">Giara<\/span><\/div><div class=\"tmm_job\">Veteran<\/div><div class=\"tmm_desc\" style=\"text-align:center\"><p><strong>07.04.2014<\/strong><br>Ema: Hellerkantri Trolli Britta<br>Isa: Noatak's Dreamteam Uyamik Du Ima<br>Kasvataja &amp; o<span class=\"text_exposed_show\">manik: Helle Kaljula<br><a href=\"https:\/\/register.kennelliit.ee\/index.php?page=dogCard&amp;dogId=187298\" target=\"_blank\" rel=\"noopener\">FCI \/ EKL register<\/a><br><a href=\"https:\/\/kelgukoerad.ee\/hellerkantri\/hellerkantri-giara\/\" target=\"_blank\" rel=\"noopener\">Iseloomustus ja fotod<\/a><\/span><\/p><\/div><div class=\"tmm_scblock\"><\/div><\/div><\/div><div style=\"clear:both;\"><\/div><\/div><\/div><\/div>\n\n\n\n<p><\/p>\n\n\n\n<h4 class=\"has-text-align-left\">Taevastel kelguradadel&#8230;<\/h4>\n\n\n<div class=\"tmm tmm_taevastel-kelguradadel-2\"><div class=\"tmm_3_columns tmm_wrap tmm_theme_f\"><span class=\"tmm_two_containers_tablet\"><\/span><div class=\"tmm_container\"><div class=\"tmm_member\" style=\"border-top:#333333 solid 5px;\"><div class=\"tmm_photo tmm_pic_taevastel-kelguradadel-2_0\" style=\"background: url(https:\/\/kelgukoerad.ee\/hellerkantri\/wp-content\/uploads\/2020\/03\/Hopsa-1.jpg); margin-left: auto; margin-right:auto; background-size:cover !important;\"><\/div><div class=\"tmm_textblock\"><div class=\"tmm_names\"><span class=\"tmm_fname\">Hellerkantri<\/span> <span class=\"tmm_lname\">Hopsa<\/span><\/div><div class=\"tmm_desc\" style=\"text-align:center\"><p><strong>2012-2024<\/strong><br>Ema: Yellowsnow Malamutes Black Bagou<br>Isa: Eyh Mr. Bear Of Greystone Shadow<br>Kasvataja ja o<span class=\"text_exposed_show\">manik: Helle Kaljula<br><a href=\"https:\/\/register.kennelliit.ee\/index.php?page=dogCard&amp;dogId=158443\" target=\"_blank\" rel=\"noopener\">FCI \/ EKL register<\/a><\/span><\/p><\/div><div class=\"tmm_scblock\"><\/div><\/div><\/div><div class=\"tmm_member\" style=\"border-top:#333333 solid 5px;\"><div class=\"tmm_photo tmm_pic_taevastel-kelguradadel-2_1\" style=\"background: url(https:\/\/kelgukoerad.ee\/hellerkantri\/wp-content\/uploads\/2023\/11\/alaska-malamuut-Hellerkantri-Halty-01-e1685197557174.jpg); margin-left: auto; margin-right:auto; background-size:cover !important;\"><\/div><div class=\"tmm_textblock\"><div class=\"tmm_names\"><span class=\"tmm_fname\">Hellerkantri<\/span> <span class=\"tmm_lname\">Halty<\/span><\/div><div class=\"tmm_desc\" style=\"text-align:center\"><p><strong>2012-2023<\/strong><br>Ema: Yellowsnow Malamutes Black Bagou<br>Isa: Eyh Mr. Bear Of Greystone Shadow<br>Kasvataja ja o<span class=\"text_exposed_show\">manik: Helle Kaljula<br><a href=\"https:\/\/register.kennelliit.ee\/index.php?page=dogCard&amp;dogId=158440\" target=\"_blank\" rel=\"noopener\">FCI \/ EKL register<\/a><\/span><\/p><\/div><div class=\"tmm_scblock\"><\/div><\/div><\/div><span class=\"tmm_two_containers_tablet\"><\/span><div class=\"tmm_member\" style=\"border-top:#333333 solid 5px;\"><div class=\"tmm_photo tmm_pic_taevastel-kelguradadel-2_2\" style=\"background: url(https:\/\/kelgukoerad.ee\/hellerkantri\/wp-content\/uploads\/2023\/05\/AM-Hellerkantri-Trolli-Britta-2022.jpg); margin-left: auto; margin-right:auto; background-size:cover !important;\"><\/div><div class=\"tmm_textblock\"><div class=\"tmm_names\"><span class=\"tmm_fname\">Hellerkantri<\/span> <span class=\"tmm_lname\">Trolli Britta<\/span><\/div><div class=\"tmm_desc\" style=\"text-align:center\"><p><strong>2011-2023<\/strong><br>Ema: Nordiclight's North Novesta<br>Isa: Noatak's Kvitebj\u00f6rn Kong Valemon<br>Kasvataja &amp; o<span class=\"text_exposed_show\">manik: Helle Kaljula<br><a href=\"https:\/\/register.kennelliit.ee\/index.php?page=dogCard&amp;dogId=146013\">FCI \/ EKL register<\/a><\/span><\/p><\/div><div class=\"tmm_scblock\"><\/div><\/div><\/div><\/div><span class=\"tmm_columns_containers_desktop\"><\/span><div class=\"tmm_container\"><div class=\"tmm_member\" style=\"border-top:#333333 solid 5px;\"><a target=\"_blank\" href=\"https:\/\/kelgukoerad.ee\/hellerkantri\/iko-pruunkaru\/\" title=\"Hellerkantri Iko Pruunkaru\"><div class=\"tmm_photo tmm_pic_taevastel-kelguradadel-2_3\" style=\"background: url(https:\/\/kelgukoerad.ee\/hellerkantri\/wp-content\/uploads\/2023\/03\/AM-Hellerkantri-Iko-Pruunkaru.jpg); margin-left: auto; margin-right:auto; background-size:cover !important;\"><\/div><\/a><div class=\"tmm_textblock\"><div class=\"tmm_names\"><span class=\"tmm_fname\">Hellerkantri<\/span> <span class=\"tmm_lname\">Iko Pruunkaru<\/span><\/div><div class=\"tmm_desc\" style=\"text-align:center\"><p><strong>2014-2021<\/strong><br>Ema: Nordiclight's North Novesta<br>Isa: Hellerkantri Hockey<br>Kasvataja &amp; omanik: Helle Kaljula<br><a href=\"https:\/\/register.kennelliit.ee\/index.php?page=dogCard&amp;dogId=195652\" target=\"_blank\" rel=\"noopener\">FCI \/ EKL register<\/a><\/p><\/div><div class=\"tmm_scblock\"><\/div><\/div><\/div><span class=\"tmm_two_containers_tablet\"><\/span><div class=\"tmm_member\" style=\"border-top:#333333 solid 5px;\"><div class=\"tmm_photo tmm_pic_taevastel-kelguradadel-2_4\" style=\"background: url(https:\/\/kelgukoerad.ee\/hellerkantri\/wp-content\/uploads\/2023\/11\/NN-Star.jpg); margin-left: auto; margin-right:auto; background-size:cover !important;\"><\/div><div class=\"tmm_textblock\"><div class=\"tmm_names\"><span class=\"tmm_fname\">Nordiclights <\/span> <span class=\"tmm_lname\">North Star<\/span><\/div><div class=\"tmm_desc\" style=\"text-align:center\"><p><strong>2007 - 2021<\/strong><br>Ema: Nordiclight's Faith<br>Isa: Mick-Shrock's Akicita Qwest<br>Kasvataja: Nathalie Roy ja&nbsp;Pierre Thibault, Kanada<span class=\"text_exposed_show\"><br>Omanik: Helle Kaljula<br><a href=\"https:\/\/register.kennelliit.ee\/index.php?page=dogCard&amp;dogId=108545\" target=\"_blank\" rel=\"noopener\">FCI \/ EKL register<\/a><br><\/span><\/p><\/div><div class=\"tmm_scblock\"><\/div><\/div><\/div><div class=\"tmm_member\" style=\"border-top:#333333 solid 5px;\"><a target=\"_blank\" href=\"https:\/\/kelgukoerad.ee\/hellerkantri\/wp-content\/uploads\/2019\/11\/AM-Nordiclights-North-Novesta-2019.jpg\" title=\"Nordiclights North Novesta\"><div class=\"tmm_photo tmm_pic_taevastel-kelguradadel-2_5\" style=\"background: url(https:\/\/kelgukoerad.ee\/hellerkantri\/wp-content\/uploads\/2019\/11\/AM-Nordiclights-North-Novesta-1.jpg); margin-left: auto; margin-right:auto; background-size:cover !important;\"><\/div><\/a><div class=\"tmm_textblock\"><div class=\"tmm_names\"><span class=\"tmm_fname\">Nordiclights<\/span> <span class=\"tmm_lname\">North Novesta<\/span><\/div><div class=\"tmm_job\">Kenneli baasema<\/div><div class=\"tmm_desc\" style=\"text-align:center\"><p><strong>2007 - 2020<\/strong><br>Ema: Nordiclight's Faith<br>Isa: Mick-Shrock's Akicita Qwest<br>Kasvataja: Nathalie Roy ja&nbsp;Pierre Thibault, Kanada<span class=\"text_exposed_show\"><br>Omanik: Helle Kaljula<br><a href=\"https:\/\/register.kennelliit.ee\/index.php?page=dogCard&amp;dogId=108532\" target=\"_blank\" rel=\"noopener\">FCI \/ EKL register<\/a><br><a href=\"https:\/\/kelgukoerad.ee\/hellerkantri\/nordiclights-north-novesta\/\" target=\"_blank\" rel=\"noopener\">Iseloomustus ja fotod<\/a><\/span><\/p><\/div><div class=\"tmm_scblock\"><\/div><\/div><\/div><span class=\"tmm_two_containers_tablet\"><\/span><\/div><span class=\"tmm_columns_containers_desktop\"><\/span><div class=\"tmm_container\"><div class=\"tmm_member\" style=\"border-top:#333333 solid 5px;\"><a target=\"_blank\" href=\"https:\/\/kelgukoerad.ee\/hellerkantri\/wp-content\/uploads\/2010\/05\/Yellowsnow-malamutes-black-bagou-nov-2013.jpg\" title=\"Yellowsnow Malamutes  Black Bagou\"><div class=\"tmm_photo tmm_pic_taevastel-kelguradadel-2_6\" style=\"background: url(https:\/\/kelgukoerad.ee\/hellerkantri\/wp-content\/uploads\/2019\/11\/AM-Yellowsnow-Malamutes-Black-Bagou.jpg); margin-left: auto; margin-right:auto; background-size:cover !important;\"><\/div><\/a><div class=\"tmm_textblock\"><div class=\"tmm_names\"><span class=\"tmm_fname\">Yellowsnow Malamutes <\/span> <span class=\"tmm_lname\">Black Bagou<\/span><\/div><div class=\"tmm_job\">Kenneli baasema<\/div><div class=\"tmm_desc\" style=\"text-align:center\"><p><strong>2007 - 2020<br><\/strong>Ema: Nordicligh'ts Canadian Cayla<br>Isa: Eskio Jeronimo of Kiyara's Wolfpack<br>Kasvataja: Connie Hammenshoj, Taani<br><a href=\"https:\/\/register.kennelliit.ee\/index.php?page=dogCard&amp;dogId=108546\" target=\"_blank\" rel=\"noopener\">FCI\/EKL register<\/a><\/p><\/div><div class=\"tmm_scblock\"><\/div><\/div><\/div><div class=\"tmm_member\" style=\"border-top:#333333 solid 5px;\"><a target=\"_blank\" href=\"https:\/\/kelgukoerad.ee\/hellerkantri\/wp-content\/uploads\/2010\/05\/alaska-malamuut-Eyh-Mr-Bear-of-Greystone-Shadow-600x884.jpg\" title=\"Eyh Mr. Bear of  Greystone Shadow\"><div class=\"tmm_photo tmm_pic_taevastel-kelguradadel-2_7\" style=\"background: url(https:\/\/kelgukoerad.ee\/hellerkantri\/wp-content\/uploads\/2019\/11\/AM-Eyh-Mr-Bear-of-Graystone-Shadow.jpg); margin-left: auto; margin-right:auto; background-size:cover !important;\"><\/div><\/a><div class=\"tmm_textblock\"><div class=\"tmm_names\"><span class=\"tmm_fname\">Eyh Mr. Bear of <\/span> <span class=\"tmm_lname\">Greystone Shadow<\/span><\/div><div class=\"tmm_job\">Kenneli baasisa<\/div><div class=\"tmm_desc\" style=\"text-align:center\"><p><strong>2009 - 2015<br><\/strong>Ema: Trap Line Iron Shanei<br>Isa: Caloo of Greystone Shadow<br>Kasvataja: Michel Christine Prelois, Prantsusmaa<br>Omanik: Helle Kaljula<br><a href=\"https:\/\/register.kennelliit.ee\/index.php?page=dogCard&amp;dogId=123345\" target=\"_blank\" rel=\"noopener\">FCI\/EKL register<\/a><br><br><\/p><\/div><div class=\"tmm_scblock\"><\/div><\/div><\/div><div style=\"clear:both;\"><\/div><\/div><\/div><\/div>\n\n\n\n<h4 class=\"has-text-align-center\"><\/h4>\n","protected":false},"excerpt":{"rendered":"<p>Meie kennelis elab 5 alaska malamuudi t\u00f5ugu p\u00f5hjamaist kelgukoera. Esimese alaska malamuudi &#8211; Alpha (h\u00fc\u00fcdnimega Lolo), v\u00f5tsime 2003.aasta alguses. Lolo ja tema j\u00e4rglased olid meile kui t\u00f5u \u00f5ppekoerteks. Aastate jooksul saime aru, et selle liiniga ei ole m\u00f5tet aretuses ja spordis edasi minna. Uued aretusemased importisime Kanadast ja Taanist, kellest said meie kenneli aretuse baasemased&#8230;. <\/p>\n","protected":false},"author":1,"featured_media":13901,"parent":0,"menu_order":3,"comment_status":"closed","ping_status":"closed","template":"","meta":{"_monsterinsights_skip_tracking":false,"_monsterinsights_sitenote_active":false,"_monsterinsights_sitenote_note":"","_monsterinsights_sitenote_category":0},"yoast_head":"<!-- This site is optimized with the Yoast SEO plugin v14.9 - https:\/\/yoast.com\/wordpress\/plugins\/seo\/ -->\n<title>Alaska malamuut - Hellerkantri Huskypargi kelgukoerad<\/title>\n<meta name=\"description\" content=\"Kennel Hellerkantri alaska malamuutide kasvandus aastast 2004. Meie kennelis elab hetkel k\u00fcmmekond alaska malamuudi t\u00f5ugu p\u00f5hjamaist kelgukoera.\" \/>\n<meta name=\"robots\" content=\"index, follow, max-snippet:-1, max-image-preview:large, max-video-preview:-1\" \/>\n<link rel=\"canonical\" href=\"https:\/\/kelgukoerad.ee\/hellerkantri\/alaska-malamuut\/\" \/>\n<meta property=\"og:locale\" content=\"en_US\" \/>\n<meta property=\"og:type\" content=\"article\" \/>\n<meta property=\"og:title\" content=\"Alaska malamuut - Hellerkantri Huskypargi kelgukoerad\" \/>\n<meta property=\"og:description\" content=\"Kennel Hellerkantri alaska malamuutide kasvandus aastast 2004. Meie kennelis elab hetkel k\u00fcmmekond alaska malamuudi t\u00f5ugu p\u00f5hjamaist kelgukoera.\" \/>\n<meta property=\"og:url\" content=\"https:\/\/kelgukoerad.ee\/hellerkantri\/alaska-malamuut\/\" \/>\n<meta property=\"og:site_name\" content=\"Hellerkantri Huskypark\" \/>\n<meta property=\"article:modified_time\" content=\"2024-05-26T11:09:04+00:00\" \/>\n<meta property=\"og:image\" content=\"https:\/\/kelgukoerad.ee\/hellerkantri\/wp-content\/uploads\/2019\/11\/Hellerkantri-Huskypark-kelgukoerte-talu-2020.jpg\" \/>\n\t<meta property=\"og:image:width\" content=\"2048\" \/>\n\t<meta property=\"og:image:height\" content=\"937\" \/>\n<meta name=\"twitter:card\" content=\"summary_large_image\" \/>\n<script type=\"application\/ld+json\" class=\"yoast-schema-graph\">{\"@context\":\"https:\/\/schema.org\",\"@graph\":[{\"@type\":\"WebSite\",\"@id\":\"https:\/\/kelgukoerad.ee\/hellerkantri\/#website\",\"url\":\"https:\/\/kelgukoerad.ee\/hellerkantri\/\",\"name\":\"Hellerkantri Huskypark\",\"description\":\"Hellerkantri Huskypark - kelgukoerte kasvandus ja talu Raplamaal\",\"potentialAction\":[{\"@type\":\"SearchAction\",\"target\":\"https:\/\/kelgukoerad.ee\/hellerkantri\/?s={search_term_string}\",\"query-input\":\"required name=search_term_string\"}],\"inLanguage\":\"en-US\"},{\"@type\":\"ImageObject\",\"@id\":\"https:\/\/kelgukoerad.ee\/hellerkantri\/alaska-malamuut\/#primaryimage\",\"inLanguage\":\"en-US\",\"url\":\"https:\/\/kelgukoerad.ee\/hellerkantri\/wp-content\/uploads\/2019\/11\/Hellerkantri-Huskypark-kelgukoerte-talu-2020.jpg\",\"width\":2048,\"height\":937,\"caption\":\"Hellerkantri Huskypark kelgukoerte talu\"},{\"@type\":\"WebPage\",\"@id\":\"https:\/\/kelgukoerad.ee\/hellerkantri\/alaska-malamuut\/#webpage\",\"url\":\"https:\/\/kelgukoerad.ee\/hellerkantri\/alaska-malamuut\/\",\"name\":\"Alaska malamuut - Hellerkantri Huskypargi kelgukoerad\",\"isPartOf\":{\"@id\":\"https:\/\/kelgukoerad.ee\/hellerkantri\/#website\"},\"primaryImageOfPage\":{\"@id\":\"https:\/\/kelgukoerad.ee\/hellerkantri\/alaska-malamuut\/#primaryimage\"},\"datePublished\":\"2010-05-19T17:02:02+00:00\",\"dateModified\":\"2024-05-26T11:09:04+00:00\",\"description\":\"Kennel Hellerkantri alaska malamuutide kasvandus aastast 2004. Meie kennelis elab hetkel k\\u00fcmmekond alaska malamuudi t\\u00f5ugu p\\u00f5hjamaist kelgukoera.\",\"inLanguage\":\"en-US\",\"potentialAction\":[{\"@type\":\"ReadAction\",\"target\":[\"https:\/\/kelgukoerad.ee\/hellerkantri\/alaska-malamuut\/\"]}]}]}<\/script>\n<!-- \/ Yoast SEO plugin. -->","_links":{"self":[{"href":"https:\/\/kelgukoerad.ee\/hellerkantri\/wp-json\/wp\/v2\/pages\/5"}],"collection":[{"href":"https:\/\/kelgukoerad.ee\/hellerkantri\/wp-json\/wp\/v2\/pages"}],"about":[{"href":"https:\/\/kelgukoerad.ee\/hellerkantri\/wp-json\/wp\/v2\/types\/page"}],"author":[{"embeddable":true,"href":"https:\/\/kelgukoerad.ee\/hellerkantri\/wp-json\/wp\/v2\/users\/1"}],"replies":[{"embeddable":true,"href":"https:\/\/kelgukoerad.ee\/hellerkantri\/wp-json\/wp\/v2\/comments?post=5"}],"version-history":[{"count":140,"href":"https:\/\/kelgukoerad.ee\/hellerkantri\/wp-json\/wp\/v2\/pages\/5\/revisions"}],"predecessor-version":[{"id":17245,"href":"https:\/\/kelgukoerad.ee\/hellerkantri\/wp-json\/wp\/v2\/pages\/5\/revisions\/17245"}],"wp:featuredmedia":[{"embeddable":true,"href":"https:\/\/kelgukoerad.ee\/hellerkantri\/wp-json\/wp\/v2\/media\/13901"}],"wp:attachment":[{"href":"https:\/\/kelgukoerad.ee\/hellerkantri\/wp-json\/wp\/v2\/media?parent=5"}],"curies":[{"name":"wp","href":"https:\/\/api.w.org\/{rel}","templated":true}]}}