{"id":6194,"date":"2014-05-22T11:44:31","date_gmt":"2014-05-22T09:44:31","guid":{"rendered":"http:\/\/kelgukoerad.ee\/hellerkantri\/?page_id=6194"},"modified":"2020-04-01T14:04:18","modified_gmt":"2020-04-01T12:04:18","slug":"enter","status":"publish","type":"page","link":"https:\/\/kelgukoerad.ee\/hellerkantri\/enter\/","title":{"rendered":"Hellerkantri Enter"},"content":{"rendered":"\n<p><strong>Meie p\u00f5hiline v\u00f5istluskoer aastast 2014 ja rakendi tiimikoer<\/strong><\/p>\n\n\n\n<p><strong>S\u00fcndinud<\/strong>:&nbsp;18.10.2013<br><strong>Ema:<\/strong>&nbsp;<a href=\"https:\/\/kelgukoerad.ee\/hellerkantri\/zissy\/\">Hellerkantri Zissy<\/a><br><strong>Isa:&nbsp;<\/strong><a rel=\"noreferrer noopener\" href=\"https:\/\/kelgukoerad.ee\/hellerkantri\/enzo-begantisvilkas\/\" target=\"_blank\">Enzo Begantis Vilkas<\/a><br><strong>Kaal:<\/strong>&nbsp;26kg<br><strong>Turjak\u00f5rgus:<\/strong>&nbsp;63cm<br><strong>P\u00f5hjamaiste kelgukoerte veokatse:<\/strong> hinne suurep\u00e4rane (VEO1- 20km), K\u00f5rvemaa<br><strong>Kasvataja&nbsp;&amp; omanik:<\/strong>&nbsp;Helle Kaljula<br><a rel=\"noreferrer noopener\" aria-label=\"FCI \/ Eesti Kennelliidu register (opens in a new tab)\" href=\"https:\/\/register.kennelliit.ee\/index.php?page=dogCard&amp;dogId=178458\" target=\"_blank\">FCI \/ Eesti Kennelliidu register<\/a><\/p>\n\n\n\n<figure class=\"wp-block-image size-large\"><img loading=\"lazy\" width=\"1570\" height=\"1048\" src=\"https:\/\/kelgukoerad.ee\/hellerkantri\/wp-content\/uploads\/2020\/04\/Veokoerasport-2019-Hellerkantri-Enter-Eclipse-1570x1048.jpg\" alt=\"Veokoerasport Hellerkantri Enter ja Eclipse\" class=\"wp-image-13585\" srcset=\"https:\/\/kelgukoerad.ee\/hellerkantri\/wp-content\/uploads\/2020\/04\/Veokoerasport-2019-Hellerkantri-Enter-Eclipse-1570x1048.jpg 1570w, https:\/\/kelgukoerad.ee\/hellerkantri\/wp-content\/uploads\/2020\/04\/Veokoerasport-2019-Hellerkantri-Enter-Eclipse-300x200.jpg 300w, https:\/\/kelgukoerad.ee\/hellerkantri\/wp-content\/uploads\/2020\/04\/Veokoerasport-2019-Hellerkantri-Enter-Eclipse-200x133.jpg 200w, https:\/\/kelgukoerad.ee\/hellerkantri\/wp-content\/uploads\/2020\/04\/Veokoerasport-2019-Hellerkantri-Enter-Eclipse-768x513.jpg 768w, https:\/\/kelgukoerad.ee\/hellerkantri\/wp-content\/uploads\/2020\/04\/Veokoerasport-2019-Hellerkantri-Enter-Eclipse-1536x1025.jpg 1536w, https:\/\/kelgukoerad.ee\/hellerkantri\/wp-content\/uploads\/2020\/04\/Veokoerasport-2019-Hellerkantri-Enter-Eclipse.jpg 2048w\" sizes=\"(max-width: 1570px) 100vw, 1570px\" \/><figcaption>Enteri ja Eclipsega Balto S\u00fcgiskrossi fini\u0161isirgel, 2019a.<\/figcaption><\/figure>\n\n\n\n<figure class=\"wp-block-image size-large\"><img loading=\"lazy\" width=\"750\" height=\"500\" src=\"https:\/\/kelgukoerad.ee\/hellerkantri\/wp-content\/uploads\/2017\/11\/Hellerkantri-Enter-750x500.jpg\" alt=\"\" class=\"wp-image-9533\" srcset=\"https:\/\/kelgukoerad.ee\/hellerkantri\/wp-content\/uploads\/2017\/11\/Hellerkantri-Enter-750x500.jpg 750w, https:\/\/kelgukoerad.ee\/hellerkantri\/wp-content\/uploads\/2017\/11\/Hellerkantri-Enter-600x400.jpg 600w, https:\/\/kelgukoerad.ee\/hellerkantri\/wp-content\/uploads\/2017\/11\/Hellerkantri-Enter-200x133.jpg 200w, https:\/\/kelgukoerad.ee\/hellerkantri\/wp-content\/uploads\/2017\/11\/Hellerkantri-Enter-300x200.jpg 300w, https:\/\/kelgukoerad.ee\/hellerkantri\/wp-content\/uploads\/2017\/11\/Hellerkantri-Enter-768x512.jpg 768w, https:\/\/kelgukoerad.ee\/hellerkantri\/wp-content\/uploads\/2017\/11\/Hellerkantri-Enter.jpg 1600w\" sizes=\"(max-width: 750px) 100vw, 750px\" \/><figcaption>Enter stardi eel stake oudis v\u00f5istlema minemist ootamas, Valgevene, 2018a.<\/figcaption><\/figure>\n\n\n\n<figure class=\"wp-block-image size-large\"><img loading=\"lazy\" width=\"729\" height=\"1048\" src=\"https:\/\/kelgukoerad.ee\/hellerkantri\/wp-content\/uploads\/2019\/04\/Hellerkantri-Enter-2019-729x1048.jpg\" alt=\"Hellerkantri Enter\" class=\"wp-image-11403\" srcset=\"https:\/\/kelgukoerad.ee\/hellerkantri\/wp-content\/uploads\/2019\/04\/Hellerkantri-Enter-2019-729x1048.jpg 729w, https:\/\/kelgukoerad.ee\/hellerkantri\/wp-content\/uploads\/2019\/04\/Hellerkantri-Enter-2019-139x200.jpg 139w, https:\/\/kelgukoerad.ee\/hellerkantri\/wp-content\/uploads\/2019\/04\/Hellerkantri-Enter-2019-209x300.jpg 209w, https:\/\/kelgukoerad.ee\/hellerkantri\/wp-content\/uploads\/2019\/04\/Hellerkantri-Enter-2019-768x1104.jpg 768w, https:\/\/kelgukoerad.ee\/hellerkantri\/wp-content\/uploads\/2019\/04\/Hellerkantri-Enter-2019-600x862.jpg 600w, https:\/\/kelgukoerad.ee\/hellerkantri\/wp-content\/uploads\/2019\/04\/Hellerkantri-Enter-2019.jpg 1425w\" sizes=\"(max-width: 729px) 100vw, 729px\" \/><figcaption>2018a.<\/figcaption><\/figure>\n\n\n\n<figure class=\"wp-block-image size-large\"><img loading=\"lazy\" width=\"750\" height=\"600\" src=\"https:\/\/kelgukoerad.ee\/hellerkantri\/wp-content\/uploads\/2018\/03\/kennel-Hellerkantri-siberi-huskyd-2018-750x600.jpg\" alt=\"Kennel Hellerkantri siberi huskyd\" class=\"wp-image-9925\" srcset=\"https:\/\/kelgukoerad.ee\/hellerkantri\/wp-content\/uploads\/2018\/03\/kennel-Hellerkantri-siberi-huskyd-2018-750x600.jpg 750w, https:\/\/kelgukoerad.ee\/hellerkantri\/wp-content\/uploads\/2018\/03\/kennel-Hellerkantri-siberi-huskyd-2018-200x160.jpg 200w, https:\/\/kelgukoerad.ee\/hellerkantri\/wp-content\/uploads\/2018\/03\/kennel-Hellerkantri-siberi-huskyd-2018-300x240.jpg 300w, https:\/\/kelgukoerad.ee\/hellerkantri\/wp-content\/uploads\/2018\/03\/kennel-Hellerkantri-siberi-huskyd-2018-768x614.jpg 768w, https:\/\/kelgukoerad.ee\/hellerkantri\/wp-content\/uploads\/2018\/03\/kennel-Hellerkantri-siberi-huskyd-2018-600x480.jpg 600w, https:\/\/kelgukoerad.ee\/hellerkantri\/wp-content\/uploads\/2018\/03\/kennel-Hellerkantri-siberi-huskyd-2018.jpg 2048w\" sizes=\"(max-width: 750px) 100vw, 750px\" \/><figcaption>Latvian Winter Championship 2018, juhtkoerteks Enter ja Eclipse, tagumises tiimis nende vennad Energyman ja Extreme.<\/figcaption><\/figure>\n\n\n\n<figure class=\"wp-block-image\"><img loading=\"lazy\" width=\"1000\" height=\"698\" src=\"https:\/\/kelgukoerad.ee\/hellerkantri\/wp-content\/uploads\/2014\/05\/Hellerkantri-Enter.jpg\" alt=\"Hellerkantri Enter\" class=\"wp-image-7270\" srcset=\"https:\/\/kelgukoerad.ee\/hellerkantri\/wp-content\/uploads\/2014\/05\/Hellerkantri-Enter.jpg 1000w, https:\/\/kelgukoerad.ee\/hellerkantri\/wp-content\/uploads\/2014\/05\/Hellerkantri-Enter-600x419.jpg 600w, https:\/\/kelgukoerad.ee\/hellerkantri\/wp-content\/uploads\/2014\/05\/Hellerkantri-Enter-200x139.jpg 200w, https:\/\/kelgukoerad.ee\/hellerkantri\/wp-content\/uploads\/2014\/05\/Hellerkantri-Enter-300x209.jpg 300w, https:\/\/kelgukoerad.ee\/hellerkantri\/wp-content\/uploads\/2014\/05\/Hellerkantri-Enter-750x523.jpg 750w, https:\/\/kelgukoerad.ee\/hellerkantri\/wp-content\/uploads\/2014\/05\/Hellerkantri-Enter-190x132.jpg 190w, https:\/\/kelgukoerad.ee\/hellerkantri\/wp-content\/uploads\/2014\/05\/Hellerkantri-Enter-60x41.jpg 60w, https:\/\/kelgukoerad.ee\/hellerkantri\/wp-content\/uploads\/2014\/05\/Hellerkantri-Enter-400x279.jpg 400w\" sizes=\"(max-width: 1000px) 100vw, 1000px\" \/><figcaption>2-aastane Enter, 2015a.<\/figcaption><\/figure>\n\n\n\n<figure class=\"wp-block-image\"><a href=\"https:\/\/kelgukoerad.ee\/hellerkantri\/wp-content\/uploads\/2010\/06\/Hellerkantri-kelgukoerad-4.jpg\"><img loading=\"lazy\" width=\"1000\" height=\"668\" src=\"https:\/\/kelgukoerad.ee\/hellerkantri\/wp-content\/uploads\/2010\/06\/Hellerkantri-kelgukoerad-4.jpg\" alt=\"\" class=\"wp-image-7206\" srcset=\"https:\/\/kelgukoerad.ee\/hellerkantri\/wp-content\/uploads\/2010\/06\/Hellerkantri-kelgukoerad-4.jpg 1000w, https:\/\/kelgukoerad.ee\/hellerkantri\/wp-content\/uploads\/2010\/06\/Hellerkantri-kelgukoerad-4-600x401.jpg 600w, https:\/\/kelgukoerad.ee\/hellerkantri\/wp-content\/uploads\/2010\/06\/Hellerkantri-kelgukoerad-4-200x133.jpg 200w, https:\/\/kelgukoerad.ee\/hellerkantri\/wp-content\/uploads\/2010\/06\/Hellerkantri-kelgukoerad-4-300x200.jpg 300w, https:\/\/kelgukoerad.ee\/hellerkantri\/wp-content\/uploads\/2010\/06\/Hellerkantri-kelgukoerad-4-750x501.jpg 750w, https:\/\/kelgukoerad.ee\/hellerkantri\/wp-content\/uploads\/2010\/06\/Hellerkantri-kelgukoerad-4-190x126.jpg 190w, https:\/\/kelgukoerad.ee\/hellerkantri\/wp-content\/uploads\/2010\/06\/Hellerkantri-kelgukoerad-4-60x40.jpg 60w, https:\/\/kelgukoerad.ee\/hellerkantri\/wp-content\/uploads\/2010\/06\/Hellerkantri-kelgukoerad-4-400x267.jpg 400w\" sizes=\"(max-width: 1000px) 100vw, 1000px\" \/><\/a><figcaption>Enter oma vendade Extreme, Eclipse ja Energymaniga, kevad 2015<\/figcaption><\/figure>\n\n\n\n<figure class=\"wp-block-image\"><a href=\"https:\/\/kelgukoerad.ee\/hellerkantri\/wp-content\/uploads\/2013\/05\/siberi-husky-Hellerkantri-Enter-17-11-2013.jpg\"><img loading=\"lazy\" width=\"1000\" height=\"694\" src=\"https:\/\/kelgukoerad.ee\/hellerkantri\/wp-content\/uploads\/2013\/05\/siberi-husky-Hellerkantri-Enter-17-11-2013.jpg\" alt=\"Enter\" class=\"wp-image-5382\" srcset=\"https:\/\/kelgukoerad.ee\/hellerkantri\/wp-content\/uploads\/2013\/05\/siberi-husky-Hellerkantri-Enter-17-11-2013.jpg 1000w, https:\/\/kelgukoerad.ee\/hellerkantri\/wp-content\/uploads\/2013\/05\/siberi-husky-Hellerkantri-Enter-17-11-2013-600x416.jpg 600w, https:\/\/kelgukoerad.ee\/hellerkantri\/wp-content\/uploads\/2013\/05\/siberi-husky-Hellerkantri-Enter-17-11-2013-200x138.jpg 200w, https:\/\/kelgukoerad.ee\/hellerkantri\/wp-content\/uploads\/2013\/05\/siberi-husky-Hellerkantri-Enter-17-11-2013-300x208.jpg 300w, https:\/\/kelgukoerad.ee\/hellerkantri\/wp-content\/uploads\/2013\/05\/siberi-husky-Hellerkantri-Enter-17-11-2013-750x520.jpg 750w, https:\/\/kelgukoerad.ee\/hellerkantri\/wp-content\/uploads\/2013\/05\/siberi-husky-Hellerkantri-Enter-17-11-2013-190x131.jpg 190w, https:\/\/kelgukoerad.ee\/hellerkantri\/wp-content\/uploads\/2013\/05\/siberi-husky-Hellerkantri-Enter-17-11-2013-60x41.jpg 60w, https:\/\/kelgukoerad.ee\/hellerkantri\/wp-content\/uploads\/2013\/05\/siberi-husky-Hellerkantri-Enter-17-11-2013-400x277.jpg 400w\" sizes=\"(max-width: 1000px) 100vw, 1000px\" \/><\/a><figcaption>Pisike Enter<\/figcaption><\/figure>\n","protected":false},"excerpt":{"rendered":"<p>Meie p\u00f5hiline v\u00f5istluskoer aastast 2014 ja rakendi tiimikoer S\u00fcndinud:&nbsp;18.10.2013Ema:&nbsp;Hellerkantri ZissyIsa:&nbsp;Enzo Begantis VilkasKaal:&nbsp;26kgTurjak\u00f5rgus:&nbsp;63cmP\u00f5hjamaiste kelgukoerte veokatse: hinne suurep\u00e4rane (VEO1- 20km), K\u00f5rvemaaKasvataja&nbsp;&amp; omanik:&nbsp;Helle KaljulaFCI \/ Eesti Kennelliidu register<\/p>\n","protected":false},"author":1,"featured_media":13591,"parent":0,"menu_order":30,"comment_status":"closed","ping_status":"open","template":"","meta":{"_monsterinsights_skip_tracking":false,"_monsterinsights_sitenote_active":false,"_monsterinsights_sitenote_note":"","_monsterinsights_sitenote_category":0},"yoast_head":"<!-- This site is optimized with the Yoast SEO plugin v14.9 - https:\/\/yoast.com\/wordpress\/plugins\/seo\/ -->\n<title>Hellerkantri Enter - Hellerkantri Huskypark<\/title>\n<meta name=\"robots\" content=\"index, follow, max-snippet:-1, max-image-preview:large, max-video-preview:-1\" \/>\n<link rel=\"canonical\" href=\"https:\/\/kelgukoerad.ee\/hellerkantri\/enter\/\" \/>\n<meta property=\"og:locale\" content=\"en_US\" \/>\n<meta property=\"og:type\" content=\"article\" \/>\n<meta property=\"og:title\" content=\"Hellerkantri Enter - Hellerkantri Huskypark\" \/>\n<meta property=\"og:description\" content=\"Meie p\u00f5hiline v\u00f5istluskoer aastast 2014 ja rakendi tiimikoer S\u00fcndinud:&nbsp;18.10.2013Ema:&nbsp;Hellerkantri ZissyIsa:&nbsp;Enzo Begantis VilkasKaal:&nbsp;26kgTurjak\u00f5rgus:&nbsp;63cmP\u00f5hjamaiste kelgukoerte veokatse: hinne suurep\u00e4rane (VEO1- 20km), K\u00f5rvemaaKasvataja&nbsp;&amp; omanik:&nbsp;Helle KaljulaFCI \/ Eesti Kennelliidu register\" \/>\n<meta property=\"og:url\" content=\"https:\/\/kelgukoerad.ee\/hellerkantri\/enter\/\" \/>\n<meta property=\"og:site_name\" content=\"Hellerkantri Huskypark\" \/>\n<meta property=\"article:modified_time\" content=\"2020-04-01T12:04:18+00:00\" \/>\n<meta property=\"og:image\" content=\"https:\/\/kelgukoerad.ee\/hellerkantri\/wp-content\/uploads\/2020\/04\/Siberi-husky-Hellerkantri-Enter-2019.jpg\" \/>\n\t<meta property=\"og:image:width\" content=\"2048\" \/>\n\t<meta property=\"og:image:height\" content=\"937\" \/>\n<meta name=\"twitter:card\" content=\"summary_large_image\" \/>\n<script type=\"application\/ld+json\" class=\"yoast-schema-graph\">{\"@context\":\"https:\/\/schema.org\",\"@graph\":[{\"@type\":\"WebSite\",\"@id\":\"https:\/\/kelgukoerad.ee\/hellerkantri\/#website\",\"url\":\"https:\/\/kelgukoerad.ee\/hellerkantri\/\",\"name\":\"Hellerkantri Huskypark\",\"description\":\"Hellerkantri Huskypark - kelgukoerte kasvandus ja talu Raplamaal\",\"potentialAction\":[{\"@type\":\"SearchAction\",\"target\":\"https:\/\/kelgukoerad.ee\/hellerkantri\/?s={search_term_string}\",\"query-input\":\"required name=search_term_string\"}],\"inLanguage\":\"en-US\"},{\"@type\":\"ImageObject\",\"@id\":\"https:\/\/kelgukoerad.ee\/hellerkantri\/enter\/#primaryimage\",\"inLanguage\":\"en-US\",\"url\":\"https:\/\/kelgukoerad.ee\/hellerkantri\/wp-content\/uploads\/2020\/04\/Siberi-husky-Hellerkantri-Enter-2019.jpg\",\"width\":2048,\"height\":937,\"caption\":\"Siberi husky Hellerkantri Enter\"},{\"@type\":\"WebPage\",\"@id\":\"https:\/\/kelgukoerad.ee\/hellerkantri\/enter\/#webpage\",\"url\":\"https:\/\/kelgukoerad.ee\/hellerkantri\/enter\/\",\"name\":\"Hellerkantri Enter - Hellerkantri Huskypark\",\"isPartOf\":{\"@id\":\"https:\/\/kelgukoerad.ee\/hellerkantri\/#website\"},\"primaryImageOfPage\":{\"@id\":\"https:\/\/kelgukoerad.ee\/hellerkantri\/enter\/#primaryimage\"},\"datePublished\":\"2014-05-22T09:44:31+00:00\",\"dateModified\":\"2020-04-01T12:04:18+00:00\",\"inLanguage\":\"en-US\",\"potentialAction\":[{\"@type\":\"ReadAction\",\"target\":[\"https:\/\/kelgukoerad.ee\/hellerkantri\/enter\/\"]}]}]}<\/script>\n<!-- \/ Yoast SEO plugin. -->","_links":{"self":[{"href":"https:\/\/kelgukoerad.ee\/hellerkantri\/wp-json\/wp\/v2\/pages\/6194"}],"collection":[{"href":"https:\/\/kelgukoerad.ee\/hellerkantri\/wp-json\/wp\/v2\/pages"}],"about":[{"href":"https:\/\/kelgukoerad.ee\/hellerkantri\/wp-json\/wp\/v2\/types\/page"}],"author":[{"embeddable":true,"href":"https:\/\/kelgukoerad.ee\/hellerkantri\/wp-json\/wp\/v2\/users\/1"}],"replies":[{"embeddable":true,"href":"https:\/\/kelgukoerad.ee\/hellerkantri\/wp-json\/wp\/v2\/comments?post=6194"}],"version-history":[{"count":22,"href":"https:\/\/kelgukoerad.ee\/hellerkantri\/wp-json\/wp\/v2\/pages\/6194\/revisions"}],"predecessor-version":[{"id":13588,"href":"https:\/\/kelgukoerad.ee\/hellerkantri\/wp-json\/wp\/v2\/pages\/6194\/revisions\/13588"}],"wp:featuredmedia":[{"embeddable":true,"href":"https:\/\/kelgukoerad.ee\/hellerkantri\/wp-json\/wp\/v2\/media\/13591"}],"wp:attachment":[{"href":"https:\/\/kelgukoerad.ee\/hellerkantri\/wp-json\/wp\/v2\/media?parent=6194"}],"curies":[{"name":"wp","href":"https:\/\/api.w.org\/{rel}","templated":true}]}}