{"id":6198,"date":"2014-05-22T11:53:32","date_gmt":"2014-05-22T09:53:32","guid":{"rendered":"http:\/\/kelgukoerad.ee\/hellerkantri\/?page_id=6198"},"modified":"2020-04-01T14:05:51","modified_gmt":"2020-04-01T12:05:51","slug":"energyman","status":"publish","type":"page","link":"https:\/\/kelgukoerad.ee\/hellerkantri\/energyman\/","title":{"rendered":"Hellerkantri Energyman"},"content":{"rendered":"\n<p><strong>V\u00f5istlus &#8211; ja rakendi tiimikoer.<\/strong><\/p>\n\n\n\n<p><em>Energyman on koduselt veel tuntud ka kui M\u00e4nny, Enny ja Ennu.<\/em><\/p>\n\n\n\n<p><strong>S\u00fcndinud<\/strong>:&nbsp;18.10.2013<br><strong>Ema:<\/strong> <a href=\"https:\/\/kelgukoerad.ee\/hellerkantri\/zissy\/\">Hellerkantri Zissy<\/a><br><strong>Isa: <\/strong><a rel=\"noreferrer noopener\" aria-label=\"Enzo Begantis Vilkas (opens in a new tab)\" href=\"https:\/\/kelgukoerad.ee\/hellerkantri\/enzo-begantisvilkas\/\" target=\"_blank\">Enzo Begantis Vilkas<\/a><br><strong>Kasvataja&nbsp;&amp; omanik:<\/strong>&nbsp;Helle Kaljula<br><strong>Kaal:<\/strong>&nbsp;26kg<br><strong>Turjak\u00f5rgus:<\/strong>&nbsp;ca 63cm<br><strong><a rel=\"noreferrer noopener\" href=\"http:\/\/register.kennelliit.ee\/index.php?page=dogCard&amp;dogId=178457\" target=\"_blank\">FCI \/ Eesti Kennelliidu register<\/a><\/strong><br><br><\/p>\n\n\n\n<h4>Iseloomustus<\/h4>\n\n\n\n<p>Energyman on s\u00fcndinud meie kennelis ning ta on \u00fcks meie sprindit\u00fc\u00fcpi huskydest. Energyman sai nime oma seljal paikneva valge sikk-sakk kujulise v\u00e4lgunoolt meenutava m\u00e4rgise j\u00e4rgi.&nbsp;Talle on iseloomulik ka omamoodi muigav ilme :) Energyman on k\u00f5rge,&nbsp;suurt kasvu tugev isane, kes jookseb meie turismi &#8211; ja v\u00f5istlusrakendis tiimikoera positsioonis. Ta on v\u00e4ga v\u00e4lejalgne ning talle sobib h\u00e4sti ka t\u00f5ukerattavedu. Rakendis on Energymani k\u00f5rval tavaliselt \u00fcks tema \u00f5dedest &#8211; Electra v\u00f5i Embla. Energymani rakendamine suurde (al. 6 koera) rakendisse n\u00f5uab aga lisat\u00e4helepanu &#8211; stardi eel saab temast p\u00fcsimatu ja elevust t\u00e4is energiamees. Kuid \u00fcks mis kindel, Energymani veoliin on alati maksimaalselt pinges. Oma olemuselt on Energyman pigem leebe meenutades oma emapoolse vanaema &#8211; Kolunl\u00e4hteen Kiisu, liini koeri. Energymanil on peaaegu \u00fcks-\u00fchele sarnasus oma varalahkunud onu Hellerkantri Zimoga. Energyman on meil justkui Zimo uus kehastus.. :)<\/p>\n\n\n\n<figure class=\"wp-block-image\"><img loading=\"lazy\" width=\"2048\" height=\"1638\" src=\"https:\/\/kelgukoerad.ee\/hellerkantri\/wp-content\/uploads\/2018\/03\/kennel-Hellerkantri-siberi-huskyd-2018.jpg\" alt=\"Kennel Hellerkantri siberi huskyd\" class=\"wp-image-9925\" srcset=\"https:\/\/kelgukoerad.ee\/hellerkantri\/wp-content\/uploads\/2018\/03\/kennel-Hellerkantri-siberi-huskyd-2018.jpg 2048w, https:\/\/kelgukoerad.ee\/hellerkantri\/wp-content\/uploads\/2018\/03\/kennel-Hellerkantri-siberi-huskyd-2018-200x160.jpg 200w, https:\/\/kelgukoerad.ee\/hellerkantri\/wp-content\/uploads\/2018\/03\/kennel-Hellerkantri-siberi-huskyd-2018-300x240.jpg 300w, https:\/\/kelgukoerad.ee\/hellerkantri\/wp-content\/uploads\/2018\/03\/kennel-Hellerkantri-siberi-huskyd-2018-768x614.jpg 768w, https:\/\/kelgukoerad.ee\/hellerkantri\/wp-content\/uploads\/2018\/03\/kennel-Hellerkantri-siberi-huskyd-2018-750x600.jpg 750w, https:\/\/kelgukoerad.ee\/hellerkantri\/wp-content\/uploads\/2018\/03\/kennel-Hellerkantri-siberi-huskyd-2018-600x480.jpg 600w\" sizes=\"(max-width: 2048px) 100vw, 2048px\" \/><figcaption>Energyman oma mustade vendadega v\u00f5istlusel. Latvian Winter Cup 2018, foto Juris Maurans.<\/figcaption><\/figure>\n\n\n\n<figure class=\"wp-block-image size-large\"><img loading=\"lazy\" width=\"750\" height=\"500\" src=\"https:\/\/kelgukoerad.ee\/hellerkantri\/wp-content\/uploads\/2017\/11\/Hellerkantri-Energyman-750x500.jpg\" alt=\"\" class=\"wp-image-9532\" srcset=\"https:\/\/kelgukoerad.ee\/hellerkantri\/wp-content\/uploads\/2017\/11\/Hellerkantri-Energyman-750x500.jpg 750w, https:\/\/kelgukoerad.ee\/hellerkantri\/wp-content\/uploads\/2017\/11\/Hellerkantri-Energyman-600x400.jpg 600w, https:\/\/kelgukoerad.ee\/hellerkantri\/wp-content\/uploads\/2017\/11\/Hellerkantri-Energyman-200x133.jpg 200w, https:\/\/kelgukoerad.ee\/hellerkantri\/wp-content\/uploads\/2017\/11\/Hellerkantri-Energyman-300x200.jpg 300w, https:\/\/kelgukoerad.ee\/hellerkantri\/wp-content\/uploads\/2017\/11\/Hellerkantri-Energyman-768x512.jpg 768w, https:\/\/kelgukoerad.ee\/hellerkantri\/wp-content\/uploads\/2017\/11\/Hellerkantri-Energyman.jpg 1600w\" sizes=\"(max-width: 750px) 100vw, 750px\" \/><figcaption>Energyman veokoeraspordi v\u00f5istlusel Valgevenes, stake-outis stardi ootel, 2018a.<\/figcaption><\/figure>\n\n\n\n<figure class=\"wp-block-image size-large\"><img loading=\"lazy\" width=\"750\" height=\"500\" src=\"https:\/\/kelgukoerad.ee\/hellerkantri\/wp-content\/uploads\/2017\/11\/Energyman-Embla-siberi-huskyd-750x500.jpg\" alt=\"\" class=\"wp-image-9527\" srcset=\"https:\/\/kelgukoerad.ee\/hellerkantri\/wp-content\/uploads\/2017\/11\/Energyman-Embla-siberi-huskyd-750x500.jpg 750w, https:\/\/kelgukoerad.ee\/hellerkantri\/wp-content\/uploads\/2017\/11\/Energyman-Embla-siberi-huskyd-600x400.jpg 600w, https:\/\/kelgukoerad.ee\/hellerkantri\/wp-content\/uploads\/2017\/11\/Energyman-Embla-siberi-huskyd-200x133.jpg 200w, https:\/\/kelgukoerad.ee\/hellerkantri\/wp-content\/uploads\/2017\/11\/Energyman-Embla-siberi-huskyd-300x200.jpg 300w, https:\/\/kelgukoerad.ee\/hellerkantri\/wp-content\/uploads\/2017\/11\/Energyman-Embla-siberi-huskyd-768x512.jpg 768w, https:\/\/kelgukoerad.ee\/hellerkantri\/wp-content\/uploads\/2017\/11\/Energyman-Embla-siberi-huskyd.jpg 1600w\" sizes=\"(max-width: 750px) 100vw, 750px\" \/><figcaption>Energyman \u00f5e Emblaga stardijoonel, 2018a.<\/figcaption><\/figure>\n\n\n\n<figure class=\"wp-block-image size-large\"><img loading=\"lazy\" width=\"750\" height=\"500\" src=\"https:\/\/kelgukoerad.ee\/hellerkantri\/wp-content\/uploads\/2018\/10\/Hellerkantri-Huskypark-siberi-huskyd-Energyman-Elektra-750x500.jpg\" alt=\"\" class=\"wp-image-10757\" srcset=\"https:\/\/kelgukoerad.ee\/hellerkantri\/wp-content\/uploads\/2018\/10\/Hellerkantri-Huskypark-siberi-huskyd-Energyman-Elektra-750x500.jpg 750w, https:\/\/kelgukoerad.ee\/hellerkantri\/wp-content\/uploads\/2018\/10\/Hellerkantri-Huskypark-siberi-huskyd-Energyman-Elektra-200x133.jpg 200w, https:\/\/kelgukoerad.ee\/hellerkantri\/wp-content\/uploads\/2018\/10\/Hellerkantri-Huskypark-siberi-huskyd-Energyman-Elektra-300x200.jpg 300w, https:\/\/kelgukoerad.ee\/hellerkantri\/wp-content\/uploads\/2018\/10\/Hellerkantri-Huskypark-siberi-huskyd-Energyman-Elektra-768x512.jpg 768w, https:\/\/kelgukoerad.ee\/hellerkantri\/wp-content\/uploads\/2018\/10\/Hellerkantri-Huskypark-siberi-huskyd-Energyman-Elektra-600x400.jpg 600w\" sizes=\"(max-width: 750px) 100vw, 750px\" \/><figcaption>Electra ja Energyman oma aias trennimineku ootel, s\u00fcgis 2019a.<\/figcaption><\/figure>\n\n\n\n<figure class=\"wp-block-image size-large\"><img loading=\"lazy\" width=\"750\" height=\"500\" src=\"https:\/\/kelgukoerad.ee\/hellerkantri\/wp-content\/uploads\/2017\/09\/EDC-Palivere-2017-Hellerkantri-siberi-huskyd-750x500.jpg\" alt=\"\" class=\"wp-image-9044\" srcset=\"https:\/\/kelgukoerad.ee\/hellerkantri\/wp-content\/uploads\/2017\/09\/EDC-Palivere-2017-Hellerkantri-siberi-huskyd-750x500.jpg 750w, https:\/\/kelgukoerad.ee\/hellerkantri\/wp-content\/uploads\/2017\/09\/EDC-Palivere-2017-Hellerkantri-siberi-huskyd-600x400.jpg 600w, https:\/\/kelgukoerad.ee\/hellerkantri\/wp-content\/uploads\/2017\/09\/EDC-Palivere-2017-Hellerkantri-siberi-huskyd-200x133.jpg 200w, https:\/\/kelgukoerad.ee\/hellerkantri\/wp-content\/uploads\/2017\/09\/EDC-Palivere-2017-Hellerkantri-siberi-huskyd-300x200.jpg 300w, https:\/\/kelgukoerad.ee\/hellerkantri\/wp-content\/uploads\/2017\/09\/EDC-Palivere-2017-Hellerkantri-siberi-huskyd-768x512.jpg 768w, https:\/\/kelgukoerad.ee\/hellerkantri\/wp-content\/uploads\/2017\/09\/EDC-Palivere-2017-Hellerkantri-siberi-huskyd.jpg 1148w\" sizes=\"(max-width: 750px) 100vw, 750px\" \/><figcaption>Embla ja Energyman, 2017a.<\/figcaption><\/figure>\n\n\n\n<figure class=\"wp-block-image size-large\"><img loading=\"lazy\" width=\"750\" height=\"343\" src=\"https:\/\/kelgukoerad.ee\/hellerkantri\/wp-content\/uploads\/2017\/09\/Hellerkantri-siberi-huskyd-750x343.jpg\" alt=\"\" class=\"wp-image-9129\" srcset=\"https:\/\/kelgukoerad.ee\/hellerkantri\/wp-content\/uploads\/2017\/09\/Hellerkantri-siberi-huskyd-750x343.jpg 750w, https:\/\/kelgukoerad.ee\/hellerkantri\/wp-content\/uploads\/2017\/09\/Hellerkantri-siberi-huskyd-600x275.jpg 600w, https:\/\/kelgukoerad.ee\/hellerkantri\/wp-content\/uploads\/2017\/09\/Hellerkantri-siberi-huskyd-200x92.jpg 200w, https:\/\/kelgukoerad.ee\/hellerkantri\/wp-content\/uploads\/2017\/09\/Hellerkantri-siberi-huskyd-300x137.jpg 300w, https:\/\/kelgukoerad.ee\/hellerkantri\/wp-content\/uploads\/2017\/09\/Hellerkantri-siberi-huskyd-768x352.jpg 768w, https:\/\/kelgukoerad.ee\/hellerkantri\/wp-content\/uploads\/2017\/09\/Hellerkantri-siberi-huskyd.jpg 1420w\" sizes=\"(max-width: 750px) 100vw, 750px\" \/><figcaption>Nagu kaks tilka vett &#8211; Electra ja Energyman.<\/figcaption><\/figure>\n\n\n\n<figure class=\"wp-block-image size-large\"><img loading=\"lazy\" width=\"750\" height=\"500\" src=\"https:\/\/kelgukoerad.ee\/hellerkantri\/wp-content\/uploads\/2017\/09\/kennel-Hellerkantri-siberi-huskyd-veosport-750x500.jpg\" alt=\"\" class=\"wp-image-9033\" srcset=\"https:\/\/kelgukoerad.ee\/hellerkantri\/wp-content\/uploads\/2017\/09\/kennel-Hellerkantri-siberi-huskyd-veosport-750x500.jpg 750w, https:\/\/kelgukoerad.ee\/hellerkantri\/wp-content\/uploads\/2017\/09\/kennel-Hellerkantri-siberi-huskyd-veosport-600x400.jpg 600w, https:\/\/kelgukoerad.ee\/hellerkantri\/wp-content\/uploads\/2017\/09\/kennel-Hellerkantri-siberi-huskyd-veosport-200x133.jpg 200w, https:\/\/kelgukoerad.ee\/hellerkantri\/wp-content\/uploads\/2017\/09\/kennel-Hellerkantri-siberi-huskyd-veosport-300x200.jpg 300w, https:\/\/kelgukoerad.ee\/hellerkantri\/wp-content\/uploads\/2017\/09\/kennel-Hellerkantri-siberi-huskyd-veosport-768x512.jpg 768w, https:\/\/kelgukoerad.ee\/hellerkantri\/wp-content\/uploads\/2017\/09\/kennel-Hellerkantri-siberi-huskyd-veosport.jpg 1148w\" sizes=\"(max-width: 750px) 100vw, 750px\" \/><figcaption>L\u00e4tis v\u00f5istlusel: Jaanus Enteri ja Eclipsega ning Mariin Electra ja Energymaniga, s\u00fcgis 2017a.<\/figcaption><\/figure>\n\n\n\n<figure class=\"wp-block-image\"><a href=\"https:\/\/kelgukoerad.ee\/hellerkantri\/wp-content\/uploads\/2014\/05\/Energyman.jpg\"><img loading=\"lazy\" width=\"942\" height=\"629\" src=\"https:\/\/kelgukoerad.ee\/hellerkantri\/wp-content\/uploads\/2014\/05\/Energyman.jpg\" alt=\"Energyman\" class=\"wp-image-6642\" srcset=\"https:\/\/kelgukoerad.ee\/hellerkantri\/wp-content\/uploads\/2014\/05\/Energyman.jpg 942w, https:\/\/kelgukoerad.ee\/hellerkantri\/wp-content\/uploads\/2014\/05\/Energyman-600x401.jpg 600w, https:\/\/kelgukoerad.ee\/hellerkantri\/wp-content\/uploads\/2014\/05\/Energyman-200x133.jpg 200w, https:\/\/kelgukoerad.ee\/hellerkantri\/wp-content\/uploads\/2014\/05\/Energyman-300x200.jpg 300w, https:\/\/kelgukoerad.ee\/hellerkantri\/wp-content\/uploads\/2014\/05\/Energyman-750x500.jpg 750w, https:\/\/kelgukoerad.ee\/hellerkantri\/wp-content\/uploads\/2014\/05\/Energyman-190x126.jpg 190w, https:\/\/kelgukoerad.ee\/hellerkantri\/wp-content\/uploads\/2014\/05\/Energyman-60x40.jpg 60w, https:\/\/kelgukoerad.ee\/hellerkantri\/wp-content\/uploads\/2014\/05\/Energyman-400x267.jpg 400w\" sizes=\"(max-width: 942px) 100vw, 942px\" \/><\/a><figcaption>Noorena ei tahtnud Energyman kuidagi aias p\u00fcsida, sestap tuli teda aeg-ajalt ketis hoida.<\/figcaption><\/figure>\n\n\n\n<figure class=\"wp-block-image\"><a href=\"https:\/\/kelgukoerad.ee\/hellerkantri\/wp-content\/uploads\/2014\/02\/Huskypark-2014-2.jpg\"><img loading=\"lazy\" width=\"1000\" height=\"668\" src=\"https:\/\/kelgukoerad.ee\/hellerkantri\/wp-content\/uploads\/2014\/02\/Huskypark-2014-2.jpg\" alt=\"Energyman\" class=\"wp-image-5689\" srcset=\"https:\/\/kelgukoerad.ee\/hellerkantri\/wp-content\/uploads\/2014\/02\/Huskypark-2014-2.jpg 1000w, https:\/\/kelgukoerad.ee\/hellerkantri\/wp-content\/uploads\/2014\/02\/Huskypark-2014-2-600x401.jpg 600w, https:\/\/kelgukoerad.ee\/hellerkantri\/wp-content\/uploads\/2014\/02\/Huskypark-2014-2-200x133.jpg 200w, https:\/\/kelgukoerad.ee\/hellerkantri\/wp-content\/uploads\/2014\/02\/Huskypark-2014-2-300x200.jpg 300w, https:\/\/kelgukoerad.ee\/hellerkantri\/wp-content\/uploads\/2014\/02\/Huskypark-2014-2-750x501.jpg 750w, https:\/\/kelgukoerad.ee\/hellerkantri\/wp-content\/uploads\/2014\/02\/Huskypark-2014-2-190x126.jpg 190w, https:\/\/kelgukoerad.ee\/hellerkantri\/wp-content\/uploads\/2014\/02\/Huskypark-2014-2-60x40.jpg 60w, https:\/\/kelgukoerad.ee\/hellerkantri\/wp-content\/uploads\/2014\/02\/Huskypark-2014-2-400x267.jpg 400w\" sizes=\"(max-width: 1000px) 100vw, 1000px\" \/><\/a><figcaption>Energyman p\u00fcstkojas Mariti s\u00fcles :)<\/figcaption><\/figure>\n\n\n\n<figure class=\"wp-block-image\"><a href=\"https:\/\/kelgukoerad.ee\/hellerkantri\/wp-content\/uploads\/2013\/05\/siberi-husky-Hellerkantri-Energyman-17-11-2013.jpg\"><img loading=\"lazy\" width=\"1000\" height=\"691\" src=\"https:\/\/kelgukoerad.ee\/hellerkantri\/wp-content\/uploads\/2013\/05\/siberi-husky-Hellerkantri-Energyman-17-11-2013.jpg\" alt=\"Energyman\" class=\"wp-image-5384\" srcset=\"https:\/\/kelgukoerad.ee\/hellerkantri\/wp-content\/uploads\/2013\/05\/siberi-husky-Hellerkantri-Energyman-17-11-2013.jpg 1000w, https:\/\/kelgukoerad.ee\/hellerkantri\/wp-content\/uploads\/2013\/05\/siberi-husky-Hellerkantri-Energyman-17-11-2013-600x415.jpg 600w, https:\/\/kelgukoerad.ee\/hellerkantri\/wp-content\/uploads\/2013\/05\/siberi-husky-Hellerkantri-Energyman-17-11-2013-200x138.jpg 200w, https:\/\/kelgukoerad.ee\/hellerkantri\/wp-content\/uploads\/2013\/05\/siberi-husky-Hellerkantri-Energyman-17-11-2013-300x207.jpg 300w, https:\/\/kelgukoerad.ee\/hellerkantri\/wp-content\/uploads\/2013\/05\/siberi-husky-Hellerkantri-Energyman-17-11-2013-750x518.jpg 750w, https:\/\/kelgukoerad.ee\/hellerkantri\/wp-content\/uploads\/2013\/05\/siberi-husky-Hellerkantri-Energyman-17-11-2013-190x131.jpg 190w, https:\/\/kelgukoerad.ee\/hellerkantri\/wp-content\/uploads\/2013\/05\/siberi-husky-Hellerkantri-Energyman-17-11-2013-60x41.jpg 60w, https:\/\/kelgukoerad.ee\/hellerkantri\/wp-content\/uploads\/2013\/05\/siberi-husky-Hellerkantri-Energyman-17-11-2013-400x276.jpg 400w\" sizes=\"(max-width: 1000px) 100vw, 1000px\" \/><\/a><figcaption>Pisikene Energyman. Energymani v\u00e4rvi huskyd on kutsikana hall v\u00f5i isegi must-valged. Kasvades muutub v\u00e4rvus \u00fcha heledamaks kuni seljale j\u00e4\u00e4b vaid n.\u00f6. hallikas sadul. Inglise keeles nimetatakse sellist huskyde v\u00e4rvust <em>white saddleback.<\/em><\/figcaption><\/figure>\n\n\n\n<h4>Energymani isa, ema, vanaema ja onu Zimo&#8230;<\/h4>\n\n\n\n<figure class=\"wp-block-image size-large\"><img loading=\"lazy\" width=\"1974\" height=\"904\" src=\"https:\/\/kelgukoerad.ee\/hellerkantri\/wp-content\/uploads\/2020\/03\/Enzo-Begantis-Vilkas-siberi-husky-2019.jpg\" alt=\"Enzo Begantis Vilkas siberi husky\" class=\"wp-image-13045\" srcset=\"https:\/\/kelgukoerad.ee\/hellerkantri\/wp-content\/uploads\/2020\/03\/Enzo-Begantis-Vilkas-siberi-husky-2019.jpg 1974w, https:\/\/kelgukoerad.ee\/hellerkantri\/wp-content\/uploads\/2020\/03\/Enzo-Begantis-Vilkas-siberi-husky-2019-300x137.jpg 300w, https:\/\/kelgukoerad.ee\/hellerkantri\/wp-content\/uploads\/2020\/03\/Enzo-Begantis-Vilkas-siberi-husky-2019-200x92.jpg 200w, https:\/\/kelgukoerad.ee\/hellerkantri\/wp-content\/uploads\/2020\/03\/Enzo-Begantis-Vilkas-siberi-husky-2019-768x352.jpg 768w, https:\/\/kelgukoerad.ee\/hellerkantri\/wp-content\/uploads\/2020\/03\/Enzo-Begantis-Vilkas-siberi-husky-2019-1536x703.jpg 1536w\" sizes=\"(max-width: 1974px) 100vw, 1974px\" \/><figcaption>Isa: Enzo Begantis Vilkas<\/figcaption><\/figure>\n\n\n\n<figure class=\"wp-block-image size-large\"><img loading=\"lazy\" width=\"1571\" height=\"1048\" src=\"https:\/\/kelgukoerad.ee\/hellerkantri\/wp-content\/uploads\/2019\/04\/Hellerkantri-Zissy-1571x1048.jpg\" alt=\"Hellerkantri Zissy\" class=\"wp-image-11527\" srcset=\"https:\/\/kelgukoerad.ee\/hellerkantri\/wp-content\/uploads\/2019\/04\/Hellerkantri-Zissy-1571x1048.jpg 1571w, https:\/\/kelgukoerad.ee\/hellerkantri\/wp-content\/uploads\/2019\/04\/Hellerkantri-Zissy-200x133.jpg 200w, https:\/\/kelgukoerad.ee\/hellerkantri\/wp-content\/uploads\/2019\/04\/Hellerkantri-Zissy-300x200.jpg 300w, https:\/\/kelgukoerad.ee\/hellerkantri\/wp-content\/uploads\/2019\/04\/Hellerkantri-Zissy-768x512.jpg 768w, https:\/\/kelgukoerad.ee\/hellerkantri\/wp-content\/uploads\/2019\/04\/Hellerkantri-Zissy-600x400.jpg 600w, https:\/\/kelgukoerad.ee\/hellerkantri\/wp-content\/uploads\/2019\/04\/Hellerkantri-Zissy.jpg 2048w\" sizes=\"(max-width: 1571px) 100vw, 1571px\" \/><figcaption>Ema: Hellerkantri Zissy<\/figcaption><\/figure>\n\n\n\n<figure class=\"wp-block-image size-large\"><img loading=\"lazy\" width=\"720\" height=\"513\" src=\"https:\/\/kelgukoerad.ee\/hellerkantri\/wp-content\/uploads\/2010\/05\/kiisu.3.jpg\" alt=\"\" class=\"wp-image-722\" srcset=\"https:\/\/kelgukoerad.ee\/hellerkantri\/wp-content\/uploads\/2010\/05\/kiisu.3.jpg 720w, https:\/\/kelgukoerad.ee\/hellerkantri\/wp-content\/uploads\/2010\/05\/kiisu.3-600x428.jpg 600w, https:\/\/kelgukoerad.ee\/hellerkantri\/wp-content\/uploads\/2010\/05\/kiisu.3-300x213.jpg 300w\" sizes=\"(max-width: 720px) 100vw, 720px\" \/><figcaption>Emapoolne vanaema: Kolunl\u00e4hteen Kiisu<\/figcaption><\/figure>\n\n\n\n<figure class=\"wp-block-image size-large\"><img loading=\"lazy\" width=\"729\" height=\"495\" src=\"https:\/\/kelgukoerad.ee\/hellerkantri\/wp-content\/uploads\/2010\/05\/zimo.jpg\" alt=\"\" class=\"wp-image-695\" srcset=\"https:\/\/kelgukoerad.ee\/hellerkantri\/wp-content\/uploads\/2010\/05\/zimo.jpg 729w, https:\/\/kelgukoerad.ee\/hellerkantri\/wp-content\/uploads\/2010\/05\/zimo-600x407.jpg 600w, https:\/\/kelgukoerad.ee\/hellerkantri\/wp-content\/uploads\/2010\/05\/zimo-300x203.jpg 300w\" sizes=\"(max-width: 729px) 100vw, 729px\" \/><figcaption>Sellel fotol on Energymani l\u00e4hisugulased: t\u00e4di Zuuzy, onu Zimo ja ema Zissy. Foto 2010a. <\/figcaption><\/figure>\n\n\n\n<figure class=\"wp-block-image size-large\"><img loading=\"lazy\" width=\"750\" height=\"468\" src=\"https:\/\/kelgukoerad.ee\/hellerkantri\/wp-content\/uploads\/2010\/05\/zimo21-750x468.jpg\" alt=\"\" class=\"wp-image-2944\" srcset=\"https:\/\/kelgukoerad.ee\/hellerkantri\/wp-content\/uploads\/2010\/05\/zimo21-750x468.jpg 750w, https:\/\/kelgukoerad.ee\/hellerkantri\/wp-content\/uploads\/2010\/05\/zimo21-600x375.jpg 600w, https:\/\/kelgukoerad.ee\/hellerkantri\/wp-content\/uploads\/2010\/05\/zimo21-300x187.jpg 300w, https:\/\/kelgukoerad.ee\/hellerkantri\/wp-content\/uploads\/2010\/05\/zimo21.jpg 800w\" sizes=\"(max-width: 750px) 100vw, 750px\" \/><figcaption>T\u00e4di Zuuzy, Zalla ja onu Zimo rakendis, 2011a.<\/figcaption><\/figure>\n\n\n\n<figure class=\"wp-block-image size-large\"><img loading=\"lazy\" width=\"800\" height=\"536\" src=\"https:\/\/kelgukoerad.ee\/hellerkantri\/wp-content\/uploads\/2010\/05\/Zimo.h24.jpg\" alt=\"\" class=\"wp-image-697\" srcset=\"https:\/\/kelgukoerad.ee\/hellerkantri\/wp-content\/uploads\/2010\/05\/Zimo.h24.jpg 800w, https:\/\/kelgukoerad.ee\/hellerkantri\/wp-content\/uploads\/2010\/05\/Zimo.h24-600x402.jpg 600w, https:\/\/kelgukoerad.ee\/hellerkantri\/wp-content\/uploads\/2010\/05\/Zimo.h24-300x201.jpg 300w\" sizes=\"(max-width: 800px) 100vw, 800px\" \/><figcaption>Meie kallis varalahkunud Zimo&#8230;. 2010a. Energyman on justkui Zimo uus kehastus, ja seda mitte ainult v\u00e4limiku vaid ka iseloomu osas.<\/figcaption><\/figure>\n\n\n\n<figure class=\"wp-container-2 wp-block-gallery-1 wp-block-gallery columns-2 is-cropped\"><ul class=\"blocks-gallery-grid\"><li class=\"blocks-gallery-item\"><figure><img loading=\"lazy\" width=\"401\" height=\"600\" src=\"https:\/\/kelgukoerad.ee\/hellerkantri\/wp-content\/uploads\/2010\/05\/zimo2.jpg\" alt=\"\" data-id=\"696\" data-full-url=\"https:\/\/kelgukoerad.ee\/hellerkantri\/wp-content\/uploads\/2010\/05\/zimo2.jpg\" data-link=\"https:\/\/kelgukoerad.ee\/hellerkantri\/kelgukoerad\/siberi-huskyd\/zimo2\/#main\" class=\"wp-image-696\" srcset=\"https:\/\/kelgukoerad.ee\/hellerkantri\/wp-content\/uploads\/2010\/05\/zimo2.jpg 401w, https:\/\/kelgukoerad.ee\/hellerkantri\/wp-content\/uploads\/2010\/05\/zimo2-200x300.jpg 200w\" sizes=\"(max-width: 401px) 100vw, 401px\" \/><\/figure><\/li><li class=\"blocks-gallery-item\"><figure><img loading=\"lazy\" width=\"749\" height=\"1048\" src=\"https:\/\/kelgukoerad.ee\/hellerkantri\/wp-content\/uploads\/2020\/03\/Energyman-749x1048.jpg\" alt=\"\" data-id=\"13132\" data-full-url=\"https:\/\/kelgukoerad.ee\/hellerkantri\/wp-content\/uploads\/2020\/03\/Energyman.jpg\" data-link=\"https:\/\/kelgukoerad.ee\/hellerkantri\/energyman\/energyman-3\/#main\" class=\"wp-image-13132\" srcset=\"https:\/\/kelgukoerad.ee\/hellerkantri\/wp-content\/uploads\/2020\/03\/Energyman-749x1048.jpg 749w, https:\/\/kelgukoerad.ee\/hellerkantri\/wp-content\/uploads\/2020\/03\/Energyman-214x300.jpg 214w, https:\/\/kelgukoerad.ee\/hellerkantri\/wp-content\/uploads\/2020\/03\/Energyman-143x200.jpg 143w, https:\/\/kelgukoerad.ee\/hellerkantri\/wp-content\/uploads\/2020\/03\/Energyman-768x1074.jpg 768w, https:\/\/kelgukoerad.ee\/hellerkantri\/wp-content\/uploads\/2020\/03\/Energyman.jpg 890w\" sizes=\"(max-width: 749px) 100vw, 749px\" \/><\/figure><\/li><\/ul><figcaption class=\"blocks-gallery-caption\">Zimo 2010a. vs Energyman 2018a. <\/figcaption><\/figure>\n\n\n\n<p><\/p>\n","protected":false},"excerpt":{"rendered":"<p>V\u00f5istlus &#8211; ja rakendi tiimikoer. Energyman on koduselt veel tuntud ka kui M\u00e4nny, Enny ja Ennu. S\u00fcndinud:&nbsp;18.10.2013Ema: Hellerkantri ZissyIsa: Enzo Begantis VilkasKasvataja&nbsp;&amp; omanik:&nbsp;Helle KaljulaKaal:&nbsp;26kgTurjak\u00f5rgus:&nbsp;ca 63cmFCI \/ Eesti Kennelliidu register Iseloomustus Energyman on s\u00fcndinud meie kennelis ning ta on \u00fcks meie sprindit\u00fc\u00fcpi huskydest. Energyman sai nime oma seljal paikneva valge sikk-sakk kujulise v\u00e4lgunoolt meenutava m\u00e4rgise j\u00e4rgi.&nbsp;Talle&#8230; <\/p>\n","protected":false},"author":1,"featured_media":13117,"parent":0,"menu_order":28,"comment_status":"closed","ping_status":"open","template":"","meta":{"_monsterinsights_skip_tracking":false,"_monsterinsights_sitenote_active":false,"_monsterinsights_sitenote_note":"","_monsterinsights_sitenote_category":0},"yoast_head":"<!-- This site is optimized with the Yoast SEO plugin v14.9 - https:\/\/yoast.com\/wordpress\/plugins\/seo\/ -->\n<title>Hellerkantri Energyman - Hellerkantri Huskypark<\/title>\n<meta name=\"robots\" content=\"index, follow, max-snippet:-1, max-image-preview:large, max-video-preview:-1\" \/>\n<link rel=\"canonical\" href=\"https:\/\/kelgukoerad.ee\/hellerkantri\/energyman\/\" \/>\n<meta property=\"og:locale\" content=\"en_US\" \/>\n<meta property=\"og:type\" content=\"article\" \/>\n<meta property=\"og:title\" content=\"Hellerkantri Energyman - Hellerkantri Huskypark\" \/>\n<meta property=\"og:description\" content=\"V\u00f5istlus &#8211; ja rakendi tiimikoer. Energyman on koduselt veel tuntud ka kui M\u00e4nny, Enny ja Ennu. S\u00fcndinud:&nbsp;18.10.2013Ema: Hellerkantri ZissyIsa: Enzo Begantis VilkasKasvataja&nbsp;&amp; omanik:&nbsp;Helle KaljulaKaal:&nbsp;26kgTurjak\u00f5rgus:&nbsp;ca 63cmFCI \/ Eesti Kennelliidu register Iseloomustus Energyman on s\u00fcndinud meie kennelis ning ta on \u00fcks meie sprindit\u00fc\u00fcpi huskydest. Energyman sai nime oma seljal paikneva valge sikk-sakk kujulise v\u00e4lgunoolt meenutava m\u00e4rgise j\u00e4rgi.&nbsp;Talle...\" \/>\n<meta property=\"og:url\" content=\"https:\/\/kelgukoerad.ee\/hellerkantri\/energyman\/\" \/>\n<meta property=\"og:site_name\" content=\"Hellerkantri Huskypark\" \/>\n<meta property=\"article:modified_time\" content=\"2020-04-01T12:05:51+00:00\" \/>\n<meta property=\"og:image\" content=\"https:\/\/kelgukoerad.ee\/hellerkantri\/wp-content\/uploads\/2020\/03\/Hellerkantri-Energyman-2018.jpg\" \/>\n\t<meta property=\"og:image:width\" content=\"2048\" \/>\n\t<meta property=\"og:image:height\" content=\"938\" \/>\n<meta name=\"twitter:card\" content=\"summary_large_image\" \/>\n<script type=\"application\/ld+json\" class=\"yoast-schema-graph\">{\"@context\":\"https:\/\/schema.org\",\"@graph\":[{\"@type\":\"WebSite\",\"@id\":\"https:\/\/kelgukoerad.ee\/hellerkantri\/#website\",\"url\":\"https:\/\/kelgukoerad.ee\/hellerkantri\/\",\"name\":\"Hellerkantri Huskypark\",\"description\":\"Hellerkantri Huskypark - kelgukoerte kasvandus ja talu Raplamaal\",\"potentialAction\":[{\"@type\":\"SearchAction\",\"target\":\"https:\/\/kelgukoerad.ee\/hellerkantri\/?s={search_term_string}\",\"query-input\":\"required name=search_term_string\"}],\"inLanguage\":\"en-US\"},{\"@type\":\"ImageObject\",\"@id\":\"https:\/\/kelgukoerad.ee\/hellerkantri\/energyman\/#primaryimage\",\"inLanguage\":\"en-US\",\"url\":\"https:\/\/kelgukoerad.ee\/hellerkantri\/wp-content\/uploads\/2020\/03\/Hellerkantri-Energyman-2018.jpg\",\"width\":2048,\"height\":938,\"caption\":\"Siberi husky Hellerkantri Energyman\"},{\"@type\":\"WebPage\",\"@id\":\"https:\/\/kelgukoerad.ee\/hellerkantri\/energyman\/#webpage\",\"url\":\"https:\/\/kelgukoerad.ee\/hellerkantri\/energyman\/\",\"name\":\"Hellerkantri Energyman - Hellerkantri Huskypark\",\"isPartOf\":{\"@id\":\"https:\/\/kelgukoerad.ee\/hellerkantri\/#website\"},\"primaryImageOfPage\":{\"@id\":\"https:\/\/kelgukoerad.ee\/hellerkantri\/energyman\/#primaryimage\"},\"datePublished\":\"2014-05-22T09:53:32+00:00\",\"dateModified\":\"2020-04-01T12:05:51+00:00\",\"inLanguage\":\"en-US\",\"potentialAction\":[{\"@type\":\"ReadAction\",\"target\":[\"https:\/\/kelgukoerad.ee\/hellerkantri\/energyman\/\"]}]}]}<\/script>\n<!-- \/ Yoast SEO plugin. -->","_links":{"self":[{"href":"https:\/\/kelgukoerad.ee\/hellerkantri\/wp-json\/wp\/v2\/pages\/6198"}],"collection":[{"href":"https:\/\/kelgukoerad.ee\/hellerkantri\/wp-json\/wp\/v2\/pages"}],"about":[{"href":"https:\/\/kelgukoerad.ee\/hellerkantri\/wp-json\/wp\/v2\/types\/page"}],"author":[{"embeddable":true,"href":"https:\/\/kelgukoerad.ee\/hellerkantri\/wp-json\/wp\/v2\/users\/1"}],"replies":[{"embeddable":true,"href":"https:\/\/kelgukoerad.ee\/hellerkantri\/wp-json\/wp\/v2\/comments?post=6198"}],"version-history":[{"count":45,"href":"https:\/\/kelgukoerad.ee\/hellerkantri\/wp-json\/wp\/v2\/pages\/6198\/revisions"}],"predecessor-version":[{"id":13625,"href":"https:\/\/kelgukoerad.ee\/hellerkantri\/wp-json\/wp\/v2\/pages\/6198\/revisions\/13625"}],"wp:featuredmedia":[{"embeddable":true,"href":"https:\/\/kelgukoerad.ee\/hellerkantri\/wp-json\/wp\/v2\/media\/13117"}],"wp:attachment":[{"href":"https:\/\/kelgukoerad.ee\/hellerkantri\/wp-json\/wp\/v2\/media?parent=6198"}],"curies":[{"name":"wp","href":"https:\/\/api.w.org\/{rel}","templated":true}]}}