{"id":637,"date":"2010-06-12T15:10:36","date_gmt":"2010-06-12T13:10:36","guid":{"rendered":"http:\/\/kelgukoerad.ee\/hellerkantri\/?page_id=637"},"modified":"2016-10-31T12:20:25","modified_gmt":"2016-10-31T10:20:25","slug":"zuuzy","status":"publish","type":"page","link":"https:\/\/kelgukoerad.ee\/hellerkantri\/siberi-husky\/zuuzy\/","title":{"rendered":"Hellerkantri Zuuzy"},"content":{"rendered":"<p><span style=\"color: #000000;\"><strong><strong><strong>Dacabe Zorro x Kolunl\u00e4hteen Kiisu<\/strong><\/strong><\/strong><\/span><\/p>\n<p><strong>Kasvataja\u00a0&amp; omanik:<\/strong> Helle Kaljuka<br \/>\n<strong>S\u00fcndinud:\u00a0<\/strong>11.05.2008<br \/>\n<strong><span style=\"text-decoration: underline;\"><a href=\"http:\/\/register.kennelliit.ee\/reg\/index.php?page=dogCard&amp;dogId=99583\" target=\"_blank\"><br \/>\nSUGUPUU \/ PEDIGREE<\/a><\/span><\/strong><\/p>\n<p><strong style=\"color: #384006;\">Silmauuring \/\u00a0<em style=\"font-weight: inherit;\">eyes result:<\/em><\/strong><span style=\"color: #384006;\">\u00a0\u00a0terved (2014, dr.\u00dclle Kell) \/ checked \u2013 OK<\/span><\/p>\n<p><strong>N\u00e4itusehinne \/ show results:<br \/>\n<\/strong>1x\u00a0\u00a0k\u00f5rgeim hinne \u2013 \u201csuurep\u00e4rane\u201d \u00a0&amp; parim emane \u2013 2. Eesti siberi huskyde erin\u00e4itusel, kohtunik Pr.Barbara Stanier<br \/>\n<em>1x EXC at SH speciality in open class, judge Mrs.Barbara Stanier<\/em><\/p>\n<p><strong>N\u00e4ituse kirjeldus \/ show description:<\/strong><br \/>\n<em><em>Grey and white saddle back. Good fem.head. With very fem.expression. Correct scissorbite. Correct earset, good reach of neck. Moves soundly, mainstairing a level topline. Correct tail carriage. In a good coat &amp; condition. &#8211; Mrs. Barbara Stanier, kennel Arctictrek\u00a0(UK)\u00a0<\/em><\/em><\/p>\n<p><strong>V\u00f5istlustulemused \/ race results:<\/strong><br \/>\n12.m\u00e4rts 2011 &#8211; Baltic Cup III etapp, EE, 7km, 1.koht (Sp2NB, Mariin K.)<br \/>\n24-25.09.2011 &#8211; Baltic Cup Dryland 3.etapp, EE, 2x5km, 2.koht (DS2NB, Mariin K.)<br \/>\n20-21.november Baltic Cup 2010 FINAAL etapp, LT, 4,6+4,6km, 4.koht (2-koera scooter, Helle K.)<br \/>\n25-26.september Baltic Cup II etapp, EE, 5+5km, 6.koht (4-koera k\u00e4ru, \u00dclle Aaslav-Kaasik)<br \/>\n7.m\u00e4rts Talvekarikas 2010, EE,\u00a0 4,2 km,\u00a0 1.koht ( 4-koera kelk, Mariin K.)<\/p>\n<p><strong>Zuuzy <\/strong>on s\u00fcndinud ja kasvanud meie kennelis. Kahe tumepruuni silma ja valge kasuka, halli seljaga, keskmist kasvu emane. Tore ja armas koer omal kohal. V\u00e4ga hea vedaja, kes kunagi ei j\u00e4\u00e4 maha ka k\u00f5ige nobejalgsematest. K\u00f5ige parem &#8220;rivis\u00f5dur&#8221;, kes veab alati ja innukalt keskmises positsioonis rakendis. On ka osalenud v\u00f5istlustel 4- koera sprindis kelguveo v\u00f5istlusel Talvekarikas 2010.<\/p>\n<p style=\"text-align: center;\"><a href=\"https:\/\/kelgukoerad.ee\/hellerkantri\/wp-content\/uploads\/2010\/06\/zuuzy5.jpg\"><img loading=\"lazy\" class=\"size-full wp-image-1387 aligncenter\" title=\"zuuzy\" src=\"https:\/\/kelgukoerad.ee\/hellerkantri\/wp-content\/uploads\/2010\/06\/zuuzy5.jpg\" alt=\"\" width=\"481\" height=\"720\" srcset=\"https:\/\/kelgukoerad.ee\/hellerkantri\/wp-content\/uploads\/2010\/06\/zuuzy5.jpg 481w, https:\/\/kelgukoerad.ee\/hellerkantri\/wp-content\/uploads\/2010\/06\/zuuzy5-200x300.jpg 200w, https:\/\/kelgukoerad.ee\/hellerkantri\/wp-content\/uploads\/2010\/06\/zuuzy5-400x600.jpg 400w\" sizes=\"(max-width: 481px) 100vw, 481px\" \/><\/a><\/p>\n<p style=\"text-align: center;\"><img loading=\"lazy\" class=\"size-full wp-image-670 aligncenter\" src=\"https:\/\/kelgukoerad.ee\/hellerkantri\/wp-content\/uploads\/2010\/06\/zuuzy1.jpg\" alt=\"\" width=\"700\" height=\"467\" srcset=\"https:\/\/kelgukoerad.ee\/hellerkantri\/wp-content\/uploads\/2010\/06\/zuuzy1.jpg 700w, https:\/\/kelgukoerad.ee\/hellerkantri\/wp-content\/uploads\/2010\/06\/zuuzy1-600x400.jpg 600w, https:\/\/kelgukoerad.ee\/hellerkantri\/wp-content\/uploads\/2010\/06\/zuuzy1-300x200.jpg 300w\" sizes=\"(max-width: 700px) 100vw, 700px\" \/><\/p>\n<p style=\"text-align: center;\"><img loading=\"lazy\" class=\"size-full wp-image-671 aligncenter\" title=\"zuuzy2\" src=\"https:\/\/kelgukoerad.ee\/hellerkantri\/wp-content\/uploads\/2010\/06\/zuuzy2.jpg\" alt=\"\" width=\"700\" height=\"469\" srcset=\"https:\/\/kelgukoerad.ee\/hellerkantri\/wp-content\/uploads\/2010\/06\/zuuzy2.jpg 700w, https:\/\/kelgukoerad.ee\/hellerkantri\/wp-content\/uploads\/2010\/06\/zuuzy2-600x402.jpg 600w, https:\/\/kelgukoerad.ee\/hellerkantri\/wp-content\/uploads\/2010\/06\/zuuzy2-300x201.jpg 300w\" sizes=\"(max-width: 700px) 100vw, 700px\" \/><\/p>\n<p style=\"text-align: center;\"><img loading=\"lazy\" class=\"size-full wp-image-672 aligncenter\" title=\"zuuzy3\" src=\"https:\/\/kelgukoerad.ee\/hellerkantri\/wp-content\/uploads\/2010\/06\/zuuzy3.jpg\" alt=\"\" width=\"700\" height=\"469\" srcset=\"https:\/\/kelgukoerad.ee\/hellerkantri\/wp-content\/uploads\/2010\/06\/zuuzy3.jpg 700w, https:\/\/kelgukoerad.ee\/hellerkantri\/wp-content\/uploads\/2010\/06\/zuuzy3-600x402.jpg 600w, https:\/\/kelgukoerad.ee\/hellerkantri\/wp-content\/uploads\/2010\/06\/zuuzy3-300x201.jpg 300w\" sizes=\"(max-width: 700px) 100vw, 700px\" \/><\/p>\n","protected":false},"excerpt":{"rendered":"<p>Dacabe Zorro x Kolunl\u00e4hteen Kiisu Kasvataja\u00a0&amp; omanik: Helle Kaljuka S\u00fcndinud:\u00a011.05.2008 SUGUPUU \/ PEDIGREE Silmauuring \/\u00a0eyes result:\u00a0\u00a0terved (2014, dr.\u00dclle Kell) \/ checked \u2013 OK N\u00e4itusehinne \/ show results: 1x\u00a0\u00a0k\u00f5rgeim hinne \u2013 \u201csuurep\u00e4rane\u201d \u00a0&amp; parim emane \u2013 2. Eesti siberi huskyde erin\u00e4itusel, kohtunik Pr.Barbara Stanier 1x EXC at SH speciality in open class, judge Mrs.Barbara Stanier N\u00e4ituse&#8230; <\/p>\n","protected":false},"author":1,"featured_media":0,"parent":7,"menu_order":30,"comment_status":"closed","ping_status":"closed","template":"","meta":{"_monsterinsights_skip_tracking":false,"_monsterinsights_sitenote_active":false,"_monsterinsights_sitenote_note":"","_monsterinsights_sitenote_category":0},"yoast_head":"<!-- This site is optimized with the Yoast SEO plugin v14.9 - https:\/\/yoast.com\/wordpress\/plugins\/seo\/ -->\n<title>Hellerkantri Zuuzy - Hellerkantri Huskypark<\/title>\n<meta name=\"robots\" content=\"index, follow, max-snippet:-1, max-image-preview:large, max-video-preview:-1\" \/>\n<link rel=\"canonical\" href=\"https:\/\/kelgukoerad.ee\/hellerkantri\/siberi-husky\/zuuzy\/\" \/>\n<meta property=\"og:locale\" content=\"en_US\" \/>\n<meta property=\"og:type\" content=\"article\" \/>\n<meta property=\"og:title\" content=\"Hellerkantri Zuuzy - Hellerkantri Huskypark\" \/>\n<meta property=\"og:description\" content=\"Dacabe Zorro x Kolunl\u00e4hteen Kiisu Kasvataja\u00a0&amp; omanik: Helle Kaljuka S\u00fcndinud:\u00a011.05.2008 SUGUPUU \/ PEDIGREE Silmauuring \/\u00a0eyes result:\u00a0\u00a0terved (2014, dr.\u00dclle Kell) \/ checked \u2013 OK N\u00e4itusehinne \/ show results: 1x\u00a0\u00a0k\u00f5rgeim hinne \u2013 \u201csuurep\u00e4rane\u201d \u00a0&amp; parim emane \u2013 2. Eesti siberi huskyde erin\u00e4itusel, kohtunik Pr.Barbara Stanier 1x EXC at SH speciality in open class, judge Mrs.Barbara Stanier N\u00e4ituse...\" \/>\n<meta property=\"og:url\" content=\"https:\/\/kelgukoerad.ee\/hellerkantri\/siberi-husky\/zuuzy\/\" \/>\n<meta property=\"og:site_name\" content=\"Hellerkantri Huskypark\" \/>\n<meta property=\"article:modified_time\" content=\"2016-10-31T10:20:25+00:00\" \/>\n<meta property=\"og:image\" content=\"https:\/\/kelgukoerad.ee\/hellerkantri\/wp-content\/uploads\/2010\/06\/zuuzy5.jpg\" \/>\n<meta name=\"twitter:card\" content=\"summary_large_image\" \/>\n<script type=\"application\/ld+json\" class=\"yoast-schema-graph\">{\"@context\":\"https:\/\/schema.org\",\"@graph\":[{\"@type\":\"WebSite\",\"@id\":\"https:\/\/kelgukoerad.ee\/hellerkantri\/#website\",\"url\":\"https:\/\/kelgukoerad.ee\/hellerkantri\/\",\"name\":\"Hellerkantri Huskypark\",\"description\":\"Hellerkantri Huskypark - kelgukoerte kasvandus ja talu Raplamaal\",\"potentialAction\":[{\"@type\":\"SearchAction\",\"target\":\"https:\/\/kelgukoerad.ee\/hellerkantri\/?s={search_term_string}\",\"query-input\":\"required name=search_term_string\"}],\"inLanguage\":\"en-US\"},{\"@type\":\"ImageObject\",\"@id\":\"https:\/\/kelgukoerad.ee\/hellerkantri\/siberi-husky\/zuuzy\/#primaryimage\",\"inLanguage\":\"en-US\",\"url\":\"https:\/\/kelgukoerad.ee\/hellerkantri\/wp-content\/uploads\/2010\/06\/zuuzy5.jpg\",\"width\":481,\"height\":720},{\"@type\":\"WebPage\",\"@id\":\"https:\/\/kelgukoerad.ee\/hellerkantri\/siberi-husky\/zuuzy\/#webpage\",\"url\":\"https:\/\/kelgukoerad.ee\/hellerkantri\/siberi-husky\/zuuzy\/\",\"name\":\"Hellerkantri Zuuzy - Hellerkantri Huskypark\",\"isPartOf\":{\"@id\":\"https:\/\/kelgukoerad.ee\/hellerkantri\/#website\"},\"primaryImageOfPage\":{\"@id\":\"https:\/\/kelgukoerad.ee\/hellerkantri\/siberi-husky\/zuuzy\/#primaryimage\"},\"datePublished\":\"2010-06-12T13:10:36+00:00\",\"dateModified\":\"2016-10-31T10:20:25+00:00\",\"inLanguage\":\"en-US\",\"potentialAction\":[{\"@type\":\"ReadAction\",\"target\":[\"https:\/\/kelgukoerad.ee\/hellerkantri\/siberi-husky\/zuuzy\/\"]}]}]}<\/script>\n<!-- \/ Yoast SEO plugin. -->","_links":{"self":[{"href":"https:\/\/kelgukoerad.ee\/hellerkantri\/wp-json\/wp\/v2\/pages\/637"}],"collection":[{"href":"https:\/\/kelgukoerad.ee\/hellerkantri\/wp-json\/wp\/v2\/pages"}],"about":[{"href":"https:\/\/kelgukoerad.ee\/hellerkantri\/wp-json\/wp\/v2\/types\/page"}],"author":[{"embeddable":true,"href":"https:\/\/kelgukoerad.ee\/hellerkantri\/wp-json\/wp\/v2\/users\/1"}],"replies":[{"embeddable":true,"href":"https:\/\/kelgukoerad.ee\/hellerkantri\/wp-json\/wp\/v2\/comments?post=637"}],"version-history":[{"count":28,"href":"https:\/\/kelgukoerad.ee\/hellerkantri\/wp-json\/wp\/v2\/pages\/637\/revisions"}],"predecessor-version":[{"id":8188,"href":"https:\/\/kelgukoerad.ee\/hellerkantri\/wp-json\/wp\/v2\/pages\/637\/revisions\/8188"}],"up":[{"embeddable":true,"href":"https:\/\/kelgukoerad.ee\/hellerkantri\/wp-json\/wp\/v2\/pages\/7"}],"wp:attachment":[{"href":"https:\/\/kelgukoerad.ee\/hellerkantri\/wp-json\/wp\/v2\/media?parent=637"}],"curies":[{"name":"wp","href":"https:\/\/api.w.org\/{rel}","templated":true}]}}