{"id":6397,"date":"2014-06-15T12:41:10","date_gmt":"2014-06-15T10:41:10","guid":{"rendered":"http:\/\/kelgukoerad.ee\/hellerkantri\/?page_id=6397"},"modified":"2020-04-01T14:05:26","modified_gmt":"2020-04-01T12:05:26","slug":"eclipse","status":"publish","type":"page","link":"https:\/\/kelgukoerad.ee\/hellerkantri\/eclipse\/","title":{"rendered":"Hellerkantri Eclipse"},"content":{"rendered":"\n<p><strong>Meie p\u00f5hiline v\u00f5istluskoer aastast 2014 ja rakendi tiimikoer<\/strong><\/p>\n\n\n\n<p><strong>S\u00fcndinud<\/strong>:&nbsp;18.10.2013<br><strong>Ema:<\/strong>&nbsp;<a href=\"https:\/\/kelgukoerad.ee\/hellerkantri\/zissy\/\">Hellerkantri Zissy<\/a><br><strong>Isa:&nbsp;<\/strong><a rel=\"noreferrer noopener\" href=\"https:\/\/kelgukoerad.ee\/hellerkantri\/enzo-begantisvilkas\/\" target=\"_blank\">Enzo Begantis Vilkas<\/a><br><strong>Kaal:<\/strong>&nbsp;25kg<br><strong>Turjak\u00f5rgus:<\/strong>&nbsp;60-61cm<br><strong>P\u00f5hjamaiste kelgukoerte veokatse:<\/strong>&nbsp;hinne suurep\u00e4rane (VEO1- 20km), K\u00f5rvemaa<br><strong>Kasvataja&nbsp;&amp; omanik:<\/strong>&nbsp;Helle Kaljula<br><a rel=\"noreferrer noopener\" aria-label=\"FCI \/ Eesti Kennelliidu register (opens in a new tab)\" href=\"https:\/\/register.kennelliit.ee\/index.php?page=dogCard&amp;dogId=178461\" target=\"_blank\">FCI \/ Eesti Kennelliidu register<\/a><\/p>\n\n\n\n<h4>Iseloomustus<\/h4>\n\n\n\n<p>Iseloomustus tulekul.<\/p>\n\n\n\n<figure class=\"wp-block-image size-large\"><img loading=\"lazy\" width=\"1572\" height=\"1048\" src=\"https:\/\/kelgukoerad.ee\/hellerkantri\/wp-content\/uploads\/2020\/03\/Siberi-huskyd-treening-2019-1572x1048.jpg\" alt=\"\" class=\"wp-image-13578\" srcset=\"https:\/\/kelgukoerad.ee\/hellerkantri\/wp-content\/uploads\/2020\/03\/Siberi-huskyd-treening-2019-1572x1048.jpg 1572w, https:\/\/kelgukoerad.ee\/hellerkantri\/wp-content\/uploads\/2020\/03\/Siberi-huskyd-treening-2019-300x200.jpg 300w, https:\/\/kelgukoerad.ee\/hellerkantri\/wp-content\/uploads\/2020\/03\/Siberi-huskyd-treening-2019-200x133.jpg 200w, https:\/\/kelgukoerad.ee\/hellerkantri\/wp-content\/uploads\/2020\/03\/Siberi-huskyd-treening-2019-768x512.jpg 768w, https:\/\/kelgukoerad.ee\/hellerkantri\/wp-content\/uploads\/2020\/03\/Siberi-huskyd-treening-2019-1536x1024.jpg 1536w, https:\/\/kelgukoerad.ee\/hellerkantri\/wp-content\/uploads\/2020\/03\/Siberi-huskyd-treening-2019.jpg 2048w\" sizes=\"(max-width: 1572px) 100vw, 1572px\" \/><figcaption>Enter ja Eclipse, s\u00fcgisene treening 2019a.<\/figcaption><\/figure>\n\n\n\n<figure class=\"wp-block-image size-large\"><img loading=\"lazy\" width=\"750\" height=\"519\" src=\"https:\/\/kelgukoerad.ee\/hellerkantri\/wp-content\/uploads\/2017\/12\/kennel-hellerkantri-kelgukoerad-maailmameistrivoistlus-2017-750x519.jpg\" alt=\"kennel Hellerkantri siberi huskyd\" class=\"wp-image-9627\" srcset=\"https:\/\/kelgukoerad.ee\/hellerkantri\/wp-content\/uploads\/2017\/12\/kennel-hellerkantri-kelgukoerad-maailmameistrivoistlus-2017-750x519.jpg 750w, https:\/\/kelgukoerad.ee\/hellerkantri\/wp-content\/uploads\/2017\/12\/kennel-hellerkantri-kelgukoerad-maailmameistrivoistlus-2017-600x415.jpg 600w, https:\/\/kelgukoerad.ee\/hellerkantri\/wp-content\/uploads\/2017\/12\/kennel-hellerkantri-kelgukoerad-maailmameistrivoistlus-2017-200x138.jpg 200w, https:\/\/kelgukoerad.ee\/hellerkantri\/wp-content\/uploads\/2017\/12\/kennel-hellerkantri-kelgukoerad-maailmameistrivoistlus-2017-300x208.jpg 300w, https:\/\/kelgukoerad.ee\/hellerkantri\/wp-content\/uploads\/2017\/12\/kennel-hellerkantri-kelgukoerad-maailmameistrivoistlus-2017.jpg 756w\" sizes=\"(max-width: 750px) 100vw, 750px\" \/><figcaption>Enter ja Eclipse veokoeraspordi maailmameistriv\u00f5istlustel Poolas<\/figcaption><\/figure>\n\n\n\n<figure class=\"wp-block-image\"><img loading=\"lazy\" width=\"1000\" height=\"668\" src=\"https:\/\/kelgukoerad.ee\/hellerkantri\/wp-content\/uploads\/2014\/06\/Hellerkantri-Eclipse-3.jpg\" alt=\"Hellerkantri Eclipse\" class=\"wp-image-7273\" srcset=\"https:\/\/kelgukoerad.ee\/hellerkantri\/wp-content\/uploads\/2014\/06\/Hellerkantri-Eclipse-3.jpg 1000w, https:\/\/kelgukoerad.ee\/hellerkantri\/wp-content\/uploads\/2014\/06\/Hellerkantri-Eclipse-3-600x401.jpg 600w, https:\/\/kelgukoerad.ee\/hellerkantri\/wp-content\/uploads\/2014\/06\/Hellerkantri-Eclipse-3-200x133.jpg 200w, https:\/\/kelgukoerad.ee\/hellerkantri\/wp-content\/uploads\/2014\/06\/Hellerkantri-Eclipse-3-300x200.jpg 300w, https:\/\/kelgukoerad.ee\/hellerkantri\/wp-content\/uploads\/2014\/06\/Hellerkantri-Eclipse-3-750x501.jpg 750w, https:\/\/kelgukoerad.ee\/hellerkantri\/wp-content\/uploads\/2014\/06\/Hellerkantri-Eclipse-3-190x126.jpg 190w, https:\/\/kelgukoerad.ee\/hellerkantri\/wp-content\/uploads\/2014\/06\/Hellerkantri-Eclipse-3-60x40.jpg 60w, https:\/\/kelgukoerad.ee\/hellerkantri\/wp-content\/uploads\/2014\/06\/Hellerkantri-Eclipse-3-400x267.jpg 400w\" sizes=\"(max-width: 1000px) 100vw, 1000px\" \/><figcaption>Eclipse 2-aastasena, 2015a.<\/figcaption><\/figure>\n\n\n\n<figure class=\"wp-block-image\"><a href=\"https:\/\/kelgukoerad.ee\/hellerkantri\/wp-content\/uploads\/2014\/06\/Eclipse-11.jpg\"><img loading=\"lazy\" width=\"1000\" height=\"668\" src=\"https:\/\/kelgukoerad.ee\/hellerkantri\/wp-content\/uploads\/2014\/06\/Eclipse-11.jpg\" alt=\"Eclipse\" class=\"wp-image-6648\" srcset=\"https:\/\/kelgukoerad.ee\/hellerkantri\/wp-content\/uploads\/2014\/06\/Eclipse-11.jpg 1000w, https:\/\/kelgukoerad.ee\/hellerkantri\/wp-content\/uploads\/2014\/06\/Eclipse-11-600x401.jpg 600w, https:\/\/kelgukoerad.ee\/hellerkantri\/wp-content\/uploads\/2014\/06\/Eclipse-11-200x133.jpg 200w, https:\/\/kelgukoerad.ee\/hellerkantri\/wp-content\/uploads\/2014\/06\/Eclipse-11-300x200.jpg 300w, https:\/\/kelgukoerad.ee\/hellerkantri\/wp-content\/uploads\/2014\/06\/Eclipse-11-750x501.jpg 750w, https:\/\/kelgukoerad.ee\/hellerkantri\/wp-content\/uploads\/2014\/06\/Eclipse-11-190x126.jpg 190w, https:\/\/kelgukoerad.ee\/hellerkantri\/wp-content\/uploads\/2014\/06\/Eclipse-11-60x40.jpg 60w, https:\/\/kelgukoerad.ee\/hellerkantri\/wp-content\/uploads\/2014\/06\/Eclipse-11-400x267.jpg 400w\" sizes=\"(max-width: 1000px) 100vw, 1000px\" \/><\/a><\/figure>\n\n\n\n<figure class=\"wp-block-image\"><a href=\"https:\/\/kelgukoerad.ee\/hellerkantri\/wp-content\/uploads\/2014\/06\/Eclipse.jpg\"><img loading=\"lazy\" width=\"872\" height=\"582\" src=\"https:\/\/kelgukoerad.ee\/hellerkantri\/wp-content\/uploads\/2014\/06\/Eclipse.jpg\" alt=\"Eclipse\" class=\"wp-image-6649\" srcset=\"https:\/\/kelgukoerad.ee\/hellerkantri\/wp-content\/uploads\/2014\/06\/Eclipse.jpg 872w, https:\/\/kelgukoerad.ee\/hellerkantri\/wp-content\/uploads\/2014\/06\/Eclipse-600x400.jpg 600w, https:\/\/kelgukoerad.ee\/hellerkantri\/wp-content\/uploads\/2014\/06\/Eclipse-200x133.jpg 200w, https:\/\/kelgukoerad.ee\/hellerkantri\/wp-content\/uploads\/2014\/06\/Eclipse-300x200.jpg 300w, https:\/\/kelgukoerad.ee\/hellerkantri\/wp-content\/uploads\/2014\/06\/Eclipse-750x500.jpg 750w, https:\/\/kelgukoerad.ee\/hellerkantri\/wp-content\/uploads\/2014\/06\/Eclipse-190x126.jpg 190w, https:\/\/kelgukoerad.ee\/hellerkantri\/wp-content\/uploads\/2014\/06\/Eclipse-60x40.jpg 60w, https:\/\/kelgukoerad.ee\/hellerkantri\/wp-content\/uploads\/2014\/06\/Eclipse-400x266.jpg 400w\" sizes=\"(max-width: 872px) 100vw, 872px\" \/><\/a><\/figure>\n\n\n\n<figure class=\"wp-block-image\"><a href=\"https:\/\/kelgukoerad.ee\/hellerkantri\/wp-content\/uploads\/2014\/06\/siberi-husky-Hellerkantri-Eclipse-2.jpg\"><img loading=\"lazy\" width=\"1000\" height=\"668\" src=\"https:\/\/kelgukoerad.ee\/hellerkantri\/wp-content\/uploads\/2014\/06\/siberi-husky-Hellerkantri-Eclipse-2.jpg\" alt=\"Eclipse\" class=\"wp-image-6403\" srcset=\"https:\/\/kelgukoerad.ee\/hellerkantri\/wp-content\/uploads\/2014\/06\/siberi-husky-Hellerkantri-Eclipse-2.jpg 1000w, https:\/\/kelgukoerad.ee\/hellerkantri\/wp-content\/uploads\/2014\/06\/siberi-husky-Hellerkantri-Eclipse-2-600x401.jpg 600w, https:\/\/kelgukoerad.ee\/hellerkantri\/wp-content\/uploads\/2014\/06\/siberi-husky-Hellerkantri-Eclipse-2-200x133.jpg 200w, https:\/\/kelgukoerad.ee\/hellerkantri\/wp-content\/uploads\/2014\/06\/siberi-husky-Hellerkantri-Eclipse-2-300x200.jpg 300w, https:\/\/kelgukoerad.ee\/hellerkantri\/wp-content\/uploads\/2014\/06\/siberi-husky-Hellerkantri-Eclipse-2-750x501.jpg 750w, https:\/\/kelgukoerad.ee\/hellerkantri\/wp-content\/uploads\/2014\/06\/siberi-husky-Hellerkantri-Eclipse-2-190x126.jpg 190w, https:\/\/kelgukoerad.ee\/hellerkantri\/wp-content\/uploads\/2014\/06\/siberi-husky-Hellerkantri-Eclipse-2-60x40.jpg 60w, https:\/\/kelgukoerad.ee\/hellerkantri\/wp-content\/uploads\/2014\/06\/siberi-husky-Hellerkantri-Eclipse-2-400x267.jpg 400w\" sizes=\"(max-width: 1000px) 100vw, 1000px\" \/><\/a><\/figure>\n\n\n\n<figure class=\"wp-block-image\"><a href=\"https:\/\/kelgukoerad.ee\/hellerkantri\/wp-content\/uploads\/2014\/06\/siberi-husky-Hellerkantri-Eclipse.jpg\"><img loading=\"lazy\" width=\"1000\" height=\"668\" src=\"https:\/\/kelgukoerad.ee\/hellerkantri\/wp-content\/uploads\/2014\/06\/siberi-husky-Hellerkantri-Eclipse.jpg\" alt=\"Eclipse\" class=\"wp-image-6402\" srcset=\"https:\/\/kelgukoerad.ee\/hellerkantri\/wp-content\/uploads\/2014\/06\/siberi-husky-Hellerkantri-Eclipse.jpg 1000w, https:\/\/kelgukoerad.ee\/hellerkantri\/wp-content\/uploads\/2014\/06\/siberi-husky-Hellerkantri-Eclipse-600x401.jpg 600w, https:\/\/kelgukoerad.ee\/hellerkantri\/wp-content\/uploads\/2014\/06\/siberi-husky-Hellerkantri-Eclipse-200x133.jpg 200w, https:\/\/kelgukoerad.ee\/hellerkantri\/wp-content\/uploads\/2014\/06\/siberi-husky-Hellerkantri-Eclipse-300x200.jpg 300w, https:\/\/kelgukoerad.ee\/hellerkantri\/wp-content\/uploads\/2014\/06\/siberi-husky-Hellerkantri-Eclipse-750x501.jpg 750w, https:\/\/kelgukoerad.ee\/hellerkantri\/wp-content\/uploads\/2014\/06\/siberi-husky-Hellerkantri-Eclipse-190x126.jpg 190w, https:\/\/kelgukoerad.ee\/hellerkantri\/wp-content\/uploads\/2014\/06\/siberi-husky-Hellerkantri-Eclipse-60x40.jpg 60w, https:\/\/kelgukoerad.ee\/hellerkantri\/wp-content\/uploads\/2014\/06\/siberi-husky-Hellerkantri-Eclipse-400x267.jpg 400w\" sizes=\"(max-width: 1000px) 100vw, 1000px\" \/><\/a><\/figure>\n\n\n\n<figure class=\"wp-block-image\"><a href=\"https:\/\/kelgukoerad.ee\/hellerkantri\/wp-content\/uploads\/2013\/05\/siberi-husky-Hellerkantri-Eclipse-17-11-2013.jpg\"><img loading=\"lazy\" width=\"1000\" height=\"692\" src=\"https:\/\/kelgukoerad.ee\/hellerkantri\/wp-content\/uploads\/2013\/05\/siberi-husky-Hellerkantri-Eclipse-17-11-2013.jpg\" alt=\"Eclipse\" class=\"wp-image-5379\" srcset=\"https:\/\/kelgukoerad.ee\/hellerkantri\/wp-content\/uploads\/2013\/05\/siberi-husky-Hellerkantri-Eclipse-17-11-2013.jpg 1000w, https:\/\/kelgukoerad.ee\/hellerkantri\/wp-content\/uploads\/2013\/05\/siberi-husky-Hellerkantri-Eclipse-17-11-2013-600x415.jpg 600w, https:\/\/kelgukoerad.ee\/hellerkantri\/wp-content\/uploads\/2013\/05\/siberi-husky-Hellerkantri-Eclipse-17-11-2013-200x138.jpg 200w, https:\/\/kelgukoerad.ee\/hellerkantri\/wp-content\/uploads\/2013\/05\/siberi-husky-Hellerkantri-Eclipse-17-11-2013-300x207.jpg 300w, https:\/\/kelgukoerad.ee\/hellerkantri\/wp-content\/uploads\/2013\/05\/siberi-husky-Hellerkantri-Eclipse-17-11-2013-750x519.jpg 750w, https:\/\/kelgukoerad.ee\/hellerkantri\/wp-content\/uploads\/2013\/05\/siberi-husky-Hellerkantri-Eclipse-17-11-2013-190x131.jpg 190w, https:\/\/kelgukoerad.ee\/hellerkantri\/wp-content\/uploads\/2013\/05\/siberi-husky-Hellerkantri-Eclipse-17-11-2013-60x41.jpg 60w, https:\/\/kelgukoerad.ee\/hellerkantri\/wp-content\/uploads\/2013\/05\/siberi-husky-Hellerkantri-Eclipse-17-11-2013-400x276.jpg 400w\" sizes=\"(max-width: 1000px) 100vw, 1000px\" \/><\/a><\/figure>\n","protected":false},"excerpt":{"rendered":"<p>Meie p\u00f5hiline v\u00f5istluskoer aastast 2014 ja rakendi tiimikoer S\u00fcndinud:&nbsp;18.10.2013Ema:&nbsp;Hellerkantri ZissyIsa:&nbsp;Enzo Begantis VilkasKaal:&nbsp;25kgTurjak\u00f5rgus:&nbsp;60-61cmP\u00f5hjamaiste kelgukoerte veokatse:&nbsp;hinne suurep\u00e4rane (VEO1- 20km), K\u00f5rvemaaKasvataja&nbsp;&amp; omanik:&nbsp;Helle KaljulaFCI \/ Eesti Kennelliidu register Iseloomustus Iseloomustus tulekul.<\/p>\n","protected":false},"author":1,"featured_media":13160,"parent":0,"menu_order":31,"comment_status":"closed","ping_status":"open","template":"","meta":{"_monsterinsights_skip_tracking":false,"_monsterinsights_sitenote_active":false,"_monsterinsights_sitenote_note":"","_monsterinsights_sitenote_category":0},"yoast_head":"<!-- This site is optimized with the Yoast SEO plugin v14.9 - https:\/\/yoast.com\/wordpress\/plugins\/seo\/ -->\n<title>Hellerkantri Eclipse - Hellerkantri Huskypark<\/title>\n<meta name=\"robots\" content=\"index, follow, max-snippet:-1, max-image-preview:large, max-video-preview:-1\" \/>\n<link rel=\"canonical\" href=\"https:\/\/kelgukoerad.ee\/hellerkantri\/eclipse\/\" \/>\n<meta property=\"og:locale\" content=\"en_US\" \/>\n<meta property=\"og:type\" content=\"article\" \/>\n<meta property=\"og:title\" content=\"Hellerkantri Eclipse - Hellerkantri Huskypark\" \/>\n<meta property=\"og:description\" content=\"Meie p\u00f5hiline v\u00f5istluskoer aastast 2014 ja rakendi tiimikoer S\u00fcndinud:&nbsp;18.10.2013Ema:&nbsp;Hellerkantri ZissyIsa:&nbsp;Enzo Begantis VilkasKaal:&nbsp;25kgTurjak\u00f5rgus:&nbsp;60-61cmP\u00f5hjamaiste kelgukoerte veokatse:&nbsp;hinne suurep\u00e4rane (VEO1- 20km), K\u00f5rvemaaKasvataja&nbsp;&amp; omanik:&nbsp;Helle KaljulaFCI \/ Eesti Kennelliidu register Iseloomustus Iseloomustus tulekul.\" \/>\n<meta property=\"og:url\" content=\"https:\/\/kelgukoerad.ee\/hellerkantri\/eclipse\/\" \/>\n<meta property=\"og:site_name\" content=\"Hellerkantri Huskypark\" \/>\n<meta property=\"article:modified_time\" content=\"2020-04-01T12:05:26+00:00\" \/>\n<meta property=\"og:image\" content=\"https:\/\/kelgukoerad.ee\/hellerkantri\/wp-content\/uploads\/2020\/03\/siberi-husky-Hellerkantri-Eclipse.jpg\" \/>\n\t<meta property=\"og:image:width\" content=\"2048\" \/>\n\t<meta property=\"og:image:height\" content=\"937\" \/>\n<meta name=\"twitter:card\" content=\"summary_large_image\" \/>\n<script type=\"application\/ld+json\" class=\"yoast-schema-graph\">{\"@context\":\"https:\/\/schema.org\",\"@graph\":[{\"@type\":\"WebSite\",\"@id\":\"https:\/\/kelgukoerad.ee\/hellerkantri\/#website\",\"url\":\"https:\/\/kelgukoerad.ee\/hellerkantri\/\",\"name\":\"Hellerkantri Huskypark\",\"description\":\"Hellerkantri Huskypark - kelgukoerte kasvandus ja talu Raplamaal\",\"potentialAction\":[{\"@type\":\"SearchAction\",\"target\":\"https:\/\/kelgukoerad.ee\/hellerkantri\/?s={search_term_string}\",\"query-input\":\"required name=search_term_string\"}],\"inLanguage\":\"en-US\"},{\"@type\":\"ImageObject\",\"@id\":\"https:\/\/kelgukoerad.ee\/hellerkantri\/eclipse\/#primaryimage\",\"inLanguage\":\"en-US\",\"url\":\"https:\/\/kelgukoerad.ee\/hellerkantri\/wp-content\/uploads\/2020\/03\/siberi-husky-Hellerkantri-Eclipse.jpg\",\"width\":2048,\"height\":937,\"caption\":\"siberi husky Hellerkantri Eclipse\"},{\"@type\":\"WebPage\",\"@id\":\"https:\/\/kelgukoerad.ee\/hellerkantri\/eclipse\/#webpage\",\"url\":\"https:\/\/kelgukoerad.ee\/hellerkantri\/eclipse\/\",\"name\":\"Hellerkantri Eclipse - Hellerkantri Huskypark\",\"isPartOf\":{\"@id\":\"https:\/\/kelgukoerad.ee\/hellerkantri\/#website\"},\"primaryImageOfPage\":{\"@id\":\"https:\/\/kelgukoerad.ee\/hellerkantri\/eclipse\/#primaryimage\"},\"datePublished\":\"2014-06-15T10:41:10+00:00\",\"dateModified\":\"2020-04-01T12:05:26+00:00\",\"inLanguage\":\"en-US\",\"potentialAction\":[{\"@type\":\"ReadAction\",\"target\":[\"https:\/\/kelgukoerad.ee\/hellerkantri\/eclipse\/\"]}]}]}<\/script>\n<!-- \/ Yoast SEO plugin. -->","_links":{"self":[{"href":"https:\/\/kelgukoerad.ee\/hellerkantri\/wp-json\/wp\/v2\/pages\/6397"}],"collection":[{"href":"https:\/\/kelgukoerad.ee\/hellerkantri\/wp-json\/wp\/v2\/pages"}],"about":[{"href":"https:\/\/kelgukoerad.ee\/hellerkantri\/wp-json\/wp\/v2\/types\/page"}],"author":[{"embeddable":true,"href":"https:\/\/kelgukoerad.ee\/hellerkantri\/wp-json\/wp\/v2\/users\/1"}],"replies":[{"embeddable":true,"href":"https:\/\/kelgukoerad.ee\/hellerkantri\/wp-json\/wp\/v2\/comments?post=6397"}],"version-history":[{"count":33,"href":"https:\/\/kelgukoerad.ee\/hellerkantri\/wp-json\/wp\/v2\/pages\/6397\/revisions"}],"predecessor-version":[{"id":13579,"href":"https:\/\/kelgukoerad.ee\/hellerkantri\/wp-json\/wp\/v2\/pages\/6397\/revisions\/13579"}],"wp:featuredmedia":[{"embeddable":true,"href":"https:\/\/kelgukoerad.ee\/hellerkantri\/wp-json\/wp\/v2\/media\/13160"}],"wp:attachment":[{"href":"https:\/\/kelgukoerad.ee\/hellerkantri\/wp-json\/wp\/v2\/media?parent=6397"}],"curies":[{"name":"wp","href":"https:\/\/api.w.org\/{rel}","templated":true}]}}