{"id":6995,"date":"2015-03-11T21:31:37","date_gmt":"2015-03-11T19:31:37","guid":{"rendered":"http:\/\/kelgukoerad.ee\/hellerkantri\/?page_id=6995"},"modified":"2021-10-06T19:03:27","modified_gmt":"2021-10-06T17:03:27","slug":"iko-pruunkaru","status":"publish","type":"page","link":"https:\/\/kelgukoerad.ee\/hellerkantri\/iko-pruunkaru\/","title":{"rendered":"Hellerkantri Iko Pruunkaru"},"content":{"rendered":"\n<p><strong>Igavesti meie s\u00fcdametes<\/strong><\/p>\n\n\n\n<p>Iko jookseb taevastel kelguradadel&#8230;tema kaotus l\u00e4bi \u00f5nnetuse on \u00fcks valusamaid l\u00f6\u00f6ke meie koeranduse ajaloos. Sellest r\u00e4\u00e4kida on valus, sellele m\u00f5elda on valus. J\u00e4\u00e4d igavesti meie s\u00fcdametesse, olid parima iseloomuga malamuut, keda kohanud oleme&#8230;<\/p>\n\n\n\n<p>20.08.2014 &#8211; 30.08.2021<br><strong>Ema:<\/strong>&nbsp;Nordiclight&#8217;s North Novesta<br><strong>Isa:<\/strong>&nbsp;Hellerkantri Hockey<br><strong>Kasvataja &amp; omanik:&nbsp;<\/strong>Helle Kaljula<br><strong>Kaal:<\/strong> 36kg<br><strong><a href=\"http:\/\/register.kennelliit.ee\/index.php?page=dogCard&amp;dogId=195652\" target=\"_blank\" rel=\"noreferrer noopener\">FCI \/ Eesti Kennelliidu register<\/a><\/strong><br><\/p>\n\n\n\n<h4>Iseloomustus<\/h4>\n\n\n\n<p>Iko on malbe iseloomuga isane alaska malamuut. Avatud suhtleja, suur pugeja ja paljude lemmik. Talle meeldib meeldida ja olla s\u00f5ber k\u00f5igiga :) V\u00e4ga s\u00f5bralik ja tolerantne teiste (ka v\u00f5\u00f5raste) isaste ja kutsikate suhtes. Rakendis fokuseeritud ja stabiilne vedaja. S\u00fcndides oli tema v\u00e4rv mahagon (tumepruun) valgega kuid hooajati on see muutuv  &#8211; talvel on Iko kasukas pruun ning suvel punane :) K\u00f5ik meie kenneli emased on talle sugulased, sestap ei ole Ikol veel j\u00e4rglasi olnud. Meile meeldiks v\u00e4ga kui saaksime temalt kunagi endale ka \u00fche j\u00e4rglase. Iko on meie silmis v\u00e4\u00e4rt alaska malamuut, kel oleks t\u00f5ule edasi anda paremat iseloomu ehk samasooliste koerte omavahelist tolerantsust. <\/p>\n\n\n\n<figure class=\"wp-block-image size-large\"><img loading=\"lazy\" width=\"1572\" height=\"1048\" src=\"https:\/\/kelgukoerad.ee\/hellerkantri\/wp-content\/uploads\/2021\/02\/Hellerkantri-Iko-Pruunkaru-2021-1572x1048.jpg\" alt=\"\" class=\"wp-image-15532\" srcset=\"https:\/\/kelgukoerad.ee\/hellerkantri\/wp-content\/uploads\/2021\/02\/Hellerkantri-Iko-Pruunkaru-2021-1572x1048.jpg 1572w, https:\/\/kelgukoerad.ee\/hellerkantri\/wp-content\/uploads\/2021\/02\/Hellerkantri-Iko-Pruunkaru-2021-300x200.jpg 300w, https:\/\/kelgukoerad.ee\/hellerkantri\/wp-content\/uploads\/2021\/02\/Hellerkantri-Iko-Pruunkaru-2021-200x133.jpg 200w, https:\/\/kelgukoerad.ee\/hellerkantri\/wp-content\/uploads\/2021\/02\/Hellerkantri-Iko-Pruunkaru-2021-768x512.jpg 768w, https:\/\/kelgukoerad.ee\/hellerkantri\/wp-content\/uploads\/2021\/02\/Hellerkantri-Iko-Pruunkaru-2021-1536x1024.jpg 1536w, https:\/\/kelgukoerad.ee\/hellerkantri\/wp-content\/uploads\/2021\/02\/Hellerkantri-Iko-Pruunkaru-2021.jpg 2048w\" sizes=\"(max-width: 1572px) 100vw, 1572px\" \/><figcaption>Iko stake-outis ootamas matkalisi :) 14.02.2021<\/figcaption><\/figure>\n\n\n\n<figure class=\"wp-block-image size-large\"><img loading=\"lazy\" width=\"1572\" height=\"1048\" src=\"https:\/\/kelgukoerad.ee\/hellerkantri\/wp-content\/uploads\/2021\/02\/Hellerkantri-Iko-Pruunkaru-2021-1-1572x1048.jpg\" alt=\"\" class=\"wp-image-15533\" srcset=\"https:\/\/kelgukoerad.ee\/hellerkantri\/wp-content\/uploads\/2021\/02\/Hellerkantri-Iko-Pruunkaru-2021-1-1572x1048.jpg 1572w, https:\/\/kelgukoerad.ee\/hellerkantri\/wp-content\/uploads\/2021\/02\/Hellerkantri-Iko-Pruunkaru-2021-1-300x200.jpg 300w, https:\/\/kelgukoerad.ee\/hellerkantri\/wp-content\/uploads\/2021\/02\/Hellerkantri-Iko-Pruunkaru-2021-1-200x133.jpg 200w, https:\/\/kelgukoerad.ee\/hellerkantri\/wp-content\/uploads\/2021\/02\/Hellerkantri-Iko-Pruunkaru-2021-1-768x512.jpg 768w, https:\/\/kelgukoerad.ee\/hellerkantri\/wp-content\/uploads\/2021\/02\/Hellerkantri-Iko-Pruunkaru-2021-1-1536x1024.jpg 1536w, https:\/\/kelgukoerad.ee\/hellerkantri\/wp-content\/uploads\/2021\/02\/Hellerkantri-Iko-Pruunkaru-2021-1.jpg 2048w\" sizes=\"(max-width: 1572px) 100vw, 1572px\" \/><figcaption>Natuke unise olemisega pruunkaruke, 14.02.2021<\/figcaption><\/figure>\n\n\n\n<figure class=\"wp-block-image size-large\"><img loading=\"lazy\" width=\"1572\" height=\"1048\" src=\"https:\/\/kelgukoerad.ee\/hellerkantri\/wp-content\/uploads\/2021\/02\/Hellerkantri-Iko-Pruunkaru-2021-3-1572x1048.jpg\" alt=\"\" class=\"wp-image-15534\" srcset=\"https:\/\/kelgukoerad.ee\/hellerkantri\/wp-content\/uploads\/2021\/02\/Hellerkantri-Iko-Pruunkaru-2021-3-1572x1048.jpg 1572w, https:\/\/kelgukoerad.ee\/hellerkantri\/wp-content\/uploads\/2021\/02\/Hellerkantri-Iko-Pruunkaru-2021-3-300x200.jpg 300w, https:\/\/kelgukoerad.ee\/hellerkantri\/wp-content\/uploads\/2021\/02\/Hellerkantri-Iko-Pruunkaru-2021-3-200x133.jpg 200w, https:\/\/kelgukoerad.ee\/hellerkantri\/wp-content\/uploads\/2021\/02\/Hellerkantri-Iko-Pruunkaru-2021-3-768x512.jpg 768w, https:\/\/kelgukoerad.ee\/hellerkantri\/wp-content\/uploads\/2021\/02\/Hellerkantri-Iko-Pruunkaru-2021-3-1536x1024.jpg 1536w, https:\/\/kelgukoerad.ee\/hellerkantri\/wp-content\/uploads\/2021\/02\/Hellerkantri-Iko-Pruunkaru-2021-3.jpg 2048w\" sizes=\"(max-width: 1572px) 100vw, 1572px\" \/><figcaption>14.02.2021<\/figcaption><\/figure>\n\n\n\n<figure class=\"wp-block-image size-large\"><img loading=\"lazy\" width=\"1572\" height=\"1048\" src=\"https:\/\/kelgukoerad.ee\/hellerkantri\/wp-content\/uploads\/2021\/02\/Hellerkantri-Iko-Pruunkaru-2018-1572x1048.jpg\" alt=\"\" class=\"wp-image-15528\" srcset=\"https:\/\/kelgukoerad.ee\/hellerkantri\/wp-content\/uploads\/2021\/02\/Hellerkantri-Iko-Pruunkaru-2018-1572x1048.jpg 1572w, https:\/\/kelgukoerad.ee\/hellerkantri\/wp-content\/uploads\/2021\/02\/Hellerkantri-Iko-Pruunkaru-2018-300x200.jpg 300w, https:\/\/kelgukoerad.ee\/hellerkantri\/wp-content\/uploads\/2021\/02\/Hellerkantri-Iko-Pruunkaru-2018-200x133.jpg 200w, https:\/\/kelgukoerad.ee\/hellerkantri\/wp-content\/uploads\/2021\/02\/Hellerkantri-Iko-Pruunkaru-2018-768x512.jpg 768w, https:\/\/kelgukoerad.ee\/hellerkantri\/wp-content\/uploads\/2021\/02\/Hellerkantri-Iko-Pruunkaru-2018-1536x1024.jpg 1536w, https:\/\/kelgukoerad.ee\/hellerkantri\/wp-content\/uploads\/2021\/02\/Hellerkantri-Iko-Pruunkaru-2018.jpg 2048w\" sizes=\"(max-width: 1572px) 100vw, 1572px\" \/><figcaption>14.05.2018<\/figcaption><\/figure>\n\n\n\n<figure class=\"wp-block-image size-large\"><img loading=\"lazy\" width=\"1572\" height=\"1048\" src=\"https:\/\/kelgukoerad.ee\/hellerkantri\/wp-content\/uploads\/2021\/02\/Hellerkantri-Iko-Pruunkaru-2018-1-1572x1048.jpg\" alt=\"\" class=\"wp-image-15537\" srcset=\"https:\/\/kelgukoerad.ee\/hellerkantri\/wp-content\/uploads\/2021\/02\/Hellerkantri-Iko-Pruunkaru-2018-1-1572x1048.jpg 1572w, https:\/\/kelgukoerad.ee\/hellerkantri\/wp-content\/uploads\/2021\/02\/Hellerkantri-Iko-Pruunkaru-2018-1-300x200.jpg 300w, https:\/\/kelgukoerad.ee\/hellerkantri\/wp-content\/uploads\/2021\/02\/Hellerkantri-Iko-Pruunkaru-2018-1-200x133.jpg 200w, https:\/\/kelgukoerad.ee\/hellerkantri\/wp-content\/uploads\/2021\/02\/Hellerkantri-Iko-Pruunkaru-2018-1-768x512.jpg 768w, https:\/\/kelgukoerad.ee\/hellerkantri\/wp-content\/uploads\/2021\/02\/Hellerkantri-Iko-Pruunkaru-2018-1-1536x1024.jpg 1536w, https:\/\/kelgukoerad.ee\/hellerkantri\/wp-content\/uploads\/2021\/02\/Hellerkantri-Iko-Pruunkaru-2018-1.jpg 2048w\" sizes=\"(max-width: 1572px) 100vw, 1572px\" \/><figcaption>06.06.2018<\/figcaption><\/figure>\n\n\n<p><img loading=\"lazy\" class=\"alignnone size-full wp-image-10142\" src=\"https:\/\/kelgukoerad.ee\/hellerkantri\/wp-content\/uploads\/2018\/07\/alaska-malamuut-Hellerkantri-Iko-Pruunkaru.jpg\" alt=\"Punane alaska malamuut Hellerkantri Iko Pruunkaru\" width=\"2048\" height=\"1365\" srcset=\"https:\/\/kelgukoerad.ee\/hellerkantri\/wp-content\/uploads\/2018\/07\/alaska-malamuut-Hellerkantri-Iko-Pruunkaru.jpg 2048w, https:\/\/kelgukoerad.ee\/hellerkantri\/wp-content\/uploads\/2018\/07\/alaska-malamuut-Hellerkantri-Iko-Pruunkaru-200x133.jpg 200w, https:\/\/kelgukoerad.ee\/hellerkantri\/wp-content\/uploads\/2018\/07\/alaska-malamuut-Hellerkantri-Iko-Pruunkaru-300x200.jpg 300w, https:\/\/kelgukoerad.ee\/hellerkantri\/wp-content\/uploads\/2018\/07\/alaska-malamuut-Hellerkantri-Iko-Pruunkaru-768x512.jpg 768w, https:\/\/kelgukoerad.ee\/hellerkantri\/wp-content\/uploads\/2018\/07\/alaska-malamuut-Hellerkantri-Iko-Pruunkaru-750x500.jpg 750w, https:\/\/kelgukoerad.ee\/hellerkantri\/wp-content\/uploads\/2018\/07\/alaska-malamuut-Hellerkantri-Iko-Pruunkaru-600x400.jpg 600w\" sizes=\"(max-width: 2048px) 100vw, 2048px\" \/><\/p>\n<p><a href=\"https:\/\/kelgukoerad.ee\/hellerkantri\/wp-content\/uploads\/2015\/03\/alaska-malamuut-Hellerkantri-Iko-Pruunkaru-2016.jpg\"><img loading=\"lazy\" class=\"alignnone size-full wp-image-8000\" src=\"https:\/\/kelgukoerad.ee\/hellerkantri\/wp-content\/uploads\/2015\/03\/alaska-malamuut-Hellerkantri-Iko-Pruunkaru-2016.jpg\" alt=\"Iko p\u00f5hjamaiste kelgukoerte erikal\" width=\"1400\" height=\"930\" srcset=\"https:\/\/kelgukoerad.ee\/hellerkantri\/wp-content\/uploads\/2015\/03\/alaska-malamuut-Hellerkantri-Iko-Pruunkaru-2016.jpg 1400w, https:\/\/kelgukoerad.ee\/hellerkantri\/wp-content\/uploads\/2015\/03\/alaska-malamuut-Hellerkantri-Iko-Pruunkaru-2016-600x399.jpg 600w, https:\/\/kelgukoerad.ee\/hellerkantri\/wp-content\/uploads\/2015\/03\/alaska-malamuut-Hellerkantri-Iko-Pruunkaru-2016-200x132.jpg 200w, https:\/\/kelgukoerad.ee\/hellerkantri\/wp-content\/uploads\/2015\/03\/alaska-malamuut-Hellerkantri-Iko-Pruunkaru-2016-300x199.jpg 300w, https:\/\/kelgukoerad.ee\/hellerkantri\/wp-content\/uploads\/2015\/03\/alaska-malamuut-Hellerkantri-Iko-Pruunkaru-2016-750x498.jpg 750w, https:\/\/kelgukoerad.ee\/hellerkantri\/wp-content\/uploads\/2015\/03\/alaska-malamuut-Hellerkantri-Iko-Pruunkaru-2016-190x126.jpg 190w, https:\/\/kelgukoerad.ee\/hellerkantri\/wp-content\/uploads\/2015\/03\/alaska-malamuut-Hellerkantri-Iko-Pruunkaru-2016-60x39.jpg 60w, https:\/\/kelgukoerad.ee\/hellerkantri\/wp-content\/uploads\/2015\/03\/alaska-malamuut-Hellerkantri-Iko-Pruunkaru-2016-400x265.jpg 400w\" sizes=\"(max-width: 1400px) 100vw, 1400px\" \/><\/a><em>Iko p\u00f5hjamaiste kelgukoerte erin\u00e4itusel. Foto Ivi Triin Vahera<\/em><\/p>\n<p><a href=\"https:\/\/kelgukoerad.ee\/hellerkantri\/wp-content\/uploads\/2015\/03\/Iko-pruunkaru.jpg\"><img loading=\"lazy\" class=\"alignnone size-full wp-image-7004\" src=\"https:\/\/kelgukoerad.ee\/hellerkantri\/wp-content\/uploads\/2015\/03\/Iko-pruunkaru.jpg\" alt=\"Iko\" width=\"1000\" height=\"668\" srcset=\"https:\/\/kelgukoerad.ee\/hellerkantri\/wp-content\/uploads\/2015\/03\/Iko-pruunkaru.jpg 1000w, https:\/\/kelgukoerad.ee\/hellerkantri\/wp-content\/uploads\/2015\/03\/Iko-pruunkaru-600x401.jpg 600w, https:\/\/kelgukoerad.ee\/hellerkantri\/wp-content\/uploads\/2015\/03\/Iko-pruunkaru-200x133.jpg 200w, https:\/\/kelgukoerad.ee\/hellerkantri\/wp-content\/uploads\/2015\/03\/Iko-pruunkaru-300x200.jpg 300w, https:\/\/kelgukoerad.ee\/hellerkantri\/wp-content\/uploads\/2015\/03\/Iko-pruunkaru-750x501.jpg 750w, https:\/\/kelgukoerad.ee\/hellerkantri\/wp-content\/uploads\/2015\/03\/Iko-pruunkaru-190x126.jpg 190w, https:\/\/kelgukoerad.ee\/hellerkantri\/wp-content\/uploads\/2015\/03\/Iko-pruunkaru-60x40.jpg 60w, https:\/\/kelgukoerad.ee\/hellerkantri\/wp-content\/uploads\/2015\/03\/Iko-pruunkaru-400x267.jpg 400w\" sizes=\"(max-width: 1000px) 100vw, 1000px\" \/><\/a><\/p>\n<p><a href=\"https:\/\/kelgukoerad.ee\/hellerkantri\/wp-content\/uploads\/2015\/03\/Iko.jpg\"><img loading=\"lazy\" class=\"alignnone size-full wp-image-7005\" src=\"https:\/\/kelgukoerad.ee\/hellerkantri\/wp-content\/uploads\/2015\/03\/Iko.jpg\" alt=\"Iko\" width=\"1000\" height=\"668\" srcset=\"https:\/\/kelgukoerad.ee\/hellerkantri\/wp-content\/uploads\/2015\/03\/Iko.jpg 1000w, https:\/\/kelgukoerad.ee\/hellerkantri\/wp-content\/uploads\/2015\/03\/Iko-600x401.jpg 600w, https:\/\/kelgukoerad.ee\/hellerkantri\/wp-content\/uploads\/2015\/03\/Iko-200x133.jpg 200w, https:\/\/kelgukoerad.ee\/hellerkantri\/wp-content\/uploads\/2015\/03\/Iko-300x200.jpg 300w, https:\/\/kelgukoerad.ee\/hellerkantri\/wp-content\/uploads\/2015\/03\/Iko-750x501.jpg 750w, https:\/\/kelgukoerad.ee\/hellerkantri\/wp-content\/uploads\/2015\/03\/Iko-190x126.jpg 190w, https:\/\/kelgukoerad.ee\/hellerkantri\/wp-content\/uploads\/2015\/03\/Iko-60x40.jpg 60w, https:\/\/kelgukoerad.ee\/hellerkantri\/wp-content\/uploads\/2015\/03\/Iko-400x267.jpg 400w\" sizes=\"(max-width: 1000px) 100vw, 1000px\" \/><\/a><\/p>\n<p><a href=\"https:\/\/kelgukoerad.ee\/hellerkantri\/wp-content\/uploads\/2015\/03\/Alaska-malamuudi-kutsikas-2014-foto-Mariin-Kaljula-17.jpg\"><img loading=\"lazy\" class=\"alignnone size-full wp-image-7008\" src=\"https:\/\/kelgukoerad.ee\/hellerkantri\/wp-content\/uploads\/2015\/03\/Alaska-malamuudi-kutsikas-2014-foto-Mariin-Kaljula-17.jpg\" alt=\"Iko\" width=\"1000\" height=\"668\" srcset=\"https:\/\/kelgukoerad.ee\/hellerkantri\/wp-content\/uploads\/2015\/03\/Alaska-malamuudi-kutsikas-2014-foto-Mariin-Kaljula-17.jpg 1000w, https:\/\/kelgukoerad.ee\/hellerkantri\/wp-content\/uploads\/2015\/03\/Alaska-malamuudi-kutsikas-2014-foto-Mariin-Kaljula-17-600x401.jpg 600w, https:\/\/kelgukoerad.ee\/hellerkantri\/wp-content\/uploads\/2015\/03\/Alaska-malamuudi-kutsikas-2014-foto-Mariin-Kaljula-17-200x133.jpg 200w, https:\/\/kelgukoerad.ee\/hellerkantri\/wp-content\/uploads\/2015\/03\/Alaska-malamuudi-kutsikas-2014-foto-Mariin-Kaljula-17-300x200.jpg 300w, https:\/\/kelgukoerad.ee\/hellerkantri\/wp-content\/uploads\/2015\/03\/Alaska-malamuudi-kutsikas-2014-foto-Mariin-Kaljula-17-750x501.jpg 750w, https:\/\/kelgukoerad.ee\/hellerkantri\/wp-content\/uploads\/2015\/03\/Alaska-malamuudi-kutsikas-2014-foto-Mariin-Kaljula-17-190x126.jpg 190w, https:\/\/kelgukoerad.ee\/hellerkantri\/wp-content\/uploads\/2015\/03\/Alaska-malamuudi-kutsikas-2014-foto-Mariin-Kaljula-17-60x40.jpg 60w, https:\/\/kelgukoerad.ee\/hellerkantri\/wp-content\/uploads\/2015\/03\/Alaska-malamuudi-kutsikas-2014-foto-Mariin-Kaljula-17-400x267.jpg 400w\" sizes=\"(max-width: 1000px) 100vw, 1000px\" \/><\/a><\/p>","protected":false},"excerpt":{"rendered":"<p>Igavesti meie s\u00fcdametes Iko jookseb taevastel kelguradadel&#8230;tema kaotus l\u00e4bi \u00f5nnetuse on \u00fcks valusamaid l\u00f6\u00f6ke meie koeranduse ajaloos. Sellest r\u00e4\u00e4kida on valus, sellele m\u00f5elda on valus. J\u00e4\u00e4d igavesti meie s\u00fcdametesse, olid parima iseloomuga malamuut, keda kohanud oleme&#8230; 20.08.2014 &#8211; 30.08.2021Ema:&nbsp;Nordiclight&#8217;s North NovestaIsa:&nbsp;Hellerkantri HockeyKasvataja &amp; omanik:&nbsp;Helle KaljulaKaal: 36kgFCI \/ Eesti Kennelliidu register Iseloomustus Iko on malbe iseloomuga&#8230; <\/p>\n","protected":false},"author":1,"featured_media":9702,"parent":0,"menu_order":2,"comment_status":"closed","ping_status":"closed","template":"","meta":{"_monsterinsights_skip_tracking":false,"_monsterinsights_sitenote_active":false,"_monsterinsights_sitenote_note":"","_monsterinsights_sitenote_category":0},"yoast_head":"<!-- This site is optimized with the Yoast SEO plugin v14.9 - https:\/\/yoast.com\/wordpress\/plugins\/seo\/ -->\n<title>Hellerkantri Iko Pruunkaru - Hellerkantri Huskypark<\/title>\n<meta name=\"robots\" content=\"index, follow, max-snippet:-1, max-image-preview:large, max-video-preview:-1\" \/>\n<link rel=\"canonical\" href=\"https:\/\/kelgukoerad.ee\/hellerkantri\/iko-pruunkaru\/\" \/>\n<meta property=\"og:locale\" content=\"en_US\" \/>\n<meta property=\"og:type\" content=\"article\" \/>\n<meta property=\"og:title\" content=\"Hellerkantri Iko Pruunkaru - Hellerkantri Huskypark\" \/>\n<meta property=\"og:description\" content=\"Igavesti meie s\u00fcdametes Iko jookseb taevastel kelguradadel&#8230;tema kaotus l\u00e4bi \u00f5nnetuse on \u00fcks valusamaid l\u00f6\u00f6ke meie koeranduse ajaloos. Sellest r\u00e4\u00e4kida on valus, sellele m\u00f5elda on valus. J\u00e4\u00e4d igavesti meie s\u00fcdametesse, olid parima iseloomuga malamuut, keda kohanud oleme&#8230; 20.08.2014 &#8211; 30.08.2021Ema:&nbsp;Nordiclight&#8217;s North NovestaIsa:&nbsp;Hellerkantri HockeyKasvataja &amp; omanik:&nbsp;Helle KaljulaKaal: 36kgFCI \/ Eesti Kennelliidu register Iseloomustus Iko on malbe iseloomuga...\" \/>\n<meta property=\"og:url\" content=\"https:\/\/kelgukoerad.ee\/hellerkantri\/iko-pruunkaru\/\" \/>\n<meta property=\"og:site_name\" content=\"Hellerkantri Huskypark\" \/>\n<meta property=\"article:modified_time\" content=\"2021-10-06T17:03:27+00:00\" \/>\n<meta property=\"og:image\" content=\"https:\/\/kelgukoerad.ee\/hellerkantri\/wp-content\/uploads\/2015\/03\/Hellerkantri-Iko-Pruunkaru.jpg\" \/>\n\t<meta property=\"og:image:width\" content=\"2048\" \/>\n\t<meta property=\"og:image:height\" content=\"937\" \/>\n<meta name=\"twitter:card\" content=\"summary_large_image\" \/>\n<script type=\"application\/ld+json\" class=\"yoast-schema-graph\">{\"@context\":\"https:\/\/schema.org\",\"@graph\":[{\"@type\":\"WebSite\",\"@id\":\"https:\/\/kelgukoerad.ee\/hellerkantri\/#website\",\"url\":\"https:\/\/kelgukoerad.ee\/hellerkantri\/\",\"name\":\"Hellerkantri Huskypark\",\"description\":\"Hellerkantri Huskypark - kelgukoerte kasvandus ja talu Raplamaal\",\"potentialAction\":[{\"@type\":\"SearchAction\",\"target\":\"https:\/\/kelgukoerad.ee\/hellerkantri\/?s={search_term_string}\",\"query-input\":\"required name=search_term_string\"}],\"inLanguage\":\"en-US\"},{\"@type\":\"ImageObject\",\"@id\":\"https:\/\/kelgukoerad.ee\/hellerkantri\/iko-pruunkaru\/#primaryimage\",\"inLanguage\":\"en-US\",\"url\":\"https:\/\/kelgukoerad.ee\/hellerkantri\/wp-content\/uploads\/2015\/03\/Hellerkantri-Iko-Pruunkaru.jpg\",\"width\":2048,\"height\":937,\"caption\":\"Hellerkantri Iko Pruunkaru\"},{\"@type\":\"WebPage\",\"@id\":\"https:\/\/kelgukoerad.ee\/hellerkantri\/iko-pruunkaru\/#webpage\",\"url\":\"https:\/\/kelgukoerad.ee\/hellerkantri\/iko-pruunkaru\/\",\"name\":\"Hellerkantri Iko Pruunkaru - Hellerkantri Huskypark\",\"isPartOf\":{\"@id\":\"https:\/\/kelgukoerad.ee\/hellerkantri\/#website\"},\"primaryImageOfPage\":{\"@id\":\"https:\/\/kelgukoerad.ee\/hellerkantri\/iko-pruunkaru\/#primaryimage\"},\"datePublished\":\"2015-03-11T19:31:37+00:00\",\"dateModified\":\"2021-10-06T17:03:27+00:00\",\"inLanguage\":\"en-US\",\"potentialAction\":[{\"@type\":\"ReadAction\",\"target\":[\"https:\/\/kelgukoerad.ee\/hellerkantri\/iko-pruunkaru\/\"]}]}]}<\/script>\n<!-- \/ Yoast SEO plugin. -->","_links":{"self":[{"href":"https:\/\/kelgukoerad.ee\/hellerkantri\/wp-json\/wp\/v2\/pages\/6995"}],"collection":[{"href":"https:\/\/kelgukoerad.ee\/hellerkantri\/wp-json\/wp\/v2\/pages"}],"about":[{"href":"https:\/\/kelgukoerad.ee\/hellerkantri\/wp-json\/wp\/v2\/types\/page"}],"author":[{"embeddable":true,"href":"https:\/\/kelgukoerad.ee\/hellerkantri\/wp-json\/wp\/v2\/users\/1"}],"replies":[{"embeddable":true,"href":"https:\/\/kelgukoerad.ee\/hellerkantri\/wp-json\/wp\/v2\/comments?post=6995"}],"version-history":[{"count":60,"href":"https:\/\/kelgukoerad.ee\/hellerkantri\/wp-json\/wp\/v2\/pages\/6995\/revisions"}],"predecessor-version":[{"id":16057,"href":"https:\/\/kelgukoerad.ee\/hellerkantri\/wp-json\/wp\/v2\/pages\/6995\/revisions\/16057"}],"wp:featuredmedia":[{"embeddable":true,"href":"https:\/\/kelgukoerad.ee\/hellerkantri\/wp-json\/wp\/v2\/media\/9702"}],"wp:attachment":[{"href":"https:\/\/kelgukoerad.ee\/hellerkantri\/wp-json\/wp\/v2\/media?parent=6995"}],"curies":[{"name":"wp","href":"https:\/\/api.w.org\/{rel}","templated":true}]}}