{"id":7955,"date":"2016-05-26T06:27:07","date_gmt":"2016-05-26T04:27:07","guid":{"rendered":"http:\/\/kelgukoerad.ee\/hellerkantri\/?page_id=7955"},"modified":"2020-04-29T14:26:22","modified_gmt":"2020-04-29T12:26:22","slug":"night-trail-golden-hearted-master","status":"publish","type":"page","link":"https:\/\/kelgukoerad.ee\/hellerkantri\/night-trail-golden-hearted-master\/","title":{"rendered":"Night Trail Golden Hearted Master"},"content":{"rendered":"<p><strong>Night Trail Master Of The Universe<\/strong> x <strong>Night Trail Traces Of Black Gold<br \/>\n<\/strong><br \/>\n<strong>S\u00fcndinud:<\/strong>\u00a001.09.2015<strong><br \/>\nSugu:<\/strong> isane<strong><br \/>\nKasvataja:<\/strong> Karina Andersen &amp; Rasmus Helbo Lund, Rootsi<br \/>\n<strong>Omanik:<\/strong>\u00a0Helle Kaljula<\/p>\n<p><strong>D\u00fcsplaasia &#8211; ja k\u00fc\u00fcnarliigeste uuring:<\/strong>\u00a0AA\/00 (terved)<br \/>\n<strong>P\u00e4rilike silmahaiguste uuring:<\/strong> ei esine p\u00e4rilikku katarakti (HC), RD, PRA<br \/>\n<strong>N\u00e4itusehinded:<\/strong> 2x hinne &#8220;suurep\u00e4rane&#8221; alaska malamuutide erin\u00e4itustelt<br \/>\n<strong>Kaal:<\/strong> 31kg<\/p>\n<p style=\"color: #384006;\"><strong><a href=\"http:\/\/register.kennelliit.ee\/index.php?page=dogCard&amp;dogId=226670\" target=\"_blank\" rel=\"noopener noreferrer\">FCI Eesti Kennelliidu register<br \/>\n<\/a><\/strong><strong><a href=\"https:\/\/hundar.skk.se\/hunddata\/Hund.aspx?hundid=3088232\" target=\"_blank\" rel=\"noopener noreferrer\">FCI Svenska Kennelklubben hunddata<\/a><\/strong><\/p>\n<p>Kui me 2011.aastal Rootsi, Noatak&#8217;s kennelisse k\u00fclla s\u00f5itsime, saime osa v\u00f5tta malamuudi klubi s\u00fcgistreeningust, kus meil \u00f5nnestus l\u00f5puks silmast-silma kohtuda ka <a href=\"http:\/\/www.nighttrail.com\/\" target=\"_blank\" rel=\"noopener noreferrer\">Night Trail<\/a>\u00a0kenneli koertega. Nende k\u00fcmnepealine alaska malamuudi rakend j\u00e4ttis meile suurep\u00e4rase mulje ning saime veelkord kinnitust, et tegemist on v\u00e4\u00e4rtuslike koertega, keda soovime edaspidi kasutada ka meie kenneli aretust\u00f6\u00f6s.\u00a0Paraku on paljud head t\u00f6\u00f6koerad meie malamuutidega juba suguluses ning uue ja sobiva importkoera leidmine pole sugugi nii lihtne. 2014.aastal hakkasime vaikselt otsima endale uut kutsikat, kuniks 2015.aasta s\u00fcgiseks oli Night Traili kennelis planeeritud 2 meile sobivat pesakonda (Ayou x Keno ning Amy x Balto). Otsustasime valida Amy ja Balto kombinatsiooni ning broneerisime sellest pesakonnast \u00fche kutsika. Karina soovituse ja piltide j\u00e4rgi valisime endale v\u00e4lja isase nimega Night Trail Golden Hearted Master ehk &#8220;\u00d6ise Raja Kuldse S\u00fcdamega Meister&#8221; :-)<\/p>\n<p>Master on v\u00e4iksemat kasvu, tugeva kehaehitusega noor isane alaska malamuut. Ta on r\u00f5\u00f5mus ja kontaktne ning teda on lihtne kanseldada. Loomup\u00e4raselt on ta rakendis rahulikus tempos traavija. Masteri parimaks s\u00f5braks on meie alaska malamuudi poiss Iko Pruunkaru :-)<\/p>\n<p><em><a href=\"https:\/\/kelgukoerad.ee\/hellerkantri\/wp-content\/uploads\/2016\/05\/Night-Trail-Golden-Hearted-Master-2.jpg\"><img loading=\"lazy\" class=\"alignnone wp-image-9135 size-full\" src=\"https:\/\/kelgukoerad.ee\/hellerkantri\/wp-content\/uploads\/2016\/05\/Night-Trail-Golden-Hearted-Master-2.jpg\" alt=\"\" width=\"1600\" height=\"1066\" srcset=\"https:\/\/kelgukoerad.ee\/hellerkantri\/wp-content\/uploads\/2016\/05\/Night-Trail-Golden-Hearted-Master-2.jpg 1600w, https:\/\/kelgukoerad.ee\/hellerkantri\/wp-content\/uploads\/2016\/05\/Night-Trail-Golden-Hearted-Master-2-600x400.jpg 600w, https:\/\/kelgukoerad.ee\/hellerkantri\/wp-content\/uploads\/2016\/05\/Night-Trail-Golden-Hearted-Master-2-200x133.jpg 200w, https:\/\/kelgukoerad.ee\/hellerkantri\/wp-content\/uploads\/2016\/05\/Night-Trail-Golden-Hearted-Master-2-300x200.jpg 300w, https:\/\/kelgukoerad.ee\/hellerkantri\/wp-content\/uploads\/2016\/05\/Night-Trail-Golden-Hearted-Master-2-768x512.jpg 768w, https:\/\/kelgukoerad.ee\/hellerkantri\/wp-content\/uploads\/2016\/05\/Night-Trail-Golden-Hearted-Master-2-750x500.jpg 750w\" sizes=\"(max-width: 1600px) 100vw, 1600px\" \/><\/a>Master, september 2017. Foto Mariin Kaljula<\/em><\/p>\n<p><a href=\"https:\/\/kelgukoerad.ee\/hellerkantri\/wp-content\/uploads\/2016\/05\/Night-Trail-Golden-Hearted-Master-1-1.jpg\"><img loading=\"lazy\" class=\"aligncenter wp-image-9143 size-full\" src=\"https:\/\/kelgukoerad.ee\/hellerkantri\/wp-content\/uploads\/2016\/05\/Night-Trail-Golden-Hearted-Master-1-1.jpg\" alt=\"\" width=\"1600\" height=\"1066\" srcset=\"https:\/\/kelgukoerad.ee\/hellerkantri\/wp-content\/uploads\/2016\/05\/Night-Trail-Golden-Hearted-Master-1-1.jpg 1600w, https:\/\/kelgukoerad.ee\/hellerkantri\/wp-content\/uploads\/2016\/05\/Night-Trail-Golden-Hearted-Master-1-1-600x400.jpg 600w, https:\/\/kelgukoerad.ee\/hellerkantri\/wp-content\/uploads\/2016\/05\/Night-Trail-Golden-Hearted-Master-1-1-200x133.jpg 200w, https:\/\/kelgukoerad.ee\/hellerkantri\/wp-content\/uploads\/2016\/05\/Night-Trail-Golden-Hearted-Master-1-1-300x200.jpg 300w, https:\/\/kelgukoerad.ee\/hellerkantri\/wp-content\/uploads\/2016\/05\/Night-Trail-Golden-Hearted-Master-1-1-768x512.jpg 768w, https:\/\/kelgukoerad.ee\/hellerkantri\/wp-content\/uploads\/2016\/05\/Night-Trail-Golden-Hearted-Master-1-1-750x500.jpg 750w\" sizes=\"(max-width: 1600px) 100vw, 1600px\" \/><\/a><em>Master, september 2017. Foto Mariin Kaljula<\/em><\/p>\n<p><a href=\"https:\/\/kelgukoerad.ee\/hellerkantri\/wp-content\/uploads\/2016\/05\/Nighttrail-Golden-Hearted-Master-malamuut-2.jpg\"><img loading=\"lazy\" class=\"alignnone size-full wp-image-8049\" src=\"https:\/\/kelgukoerad.ee\/hellerkantri\/wp-content\/uploads\/2016\/05\/Nighttrail-Golden-Hearted-Master-malamuut-2.jpg\" alt=\"Master\" width=\"1000\" height=\"667\" srcset=\"https:\/\/kelgukoerad.ee\/hellerkantri\/wp-content\/uploads\/2016\/05\/Nighttrail-Golden-Hearted-Master-malamuut-2.jpg 1000w, https:\/\/kelgukoerad.ee\/hellerkantri\/wp-content\/uploads\/2016\/05\/Nighttrail-Golden-Hearted-Master-malamuut-2-600x400.jpg 600w, https:\/\/kelgukoerad.ee\/hellerkantri\/wp-content\/uploads\/2016\/05\/Nighttrail-Golden-Hearted-Master-malamuut-2-200x133.jpg 200w, https:\/\/kelgukoerad.ee\/hellerkantri\/wp-content\/uploads\/2016\/05\/Nighttrail-Golden-Hearted-Master-malamuut-2-300x200.jpg 300w, https:\/\/kelgukoerad.ee\/hellerkantri\/wp-content\/uploads\/2016\/05\/Nighttrail-Golden-Hearted-Master-malamuut-2-750x500.jpg 750w, https:\/\/kelgukoerad.ee\/hellerkantri\/wp-content\/uploads\/2016\/05\/Nighttrail-Golden-Hearted-Master-malamuut-2-190x126.jpg 190w, https:\/\/kelgukoerad.ee\/hellerkantri\/wp-content\/uploads\/2016\/05\/Nighttrail-Golden-Hearted-Master-malamuut-2-60x40.jpg 60w, https:\/\/kelgukoerad.ee\/hellerkantri\/wp-content\/uploads\/2016\/05\/Nighttrail-Golden-Hearted-Master-malamuut-2-400x266.jpg 400w\" sizes=\"(max-width: 1000px) 100vw, 1000px\" \/><br \/>\n<\/a><em>Master ja Mariin, veebruar 2016<\/em><\/p>\n<p><a href=\"https:\/\/kelgukoerad.ee\/hellerkantri\/wp-content\/uploads\/2010\/06\/Hellerkantri-kelgukoerad-alaska-malamuudid-6.jpg\"><img loading=\"lazy\" class=\"alignnone size-full wp-image-7863\" src=\"https:\/\/kelgukoerad.ee\/hellerkantri\/wp-content\/uploads\/2010\/06\/Hellerkantri-kelgukoerad-alaska-malamuudid-6.jpg\" alt=\"Master\" width=\"1000\" height=\"667\" srcset=\"https:\/\/kelgukoerad.ee\/hellerkantri\/wp-content\/uploads\/2010\/06\/Hellerkantri-kelgukoerad-alaska-malamuudid-6.jpg 1000w, https:\/\/kelgukoerad.ee\/hellerkantri\/wp-content\/uploads\/2010\/06\/Hellerkantri-kelgukoerad-alaska-malamuudid-6-600x400.jpg 600w, https:\/\/kelgukoerad.ee\/hellerkantri\/wp-content\/uploads\/2010\/06\/Hellerkantri-kelgukoerad-alaska-malamuudid-6-200x133.jpg 200w, https:\/\/kelgukoerad.ee\/hellerkantri\/wp-content\/uploads\/2010\/06\/Hellerkantri-kelgukoerad-alaska-malamuudid-6-300x200.jpg 300w, https:\/\/kelgukoerad.ee\/hellerkantri\/wp-content\/uploads\/2010\/06\/Hellerkantri-kelgukoerad-alaska-malamuudid-6-750x500.jpg 750w, https:\/\/kelgukoerad.ee\/hellerkantri\/wp-content\/uploads\/2010\/06\/Hellerkantri-kelgukoerad-alaska-malamuudid-6-190x126.jpg 190w, https:\/\/kelgukoerad.ee\/hellerkantri\/wp-content\/uploads\/2010\/06\/Hellerkantri-kelgukoerad-alaska-malamuudid-6-60x40.jpg 60w, https:\/\/kelgukoerad.ee\/hellerkantri\/wp-content\/uploads\/2010\/06\/Hellerkantri-kelgukoerad-alaska-malamuudid-6-400x266.jpg 400w\" sizes=\"(max-width: 1000px) 100vw, 1000px\" \/><\/a><br \/>\n<em><span style=\"color: #000000;\">Veebruar 2016\u00a0<\/span><\/em><\/p>\n","protected":false},"excerpt":{"rendered":"<p>Night Trail Master Of The Universe x Night Trail Traces Of Black Gold S\u00fcndinud:\u00a001.09.2015 Sugu: isane Kasvataja: Karina Andersen &amp; Rasmus Helbo Lund, Rootsi Omanik:\u00a0Helle Kaljula D\u00fcsplaasia &#8211; ja k\u00fc\u00fcnarliigeste uuring:\u00a0AA\/00 (terved) P\u00e4rilike silmahaiguste uuring: ei esine p\u00e4rilikku katarakti (HC), RD, PRA N\u00e4itusehinded: 2x hinne &#8220;suurep\u00e4rane&#8221; alaska malamuutide erin\u00e4itustelt Kaal: 31kg FCI Eesti Kennelliidu register&#8230; <\/p>\n","protected":false},"author":1,"featured_media":9174,"parent":0,"menu_order":0,"comment_status":"closed","ping_status":"closed","template":"","meta":{"_monsterinsights_skip_tracking":false,"_monsterinsights_sitenote_active":false,"_monsterinsights_sitenote_note":"","_monsterinsights_sitenote_category":0},"yoast_head":"<!-- This site is optimized with the Yoast SEO plugin v14.9 - https:\/\/yoast.com\/wordpress\/plugins\/seo\/ -->\n<title>Night Trail Golden Hearted Master - Hellerkantri Huskypark<\/title>\n<meta name=\"robots\" content=\"index, follow, max-snippet:-1, max-image-preview:large, max-video-preview:-1\" \/>\n<link rel=\"canonical\" href=\"https:\/\/kelgukoerad.ee\/hellerkantri\/night-trail-golden-hearted-master\/\" \/>\n<meta property=\"og:locale\" content=\"en_US\" \/>\n<meta property=\"og:type\" content=\"article\" \/>\n<meta property=\"og:title\" content=\"Night Trail Golden Hearted Master - Hellerkantri Huskypark\" \/>\n<meta property=\"og:description\" content=\"Night Trail Master Of The Universe x Night Trail Traces Of Black Gold S\u00fcndinud:\u00a001.09.2015 Sugu: isane Kasvataja: Karina Andersen &amp; Rasmus Helbo Lund, Rootsi Omanik:\u00a0Helle Kaljula D\u00fcsplaasia &#8211; ja k\u00fc\u00fcnarliigeste uuring:\u00a0AA\/00 (terved) P\u00e4rilike silmahaiguste uuring: ei esine p\u00e4rilikku katarakti (HC), RD, PRA N\u00e4itusehinded: 2x hinne &#8220;suurep\u00e4rane&#8221; alaska malamuutide erin\u00e4itustelt Kaal: 31kg FCI Eesti Kennelliidu register...\" \/>\n<meta property=\"og:url\" content=\"https:\/\/kelgukoerad.ee\/hellerkantri\/night-trail-golden-hearted-master\/\" \/>\n<meta property=\"og:site_name\" content=\"Hellerkantri Huskypark\" \/>\n<meta property=\"article:modified_time\" content=\"2020-04-29T12:26:22+00:00\" \/>\n<meta property=\"og:image\" content=\"https:\/\/kelgukoerad.ee\/hellerkantri\/wp-content\/uploads\/2016\/05\/alaska-malamuut-Master.jpg\" \/>\n\t<meta property=\"og:image:width\" content=\"1420\" \/>\n\t<meta property=\"og:image:height\" content=\"650\" \/>\n<meta name=\"twitter:card\" content=\"summary_large_image\" \/>\n<script type=\"application\/ld+json\" class=\"yoast-schema-graph\">{\"@context\":\"https:\/\/schema.org\",\"@graph\":[{\"@type\":\"WebSite\",\"@id\":\"https:\/\/kelgukoerad.ee\/hellerkantri\/#website\",\"url\":\"https:\/\/kelgukoerad.ee\/hellerkantri\/\",\"name\":\"Hellerkantri Huskypark\",\"description\":\"Hellerkantri Huskypark - kelgukoerte kasvandus ja talu Raplamaal\",\"potentialAction\":[{\"@type\":\"SearchAction\",\"target\":\"https:\/\/kelgukoerad.ee\/hellerkantri\/?s={search_term_string}\",\"query-input\":\"required name=search_term_string\"}],\"inLanguage\":\"en-US\"},{\"@type\":\"ImageObject\",\"@id\":\"https:\/\/kelgukoerad.ee\/hellerkantri\/night-trail-golden-hearted-master\/#primaryimage\",\"inLanguage\":\"en-US\",\"url\":\"https:\/\/kelgukoerad.ee\/hellerkantri\/wp-content\/uploads\/2016\/05\/alaska-malamuut-Master.jpg\",\"width\":1420,\"height\":650},{\"@type\":\"WebPage\",\"@id\":\"https:\/\/kelgukoerad.ee\/hellerkantri\/night-trail-golden-hearted-master\/#webpage\",\"url\":\"https:\/\/kelgukoerad.ee\/hellerkantri\/night-trail-golden-hearted-master\/\",\"name\":\"Night Trail Golden Hearted Master - Hellerkantri Huskypark\",\"isPartOf\":{\"@id\":\"https:\/\/kelgukoerad.ee\/hellerkantri\/#website\"},\"primaryImageOfPage\":{\"@id\":\"https:\/\/kelgukoerad.ee\/hellerkantri\/night-trail-golden-hearted-master\/#primaryimage\"},\"datePublished\":\"2016-05-26T04:27:07+00:00\",\"dateModified\":\"2020-04-29T12:26:22+00:00\",\"inLanguage\":\"en-US\",\"potentialAction\":[{\"@type\":\"ReadAction\",\"target\":[\"https:\/\/kelgukoerad.ee\/hellerkantri\/night-trail-golden-hearted-master\/\"]}]}]}<\/script>\n<!-- \/ Yoast SEO plugin. -->","_links":{"self":[{"href":"https:\/\/kelgukoerad.ee\/hellerkantri\/wp-json\/wp\/v2\/pages\/7955"}],"collection":[{"href":"https:\/\/kelgukoerad.ee\/hellerkantri\/wp-json\/wp\/v2\/pages"}],"about":[{"href":"https:\/\/kelgukoerad.ee\/hellerkantri\/wp-json\/wp\/v2\/types\/page"}],"author":[{"embeddable":true,"href":"https:\/\/kelgukoerad.ee\/hellerkantri\/wp-json\/wp\/v2\/users\/1"}],"replies":[{"embeddable":true,"href":"https:\/\/kelgukoerad.ee\/hellerkantri\/wp-json\/wp\/v2\/comments?post=7955"}],"version-history":[{"count":84,"href":"https:\/\/kelgukoerad.ee\/hellerkantri\/wp-json\/wp\/v2\/pages\/7955\/revisions"}],"predecessor-version":[{"id":14002,"href":"https:\/\/kelgukoerad.ee\/hellerkantri\/wp-json\/wp\/v2\/pages\/7955\/revisions\/14002"}],"wp:featuredmedia":[{"embeddable":true,"href":"https:\/\/kelgukoerad.ee\/hellerkantri\/wp-json\/wp\/v2\/media\/9174"}],"wp:attachment":[{"href":"https:\/\/kelgukoerad.ee\/hellerkantri\/wp-json\/wp\/v2\/media?parent=7955"}],"curies":[{"name":"wp","href":"https:\/\/api.w.org\/{rel}","templated":true}]}}