{"id":8123,"date":"2016-10-30T14:28:45","date_gmt":"2016-10-30T12:28:45","guid":{"rendered":"http:\/\/kelgukoerad.ee\/hellerkantri\/?page_id=8123"},"modified":"2025-04-14T15:09:32","modified_gmt":"2025-04-14T13:09:32","slug":"kenneli-tutvustus","status":"publish","type":"page","link":"https:\/\/kelgukoerad.ee\/hellerkantri\/kenneli-tutvustus\/","title":{"rendered":"KENNEL HELLERKANTRI"},"content":{"rendered":"\n<h4>Kuidas sai kennel nime?<\/h4>\n\n\n\n<p>Meie koerte kasvandus ehk kennel kannab Hellerkantri nime. <br>Nime esimeses pooles on kenneli looja eesnimi (Helle), r-t\u00e4ht t\u00e4histab meie kodu (Raja talu) ning kantri viitab kantristiili lembusele. Meie pere on kolmeliikmeline &#8211; kenneli looja on pereema Helle, kes on koerandusse kaasanud ka t\u00fctre Mariini ja abikaasa Jaanuse. Kennel on ametlikult kinnitatud FCI registris 24.augustil 2004a. Seda p\u00e4eva v\u00f5ib lugeda ka \u00fchtlasi meie kenneli s\u00fcnnip\u00e4evaks.<\/p>\n\n\n\n<figure class=\"wp-block-image size-large\"><img loading=\"lazy\" width=\"1572\" height=\"1048\" src=\"https:\/\/kelgukoerad.ee\/hellerkantri\/wp-content\/uploads\/2020\/03\/kennel-Hellerkantri-2020-1572x1048.jpg\" alt=\"\" class=\"wp-image-12785\" srcset=\"https:\/\/kelgukoerad.ee\/hellerkantri\/wp-content\/uploads\/2020\/03\/kennel-Hellerkantri-2020-1572x1048.jpg 1572w, https:\/\/kelgukoerad.ee\/hellerkantri\/wp-content\/uploads\/2020\/03\/kennel-Hellerkantri-2020-300x200.jpg 300w, https:\/\/kelgukoerad.ee\/hellerkantri\/wp-content\/uploads\/2020\/03\/kennel-Hellerkantri-2020-200x133.jpg 200w, https:\/\/kelgukoerad.ee\/hellerkantri\/wp-content\/uploads\/2020\/03\/kennel-Hellerkantri-2020-768x512.jpg 768w, https:\/\/kelgukoerad.ee\/hellerkantri\/wp-content\/uploads\/2020\/03\/kennel-Hellerkantri-2020-1536x1024.jpg 1536w, https:\/\/kelgukoerad.ee\/hellerkantri\/wp-content\/uploads\/2020\/03\/kennel-Hellerkantri-2020.jpg 1800w\" sizes=\"(max-width: 1572px) 100vw, 1572px\" \/><figcaption><em>Helle siberi huskydega jooksuaedikus, 2020a.<\/em><\/figcaption><\/figure>\n\n\n\n<h4><br>Meie kelgukoerad<\/h4>\n\n\n\n<p>Kasvatame FCI\/Eesti Kennelliidus registreeritud t\u00f5utunnistusega p\u00f5hjamaised kelgukoeri &#8211; <a href=\"https:\/\/kelgukoerad.ee\/hellerkantri\/alaska-malamuut\">alaska malamuute<\/a> ja <a href=\"https:\/\/kelgukoerad.ee\/hellerkantri\/siberi-husky\">siberi huskysid<\/a>. Meie kennelis elab 35 kelgukoera, kellest \u00fcle poole moodustavad meie kallid ja v\u00e4\u00e4rikad veteranid. Kelgukoeranduses loetakse meie koerte arvu keskmise suurusega kenneliks. Selline koerte arv annab meile \u00fchtlasi v\u00f5imaluse valida aretuseks vaid parimaid koeri. <\/p>\n\n\n\n<h4><br>Aretuse baaskoerad<\/h4>\n\n\n\n<p>Oleme toonud oma aretuse baaskoerad v\u00e4lismaalt: Soomest, Rootsist, Norrast, Leedust, Taanist, Prantsusmaalt ja Kanadast. Importimise eesm\u00e4rgiks on kasutada aretuses paremate iseloomudega ja t\u00f6\u00f6omadustega koeri ning laiendada geneetilist baasi nii oma kennelis kui ka \u00fcle\u00fcldiselt Eestis. Meilt on oma aretuse baaskoerad saanud ka m\u00f5ned teised Eesti kelgukoerte kasvandused. <\/p>\n\n\n\n<h4><br>Kutsikad<\/h4>\n\n\n\n<p><strong>Ootame siberi husky pesakonna s\u00fcndi juuni esimeses pooles 2025.<\/strong> T\u00e4psem info pesakonna kohta siin: <a href=\"https:\/\/kelgukoerad.ee\/hellerkantri\/siberi-husky-kutsikad-2025\/\">https:\/\/kelgukoerad.ee\/hellerkantri\/siberi-husky-kutsikad-2025\/<\/a><\/p>\n\n\n\n<figure class=\"wp-block-image size-full\"><img loading=\"lazy\" width=\"1874\" height=\"935\" src=\"https:\/\/kelgukoerad.ee\/hellerkantri\/wp-content\/uploads\/2025\/04\/Hellerkantri-siberi-huskyd-Vapper-Brigi-2019.jpg\" alt=\"\" class=\"wp-image-17315\" srcset=\"https:\/\/kelgukoerad.ee\/hellerkantri\/wp-content\/uploads\/2025\/04\/Hellerkantri-siberi-huskyd-Vapper-Brigi-2019.jpg 1874w, https:\/\/kelgukoerad.ee\/hellerkantri\/wp-content\/uploads\/2025\/04\/Hellerkantri-siberi-huskyd-Vapper-Brigi-2019-300x150.jpg 300w, https:\/\/kelgukoerad.ee\/hellerkantri\/wp-content\/uploads\/2025\/04\/Hellerkantri-siberi-huskyd-Vapper-Brigi-2019-200x100.jpg 200w, https:\/\/kelgukoerad.ee\/hellerkantri\/wp-content\/uploads\/2025\/04\/Hellerkantri-siberi-huskyd-Vapper-Brigi-2019-768x383.jpg 768w, https:\/\/kelgukoerad.ee\/hellerkantri\/wp-content\/uploads\/2025\/04\/Hellerkantri-siberi-huskyd-Vapper-Brigi-2019-1600x798.jpg 1600w, https:\/\/kelgukoerad.ee\/hellerkantri\/wp-content\/uploads\/2025\/04\/Hellerkantri-siberi-huskyd-Vapper-Brigi-2019-1536x766.jpg 1536w\" sizes=\"(max-width: 1874px) 100vw, 1874px\" \/><\/figure>\n\n\n\n<p><br><br><\/p>\n\n\n\n<h4><br>Kelgukoerte elu-olu<\/h4>\n\n\n\n<p>Peame v\u00e4ga oluliseks, et koerad tunneksid end suures kogukonnas elades h\u00e4sti. Oleme rajanud 3 suurt jooksuaeda, mis on \u00fchendatud aedikutega, kus koerad elavad kahe kuni kolmestes gruppides. Saame lasta koeri otse aedikutest jooksuaeda, kus nad saavad igap\u00e4evaselt liikuda ja suhelda teiste gruppidega. Rohkem pilte kenneli elu-olust n\u00e4eb meie <a rel=\"noreferrer noopener\" href=\"https:\/\/www.facebook.com\/hellerkantrihuskypark\/photos\/?tab=album&amp;album_id=3250702178276508\" target=\"_blank\">Facebooki albumis.<\/a><\/p>\n\n\n\n<figure class=\"wp-block-image size-large\"><img loading=\"lazy\" width=\"1886\" height=\"1048\" src=\"https:\/\/kelgukoerad.ee\/hellerkantri\/wp-content\/uploads\/2020\/03\/Kennel-Hellerkantri-2020-1-1886x1048.jpg\" alt=\"\" class=\"wp-image-12826\" srcset=\"https:\/\/kelgukoerad.ee\/hellerkantri\/wp-content\/uploads\/2020\/03\/Kennel-Hellerkantri-2020-1-1886x1048.jpg 1886w, https:\/\/kelgukoerad.ee\/hellerkantri\/wp-content\/uploads\/2020\/03\/Kennel-Hellerkantri-2020-1-300x167.jpg 300w, https:\/\/kelgukoerad.ee\/hellerkantri\/wp-content\/uploads\/2020\/03\/Kennel-Hellerkantri-2020-1-200x111.jpg 200w, https:\/\/kelgukoerad.ee\/hellerkantri\/wp-content\/uploads\/2020\/03\/Kennel-Hellerkantri-2020-1-768x427.jpg 768w, https:\/\/kelgukoerad.ee\/hellerkantri\/wp-content\/uploads\/2020\/03\/Kennel-Hellerkantri-2020-1-1536x854.jpg 1536w, https:\/\/kelgukoerad.ee\/hellerkantri\/wp-content\/uploads\/2020\/03\/Kennel-Hellerkantri-2020-1.jpg 2048w\" sizes=\"(max-width: 1886px) 100vw, 1886px\" \/><\/figure>\n\n\n\n<h4><br>Veokoerasport, t\u00f5ukatsed ja koeran\u00e4itused<\/h4>\n\n\n\n<p>Pakume oma kelgukoertele treeningperioodil (s\u00fcgisest-kevadeni) loomup\u00e4rast tegevust, milleks on vedamine. Koerte treenimiseks kasutame veok\u00e4ru, ATVd ja talvel kelku. Osaleme <a href=\"https:\/\/kelgukoerad.ee\/hellerkantri\/veokoerasport\">veokoeraspordi v\u00f5istlustel<\/a> ja k\u00e4ime aeg-ajalt ka koertega RMK loodusradadel matkamas. <\/p>\n\n\n\n<figure class=\"wp-block-image size-large\"><img loading=\"lazy\" width=\"1937\" height=\"1048\" src=\"https:\/\/kelgukoerad.ee\/hellerkantri\/wp-content\/uploads\/2020\/04\/kennel-Hellerkantri-kelgukoerad-1937x1048.jpg\" alt=\"\" class=\"wp-image-13805\" srcset=\"https:\/\/kelgukoerad.ee\/hellerkantri\/wp-content\/uploads\/2020\/04\/kennel-Hellerkantri-kelgukoerad-1937x1048.jpg 1937w, https:\/\/kelgukoerad.ee\/hellerkantri\/wp-content\/uploads\/2020\/04\/kennel-Hellerkantri-kelgukoerad-300x162.jpg 300w, https:\/\/kelgukoerad.ee\/hellerkantri\/wp-content\/uploads\/2020\/04\/kennel-Hellerkantri-kelgukoerad-200x108.jpg 200w, https:\/\/kelgukoerad.ee\/hellerkantri\/wp-content\/uploads\/2020\/04\/kennel-Hellerkantri-kelgukoerad-768x416.jpg 768w, https:\/\/kelgukoerad.ee\/hellerkantri\/wp-content\/uploads\/2020\/04\/kennel-Hellerkantri-kelgukoerad-1536x831.jpg 1536w, https:\/\/kelgukoerad.ee\/hellerkantri\/wp-content\/uploads\/2020\/04\/kennel-Hellerkantri-kelgukoerad.jpg 2048w\" sizes=\"(max-width: 1937px) 100vw, 1937px\" \/><\/figure>\n\n\n\n<p>Oleme harrastanud ja edendanud veokoerasporti Eestis aktiivselt aastatel 2006-2018. K\u00f5ige esimene ja suurem v\u00f5istlus, millest osa v\u00f5tsime oli Baltic Cup 2008 Kernaves, Leedus. See v\u00f5istlus oli \u00fchtlasi ka esimene Baltic Cup v\u00f5istlus. Meie perest osalesid 2-koera t\u00f5ukerattaveo klassis Mariin ja Helle. V\u00f5istlesime seal oma esimeste siberi huskyde &#8211; Zorro, Zombi, Kiisu ja Keijuga. Sealt edasi kasvas huvi veokoeraspordi vastu n\u00f5nda suureks, et oleme osa v\u00f5tnud ca 80st <a href=\"https:\/\/kelgukoerad.ee\/hellerkantri\/veokoerasport\/\">veokoeraspordi v\u00f5istlusest<\/a> Eestis, L\u00e4tis, Leedus, Poolas, Venemaal, Valgevenes, Saksamaal ja Norras. Samuti oleme osalenud 2x Euroopa &#8211; ja 2x maailmameistriv\u00f5istlustel k\u00e4ruveo, kelguveo ja t\u00f5ukerattaveoklassides. 2012. aastal asutasime perega <a rel=\"noreferrer noopener\" href=\"http:\/\/baltosport.ee\" target=\"_blank\">MT\u00dc Kelgukoerte Klubi Baltosport<\/a>, mis on t\u00e4naseni suurim ja aktiivseim veokoeraspordi organisatsioon Eestis. 2020. aastast v\u00f5istleb meie perest veokoeraspordi v\u00f5istlustel vaid peret\u00fctar Mariin. Kelgukoerte omanikena peame oluliseks v\u00f5tta osa <a href=\"https:\/\/kelgukoerad.ee\/hellerkantri\/pohjamaiste-kelgukoerte-veokatse\/\">p\u00f5hjamaiste kelgukoerte veokatsest<\/a>, esimene katse toimus 2019.aasta s\u00fcgisel. Kord aastas v\u00f5tame oma kelgukoertega osa t\u00f5u ja\/v\u00f5i p\u00f5hjamaiste kelgukoerte erin\u00e4itustest.<\/p>\n\n\n\n<p>Oleme liikmed j\u00e4rgmistes organisatsioonides: <a rel=\"noreferrer noopener\" aria-label=\"Eesti Kennelliidu (opens in a new tab)\" href=\"http:\/\/kennelliit.ee\" target=\"_blank\">Eesti Kennelliit<\/a>, <a rel=\"noreferrer noopener\" aria-label=\"EKL P\u00f5hjamaiste Kelgukoerte Katsete Kogu (opens in a new tab)\" href=\"http:\/\/kennelliit.ee\/meist\/alluksused\/ekl-pohjamaiste-kelgukoerte-katsete-kogu\/\" target=\"_blank\">EKL P\u00f5hjamaiste Kelgukoerte Katsete Kogu<\/a>, <a rel=\"noreferrer noopener\" aria-label=\"Kelgukoerte Klubi Baltosport (opens in a new tab)\" href=\"https:\/\/baltosport.ee\" target=\"_blank\">Kelgukoerte Klubi Baltosport<\/a>,&nbsp;<a rel=\"noreferrer noopener\" href=\"http:\/\/malamuut.org\" target=\"_blank\">Alaska Malamuutide Liit<\/a>&nbsp;ja&nbsp;<a href=\"http:\/\/www.husky.ee\" target=\"_blank\" rel=\"noreferrer noopener\" aria-label=\"Eesti Siberi Husky \u00dching&nbsp; (opens in a new tab)\">Eesti Siberi Husky \u00dching&nbsp;<\/a><\/p>\n\n\n\n<figure class=\"wp-block-image size-large\"><img loading=\"lazy\" width=\"1621\" height=\"1048\" src=\"https:\/\/kelgukoerad.ee\/hellerkantri\/wp-content\/uploads\/2020\/03\/Veokoerasport-kennel-Hellerkantri-1621x1048.jpg\" alt=\"\" class=\"wp-image-12828\" srcset=\"https:\/\/kelgukoerad.ee\/hellerkantri\/wp-content\/uploads\/2020\/03\/Veokoerasport-kennel-Hellerkantri-1621x1048.jpg 1621w, https:\/\/kelgukoerad.ee\/hellerkantri\/wp-content\/uploads\/2020\/03\/Veokoerasport-kennel-Hellerkantri-300x194.jpg 300w, https:\/\/kelgukoerad.ee\/hellerkantri\/wp-content\/uploads\/2020\/03\/Veokoerasport-kennel-Hellerkantri-200x129.jpg 200w, https:\/\/kelgukoerad.ee\/hellerkantri\/wp-content\/uploads\/2020\/03\/Veokoerasport-kennel-Hellerkantri-768x497.jpg 768w, https:\/\/kelgukoerad.ee\/hellerkantri\/wp-content\/uploads\/2020\/03\/Veokoerasport-kennel-Hellerkantri-1536x993.jpg 1536w, https:\/\/kelgukoerad.ee\/hellerkantri\/wp-content\/uploads\/2020\/03\/Veokoerasport-kennel-Hellerkantri.jpg 2048w\" sizes=\"(max-width: 1621px) 100vw, 1621px\" \/><figcaption>M\u00f5ningaid v\u00f5istlusmomente meie pere fotoalbumist.<\/figcaption><\/figure>\n\n\n\n<h4><br>Huskypark &#8211; meie kelgukoerte k\u00fclastamine<\/h4>\n\n\n\n<p><br>Inimeste suure huvi t\u00f5ttu meie tegemiste vastu alustasime Huskypargi (Huskypark O\u00dc) nime alt pakkuma k\u00f5igile huvilistele harivat ja elamuslikku k\u00fclastust meie kelgukoerte juurde. Selleks oleme loonud <a href=\"https:\/\/kelgukoerad.ee\/hellerkantri\/huskypark\/\">k\u00fclastuspaketid<\/a>, millega on k\u00f5igil huvilisel v\u00f5imalus tulla meie kelgukoertega tutvuma ja minna soovi korral nendega jalutama v\u00f5i jooksma. Suurematele huvilistele n\u00e4itame hea meelega veokoeraspordi varustust ja r\u00e4\u00e4gime nii spordist kui kelgukoertest l\u00e4hemalt. <\/p>\n","protected":false},"excerpt":{"rendered":"<p>Kuidas sai kennel nime? Meie koerte kasvandus ehk kennel kannab Hellerkantri nime. Nime esimeses pooles on kenneli looja eesnimi (Helle), r-t\u00e4ht t\u00e4histab meie kodu (Raja talu) ning kantri viitab kantristiili lembusele. Meie pere on kolmeliikmeline &#8211; kenneli looja on pereema Helle, kes on koerandusse kaasanud ka t\u00fctre Mariini ja abikaasa Jaanuse. Kennel on ametlikult kinnitatud&#8230; <\/p>\n","protected":false},"author":1,"featured_media":10086,"parent":0,"menu_order":1,"comment_status":"closed","ping_status":"closed","template":"","meta":{"_monsterinsights_skip_tracking":false,"_monsterinsights_sitenote_active":false,"_monsterinsights_sitenote_note":"","_monsterinsights_sitenote_category":0},"yoast_head":"<!-- This site is optimized with the Yoast SEO plugin v14.9 - https:\/\/yoast.com\/wordpress\/plugins\/seo\/ -->\n<title>KENNEL HELLERKANTRI - p\u00f5hjamaiste kelgukoerte kasvandus<\/title>\n<meta name=\"description\" content=\"Kennelis Hellerkantri elab ligi 40 p\u00f5hjamaist kelgukoera. Meil on alaska malamuudid ja siberi huskyd. Harrastame veokoerasporti ning pakume k\u00fclastuspakette.\" \/>\n<meta name=\"robots\" content=\"index, follow, max-snippet:-1, max-image-preview:large, max-video-preview:-1\" \/>\n<link rel=\"canonical\" href=\"https:\/\/kelgukoerad.ee\/hellerkantri\/kenneli-tutvustus\/\" \/>\n<meta property=\"og:locale\" content=\"en_US\" \/>\n<meta property=\"og:type\" content=\"article\" \/>\n<meta property=\"og:title\" content=\"KENNEL HELLERKANTRI - p\u00f5hjamaiste kelgukoerte kasvandus\" \/>\n<meta property=\"og:description\" content=\"Kennelis Hellerkantri elab ligi 40 p\u00f5hjamaist kelgukoera. Meil on alaska malamuudid ja siberi huskyd. Harrastame veokoerasporti ning pakume k\u00fclastuspakette.\" \/>\n<meta property=\"og:url\" content=\"https:\/\/kelgukoerad.ee\/hellerkantri\/kenneli-tutvustus\/\" \/>\n<meta property=\"og:site_name\" content=\"Hellerkantri Huskypark\" \/>\n<meta property=\"article:modified_time\" content=\"2025-04-14T13:09:32+00:00\" \/>\n<meta property=\"og:image\" content=\"https:\/\/kelgukoerad.ee\/hellerkantri\/wp-content\/uploads\/2018\/06\/Alaska-malamuudid-Hellerkantri-Huskypark.jpg\" \/>\n\t<meta property=\"og:image:width\" content=\"2048\" \/>\n\t<meta property=\"og:image:height\" content=\"937\" \/>\n<meta name=\"twitter:card\" content=\"summary_large_image\" \/>\n<script type=\"application\/ld+json\" class=\"yoast-schema-graph\">{\"@context\":\"https:\/\/schema.org\",\"@graph\":[{\"@type\":\"WebSite\",\"@id\":\"https:\/\/kelgukoerad.ee\/hellerkantri\/#website\",\"url\":\"https:\/\/kelgukoerad.ee\/hellerkantri\/\",\"name\":\"Hellerkantri Huskypark\",\"description\":\"Hellerkantri Huskypark - kelgukoerte kasvandus ja talu Raplamaal\",\"potentialAction\":[{\"@type\":\"SearchAction\",\"target\":\"https:\/\/kelgukoerad.ee\/hellerkantri\/?s={search_term_string}\",\"query-input\":\"required name=search_term_string\"}],\"inLanguage\":\"en-US\"},{\"@type\":\"ImageObject\",\"@id\":\"https:\/\/kelgukoerad.ee\/hellerkantri\/kenneli-tutvustus\/#primaryimage\",\"inLanguage\":\"en-US\",\"url\":\"https:\/\/kelgukoerad.ee\/hellerkantri\/wp-content\/uploads\/2018\/06\/Alaska-malamuudid-Hellerkantri-Huskypark.jpg\",\"width\":2048,\"height\":937,\"caption\":\"kennel Hellerkantri ja Huskypargi kelgukoerad\"},{\"@type\":\"WebPage\",\"@id\":\"https:\/\/kelgukoerad.ee\/hellerkantri\/kenneli-tutvustus\/#webpage\",\"url\":\"https:\/\/kelgukoerad.ee\/hellerkantri\/kenneli-tutvustus\/\",\"name\":\"KENNEL HELLERKANTRI - p\\u00f5hjamaiste kelgukoerte kasvandus\",\"isPartOf\":{\"@id\":\"https:\/\/kelgukoerad.ee\/hellerkantri\/#website\"},\"primaryImageOfPage\":{\"@id\":\"https:\/\/kelgukoerad.ee\/hellerkantri\/kenneli-tutvustus\/#primaryimage\"},\"datePublished\":\"2016-10-30T12:28:45+00:00\",\"dateModified\":\"2025-04-14T13:09:32+00:00\",\"description\":\"Kennelis Hellerkantri elab ligi 40 p\\u00f5hjamaist kelgukoera. Meil on alaska malamuudid ja siberi huskyd. Harrastame veokoerasporti ning pakume k\\u00fclastuspakette.\",\"inLanguage\":\"en-US\",\"potentialAction\":[{\"@type\":\"ReadAction\",\"target\":[\"https:\/\/kelgukoerad.ee\/hellerkantri\/kenneli-tutvustus\/\"]}]}]}<\/script>\n<!-- \/ Yoast SEO plugin. -->","_links":{"self":[{"href":"https:\/\/kelgukoerad.ee\/hellerkantri\/wp-json\/wp\/v2\/pages\/8123"}],"collection":[{"href":"https:\/\/kelgukoerad.ee\/hellerkantri\/wp-json\/wp\/v2\/pages"}],"about":[{"href":"https:\/\/kelgukoerad.ee\/hellerkantri\/wp-json\/wp\/v2\/types\/page"}],"author":[{"embeddable":true,"href":"https:\/\/kelgukoerad.ee\/hellerkantri\/wp-json\/wp\/v2\/users\/1"}],"replies":[{"embeddable":true,"href":"https:\/\/kelgukoerad.ee\/hellerkantri\/wp-json\/wp\/v2\/comments?post=8123"}],"version-history":[{"count":117,"href":"https:\/\/kelgukoerad.ee\/hellerkantri\/wp-json\/wp\/v2\/pages\/8123\/revisions"}],"predecessor-version":[{"id":17328,"href":"https:\/\/kelgukoerad.ee\/hellerkantri\/wp-json\/wp\/v2\/pages\/8123\/revisions\/17328"}],"wp:featuredmedia":[{"embeddable":true,"href":"https:\/\/kelgukoerad.ee\/hellerkantri\/wp-json\/wp\/v2\/media\/10086"}],"wp:attachment":[{"href":"https:\/\/kelgukoerad.ee\/hellerkantri\/wp-json\/wp\/v2\/media?parent=8123"}],"curies":[{"name":"wp","href":"https:\/\/api.w.org\/{rel}","templated":true}]}}