{"id":9518,"date":"2017-11-12T15:34:00","date_gmt":"2017-11-12T13:34:00","guid":{"rendered":"http:\/\/kelgukoerad.ee\/hellerkantri\/?page_id=9518"},"modified":"2023-02-20T19:41:26","modified_gmt":"2023-02-20T17:41:26","slug":"huskypargi-kinkekaardid","status":"publish","type":"page","link":"https:\/\/kelgukoerad.ee\/hellerkantri\/huskypargi-kinkekaardid\/","title":{"rendered":"Huskypargi kinkekaardid"},"content":{"rendered":"\n<blockquote class=\"wp-block-quote is-style-large\"><p><strong>Kingi elamusi! :) \u00dcllata oma pereliiget, s\u00f5pra v\u00f5i kolleegi Huskypargi kinkekaardiga. Valikus on kinkekaardid v\u00e4\u00e4rtuses 50\u20ac, 100\u20ac ja 150\u20ac. <\/strong><\/p><\/blockquote>\n\n\n\n<p class=\"has-white-color has-luminous-vivid-orange-background-color has-text-color has-background\"><strong>NB! Oleme kinkekaartide m\u00fc\u00fcgi l\u00f5petanud! Palume k\u00f5ikidel, kel kinkekaart veel kasutamata, see realiseerida :)<\/strong><\/p>\n\n\n\n<p>Kinkekaarti saab kasutada meie k\u00fclastuspakettide ja kohapeal pakutavate suveniiride eest tasumisel. Kinkekaart hakkab kehtima \u00fclekande laekumise kuup\u00e4evast ning kaart tuleb realiseerida 12-kuu* jooksul.&nbsp;<br><br>*<strong>Palume detsembris soetatud kinkekaart realiseerida hiljemalt j\u00e4rgmise aasta s\u00fcgiseks. Kui me ei saa k\u00e4esoleval talvehooajal lume puudumise v\u00f5i nappuse korral pakkuda kelgus\u00f5itu (<a href=\"https:\/\/kelgukoerad.ee\/hellerkantri\/pakett-suusi\/\">pakett Suusi<\/a>) saab meile k\u00fclla tulla kevadel, suvel ja s\u00fcgisel (<a href=\"https:\/\/kelgukoerad.ee\/hellerkantri\/huskypark\/\">pakett Hopsa<\/a>). Detsembris kingitud kinkekaarte ei pikendata j\u00e4rgmiseks talvehooajaks.<\/strong> Palun \u00e4ra j\u00e4ta kinkekaardi kasutamist viimasele minutile :)<\/p>\n\n\n\n<p>Kinkekaardi saajal tuleb meiega eelnevalt k\u00fclastus kokku leppida. Kinkekaarti k\u00fclastusp\u00e4eval kaasa v\u00f5tta ei ole vaja.<\/p>\n\n\n\n<figure class=\"wp-block-image\"><img loading=\"lazy\" width=\"1625\" height=\"876\" src=\"https:\/\/kelgukoerad.ee\/hellerkantri\/wp-content\/uploads\/2019\/09\/Kinkekaart-Huskypark-2019.jpg\" alt=\"Huskypargi kelgukoerte talu kinkekaart\" class=\"wp-image-12074\" srcset=\"https:\/\/kelgukoerad.ee\/hellerkantri\/wp-content\/uploads\/2019\/09\/Kinkekaart-Huskypark-2019.jpg 1625w, https:\/\/kelgukoerad.ee\/hellerkantri\/wp-content\/uploads\/2019\/09\/Kinkekaart-Huskypark-2019-200x108.jpg 200w, https:\/\/kelgukoerad.ee\/hellerkantri\/wp-content\/uploads\/2019\/09\/Kinkekaart-Huskypark-2019-300x162.jpg 300w, https:\/\/kelgukoerad.ee\/hellerkantri\/wp-content\/uploads\/2019\/09\/Kinkekaart-Huskypark-2019-768x414.jpg 768w, https:\/\/kelgukoerad.ee\/hellerkantri\/wp-content\/uploads\/2019\/09\/Kinkekaart-Huskypark-2019-600x323.jpg 600w\" sizes=\"(max-width: 1625px) 100vw, 1625px\" \/><\/figure>\n\n\n\n<h5><br><\/h5>\n\n\n\n<figure class=\"wp-block-image\"><img loading=\"lazy\" width=\"1572\" height=\"1048\" src=\"https:\/\/kelgukoerad.ee\/hellerkantri\/wp-content\/uploads\/2019\/11\/Hellerkantri-Huskypark-siberi-huskyde-rakend-2019-1572x1048.jpg\" alt=\"\" class=\"wp-image-12299\" srcset=\"https:\/\/kelgukoerad.ee\/hellerkantri\/wp-content\/uploads\/2019\/11\/Hellerkantri-Huskypark-siberi-huskyde-rakend-2019-1572x1048.jpg 1572w, https:\/\/kelgukoerad.ee\/hellerkantri\/wp-content\/uploads\/2019\/11\/Hellerkantri-Huskypark-siberi-huskyde-rakend-2019-200x133.jpg 200w, https:\/\/kelgukoerad.ee\/hellerkantri\/wp-content\/uploads\/2019\/11\/Hellerkantri-Huskypark-siberi-huskyde-rakend-2019-300x200.jpg 300w, https:\/\/kelgukoerad.ee\/hellerkantri\/wp-content\/uploads\/2019\/11\/Hellerkantri-Huskypark-siberi-huskyde-rakend-2019-768x512.jpg 768w, https:\/\/kelgukoerad.ee\/hellerkantri\/wp-content\/uploads\/2019\/11\/Hellerkantri-Huskypark-siberi-huskyde-rakend-2019-600x400.jpg 600w, https:\/\/kelgukoerad.ee\/hellerkantri\/wp-content\/uploads\/2019\/11\/Hellerkantri-Huskypark-siberi-huskyde-rakend-2019.jpg 2048w\" sizes=\"(max-width: 1572px) 100vw, 1572px\" \/><\/figure>\n\n\n\n<figure class=\"wp-block-image\"><img loading=\"lazy\" width=\"1572\" height=\"1048\" src=\"https:\/\/kelgukoerad.ee\/hellerkantri\/wp-content\/uploads\/2019\/04\/Aptorhome-Rocco-2019-1572x1048.jpg\" alt=\"Aptorhome Rocco\" class=\"wp-image-11406\" srcset=\"https:\/\/kelgukoerad.ee\/hellerkantri\/wp-content\/uploads\/2019\/04\/Aptorhome-Rocco-2019-1572x1048.jpg 1572w, https:\/\/kelgukoerad.ee\/hellerkantri\/wp-content\/uploads\/2019\/04\/Aptorhome-Rocco-2019-200x133.jpg 200w, https:\/\/kelgukoerad.ee\/hellerkantri\/wp-content\/uploads\/2019\/04\/Aptorhome-Rocco-2019-300x200.jpg 300w, https:\/\/kelgukoerad.ee\/hellerkantri\/wp-content\/uploads\/2019\/04\/Aptorhome-Rocco-2019-768x512.jpg 768w, https:\/\/kelgukoerad.ee\/hellerkantri\/wp-content\/uploads\/2019\/04\/Aptorhome-Rocco-2019-600x400.jpg 600w, https:\/\/kelgukoerad.ee\/hellerkantri\/wp-content\/uploads\/2019\/04\/Aptorhome-Rocco-2019.jpg 2048w\" sizes=\"(max-width: 1572px) 100vw, 1572px\" \/><\/figure>\n\n\n\n<figure class=\"wp-block-image\"><img loading=\"lazy\" width=\"1669\" height=\"1048\" src=\"https:\/\/kelgukoerad.ee\/hellerkantri\/wp-content\/uploads\/2019\/03\/Huskypark-kutsikad-1669x1048.jpg\" alt=\"\" class=\"wp-image-11314\" srcset=\"https:\/\/kelgukoerad.ee\/hellerkantri\/wp-content\/uploads\/2019\/03\/Huskypark-kutsikad-1669x1048.jpg 1669w, https:\/\/kelgukoerad.ee\/hellerkantri\/wp-content\/uploads\/2019\/03\/Huskypark-kutsikad-200x126.jpg 200w, https:\/\/kelgukoerad.ee\/hellerkantri\/wp-content\/uploads\/2019\/03\/Huskypark-kutsikad-300x188.jpg 300w, https:\/\/kelgukoerad.ee\/hellerkantri\/wp-content\/uploads\/2019\/03\/Huskypark-kutsikad-768x482.jpg 768w, https:\/\/kelgukoerad.ee\/hellerkantri\/wp-content\/uploads\/2019\/03\/Huskypark-kutsikad-600x377.jpg 600w, https:\/\/kelgukoerad.ee\/hellerkantri\/wp-content\/uploads\/2019\/03\/Huskypark-kutsikad.jpg 2024w\" sizes=\"(max-width: 1669px) 100vw, 1669px\" \/><\/figure>\n\n\n\n<p><br><\/p>\n","protected":false},"excerpt":{"rendered":"<p>Kingi elamusi! :) \u00dcllata oma pereliiget, s\u00f5pra v\u00f5i kolleegi Huskypargi kinkekaardiga. Valikus on kinkekaardid v\u00e4\u00e4rtuses 50\u20ac, 100\u20ac ja 150\u20ac. NB! Oleme kinkekaartide m\u00fc\u00fcgi l\u00f5petanud! Palume k\u00f5ikidel, kel kinkekaart veel kasutamata, see realiseerida :) Kinkekaarti saab kasutada meie k\u00fclastuspakettide ja kohapeal pakutavate suveniiride eest tasumisel. Kinkekaart hakkab kehtima \u00fclekande laekumise kuup\u00e4evast ning kaart tuleb realiseerida 12-kuu*&#8230; <\/p>\n","protected":false},"author":1,"featured_media":12309,"parent":0,"menu_order":0,"comment_status":"open","ping_status":"open","template":"","meta":{"_monsterinsights_skip_tracking":false,"_monsterinsights_sitenote_active":false,"_monsterinsights_sitenote_note":"","_monsterinsights_sitenote_category":0},"yoast_head":"<!-- This site is optimized with the Yoast SEO plugin v14.9 - https:\/\/yoast.com\/wordpress\/plugins\/seo\/ -->\n<title>Huskypargi kinkekaardid - Hellerkantri Huskypark<\/title>\n<meta name=\"description\" content=\"Kingi elamusi! \u00dcllata oma pereliiget, s\u00f5pra v\u00f5i kolleegi Huskypargi kinkekaardiga. Valikus on kinkekaardid v\u00e4\u00e4rtuses 50\u20ac, 100\u20ac ja 150\u20ac.\" \/>\n<meta name=\"robots\" content=\"index, follow, max-snippet:-1, max-image-preview:large, max-video-preview:-1\" \/>\n<link rel=\"canonical\" href=\"https:\/\/kelgukoerad.ee\/hellerkantri\/huskypargi-kinkekaardid\/\" \/>\n<meta property=\"og:locale\" content=\"en_US\" \/>\n<meta property=\"og:type\" content=\"article\" \/>\n<meta property=\"og:title\" content=\"Huskypargi kinkekaardid - Hellerkantri Huskypark\" \/>\n<meta property=\"og:description\" content=\"Kingi elamusi! \u00dcllata oma pereliiget, s\u00f5pra v\u00f5i kolleegi Huskypargi kinkekaardiga. Valikus on kinkekaardid v\u00e4\u00e4rtuses 50\u20ac, 100\u20ac ja 150\u20ac.\" \/>\n<meta property=\"og:url\" content=\"https:\/\/kelgukoerad.ee\/hellerkantri\/huskypargi-kinkekaardid\/\" \/>\n<meta property=\"og:site_name\" content=\"Hellerkantri Huskypark\" \/>\n<meta property=\"article:modified_time\" content=\"2023-02-20T17:41:26+00:00\" \/>\n<meta property=\"og:image\" content=\"https:\/\/kelgukoerad.ee\/hellerkantri\/wp-content\/uploads\/2019\/11\/Huskypargi-kelgukoerte-talu-kinkekaardid.jpg\" \/>\n\t<meta property=\"og:image:width\" content=\"2048\" \/>\n\t<meta property=\"og:image:height\" content=\"937\" \/>\n<meta name=\"twitter:card\" content=\"summary_large_image\" \/>\n<script type=\"application\/ld+json\" class=\"yoast-schema-graph\">{\"@context\":\"https:\/\/schema.org\",\"@graph\":[{\"@type\":\"WebSite\",\"@id\":\"https:\/\/kelgukoerad.ee\/hellerkantri\/#website\",\"url\":\"https:\/\/kelgukoerad.ee\/hellerkantri\/\",\"name\":\"Hellerkantri Huskypark\",\"description\":\"Hellerkantri Huskypark - kelgukoerte kasvandus ja talu Raplamaal\",\"potentialAction\":[{\"@type\":\"SearchAction\",\"target\":\"https:\/\/kelgukoerad.ee\/hellerkantri\/?s={search_term_string}\",\"query-input\":\"required name=search_term_string\"}],\"inLanguage\":\"en-US\"},{\"@type\":\"ImageObject\",\"@id\":\"https:\/\/kelgukoerad.ee\/hellerkantri\/huskypargi-kinkekaardid\/#primaryimage\",\"inLanguage\":\"en-US\",\"url\":\"https:\/\/kelgukoerad.ee\/hellerkantri\/wp-content\/uploads\/2019\/11\/Huskypargi-kelgukoerte-talu-kinkekaardid.jpg\",\"width\":2048,\"height\":937,\"caption\":\"Huskypargi kelgukoerte talu kinkekaardid\"},{\"@type\":\"WebPage\",\"@id\":\"https:\/\/kelgukoerad.ee\/hellerkantri\/huskypargi-kinkekaardid\/#webpage\",\"url\":\"https:\/\/kelgukoerad.ee\/hellerkantri\/huskypargi-kinkekaardid\/\",\"name\":\"Huskypargi kinkekaardid - Hellerkantri Huskypark\",\"isPartOf\":{\"@id\":\"https:\/\/kelgukoerad.ee\/hellerkantri\/#website\"},\"primaryImageOfPage\":{\"@id\":\"https:\/\/kelgukoerad.ee\/hellerkantri\/huskypargi-kinkekaardid\/#primaryimage\"},\"datePublished\":\"2017-11-12T13:34:00+00:00\",\"dateModified\":\"2023-02-20T17:41:26+00:00\",\"description\":\"Kingi elamusi! \\u00dcllata oma pereliiget, s\\u00f5pra v\\u00f5i kolleegi Huskypargi kinkekaardiga. Valikus on kinkekaardid v\\u00e4\\u00e4rtuses 50\\u20ac, 100\\u20ac ja 150\\u20ac.\",\"inLanguage\":\"en-US\",\"potentialAction\":[{\"@type\":\"ReadAction\",\"target\":[\"https:\/\/kelgukoerad.ee\/hellerkantri\/huskypargi-kinkekaardid\/\"]}]}]}<\/script>\n<!-- \/ Yoast SEO plugin. -->","_links":{"self":[{"href":"https:\/\/kelgukoerad.ee\/hellerkantri\/wp-json\/wp\/v2\/pages\/9518"}],"collection":[{"href":"https:\/\/kelgukoerad.ee\/hellerkantri\/wp-json\/wp\/v2\/pages"}],"about":[{"href":"https:\/\/kelgukoerad.ee\/hellerkantri\/wp-json\/wp\/v2\/types\/page"}],"author":[{"embeddable":true,"href":"https:\/\/kelgukoerad.ee\/hellerkantri\/wp-json\/wp\/v2\/users\/1"}],"replies":[{"embeddable":true,"href":"https:\/\/kelgukoerad.ee\/hellerkantri\/wp-json\/wp\/v2\/comments?post=9518"}],"version-history":[{"count":113,"href":"https:\/\/kelgukoerad.ee\/hellerkantri\/wp-json\/wp\/v2\/pages\/9518\/revisions"}],"predecessor-version":[{"id":16837,"href":"https:\/\/kelgukoerad.ee\/hellerkantri\/wp-json\/wp\/v2\/pages\/9518\/revisions\/16837"}],"wp:featuredmedia":[{"embeddable":true,"href":"https:\/\/kelgukoerad.ee\/hellerkantri\/wp-json\/wp\/v2\/media\/12309"}],"wp:attachment":[{"href":"https:\/\/kelgukoerad.ee\/hellerkantri\/wp-json\/wp\/v2\/media?parent=9518"}],"curies":[{"name":"wp","href":"https:\/\/api.w.org\/{rel}","templated":true}]}}